{"id":14817,"date":"2024-06-13T12:18:21","date_gmt":"2024-06-13T10:18:21","guid":{"rendered":"https:\/\/fvcomponentes.com\/?post_type=product&#038;p=14817"},"modified":"2026-01-15T10:10:25","modified_gmt":"2026-01-15T09:10:25","slug":"chargeur-donduleur-48v-victron-multiplus-48-2000-25-32-pmp482200000","status":"publish","type":"product","link":"https:\/\/fvcomponentes.com\/fr\/producto\/inversor-cargador-48v-victron-multiplus-48-2000-25-32-pmp482200000\/","title":{"rendered":"Chargeur d'onduleur 48V Victron Multiplus 48\/2000 25A-32A - PMP482200000"},"content":{"rendered":"<section class=\"large-padding\">\n<div class=\"productDetail__header\">\n<div class=\"container\">\n<div class=\"productDetail__header__inner\">\n<div class=\"productDetail__content\">\n<div class=\"hidden-xs\">\n<section class=\"large-padding\">\n<div class=\"productDetail__header\">\n<div class=\"container\">\n<div class=\"productDetail__header__inner\">\n<div class=\"productDetail__content\">\n<h2 class=\"hidden-xs\">Chargeur d'onduleur 48V Victron Multiplus 48\/2000 25-32 Caract\u00e9ristiques du chargeur d'onduleur - PMP482200000<\/h2>\n<p class=\"productDetail__content-desc\">Le chargeur Victron Multiplus 48V 48\/2000 25-32 - PMP482200000 a \u00e9t\u00e9 con\u00e7u pour remplacer l'ancienne gamme MultiPlus Compact. Il r\u00e9unit, dans un seul bo\u00eetier compact, un puissant onduleur sinuso\u00efdal, un chargeur de batterie sophistiqu\u00e9 avec une technologie de charge variable et un commutateur de transfert CA \u00e0 grande vitesse.<\/p>\n<h2 class=\"productDetail__content-desc\">Fonctionnement en parall\u00e8le et option triphas\u00e9e<\/h2>\n<\/div>\n<\/div>\n<\/div>\n<\/div>\n<\/section>\n<section class=\"productDetails__blocks\">\n<div class=\"container\">\n<div class=\"productDetails__block productDetails__block--image productDetails__block--right\">\n<div class=\"productDetails__block-content\">\n<p>Jusqu'\u00e0 six onduleurs chargeurs Victron Multiplus 48V 48\/2000 25-32 - PMP482200000 peuvent fonctionner en parall\u00e8le pour obtenir une puissance de sortie plus \u00e9lev\u00e9e. De plus, trois unit\u00e9s peuvent \u00eatre configur\u00e9es pour une sortie triphas\u00e9e en assignant chaque onduleur \u00e0 l'une des trois phases.<\/p>\n<p><strong><img fetchpriority=\"high\" decoding=\"async\" class=\"aligncenter\" src=\"https:\/\/fvcomponentes.com\/wp-content\/uploads\/2022\/11\/Diagrama-Multiplus-trifasico.png\" width=\"773\" height=\"497\" alt=\"\" title=\"\"><\/strong><\/p>\n<p><strong><img decoding=\"async\" class=\"aligncenter\" src=\"https:\/\/fvcomponentes.com\/wp-content\/uploads\/2022\/11\/Diagrama-Multiplus-Paralelo.png\" width=\"770\" height=\"495\" alt=\"\" title=\"\"><\/strong><\/p>\n<h3 class=\"productDetails__block-title\"><span class=\"productDetails__block-title-content\">Courant alternatif ininterrompu (fonction UPS)<\/span><\/h3>\n<div class=\"productDetails__block-description\">\n<p>En cas de panne de courant ou de d\u00e9connexion du courant de quai ou du g\u00e9n\u00e9rateur, l'onduleur s'active automatiquement et prend le relais pour alimenter les charges connect\u00e9es. Cela se produit rapidement, de sorte que l'\u00e9quipement \u00e9lectronique continue \u00e0 fonctionner sans interruption.<\/p>\n<\/div>\n<\/div>\n<\/div>\n<div class=\"productDetails__block productDetails__block--image productDetails__block--left\">\n<div class=\"productDetails__block-content\">\n<h3 class=\"productDetails__block-title\"><span class=\"productDetails__block-title-content\">Chargeur d'onduleur 48V Victron Multiplus 48\/2000 25-32 Chargeur d'onduleur surveillance et contr\u00f4le \u00e0 distance - PMP482200000<\/span><\/h3>\n<div class=\"productDetails__block-description\">\n<p>S'il est connect\u00e9 \u00e0 un dispositif GX (par exemple, le <a href=\"https:\/\/fvcomponentes.com\/fr\/produit\/victron-cerbo-gx-mk2-bpp900451100-victron-cerbo-mk2-monitor\/\" target=\"_blank\" rel=\"noopener\">Victron Cerbo GX MK2 Monitoring - BPP900451100<\/a>), vous pouvez surveiller et contr\u00f4ler l'onduleur-chargeur et vos syst\u00e8mes localement (LAN) ou \u00e0 distance via Internet depuis n'importe o\u00f9 dans le monde gr\u00e2ce \u00e0 l'application VRM gratuite et \u00e0 l'application <a href=\"https:\/\/vrm.victronenergy.com\/landingpage\" target=\"_blank\" rel=\"noopener\">portail gratuit VRM<\/a>. L'acc\u00e8s peut se faire \u00e0 partir d'un t\u00e9l\u00e9phone, d'une tablette ou d'un PC avec diff\u00e9rents syst\u00e8mes d'exploitation. Le niveau de contr\u00f4le est illimit\u00e9, du r\u00e9glage du chargeur de l'onduleur au d\u00e9marrage automatique d'un g\u00e9n\u00e9rateur de secours. Et bien plus encore...<\/p>\n<h3>Une fiabilit\u00e9 \u00e9prouv\u00e9e<\/h3>\n<p>La topologie \u00e0 pont complet et transformateur toro\u00efdal a prouv\u00e9 sa fiabilit\u00e9 pendant de nombreuses ann\u00e9es. L'onduleur est prot\u00e9g\u00e9 contre les courts-circuits et la surchauffe, qu'elle soit due \u00e0 une surcharge ou \u00e0 une temp\u00e9rature ambiante \u00e9lev\u00e9e.<\/p>\n<h3>PowerControl - Alimentation limit\u00e9e \u00e0 partir du g\u00e9n\u00e9rateur, de l'alimentation \u00e0 quai ou du r\u00e9seau \u00e9lectrique<\/h3>\n<p>Le panneau de commande Multi Control Panel permet de r\u00e9gler le courant maximum provenant du g\u00e9n\u00e9rateur ou du ponton. Le chargeur Victron Multiplus 48V 48\/2000 25-32 - PMP482200000 prendra en charge d'autres charges CA et utilisera le courant exc\u00e9dentaire pour la charge, \u00e9vitant ainsi de surcharger le g\u00e9n\u00e9rateur ou le courant de quai.<\/p>\n<h3>PowerAssist - Augmentation de la capacit\u00e9 \u00e9lectrique de la prise de quai ou du g\u00e9n\u00e9rateur<\/h3>\n<p>Lorsqu'un pic de puissance est n\u00e9cessaire pendant une courte p\u00e9riode, comme c'est souvent le cas, l'onduleur-chargeur compense imm\u00e9diatement l'\u00e9ventuel manque de puissance du r\u00e9seau ou du g\u00e9n\u00e9rateur par la puissance de la batterie. Lorsque la charge est r\u00e9duite, la puissance exc\u00e9dentaire est utilis\u00e9e pour recharger la batterie.<\/p>\n<h3>Chargeur variable \u00e0 quatre niveaux et charge de deux groupes de batteries<\/h3>\n<p>La sortie principale fournit une charge puissante au syst\u00e8me de batterie par le biais d'un logiciel avanc\u00e9 de \"charge variable\". Le logiciel ajuste le processus automatique en trois \u00e9tapes en fonction de l'\u00e9tat de la batterie et ajoute une quatri\u00e8me \u00e9tape pour les p\u00e9riodes prolong\u00e9es de flottement. En outre, le MultiPlus peut charger une deuxi\u00e8me batterie \u00e0 l'aide d'une sortie de charge limit\u00e9e distincte con\u00e7ue pour charger une batterie de d\u00e9marrage \u00e0 partir du moteur principal ou du g\u00e9n\u00e9rateur.<\/p>\n<h3>D\u00e9marreur onduleur haute puissance 48V chargeur Victron Multiplus 48\/2000 25-32 - PMP482200000<\/h3>\n<p>N\u00e9cessaire pour d\u00e9marrer des charges avec un courant d'appel \u00e9lev\u00e9, comme les convertisseurs pour les lampes LED, les lampes halog\u00e8nes ou les outils \u00e9lectriques.<\/p>\n<h3>Mode de recherche<\/h3>\n<p>Lorsque le mode recherche est activ\u00e9, la consommation de l'onduleur en fonctionnement \u00e0 vide diminue d'environ 70%. Dans ce mode, le Victron Multiplus 48\/2000 25-32 - PMP482200000, lorsqu'il fonctionne en mode onduleur, s'\u00e9teint s'il y a peu ou pas de charge, et se rallume toutes les deux secondes pendant une courte p\u00e9riode. Si le courant de sortie d\u00e9passe un niveau pr\u00e9d\u00e9fini, l'onduleur continue \u00e0 fonctionner. Dans le cas contraire, il s'\u00e9teint \u00e0 nouveau.<\/p>\n<h3>Relais programmable<\/h3>\n<p>Le relais programmable est configur\u00e9 par d\u00e9faut comme un relais d'alarme, c'est-\u00e0-dire que le relais sera d\u00e9sactiv\u00e9 en cas d'alarme ou de pr\u00e9-alarme (l'onduleur est trop chaud, l'ondulation d'entr\u00e9e est presque trop \u00e9lev\u00e9e et la tension de la batterie est trop faible).<\/p>\n<h3>Fiche technique Chargeur d'onduleur 48V Victron Multiplus 48\/2000 25-32 - PMP482200000<\/h3>\n<\/div>\n<p><a href=\"https:\/\/fvcomponentes.com\/wp-content\/uploads\/2023\/03\/Datasheet-MultiPlus-500VA-2000VA-ES.pdf\" target=\"_blank\" rel=\"noopener\">Voir la fiche technique Victron Multiplus 48V Inverter Charger 48\/2000 25-32 - PMP482200000<\/a><\/p>\n<\/div>\n<\/div>\n<\/div>\n<\/section>\n<\/div>\n<\/div>\n<\/div>\n<\/div>\n<\/div>\n<\/section>\n<section class=\"productDetails__blocks\">\n<div class=\"container\">\n<div class=\"productDetails__block productDetails__block--image productDetails__block--left\">\n<div class=\"productDetails__block-content\">\n<h2>T\u00e9l\u00e9charger le sch\u00e9ma Victron Multiplus pour camping-cars au format PDF<\/h2>\n<p>Entrez dans notre blog et t\u00e9l\u00e9chargez le diagramme PDF pour le c\u00e2blage et la connexion de votre onduleur Victron Multiplus dans un camping-car. Vous trouverez le sch\u00e9ma et bien d'autres informations techniques dans notre nouvelle section blog.<\/p>\n<p>Cliquez pour t\u00e9l\u00e9charger notre <a href=\"https:\/\/fvcomponentes.com\/fr\/victron-multiplus-schematic\/\" target=\"_blank\" rel=\"noopener\">Sch\u00e9ma Victron Multiplus<\/a> de notre blog.<\/p>\n<\/div>\n<\/div>\n<\/div>\n<\/section>","protected":false},"excerpt":{"rendered":"<ul class=\"specification\">\n<li><strong>Puissance de cr\u00eate :<\/strong> 3500W<\/li>\n<li><strong>Tension de fonctionnement :<\/strong> 48V<\/li>\n<li><strong>Puissance continue :\u00a0<\/strong>2000VA<\/li>\n<li><strong>Efficacit\u00e9 :<\/strong>\u00a0Onde sinuso\u00efdale pure<\/li>\n<\/ul>","protected":false},"featured_media":14818,"comment_status":"open","ping_status":"closed","template":"","meta":{"site-sidebar-layout":"default","site-content-layout":"default","ast-site-content-layout":"default","site-content-style":"default","site-sidebar-style":"default","ast-global-header-display":"","ast-banner-title-visibility":"","ast-main-header-display":"","ast-hfb-above-header-display":"","ast-hfb-below-header-display":"","ast-hfb-mobile-header-display":"","site-post-title":"","ast-breadcrumbs-content":"","ast-featured-img":"","footer-sml-layout":"","ast-disable-related-posts":"","theme-transparent-header-meta":"default","adv-header-id-meta":"","stick-header-meta":"","header-above-stick-meta":"","header-main-stick-meta":"","header-below-stick-meta":"","astra-migrate-meta-layouts":"set","ast-page-background-enabled":"default","ast-page-background-meta":{"desktop":{"background-color":"var(--ast-global-color-4)","background-image":"","background-repeat":"repeat","background-position":"center center","background-size":"auto","background-attachment":"scroll","background-type":"","background-media":"","overlay-type":"","overlay-color":"","overlay-opacity":"","overlay-gradient":""},"tablet":{"background-color":"","background-image":"","background-repeat":"repeat","background-position":"center center","background-size":"auto","background-attachment":"scroll","background-type":"","background-media":"","overlay-type":"","overlay-color":"","overlay-opacity":"","overlay-gradient":""},"mobile":{"background-color":"","background-image":"","background-repeat":"repeat","background-position":"center center","background-size":"auto","background-attachment":"scroll","background-type":"","background-media":"","overlay-type":"","overlay-color":"","overlay-opacity":"","overlay-gradient":""}},"ast-content-background-meta":{"desktop":{"background-color":"var(--ast-global-color-5)","background-image":"","background-repeat":"repeat","background-position":"center center","background-size":"auto","background-attachment":"scroll","background-type":"","background-media":"","overlay-type":"","overlay-color":"","overlay-opacity":"","overlay-gradient":""},"tablet":{"background-color":"var(--ast-global-color-5)","background-image":"","background-repeat":"repeat","background-position":"center center","background-size":"auto","background-attachment":"scroll","background-type":"","background-media":"","overlay-type":"","overlay-color":"","overlay-opacity":"","overlay-gradient":""},"mobile":{"background-color":"var(--ast-global-color-5)","background-image":"","background-repeat":"repeat","background-position":"center center","background-size":"auto","background-attachment":"scroll","background-type":"","background-media":"","overlay-type":"","overlay-color":"","overlay-opacity":"","overlay-gradient":""}}},"pwb-brand":[332],"product_brand":[],"product_cat":[333,334],"product_tag":[],"class_list":{"0":"post-14817","1":"product","2":"type-product","3":"status-publish","4":"has-post-thumbnail","6":"pwb-brand-victron","7":"product_cat-inversores","8":"product_cat-inversores-cargadores-48v","9":"desktop-align-left","10":"tablet-align-left","11":"mobile-align-left","12":"ast-product-gallery-layout-horizontal-slider","13":"ast-product-gallery-with-no-image","14":"ast-product-tabs-layout-horizontal","16":"first","17":"instock","18":"taxable","19":"shipping-taxable","20":"purchasable","21":"product-type-simple"},"wcpa_form_fields":null,"brands":[{"id":332,"name":"Victron Energy","slug":"victron"}],"_links":{"self":[{"href":"https:\/\/fvcomponentes.com\/fr\/wp-json\/wp\/v2\/product\/14817","targetHints":{"allow":["GET"]}}],"collection":[{"href":"https:\/\/fvcomponentes.com\/fr\/wp-json\/wp\/v2\/product"}],"about":[{"href":"https:\/\/fvcomponentes.com\/fr\/wp-json\/wp\/v2\/types\/product"}],"replies":[{"embeddable":true,"href":"https:\/\/fvcomponentes.com\/fr\/wp-json\/wp\/v2\/comments?post=14817"}],"wp:featuredmedia":[{"embeddable":true,"href":"https:\/\/fvcomponentes.com\/fr\/wp-json\/wp\/v2\/media\/14818"}],"wp:attachment":[{"href":"https:\/\/fvcomponentes.com\/fr\/wp-json\/wp\/v2\/media?parent=14817"}],"wp:term":[{"taxonomy":"pwb-brand","embeddable":true,"href":"https:\/\/fvcomponentes.com\/fr\/wp-json\/wp\/v2\/pwb-brand?post=14817"},{"taxonomy":"product_brand","embeddable":true,"href":"https:\/\/fvcomponentes.com\/fr\/wp-json\/wp\/v2\/product_brand?post=14817"},{"taxonomy":"product_cat","embeddable":true,"href":"https:\/\/fvcomponentes.com\/fr\/wp-json\/wp\/v2\/product_cat?post=14817"},{"taxonomy":"product_tag","embeddable":true,"href":"https:\/\/fvcomponentes.com\/fr\/wp-json\/wp\/v2\/product_tag?post=14817"}],"curies":[{"name":"wp","href":"https:\/\/api.w.org\/{rel}","templated":true}]}}