{"id":14811,"date":"2024-06-13T11:49:35","date_gmt":"2024-06-13T09:49:35","guid":{"rendered":"https:\/\/fvcomponentes.com\/?post_type=product&#038;p=14811"},"modified":"2026-04-04T11:20:38","modified_gmt":"2026-04-04T09:20:38","slug":"chargeur-donduleur-48v-victron-quattro-ii-48-5000-70-50-50-50-qua482504010","status":"publish","type":"product","link":"https:\/\/fvcomponentes.com\/fr\/producto\/inversor-cargador-48v-victron-quattro-ii-48-5000-70-50-50-qua482504010\/","title":{"rendered":"Chargeur d'onduleur 48V Victron Quattro II 48\/5000 70-50\/50 - QUA482504010"},"content":{"rendered":"<div class=\"hidden-xs\">\n<div class=\"productDetail__content-subheader\">\n<div class=\"hidden-xs\">\n<h2 class=\"productDetail__content-subheader\">Chargeur d'onduleur 48V Victron Quattro II 48\/5000 70-50\/50 Caract\u00e9ristiques du chargeur d'onduleur - QUA482504010<\/h2>\n<\/div>\n<div class=\"productDetail__content-desc\">\n<div class=\"productDetails__block-description\">\n<div class=\"productDetails__block-description\">\n<div class=\"productDetails__block-description\">\n<div class=\"productDetails__block-description\">\n<h2>Fonctionnalit\u00e9 de l'ESS (syst\u00e8me de stockage d'\u00e9nergie)<\/h2>\n<p>L'onduleur chargeur 48V Victron Quattro II 48\/5000 70-50\/50 - QUA482504010 peut \u00eatre connect\u00e9 \u00e0 deux sources CA ind\u00e9pendantes, par exemple le r\u00e9seau public et un g\u00e9n\u00e9rateur, ou deux g\u00e9n\u00e9rateurs. Le Quattro-II se connectera automatiquement \u00e0 la source active.<\/p>\n<h2>PowerControl et PowerAssist<\/h2>\n<p>Il est possible de d\u00e9finir un courant maximum pour le r\u00e9seau ou le g\u00e9n\u00e9rateur. L'onduleur chargeur 48V Victron Quattro II 48\/5000 70-50\/50 - QUA482504010 prendra en compte les autres charges CA et utilisera ce qui reste pour charger la batterie, emp\u00eachant ainsi le g\u00e9n\u00e9rateur ou le r\u00e9seau d'\u00eatre surcharg\u00e9 (fonction PowerControl). Dans les cas o\u00f9 une puissance maximale n'est n\u00e9cessaire que pendant une p\u00e9riode limit\u00e9e, le Quattro-II compensera l'insuffisance de la puissance du g\u00e9n\u00e9rateur ou du r\u00e9seau par la puissance de la batterie. Lorsque la charge est r\u00e9duite, la puissance exc\u00e9dentaire est utilis\u00e9e pour recharger la batterie.<\/p>\n<h2>\u00c9nergie solaire : alimentation en courant alternatif disponible m\u00eame en cas de d\u00e9faillance du r\u00e9seau \u00e9lectrique<\/h2>\n<p>L'onduleur chargeur 48V Victron Quattro II 48\/5000 70-50\/50 - QUA482504010 48V peut \u00eatre utilis\u00e9 dans les syst\u00e8mes photovolta\u00efques connect\u00e9s au r\u00e9seau ainsi que dans les syst\u00e8mes hors r\u00e9seau et autres syst\u00e8mes d'\u00e9nergie alternative. Il est compatible avec les r\u00e9gulateurs de charge solaire et les onduleurs de r\u00e9seau.<\/p>\n<\/div>\n<h2>Deux sorties AC<\/h2>\n<p>La sortie principale n'a pas de fonction d'interruption. Le Quattro-II prend en charge l'alimentation des charges connect\u00e9es en cas de d\u00e9faillance du r\u00e9seau ou de d\u00e9connexion du g\u00e9n\u00e9rateur\/de la terre. Cela se produit si rapidement (moins de 20 millisecondes) que l'\u00e9quipement \u00e9lectronique continue \u00e0 fonctionner sans interruption. La deuxi\u00e8me sortie n'est active que lorsque le courant alternatif est disponible \u00e0 l'entr\u00e9e.<\/p>\n<h2>48V Victron Quattro II 48\/5000 70-50\/50 Chargeur onduleur 48V fonctionnement parall\u00e8le et triphas\u00e9 - QUA482504010<\/h2>\n<p>Il est possible de faire fonctionner jusqu'\u00e0 6 Quattros II en parall\u00e8le pour obtenir une puissance de sortie plus \u00e9lev\u00e9e. Six unit\u00e9s 48\/5000\/70, par exemple, fourniront une puissance de sortie de 25 kW \/ 30 kVA avec une capacit\u00e9 de charge de 420 A. En plus de la connexion en parall\u00e8le, trois unit\u00e9s du m\u00eame mod\u00e8le peuvent \u00eatre configur\u00e9es pour une sortie triphas\u00e9e, et jusqu'\u00e0 6 ensembles de trois unit\u00e9s peuvent \u00eatre connect\u00e9s en parall\u00e8le par phase pour fournir un onduleur de 75 kW \/ 90 kVA et plus de 1200 A de capacit\u00e9 de charge.<\/p>\n<\/div>\n<h2>Configuration, surveillance et contr\u00f4le du syst\u00e8me sur place<\/h2>\n<p>Les param\u00e8tres peuvent \u00eatre modifi\u00e9s en quelques minutes gr\u00e2ce au logiciel VEConfigure (PC ou ordinateur portable et interface Mk3-USB requis). Diverses options de surveillance et de contr\u00f4le sont disponibles : <a href=\"https:\/\/fvcomponentes.com\/fr\/produit\/victron-cerbo-gx-mk2-bpp900451100-victron-cerbo-mk2-monitor\/\" target=\"_blank\" rel=\"noopener\">Victron Cerbo GX MK2 Monitoring - BPP900451100<\/a>\u00a0, <a href=\"https:\/\/fvcomponentes.com\/fr\/produit\/victron-colour-control-gx-display\/\" target=\"_blank\" rel=\"noopener\">Contr\u00f4le des couleurs GX<\/a>, <a href=\"https:\/\/fvcomponentes.com\/fr\/produit\/victron-venus-gx-monitoring\/\" target=\"_blank\" rel=\"noopener\">Venus GX<\/a>Octo GX, Octo GX, CANvu GX, ordinateur portable, ordinateur, Bluetooth, moniteur de batterie, <a href=\"https:\/\/fvcomponentes.com\/fr\/produit\/victron-multicontrol-200-200a-digital-panel-rec020005010\/\" target=\"_blank\" rel=\"noopener\">Panneau de contr\u00f4le num\u00e9rique multiple<\/a>.<\/p>\n<h2>Configuration et surveillance \u00e0 distance<\/h2>\n<p>Installez un Cerbo GX ou un autre produit GX pour vous connecter \u00e0 Internet. Les donn\u00e9es de fonctionnement peuvent \u00eatre stock\u00e9es et visualis\u00e9es sur le site Web VRM (Victron Remote Management).<\/p>\n<\/div>\n<\/div>\n<\/div>\n<\/div>\n<\/div>\n<h2>Chargeur onduleur 48V Victron Quattro II 48\/5000 70-50\/50 fiche technique - QUA482504010<\/h2>\n<div class=\"hidden-xs\">\n<div class=\"productDetail__content-subheader\">\n<div class=\"productDetail__content-desc\">\n<div class=\"productDetails__block-description\">\n<div class=\"productDetails__block-description\">\n<div class=\"productDetails__block-description\">\n<p><a href=\"https:\/\/fvcomponentes.com\/wp-content\/uploads\/2024\/06\/Ficha-tecnica-inversor-cargador-48V-Victron-Quattro-II-48-5000-70-50-50-QUA482504010.pdf\" target=\"_blank\" rel=\"noopener\">\u00a0Voir la fiche technique Victron Quattro II 48V Chargeur d'onduleur 48\/5000 70-50\/50 Chargeur d'onduleur 48V - QUA482504010<\/a><\/p>\n<\/div>\n<\/div>\n<\/div>\n<\/div>\n<\/div>\n<\/div>\n<div class=\"productDetail__content-desc\">\n<div class=\"productDetails__block-description\">\n<div class=\"productDetails__block-description\">\n<div class=\"productDetails__block-description\"><\/div>\n<\/div>\n<\/div>\n<\/div>","protected":false},"excerpt":{"rendered":"<ul class=\"specification\">\n<li><strong>Puissance continue : <\/strong>5000VA<\/li>\n<li><strong>Puissance de cr\u00eate :<\/strong> 9000W<\/li>\n<li><strong>Tension de fonctionnement :<\/strong> 48V<\/li>\n<li><strong>Efficacit\u00e9 :<\/strong>\u00a0Onde sinuso\u00efdale pure<\/li>\n<\/ul>","protected":false},"featured_media":14814,"comment_status":"open","ping_status":"closed","template":"","meta":{"site-sidebar-layout":"default","site-content-layout":"default","ast-site-content-layout":"default","site-content-style":"default","site-sidebar-style":"default","ast-global-header-display":"","ast-banner-title-visibility":"","ast-main-header-display":"","ast-hfb-above-header-display":"","ast-hfb-below-header-display":"","ast-hfb-mobile-header-display":"","site-post-title":"","ast-breadcrumbs-content":"","ast-featured-img":"","footer-sml-layout":"","ast-disable-related-posts":"","theme-transparent-header-meta":"default","adv-header-id-meta":"","stick-header-meta":"","header-above-stick-meta":"","header-main-stick-meta":"","header-below-stick-meta":"","astra-migrate-meta-layouts":"set","ast-page-background-enabled":"default","ast-page-background-meta":{"desktop":{"background-color":"var(--ast-global-color-4)","background-image":"","background-repeat":"repeat","background-position":"center center","background-size":"auto","background-attachment":"scroll","background-type":"","background-media":"","overlay-type":"","overlay-color":"","overlay-opacity":"","overlay-gradient":""},"tablet":{"background-color":"","background-image":"","background-repeat":"repeat","background-position":"center center","background-size":"auto","background-attachment":"scroll","background-type":"","background-media":"","overlay-type":"","overlay-color":"","overlay-opacity":"","overlay-gradient":""},"mobile":{"background-color":"","background-image":"","background-repeat":"repeat","background-position":"center center","background-size":"auto","background-attachment":"scroll","background-type":"","background-media":"","overlay-type":"","overlay-color":"","overlay-opacity":"","overlay-gradient":""}},"ast-content-background-meta":{"desktop":{"background-color":"var(--ast-global-color-5)","background-image":"","background-repeat":"repeat","background-position":"center center","background-size":"auto","background-attachment":"scroll","background-type":"","background-media":"","overlay-type":"","overlay-color":"","overlay-opacity":"","overlay-gradient":""},"tablet":{"background-color":"var(--ast-global-color-5)","background-image":"","background-repeat":"repeat","background-position":"center center","background-size":"auto","background-attachment":"scroll","background-type":"","background-media":"","overlay-type":"","overlay-color":"","overlay-opacity":"","overlay-gradient":""},"mobile":{"background-color":"var(--ast-global-color-5)","background-image":"","background-repeat":"repeat","background-position":"center center","background-size":"auto","background-attachment":"scroll","background-type":"","background-media":"","overlay-type":"","overlay-color":"","overlay-opacity":"","overlay-gradient":""}}},"pwb-brand":[332],"product_brand":[],"product_cat":[333,334],"product_tag":[],"class_list":{"0":"post-14811","1":"product","2":"type-product","3":"status-publish","4":"has-post-thumbnail","6":"pwb-brand-victron","7":"product_cat-inversores","8":"product_cat-inversores-cargadores-48v","9":"desktop-align-left","10":"tablet-align-left","11":"mobile-align-left","12":"ast-product-gallery-layout-horizontal-slider","13":"ast-product-tabs-layout-horizontal","15":"first","16":"instock","17":"taxable","18":"shipping-taxable","19":"purchasable","20":"product-type-simple"},"wcpa_form_fields":null,"brands":[{"id":332,"name":"Victron Energy","slug":"victron"}],"_links":{"self":[{"href":"https:\/\/fvcomponentes.com\/fr\/wp-json\/wp\/v2\/product\/14811","targetHints":{"allow":["GET"]}}],"collection":[{"href":"https:\/\/fvcomponentes.com\/fr\/wp-json\/wp\/v2\/product"}],"about":[{"href":"https:\/\/fvcomponentes.com\/fr\/wp-json\/wp\/v2\/types\/product"}],"replies":[{"embeddable":true,"href":"https:\/\/fvcomponentes.com\/fr\/wp-json\/wp\/v2\/comments?post=14811"}],"wp:featuredmedia":[{"embeddable":true,"href":"https:\/\/fvcomponentes.com\/fr\/wp-json\/wp\/v2\/media\/14814"}],"wp:attachment":[{"href":"https:\/\/fvcomponentes.com\/fr\/wp-json\/wp\/v2\/media?parent=14811"}],"wp:term":[{"taxonomy":"pwb-brand","embeddable":true,"href":"https:\/\/fvcomponentes.com\/fr\/wp-json\/wp\/v2\/pwb-brand?post=14811"},{"taxonomy":"product_brand","embeddable":true,"href":"https:\/\/fvcomponentes.com\/fr\/wp-json\/wp\/v2\/product_brand?post=14811"},{"taxonomy":"product_cat","embeddable":true,"href":"https:\/\/fvcomponentes.com\/fr\/wp-json\/wp\/v2\/product_cat?post=14811"},{"taxonomy":"product_tag","embeddable":true,"href":"https:\/\/fvcomponentes.com\/fr\/wp-json\/wp\/v2\/product_tag?post=14811"}],"curies":[{"name":"wp","href":"https:\/\/api.w.org\/{rel}","templated":true}]}}