{"id":14786,"date":"2024-06-13T08:06:24","date_gmt":"2024-06-13T06:06:24","guid":{"rendered":"https:\/\/fvcomponentes.com\/?post_type=product&#038;p=14786"},"modified":"2026-04-08T21:37:02","modified_gmt":"2026-04-08T19:37:02","slug":"chargeur-donduleur-24v-victron-multiplus-compact-24-2000-50-30-cmp242200000","status":"publish","type":"product","link":"https:\/\/fvcomponentes.com\/fr\/producto\/inversor-cargador-24v-victron-multiplus-compact-24-2000-50-30-cmp242200000\/","title":{"rendered":"Chargeur d'onduleur 24V Victron MultiPlus Compact 24\/2000 50A-30A - CMP242200000"},"content":{"rendered":"<h2>Chargeur d'onduleur 24V Victron MultiPlus Compact 24\/2000 50-30 - CMP242200000<\/h2>\n<p>Cet onduleur combine un puissant onduleur sinuso\u00efdal, un chargeur de batterie sophistiqu\u00e9 dot\u00e9 d'une technologie adaptative et un commutateur de transfert CA \u00e0 grande vitesse dans un design compact.<\/p>\n<h2>Caract\u00e9ristiques de l'onduleur chargeur 24V Victron MultiPlus Compact 24\/2000 50-30 - CMP242200000 :<\/h2>\n<h3>Deux sorties AC<\/h3>\n<p>La sortie principale a une fonction de non-rupture. Le MultiPlus prend en charge l'alimentation des charges connect\u00e9es en cas de panne de courant ou de d\u00e9connexion du r\u00e9seau\/g\u00e9n\u00e9rateur. Cela se produit rapidement (moins de 20 millisecondes) de sorte que l'\u00e9lectronique continue \u00e0 fonctionner sans interruption.<br \/>\nLa deuxi\u00e8me sortie n'est active que lorsque l'une des entr\u00e9es du MultiPlus est aliment\u00e9e en courant alternatif. Les appareils qui ne doivent pas d\u00e9charger la batterie, comme un chauffe-eau par exemple, peuvent \u00eatre connect\u00e9s \u00e0 cette sortie (deuxi\u00e8me sortie disponible sur les mod\u00e8les ayant une capacit\u00e9 nominale de 3kVA ou plus).<\/p>\n<h3>Puissance pratiquement illimit\u00e9e gr\u00e2ce au fonctionnement en parall\u00e8le<\/h3>\n<p>Il est possible de faire fonctionner jusqu'\u00e0 6 Multis en parall\u00e8le pour obtenir une puissance de sortie et une charge plus \u00e9lev\u00e9es.<\/p>\n<h2>Chargeur onduleur 24V Victron MultiPlus Compact 24\/2000 50-30 - CMP242200000 : Capacit\u00e9 de fonctionnement triphas\u00e9<\/h2>\n<p>En plus de la connexion en parall\u00e8le, trois unit\u00e9s du m\u00eame mod\u00e8le peuvent \u00eatre configur\u00e9es pour une sortie triphas\u00e9e. Il est \u00e9galement possible de connecter en parall\u00e8le jusqu'\u00e0 six ensembles de trois unit\u00e9s.<\/p>\n<h3>PowerControl - Alimentation limit\u00e9e \u00e0 partir d'un g\u00e9n\u00e9rateur, d'un ponton ou d'un r\u00e9seau<\/h3>\n<p>Le Multi est un chargeur de batterie tr\u00e8s puissant. Par cons\u00e9quent, il utilisera une grande quantit\u00e9 de courant provenant du g\u00e9n\u00e9rateur ou du ponton (pr\u00e8s de 10 A par Multi 5kVA \u00e0 230 VAC). Un courant maximum provenant du g\u00e9n\u00e9rateur ou du ponton peut \u00eatre r\u00e9gl\u00e9 sur le panneau de contr\u00f4le du Multi. Le MultiPlus prendra en compte les autres charges CA et utilisera le courant exc\u00e9dentaire pour la charge, \u00e9vitant ainsi de surcharger le g\u00e9n\u00e9rateur ou le r\u00e9seau du ponton.<\/p>\n<h3>PowerAssist - Augmentation de la capacit\u00e9 \u00e9lectrique du ponton ou du g\u00e9n\u00e9rateur<\/h3>\n<p>Cette fonction fait entrer le principe PowerControl dans une autre dimension. Elle permet au chargeur Victron MultiPlus Compact 24V 24\/2000 50-30 - CMP242200000 de compl\u00e9ter la capacit\u00e9 de la source alternative. Lorsqu'un pic de puissance est n\u00e9cessaire pendant une courte p\u00e9riode, comme c'est souvent le cas, le MultiPlus compensera imm\u00e9diatement le manque \u00e9ventuel de puissance du courant de ponton ou du g\u00e9n\u00e9rateur par la puissance de la batterie.<\/p>\n<h2>Chargeur onduleur 24V Victron MultiPlus Compact 24\/2000 50-30 - CMP242200000 : Chargeur variable \u00e0 quatre niveaux et charge de batteries doubles<\/h2>\n<p>La sortie principale fournit une charge puissante au syst\u00e8me de batterie au moyen d'un logiciel avanc\u00e9 de \"charge variable\". Le logiciel ajuste le processus automatique en trois \u00e9tapes en fonction de l'\u00e9tat de la batterie et ajoute une quatri\u00e8me \u00e9tape pour les p\u00e9riodes prolong\u00e9es de charge lente.<\/p>\n<p>En plus de ce qui pr\u00e9c\u00e8de, le chargeur d'onduleur Victron MultiPlus Compact 24V 24\/2000 50-30 - CMP242200000 peut charger une deuxi\u00e8me batterie ; il est compatible avec les batteries au lithium.<\/p>\n<h3>Surveillance et contr\u00f4le sur place<\/h3>\n<p>Plusieurs options sont disponibles : Battery Monitor, Multi Control Panel, Color Control GX et autres dispositifs, smartphone ou tablette (Bluetooth Smart), ordinateur portable ou ordinateur (USB ou RS232).<br \/>\nSurveillance et contr\u00f4le \u00e0 distance<\/p>\n<h3>Colour Control GX et d'autres appareils.<\/h3>\n<p>Les donn\u00e9es peuvent \u00eatre stock\u00e9es et affich\u00e9es gratuitement sur le site web VRM (Victron Remote Management).<\/p>\n<h3>Configuration \u00e0 distance<\/h3>\n<p>Il est possible d'acc\u00e9der aux donn\u00e9es et de modifier les param\u00e8tres du syst\u00e8me avec un Color Control GX et d'autres appareils s'ils sont connect\u00e9s \u00e0 Ethernet.<\/p>\n<p><img fetchpriority=\"high\" decoding=\"async\" class=\"alignnone size-full wp-image-11465\" src=\"https:\/\/fvcomponentes.com\/wp-content\/uploads\/2024\/01\/Inversor-Cargador-Victron-MultiPlus-Compact-24-1600-40-16-CMP241620000.png\" alt=\"https:\/\/fvcomponentes.com\/wp-content\/uploads\/2024\/01\/Inversor-Cargador-Victron-MultiPlus-Compact-24-1600-40-16-CMP241620000.png\" width=\"1328\" height=\"606\" title=\"\"><\/p>\n<h3>Chargeur d'onduleur 24V Chargeur d'onduleur Victron MultiPlus Compact 24\/2000 50-30 - CMP242200000<\/h3>\n<p><a href=\"https:\/\/fvcomponentes.com\/wp-content\/uploads\/2024\/01\/Datasheet-MultiPlus-inverter-charger-800VA-5kVA-ES.pdf\" target=\"_blank\" rel=\"noopener\">Voir la fiche technique onduleur chargeur 24V Victron MultiPlus Compact 24\/2000 50-30 - CMP242200000<\/a><\/p>","protected":false},"excerpt":{"rendered":"<ul class=\"specification\">\n<li><strong>Puissance continue \u00e0 25\u00ba : <\/strong>2000VA<\/li>\n<li><strong>Puissance de cr\u00eate : <\/strong>4000W<\/li>\n<li><strong>Tension de fonctionnement :<\/strong> 24V<\/li>\n<li><strong>Courant de charge :<\/strong> 50A<\/li>\n<\/ul>","protected":false},"featured_media":14788,"comment_status":"open","ping_status":"closed","template":"","meta":{"site-sidebar-layout":"default","site-content-layout":"","ast-site-content-layout":"default","site-content-style":"default","site-sidebar-style":"default","ast-global-header-display":"","ast-banner-title-visibility":"","ast-main-header-display":"","ast-hfb-above-header-display":"","ast-hfb-below-header-display":"","ast-hfb-mobile-header-display":"","site-post-title":"","ast-breadcrumbs-content":"","ast-featured-img":"","footer-sml-layout":"","ast-disable-related-posts":"","theme-transparent-header-meta":"default","adv-header-id-meta":"","stick-header-meta":"","header-above-stick-meta":"","header-main-stick-meta":"","header-below-stick-meta":"","astra-migrate-meta-layouts":"set","ast-page-background-enabled":"default","ast-page-background-meta":{"desktop":{"background-color":"var(--ast-global-color-4)","background-image":"","background-repeat":"repeat","background-position":"center center","background-size":"auto","background-attachment":"scroll","background-type":"","background-media":"","overlay-type":"","overlay-color":"","overlay-opacity":"","overlay-gradient":""},"tablet":{"background-color":"","background-image":"","background-repeat":"repeat","background-position":"center center","background-size":"auto","background-attachment":"scroll","background-type":"","background-media":"","overlay-type":"","overlay-color":"","overlay-opacity":"","overlay-gradient":""},"mobile":{"background-color":"","background-image":"","background-repeat":"repeat","background-position":"center center","background-size":"auto","background-attachment":"scroll","background-type":"","background-media":"","overlay-type":"","overlay-color":"","overlay-opacity":"","overlay-gradient":""}},"ast-content-background-meta":{"desktop":{"background-color":"var(--ast-global-color-5)","background-image":"","background-repeat":"repeat","background-position":"center center","background-size":"auto","background-attachment":"scroll","background-type":"","background-media":"","overlay-type":"","overlay-color":"","overlay-opacity":"","overlay-gradient":""},"tablet":{"background-color":"var(--ast-global-color-5)","background-image":"","background-repeat":"repeat","background-position":"center center","background-size":"auto","background-attachment":"scroll","background-type":"","background-media":"","overlay-type":"","overlay-color":"","overlay-opacity":"","overlay-gradient":""},"mobile":{"background-color":"var(--ast-global-color-5)","background-image":"","background-repeat":"repeat","background-position":"center center","background-size":"auto","background-attachment":"scroll","background-type":"","background-media":"","overlay-type":"","overlay-color":"","overlay-opacity":"","overlay-gradient":""}}},"pwb-brand":[332],"product_brand":[],"product_cat":[333,390],"product_tag":[],"class_list":{"0":"post-14786","1":"product","2":"type-product","3":"status-publish","4":"has-post-thumbnail","6":"pwb-brand-victron","7":"product_cat-inversores","8":"product_cat-inversores-cargadores-24v","9":"desktop-align-left","10":"tablet-align-left","11":"mobile-align-left","12":"ast-product-gallery-layout-horizontal-slider","13":"ast-product-gallery-with-no-image","14":"ast-product-tabs-layout-horizontal","16":"first","17":"instock","18":"taxable","19":"shipping-taxable","20":"purchasable","21":"product-type-simple"},"wcpa_form_fields":null,"brands":[{"id":332,"name":"Victron Energy","slug":"victron"}],"_links":{"self":[{"href":"https:\/\/fvcomponentes.com\/fr\/wp-json\/wp\/v2\/product\/14786","targetHints":{"allow":["GET"]}}],"collection":[{"href":"https:\/\/fvcomponentes.com\/fr\/wp-json\/wp\/v2\/product"}],"about":[{"href":"https:\/\/fvcomponentes.com\/fr\/wp-json\/wp\/v2\/types\/product"}],"replies":[{"embeddable":true,"href":"https:\/\/fvcomponentes.com\/fr\/wp-json\/wp\/v2\/comments?post=14786"}],"wp:featuredmedia":[{"embeddable":true,"href":"https:\/\/fvcomponentes.com\/fr\/wp-json\/wp\/v2\/media\/14788"}],"wp:attachment":[{"href":"https:\/\/fvcomponentes.com\/fr\/wp-json\/wp\/v2\/media?parent=14786"}],"wp:term":[{"taxonomy":"pwb-brand","embeddable":true,"href":"https:\/\/fvcomponentes.com\/fr\/wp-json\/wp\/v2\/pwb-brand?post=14786"},{"taxonomy":"product_brand","embeddable":true,"href":"https:\/\/fvcomponentes.com\/fr\/wp-json\/wp\/v2\/product_brand?post=14786"},{"taxonomy":"product_cat","embeddable":true,"href":"https:\/\/fvcomponentes.com\/fr\/wp-json\/wp\/v2\/product_cat?post=14786"},{"taxonomy":"product_tag","embeddable":true,"href":"https:\/\/fvcomponentes.com\/fr\/wp-json\/wp\/v2\/product_tag?post=14786"}],"curies":[{"name":"wp","href":"https:\/\/api.w.org\/{rel}","templated":true}]}}