{"id":14762,"date":"2024-06-12T11:51:08","date_gmt":"2024-06-12T09:51:08","guid":{"rendered":"https:\/\/fvcomponentes.com\/?post_type=product&#038;p=14762"},"modified":"2026-01-15T10:12:16","modified_gmt":"2026-01-15T09:12:16","slug":"chargeur-donduleur-12v-victron-multiplus-ii-12-5000-220-50-pmp122505010","status":"publish","type":"product","link":"https:\/\/fvcomponentes.com\/fr\/producto\/inversor-cargador-12v-victron-multiplus-ii-12-5000-220-50-pmp122505010\/","title":{"rendered":"Onduleur chargeur 12 V Victron Multiplus II 12\/5000 220 A-50 A \u2013 PMP122505012"},"content":{"rendered":"<h2>Caract\u00e9ristiques du chargeur-onduleur 12 V Victron Multiplus II 12\/5000 220-50 \u2013 PMP122505012<\/h2>\n<p>L'onduleur chargeur 12 V Victron Multiplus II 12\/5000 220-50 \u2013 PMP122505012 est un dispositif avanc\u00e9 pour notre installation photovolta\u00efque qui nous permet de disposer d'un syst\u00e8me hybride d'autoconsommation avec accumulation et avec toutes les garanties de fonctionnement. La gamme d'onduleurs MultiPlus II dispose de nombreuses <strong>Les certifications \u00e9lectriques d'un grand nombre de pays le qualifient pour une utilisation en tant que syst\u00e8me de stockage d'\u00e9nergie (SSE) connect\u00e9 au r\u00e9seau.<\/strong>. Le mod\u00e8le MultiPlus II, anciennement connu sous le nom de MultiGrid II, int\u00e8gre \u00e9galement une protection anti-\u00eelotage et les fonctionnalit\u00e9s Victron PowerControl et PowerAssist.<\/p>\n<p>L'onduleur chargeur 12 V Victron Multiplus II 12\/5000 220-50 \u2013 PMP122505012 est une garantie de fiabilit\u00e9 et de stabilit\u00e9, gr\u00e2ce \u00e0 la conception avanc\u00e9e de son \u00e9tage de puissance.<\/p>\n<p>Cet onduleur offre jusqu'\u00e0 5000VA de puissance de sortie \u00e0 partir de l'onduleur lui-m\u00eame, bien que gr\u00e2ce \u00e0 sa fonction PowerAssist, il puisse fournir plus de puissance de sortie en ajoutant de l'\u00e9nergie \u00e0 partir de l'entr\u00e9e CA et \u00e9galement \u00e0 partir des batteries afin de ne pas surcharger l'entr\u00e9e du r\u00e9seau externe. Il dispose d'un chargeur de batterie interne de 220A.<\/p>\n<p>Gr\u00e2ce \u00e0 sa fonction d'onduleur, il est en mesure d'offrir une alimentation ininterrompue, la commutation \u00e9tant tr\u00e8s rapide, de sorte que la consommation critique n'est pas affect\u00e9e. Comme le reste de la famille MultiPlus II, il est hautement extensible gr\u00e2ce \u00e0 sa capacit\u00e9 \u00e0 travailler en parall\u00e8le avec jusqu'\u00e0 6 unit\u00e9s. Il est \u00e9galement possible de l'utiliser sur un r\u00e9seau triphas\u00e9 en installant une unit\u00e9 par phase, \u00e0 laquelle on peut ajouter un fonctionnement en parall\u00e8le \u00e0 l'int\u00e9rieur des phases elles-m\u00eames.<\/p>\n<h2>Fonctionnement du chargeur-onduleur 12 V Victron Multiplus II 12\/5000 220-50  \u2013 PMP122505012<\/h2>\n<p>L'onduleur MultiPlus II peut \u00eatre utilis\u00e9 dans toutes les topologies courantes de stockage d'\u00e9nergie. Un capteur de courant est disponible en option pour limiter l'entr\u00e9e CA en fonction de nos besoins, car la puissance de transfert et de charge du MultiPlus II peut \u00eatre trop \u00e9lev\u00e9e pour le courant disponible. L'application la plus courante de ce type d'onduleur est la suivante :<\/p>\n<h3 class=\"clear-block\"><strong>MultiPlus II utilis\u00e9 comme onduleur dans les applications \u00e0 charge critique<\/strong><\/h3>\n<p class=\"clear-block\">Dans ce cas, l'onduleur chargeur 12 V Victron Multiplus II 12\/5000 220-50 \u2013 PMP122505012 peut prendre en charge les charges habituelles, aliment\u00e9es par le r\u00e9seau \u00e9lectrique conventionnel, et disposer d'un syst\u00e8me de stockage d'\u00e9nergie (batterie) qui alimentera les charges critiques en cas de panne ou d'instabilit\u00e9 du r\u00e9seau. Il faudra d\u00e9terminer s'il est n\u00e9cessaire d'appliquer une limitation \u00e0 l'entr\u00e9e de courant alternatif \u00e0 une valeur s\u00fbre \u00e0 l'aide des fonctions PowerControl et PowerAssist.<\/p>\n<h3 class=\"clear-block\"><strong>Connect\u00e9 au r\u00e9seau et avec des panneaux photovolta\u00efques via un contr\u00f4leur MPPT<\/strong><\/h3>\n<p class=\"clear-block\">Dans ce cas, l'onduleur PV utilise les informations fournies par le capteur de courant toro\u00efdal pour optimiser l'autoconsommation en convertissant l'\u00e9nergie en courant alternatif et en l'utilisant directement pour la consommation. On peut ainsi choisir d'injecter ou non l'\u00e9nergie solaire exc\u00e9dentaire dans le r\u00e9seau. Les batteries sont recharg\u00e9es par les panneaux solaires et la consommation peut \u00eatre divis\u00e9e entre la consommation critique, qui est toujours aliment\u00e9e m\u00eame en cas de coupure de courant, et la consommation normale, qui peut \u00e9galement \u00eatre aliment\u00e9e par l'\u00e9nergie produite par les panneaux.<\/p>\n<h2>Surveillance du chargeur-onduleur 12 V Victron Multiplus II 12\/5000 220-50 \u2013 PMP122505012<\/h2>\n<p>Il est fortement recommand\u00e9 d'inclure un Victron Cerbo GX, afin de pouvoir configurer, charger les param\u00e8tres de fonctionnement et surveiller les performances de l'ensemble du syst\u00e8me. Tous les composants appara\u00eetront sur l'\u00e9cran de contr\u00f4le et nous disposerons d'informations d\u00e9taill\u00e9es sur la production, la consommation, le stockage, etc.<\/p>\n<p><img decoding=\"async\" class=\"center-align\" title=\"Graphique VRM\" src=\"https:\/\/fvcomponentes.com\/wp-content\/uploads\/2022\/11\/grafico-vrm.png\" alt=\"Graphique VRM\" \/><\/p>\n<p>Gr\u00e2ce \u00e0 l'inclusion du panneau Victron ColorControl, nous aurons acc\u00e8s au portail VRM fourni par la marque o\u00f9 nous pourrons acc\u00e9der au contr\u00f4le et \u00e0 la configuration du syst\u00e8me \u00e0 partir de n'importe quel terminal ayant un acc\u00e8s \u00e0 Internet. Le portail VRM nous donnera m\u00eame la possibilit\u00e9 d'envoyer des alarmes en fonction de ce que nous programmons dans le fonctionnement du syst\u00e8me.<\/p>\n<h2>Compatibilit\u00e9 du chargeur-onduleur 12 V Victron Multiplus II 12\/5000 220-50 \u2013 PMP122505012<\/h2>\n<p>Le MultiPlus II peut fonctionner sans probl\u00e8me avec pratiquement toutes les batteries 12V du march\u00e9. Sa grande flexibilit\u00e9 et son adaptabilit\u00e9 lui permettent d'\u00eatre configur\u00e9 pour charger une batterie plomb-acide de n'importe quelle technologie, qu'elle soit scell\u00e9e ou ouverte de type OPzS. Victron met r\u00e9guli\u00e8rement \u00e0 jour son logiciel pour assurer la compatibilit\u00e9 avec la grande majorit\u00e9 des marques de batteries au lithium du march\u00e9.<\/p>\n<p>Si un contr\u00f4leur de charge externe est utilis\u00e9 pour charger les batteries ou pour l'autoconsommation directe, il est conseill\u00e9 d'utiliser un contr\u00f4leur de charge externe. <a href=\"https:\/\/fvcomponentes.com\/fr\/categorie-de-produits\/regulateurs-de-charge-solaire\/regulateurs-mppt\/\" target=\"_blank\" rel=\"noopener\">Contr\u00f4leur de chargeur MPPT<\/a> de la marque Victron. De cette mani\u00e8re, le panneau ColorControl affichera en d\u00e9tail la production photovolta\u00efque du syst\u00e8me. Si un onduleur photovolta\u00efque est utilis\u00e9 comme g\u00e9n\u00e9rateur solaire, il est conseill\u00e9 d'utiliser un produit de la marque <a href=\"https:\/\/fvcomponentes.com\/fr\/marque\/fronius\/\" target=\"_blank\" rel=\"noopener\">Fronius<\/a>Le ColorControl et le portail VRM sont \u00e9galement compatibles avec d'autres marques connues dans le secteur, comme Kostal. Le ColorControl et le portail VRM permettent \u00e9galement de contr\u00f4ler sans probl\u00e8me la production de l'onduleur PV. Il existe \u00e9galement une compatibilit\u00e9 avec d'autres fabricants tels que Schneider ; le tableau de compatibilit\u00e9 peut \u00eatre consult\u00e9 sur le site web de Victron, o\u00f9 il est r\u00e9guli\u00e8rement mis \u00e0 jour.<\/p>\n<h2>Fiche technique chargeur-onduleur 12 V Victron Multiplus II 12\/5000 220-50 \u2013 PMP122505012<\/h2>\n<p><a href=\"https:\/\/fvcomponentes.com\/wp-content\/uploads\/2024\/06\/Ficha-tecnica-inversor-cargador-12V-Victron-Multiplus-II-12-5000-220-50-PMP122505010.pdf\" target=\"_blank\" rel=\"noopener\">Voir la fiche technique du chargeur-onduleur 12 V Victron Multiplus II 12\/5000 220-50 \u2013 PMP122505012<\/a><\/p>\n<h2>T\u00e9l\u00e9charger le sch\u00e9ma Victron Multiplus pour camping-cars au format PDF<\/h2>\n<p>Entrez dans notre blog et t\u00e9l\u00e9chargez le diagramme PDF pour le c\u00e2blage et la connexion de votre onduleur Victron Multiplus dans un camping-car. Vous trouverez le sch\u00e9ma et bien d'autres informations techniques dans notre nouvelle section blog.<\/p>\n<p>Cliquez pour t\u00e9l\u00e9charger notre <a href=\"https:\/\/fvcomponentes.com\/fr\/victron-multiplus-schematic\/\" target=\"_blank\" rel=\"noopener\">Sch\u00e9ma Victron Multiplus<\/a> de notre blog.<\/p>","protected":false},"excerpt":{"rendered":"<ul class=\"specification\">\n<li><strong>Puissance de cr\u00eate :<\/strong> 9000W<\/li>\n<li><strong>Tension de fonctionnement :<\/strong> 12V<\/li>\n<li><strong>Puissance continue :<\/strong> 5000VA<\/li>\n<li><strong>Efficacit\u00e9 :<\/strong> Onde sinuso\u00efdale pure<\/li>\n<\/ul>","protected":false},"featured_media":14765,"comment_status":"open","ping_status":"closed","template":"","meta":{"site-sidebar-layout":"default","site-content-layout":"default","ast-site-content-layout":"default","site-content-style":"default","site-sidebar-style":"default","ast-global-header-display":"","ast-banner-title-visibility":"","ast-main-header-display":"","ast-hfb-above-header-display":"","ast-hfb-below-header-display":"","ast-hfb-mobile-header-display":"","site-post-title":"","ast-breadcrumbs-content":"","ast-featured-img":"","footer-sml-layout":"","ast-disable-related-posts":"","theme-transparent-header-meta":"default","adv-header-id-meta":"","stick-header-meta":"","header-above-stick-meta":"","header-main-stick-meta":"","header-below-stick-meta":"","astra-migrate-meta-layouts":"set","ast-page-background-enabled":"default","ast-page-background-meta":{"desktop":{"background-color":"var(--ast-global-color-4)","background-image":"","background-repeat":"repeat","background-position":"center center","background-size":"auto","background-attachment":"scroll","background-type":"","background-media":"","overlay-type":"","overlay-color":"","overlay-opacity":"","overlay-gradient":""},"tablet":{"background-color":"","background-image":"","background-repeat":"repeat","background-position":"center center","background-size":"auto","background-attachment":"scroll","background-type":"","background-media":"","overlay-type":"","overlay-color":"","overlay-opacity":"","overlay-gradient":""},"mobile":{"background-color":"","background-image":"","background-repeat":"repeat","background-position":"center center","background-size":"auto","background-attachment":"scroll","background-type":"","background-media":"","overlay-type":"","overlay-color":"","overlay-opacity":"","overlay-gradient":""}},"ast-content-background-meta":{"desktop":{"background-color":"var(--ast-global-color-5)","background-image":"","background-repeat":"repeat","background-position":"center center","background-size":"auto","background-attachment":"scroll","background-type":"","background-media":"","overlay-type":"","overlay-color":"","overlay-opacity":"","overlay-gradient":""},"tablet":{"background-color":"var(--ast-global-color-5)","background-image":"","background-repeat":"repeat","background-position":"center center","background-size":"auto","background-attachment":"scroll","background-type":"","background-media":"","overlay-type":"","overlay-color":"","overlay-opacity":"","overlay-gradient":""},"mobile":{"background-color":"var(--ast-global-color-5)","background-image":"","background-repeat":"repeat","background-position":"center center","background-size":"auto","background-attachment":"scroll","background-type":"","background-media":"","overlay-type":"","overlay-color":"","overlay-opacity":"","overlay-gradient":""}}},"pwb-brand":[332],"product_brand":[],"product_cat":[388,333],"product_tag":[],"class_list":{"0":"post-14762","1":"product","2":"type-product","3":"status-publish","4":"has-post-thumbnail","6":"pwb-brand-victron","7":"product_cat-inversores-cargadores-12v","8":"product_cat-inversores","9":"desktop-align-left","10":"tablet-align-left","11":"mobile-align-left","12":"ast-product-gallery-layout-horizontal-slider","13":"ast-product-gallery-with-no-image","14":"ast-product-tabs-layout-horizontal","16":"first","17":"instock","18":"taxable","19":"shipping-taxable","20":"purchasable","21":"product-type-simple"},"wcpa_form_fields":null,"brands":[{"id":332,"name":"Victron Energy","slug":"victron"}],"_links":{"self":[{"href":"https:\/\/fvcomponentes.com\/fr\/wp-json\/wp\/v2\/product\/14762","targetHints":{"allow":["GET"]}}],"collection":[{"href":"https:\/\/fvcomponentes.com\/fr\/wp-json\/wp\/v2\/product"}],"about":[{"href":"https:\/\/fvcomponentes.com\/fr\/wp-json\/wp\/v2\/types\/product"}],"replies":[{"embeddable":true,"href":"https:\/\/fvcomponentes.com\/fr\/wp-json\/wp\/v2\/comments?post=14762"}],"wp:featuredmedia":[{"embeddable":true,"href":"https:\/\/fvcomponentes.com\/fr\/wp-json\/wp\/v2\/media\/14765"}],"wp:attachment":[{"href":"https:\/\/fvcomponentes.com\/fr\/wp-json\/wp\/v2\/media?parent=14762"}],"wp:term":[{"taxonomy":"pwb-brand","embeddable":true,"href":"https:\/\/fvcomponentes.com\/fr\/wp-json\/wp\/v2\/pwb-brand?post=14762"},{"taxonomy":"product_brand","embeddable":true,"href":"https:\/\/fvcomponentes.com\/fr\/wp-json\/wp\/v2\/product_brand?post=14762"},{"taxonomy":"product_cat","embeddable":true,"href":"https:\/\/fvcomponentes.com\/fr\/wp-json\/wp\/v2\/product_cat?post=14762"},{"taxonomy":"product_tag","embeddable":true,"href":"https:\/\/fvcomponentes.com\/fr\/wp-json\/wp\/v2\/product_tag?post=14762"}],"curies":[{"name":"wp","href":"https:\/\/api.w.org\/{rel}","templated":true}]}}