{"id":14753,"date":"2024-06-12T11:13:02","date_gmt":"2024-06-12T09:13:02","guid":{"rendered":"https:\/\/fvcomponentes.com\/?post_type=product&#038;p=14753"},"modified":"2026-04-08T21:31:16","modified_gmt":"2026-04-08T19:31:16","slug":"onduleur-24v-sun-24-250-10-iec-sin241251100","status":"publish","type":"product","link":"https:\/\/fvcomponentes.com\/fr\/producto\/inversor-24v-sun-24-250-10-iec-sin241251100\/","title":{"rendered":"Onduleur 24V Victron Sun 24\/250-10 IEC - SIN241251100"},"content":{"rendered":"<h2>Une fiabilit\u00e9 \u00e9prouv\u00e9e<\/h2>\n<p>L'onduleur Victron Sun 24\/250-10 IEC 24V - SIN241251100 est r\u00e9sistant aux courts-circuits et prot\u00e9g\u00e9 contre la surchauffe, qu'elle soit due \u00e0 une surcharge ou \u00e0 la temp\u00e9rature ambiante. La topologie \u00e0 pont complet et transformateur toro\u00efdal a prouv\u00e9 sa fiabilit\u00e9 pendant de nombreuses ann\u00e9es. high.<\/p>\n<h2>Victron Sun 24\/250-10 IEC 24V Onduleur Puissance de d\u00e9marrage \u00e9lev\u00e9e - SIN241251100<\/h2>\n<p>N\u00e9cessaire pour d\u00e9marrer des charges telles que les convertisseurs pour les lampes LED, les lampes halog\u00e8nes ou les outils \u00e9lectriques.<\/p>\n<h2>Mode ECO<\/h2>\n<p>En mode ECO, l'onduleur se met en veille lorsque la charge est inf\u00e9rieure \u00e0 une valeur pr\u00e9d\u00e9finie (charge minimale : 15 W). Une fois en veille, l'onduleur s'allume bri\u00e8vement (r\u00e9glable ; par d\u00e9faut : toutes les 2,5 secondes). Si la charge d\u00e9passe le niveau pr\u00e9d\u00e9fini, l'onduleur reste allum\u00e9.<\/p>\n<h2>Interrupteur marche\/arr\u00eat \u00e0 distance<\/h2>\n<p>Le panneau de commande \u00e0 distance Phoenix Inverter Control VE.Direct (non fourni) peut \u00eatre utilis\u00e9 pour allumer et \u00e9teindre l'onduleur \u00e0 distance. Une autre option consiste \u00e0 connecter un interrupteur marche\/arr\u00eat \u00e0 distance \u00e0 un connecteur bipolaire ou entre le positif de la batterie et le contact gauche du connecteur bipolaire.<\/p>\n<h2>Bluetooth<\/h2>\n<p>Les param\u00e8tres de l'onduleur 24V Sun 24\/250-10 IEC - SIN241251100 et du chargeur solaire peuvent \u00eatre lus et contr\u00f4l\u00e9s via Bluetooth gr\u00e2ce \u00e0 l'application VictronConnect.<\/p>\n<h2>Victron Sun 24\/250-10 IEC 24V Onduleur VE.port de communication direct - SIN241251100<\/h2>\n<p>Ce port peut \u00eatre utilis\u00e9 pour se connecter \u00e0 un appareil GX, GlobalLink 520, pour le contr\u00f4le via le portail VRM ou pour se connecter \u00e0 un ordinateur pour le contr\u00f4le ou la configuration avec l'application VictronConnect.<\/p>\n<h2>Surveillance via l'application VictronConnect ou l'appareil GX :<\/h2>\n<ul>\n<li>Tension d'entr\u00e9e et de sortie de l'onduleur et pourcentage des charges.<\/li>\n<li>\u00c9nergie solaire, tension et courant.<\/li>\n<li>\u00c9tat de fonctionnement et alarmes.<\/li>\n<\/ul>\n<h2>Enti\u00e8rement configurable avec l'application VictronConnect :<\/h2>\n<ul>\n<li>Niveaux de d\u00e9clenchement de l'alarme et r\u00e9initialisation de la tension de la batterie.<\/li>\n<li>Niveaux de coupure et de r\u00e9initialisation en cas de faible tension de la batterie.<\/li>\n<li>D\u00e9connexion dynamique : niveau de d\u00e9connexion en fonction de la charge.<\/li>\n<li>Tension de sortie 210 - 245 V et fr\u00e9quence 50 Hz ou 60 Hz.<\/li>\n<li>Activation\/d\u00e9sactivation du mode ECO et niveau de d\u00e9tection du mode ECO.<\/li>\n<li>Courant, algorithme et tension de charge de la batterie.<\/li>\n<li>Compensation de la temp\u00e9rature de charge de la batterie ou niveau de coupure \u00e0 basse temp\u00e9rature.<\/li>\n<\/ul>\n<h2>Connexions DC et PV avec bornes \u00e0 vis<\/h2>\n<p>Aucune cosse de c\u00e2ble ni aucun outil sp\u00e9cial n'est n\u00e9cessaire pour cette installation.<\/p>\n<h2>Disponible avec une prise IEC-320<\/h2>\n<p>Une fiche m\u00e2le IEC-320 est incluse.<\/p>\n<h2>Fiche technique Onduleur 24V Victron Sun 24\/250-10 IEC - SIN241251100<\/h2>\n<p><a href=\"https:\/\/fvcomponentes.com\/wp-content\/uploads\/2024\/06\/Ficha-tecnica-Inversor-Victron-Sun.pdf\" target=\"_blank\" rel=\"noopener\">Voir la fiche technique Victron Sun 24V Inverter 24\/250-10 IEC - SIN241251100\u00a0\u00a0<\/a><\/p>","protected":false},"excerpt":{"rendered":"<ul>\n<li><strong>Puissance nominale : <\/strong>250W<\/li>\n<li><strong>Puissance de cr\u00eate : <\/strong>400W<\/li>\n<li><strong>Tension d'entr\u00e9e : <\/strong>24V<\/li>\n<\/ul>","protected":false},"featured_media":15008,"comment_status":"closed","ping_status":"closed","template":"","meta":{"site-sidebar-layout":"default","site-content-layout":"","ast-site-content-layout":"default","site-content-style":"default","site-sidebar-style":"default","ast-global-header-display":"","ast-banner-title-visibility":"","ast-main-header-display":"","ast-hfb-above-header-display":"","ast-hfb-below-header-display":"","ast-hfb-mobile-header-display":"","site-post-title":"","ast-breadcrumbs-content":"","ast-featured-img":"","footer-sml-layout":"","ast-disable-related-posts":"","theme-transparent-header-meta":"default","adv-header-id-meta":"","stick-header-meta":"","header-above-stick-meta":"","header-main-stick-meta":"","header-below-stick-meta":"","astra-migrate-meta-layouts":"set","ast-page-background-enabled":"default","ast-page-background-meta":{"desktop":{"background-color":"var(--ast-global-color-4)","background-image":"","background-repeat":"repeat","background-position":"center center","background-size":"auto","background-attachment":"scroll","background-type":"","background-media":"","overlay-type":"","overlay-color":"","overlay-opacity":"","overlay-gradient":""},"tablet":{"background-color":"","background-image":"","background-repeat":"repeat","background-position":"center center","background-size":"auto","background-attachment":"scroll","background-type":"","background-media":"","overlay-type":"","overlay-color":"","overlay-opacity":"","overlay-gradient":""},"mobile":{"background-color":"","background-image":"","background-repeat":"repeat","background-position":"center center","background-size":"auto","background-attachment":"scroll","background-type":"","background-media":"","overlay-type":"","overlay-color":"","overlay-opacity":"","overlay-gradient":""}},"ast-content-background-meta":{"desktop":{"background-color":"var(--ast-global-color-5)","background-image":"","background-repeat":"repeat","background-position":"center center","background-size":"auto","background-attachment":"scroll","background-type":"","background-media":"","overlay-type":"","overlay-color":"","overlay-opacity":"","overlay-gradient":""},"tablet":{"background-color":"var(--ast-global-color-5)","background-image":"","background-repeat":"repeat","background-position":"center center","background-size":"auto","background-attachment":"scroll","background-type":"","background-media":"","overlay-type":"","overlay-color":"","overlay-opacity":"","overlay-gradient":""},"mobile":{"background-color":"var(--ast-global-color-5)","background-image":"","background-repeat":"repeat","background-position":"center center","background-size":"auto","background-attachment":"scroll","background-type":"","background-media":"","overlay-type":"","overlay-color":"","overlay-opacity":"","overlay-gradient":""}}},"pwb-brand":[332],"product_brand":[],"product_cat":[333,367],"product_tag":[],"class_list":{"0":"post-14753","1":"product","2":"type-product","3":"status-publish","4":"has-post-thumbnail","6":"pwb-brand-victron","7":"product_cat-inversores","8":"product_cat-inversores-24-v","9":"desktop-align-left","10":"tablet-align-left","11":"mobile-align-left","12":"ast-product-gallery-layout-horizontal-slider","13":"ast-product-tabs-layout-horizontal","15":"first","16":"instock","17":"taxable","18":"shipping-taxable","19":"purchasable","20":"product-type-simple"},"wcpa_form_fields":null,"brands":[{"id":332,"name":"Victron Energy","slug":"victron"}],"_links":{"self":[{"href":"https:\/\/fvcomponentes.com\/fr\/wp-json\/wp\/v2\/product\/14753","targetHints":{"allow":["GET"]}}],"collection":[{"href":"https:\/\/fvcomponentes.com\/fr\/wp-json\/wp\/v2\/product"}],"about":[{"href":"https:\/\/fvcomponentes.com\/fr\/wp-json\/wp\/v2\/types\/product"}],"replies":[{"embeddable":true,"href":"https:\/\/fvcomponentes.com\/fr\/wp-json\/wp\/v2\/comments?post=14753"}],"wp:featuredmedia":[{"embeddable":true,"href":"https:\/\/fvcomponentes.com\/fr\/wp-json\/wp\/v2\/media\/15008"}],"wp:attachment":[{"href":"https:\/\/fvcomponentes.com\/fr\/wp-json\/wp\/v2\/media?parent=14753"}],"wp:term":[{"taxonomy":"pwb-brand","embeddable":true,"href":"https:\/\/fvcomponentes.com\/fr\/wp-json\/wp\/v2\/pwb-brand?post=14753"},{"taxonomy":"product_brand","embeddable":true,"href":"https:\/\/fvcomponentes.com\/fr\/wp-json\/wp\/v2\/product_brand?post=14753"},{"taxonomy":"product_cat","embeddable":true,"href":"https:\/\/fvcomponentes.com\/fr\/wp-json\/wp\/v2\/product_cat?post=14753"},{"taxonomy":"product_tag","embeddable":true,"href":"https:\/\/fvcomponentes.com\/fr\/wp-json\/wp\/v2\/product_tag?post=14753"}],"curies":[{"name":"wp","href":"https:\/\/api.w.org\/{rel}","templated":true}]}}