{"id":14733,"date":"2024-06-12T08:28:48","date_gmt":"2024-06-12T06:28:48","guid":{"rendered":"https:\/\/fvcomponentes.com\/?post_type=product&#038;p=14733"},"modified":"2026-04-08T21:36:58","modified_gmt":"2026-04-08T19:36:58","slug":"onduleur-48v-victron-phoenix-48-5000-pin485020000","status":"publish","type":"product","link":"https:\/\/fvcomponentes.com\/fr\/producto\/inversor-48v-victron-phoenix-48-5000-pin485020000\/","title":{"rendered":"Onduleur 48V Victron Phoenix 48\/5000 - PIN485020000"},"content":{"rendered":"<h2>SinusMax - Une conception sup\u00e9rieure<\/h2>\n<p>D\u00e9velopp\u00e9 pour un usage professionnel, l'onduleur 48V Victron Phoenix 48\/5000 - PIN485020000 est id\u00e9al pour de nombreuses applications. Les crit\u00e8res utilis\u00e9s pour sa conception \u00e9taient de produire un onduleur \u00e0 onde sinuso\u00efdale r\u00e9elle avec une efficacit\u00e9 optimis\u00e9e sans compromettre les performances. En utilisant la technologie hybride haute fr\u00e9quence, le r\u00e9sultat est un produit de la plus haute qualit\u00e9, de dimensions compactes, l\u00e9ger et capable de fournir de l'\u00e9nergie, sans probl\u00e8me, \u00e0 n'importe quelle charge.<\/p>\n<h2>Victron Phoenix 48V Inverter Puissance de d\u00e9marrage suppl\u00e9mentaire 48V Inverter 48\/5000 - PIN485020000<\/h2>\n<p>L'une des caract\u00e9ristiques uniques de la technologie SinusMax est sa puissance de d\u00e9marrage tr\u00e8s \u00e9lev\u00e9e. La technologie haute fr\u00e9quence conventionnelle n'offre pas de performances aussi extraordinaires. Les onduleurs Phoenix sont cependant bien adapt\u00e9s \u00e0 l'alimentation de charges difficiles telles que les r\u00e9frig\u00e9rateurs, les compresseurs, les moteurs \u00e9lectriques et autres appareils similaires.<\/p>\n<h2>Puissance pratiquement illimit\u00e9e gr\u00e2ce au fonctionnement en parall\u00e8le et en triphas\u00e9<\/h2>\n<p>Jusqu'\u00e0 6 unit\u00e9s de l'onduleur 48V Victron Phoenix 48\/5000 - PIN485020000 peuvent fonctionner en parall\u00e8le pour obtenir une puissance de sortie plus \u00e9lev\u00e9e. Six unit\u00e9s 48\/5000, par exemple, fourniront une puissance de sortie de 24 kW \/ 30 kVA. La configuration pour un fonctionnement triphas\u00e9 est \u00e9galement possible.<\/p>\n<h2>Victron Phoenix 48V Inverter Communications Interface 48\/5000 - PIN485020000<\/h2>\n<p>Ces plus grands mod\u00e8les d'onduleurs Phoenix sont \u00e9quip\u00e9s d'un port VE.Bus. Tout ce dont vous avez besoin pour vous connecter \u00e0 votre PC est l'interface MK3-USB VE.Bus vers USB. Avec VictronConnect ou le logiciel VEConfigure, qui peuvent \u00eatre t\u00e9l\u00e9charg\u00e9s gratuitement sur le site web de <a href=\"https:\/\/www.victronenergy.com.es\/\" target=\"_blank\" rel=\"noopener\">Victron<\/a>Dans l'onduleur, tous les param\u00e8tres peuvent \u00eatre personnalis\u00e9s. Cela comprend la tension et la fr\u00e9quence de sortie, les r\u00e9glages de surtension ou de sous-tension et la programmation des relais. Ce relais peut, par exemple, \u00eatre utilis\u00e9 pour signaler plusieurs conditions d'alarme diff\u00e9rentes ou pour d\u00e9marrer un g\u00e9n\u00e9rateur. Les onduleurs peuvent \u00e9galement \u00eatre connect\u00e9s \u00e0 un dispositif GX (tel que le <a href=\"https:\/\/fvcomponentes.com\/fr\/produit\/victron-cerbo-gx-mk2-bpp900451100-victron-cerbo-mk2-monitor\/\" target=\"_blank\" rel=\"noopener\">Victron Cerbo GX MK2 Monitoring - BPP900451100<\/a><a href=\"https:\/\/fvcomponentes.com\/fr\/produit\/victron-cerbo-gx-monitoring\/\" target=\"_blank\" rel=\"noopener\">X<\/a>) pour la surveillance et le contr\u00f4le.<\/p>\n<h2>Fiche technique Onduleur 48V Victron Phoenix 48\/5000 - PIN485020000<\/h2>\n<p><a href=\"https:\/\/fvcomponentes.com\/wp-content\/uploads\/2024\/06\/Ficha-tecnica-Inversor-Phoenix-1200VA-5000VA.pdf\" target=\"_blank\" rel=\"noopener\">Voir la fiche technique de l'onduleur Victron Phoenix 48V 48\/5000 - PIN485020000<\/a><\/p>","protected":false},"excerpt":{"rendered":"<ul class=\"specification\">\n<li><strong>Tension :<\/strong> 48V<\/li>\n<li><strong>Puissance continue :<\/strong> 5000VA<\/li>\n<li><strong>Puissance de cr\u00eate :<\/strong> 10000W<\/li>\n<\/ul>","protected":false},"featured_media":14838,"comment_status":"open","ping_status":"closed","template":"","meta":{"site-sidebar-layout":"default","site-content-layout":"default","ast-site-content-layout":"default","site-content-style":"default","site-sidebar-style":"default","ast-global-header-display":"","ast-banner-title-visibility":"","ast-main-header-display":"","ast-hfb-above-header-display":"","ast-hfb-below-header-display":"","ast-hfb-mobile-header-display":"","site-post-title":"","ast-breadcrumbs-content":"","ast-featured-img":"","footer-sml-layout":"","ast-disable-related-posts":"","theme-transparent-header-meta":"default","adv-header-id-meta":"","stick-header-meta":"","header-above-stick-meta":"","header-main-stick-meta":"","header-below-stick-meta":"","astra-migrate-meta-layouts":"set","ast-page-background-enabled":"default","ast-page-background-meta":{"desktop":{"background-color":"var(--ast-global-color-4)","background-image":"","background-repeat":"repeat","background-position":"center center","background-size":"auto","background-attachment":"scroll","background-type":"","background-media":"","overlay-type":"","overlay-color":"","overlay-opacity":"","overlay-gradient":""},"tablet":{"background-color":"","background-image":"","background-repeat":"repeat","background-position":"center center","background-size":"auto","background-attachment":"scroll","background-type":"","background-media":"","overlay-type":"","overlay-color":"","overlay-opacity":"","overlay-gradient":""},"mobile":{"background-color":"","background-image":"","background-repeat":"repeat","background-position":"center center","background-size":"auto","background-attachment":"scroll","background-type":"","background-media":"","overlay-type":"","overlay-color":"","overlay-opacity":"","overlay-gradient":""}},"ast-content-background-meta":{"desktop":{"background-color":"var(--ast-global-color-5)","background-image":"","background-repeat":"repeat","background-position":"center center","background-size":"auto","background-attachment":"scroll","background-type":"","background-media":"","overlay-type":"","overlay-color":"","overlay-opacity":"","overlay-gradient":""},"tablet":{"background-color":"var(--ast-global-color-5)","background-image":"","background-repeat":"repeat","background-position":"center center","background-size":"auto","background-attachment":"scroll","background-type":"","background-media":"","overlay-type":"","overlay-color":"","overlay-opacity":"","overlay-gradient":""},"mobile":{"background-color":"var(--ast-global-color-5)","background-image":"","background-repeat":"repeat","background-position":"center center","background-size":"auto","background-attachment":"scroll","background-type":"","background-media":"","overlay-type":"","overlay-color":"","overlay-opacity":"","overlay-gradient":""}}},"pwb-brand":[332],"product_brand":[],"product_cat":[333,369],"product_tag":[],"class_list":{"0":"post-14733","1":"product","2":"type-product","3":"status-publish","4":"has-post-thumbnail","6":"pwb-brand-victron","7":"product_cat-inversores","8":"product_cat-inversores-48v","9":"desktop-align-left","10":"tablet-align-left","11":"mobile-align-left","12":"ast-product-gallery-layout-horizontal-slider","13":"ast-product-tabs-layout-horizontal","15":"first","16":"instock","17":"taxable","18":"shipping-taxable","19":"purchasable","20":"product-type-simple"},"wcpa_form_fields":null,"brands":[{"id":332,"name":"Victron Energy","slug":"victron"}],"_links":{"self":[{"href":"https:\/\/fvcomponentes.com\/fr\/wp-json\/wp\/v2\/product\/14733","targetHints":{"allow":["GET"]}}],"collection":[{"href":"https:\/\/fvcomponentes.com\/fr\/wp-json\/wp\/v2\/product"}],"about":[{"href":"https:\/\/fvcomponentes.com\/fr\/wp-json\/wp\/v2\/types\/product"}],"replies":[{"embeddable":true,"href":"https:\/\/fvcomponentes.com\/fr\/wp-json\/wp\/v2\/comments?post=14733"}],"wp:featuredmedia":[{"embeddable":true,"href":"https:\/\/fvcomponentes.com\/fr\/wp-json\/wp\/v2\/media\/14838"}],"wp:attachment":[{"href":"https:\/\/fvcomponentes.com\/fr\/wp-json\/wp\/v2\/media?parent=14733"}],"wp:term":[{"taxonomy":"pwb-brand","embeddable":true,"href":"https:\/\/fvcomponentes.com\/fr\/wp-json\/wp\/v2\/pwb-brand?post=14733"},{"taxonomy":"product_brand","embeddable":true,"href":"https:\/\/fvcomponentes.com\/fr\/wp-json\/wp\/v2\/product_brand?post=14733"},{"taxonomy":"product_cat","embeddable":true,"href":"https:\/\/fvcomponentes.com\/fr\/wp-json\/wp\/v2\/product_cat?post=14733"},{"taxonomy":"product_tag","embeddable":true,"href":"https:\/\/fvcomponentes.com\/fr\/wp-json\/wp\/v2\/product_tag?post=14733"}],"curies":[{"name":"wp","href":"https:\/\/api.w.org\/{rel}","templated":true}]}}