{"id":14033,"date":"2024-05-14T18:19:26","date_gmt":"2024-05-14T16:19:26","guid":{"rendered":"https:\/\/fvcomponentes.com\/?post_type=product&#038;p=14033"},"modified":"2025-03-25T12:04:36","modified_gmt":"2025-03-25T11:04:36","slug":"frigo-camper-12v-vitrifrigo-c42l-black-door-f12230800s","status":"publish","type":"product","link":"https:\/\/fvcomponentes.com\/fr\/producto\/nevera-camper-12v-vitrifrigo-c42l-puerta-negra-f12230800s\/","title":{"rendered":"12V Vitrifrigo C42L R\u00e9frig\u00e9rateur de camping \u00e0 porte noire - F12230800S"},"content":{"rendered":"<h2>12V Vitrifrigo C42L R\u00e9frig\u00e9rateur de camping \u00e0 porte noire - F12230800S<\/h2>\n<p>R\u00e9frig\u00e9rateur 12V Vitrifrigo C42L \u00e0 porte noire pour camping-car - F12230800S avec syst\u00e8me de verrouillage Airlock et porte noire avec finition mate, parfait pour une installation dans les fourgonnettes, les caravanes ou les bateaux de plaisance.<\/p>\n<p>Cette s\u00e9rie de r\u00e9frig\u00e9rateurs offre une gamme compl\u00e8te couvrant tous les besoins en termes d'espace et de capacit\u00e9. Ergonomiques, silencieux, intuitifs et s\u00fbrs, les r\u00e9frig\u00e9rateurs Vitrifrigo sont en mesure de garantir un maximum de confort \u00e0 bord. Les \u00e9quipements de la s\u00e9rie \"r\u00e9frig\u00e9rateur-cong\u00e9lateur et cong\u00e9lateur\" ont constitu\u00e9 au fil des ans un \u00e9l\u00e9ment fondamental de nombreux bateaux et caravanes.<\/p>\n<p>Ce r\u00e9frig\u00e9rateur avec compresseur externe offre un grand avantage par rapport aux autres mod\u00e8les, car il permet de monter le compresseur jusqu'\u00e0 1,5 m\u00e8tre de distance du r\u00e9frig\u00e9rateur lui-m\u00eame, sans qu'il soit n\u00e9cessaire de manipuler les tubes de r\u00e9frig\u00e9ration. Les dimensions du r\u00e9frig\u00e9rateur sont donc plus serr\u00e9es et plus compactes, ce qui permet la construction d'armoires plus \u00e9troites et plus \u00e9pur\u00e9es pour l'int\u00e9rieur des cabines, laissant des all\u00e9es plus larges et plus confortables.<\/p>\n<p>Les glaci\u00e8res Vitrifrigo sont con\u00e7ues pour la navigation de plaisance, o\u00f9 la stabilit\u00e9 peut souvent \u00eatre compromise. Elles permettent des positions inclin\u00e9es et des mouvements, aussi difficiles soient-ils, et sont donc id\u00e9ales pour les caravanes, les camping-cars, les v\u00e9hicules tout-terrain 4\u00d74, les v\u00e9hicules tout-terrain ou les bateaux, en obtenant toujours des performances optimales et une consommation minimale, dans les conditions de travail les plus difficiles.<\/p>\n<h2>Faible consommation, haute s\u00e9curit\u00e9<\/h2>\n<p>Les r\u00e9frig\u00e9rateurs Vitrifrigo sont \u00e9quip\u00e9s d'un \u00e9clairage int\u00e9rieur LED \u00e0 haute intensit\u00e9, qui permet une vision compl\u00e8te du r\u00e9frig\u00e9rateur tout en minimisant la consommation d'\u00e9nergie.<\/p>\n<p>Tous les r\u00e9frig\u00e9rateurs Vitrifrigo sont dot\u00e9s d'une fonction de protection intelligente de la batterie, qui s'\u00e9teint lorsque la tension de la batterie atteint un faible niveau afin d'\u00e9viter une d\u00e9charge excessive. Ils red\u00e9marrent automatiquement lorsque la tension remonte, par exemple lorsqu'une source de charge est appliqu\u00e9e.<\/p>\n<p>Le refroidissement est contr\u00f4l\u00e9 par un thermostat m\u00e9canique et le compresseur a une faible consommation d'\u00e9nergie de seulement 31 W (environ 2,58 A pour un syst\u00e8me de 12 V).<\/p>\n<h2>R\u00e9frig\u00e9rateur de camping 12V Vitrifrigo C42L \u00e0 porte noire - F12230800S, syst\u00e8me Airlock<\/h2>\n<p>Le nouveau syst\u00e8me de fermeture \"intelligent\" Airlock offre 4 solutions compl\u00e8tes et innovantes :<\/p>\n<ul>\n<li>Verrouillage positif de la porte pour \u00e9viter toute ouverture intempestive.<\/li>\n<li>Profil\u00e9 de fixation unique (en option), tant pour la version enti\u00e8rement encastr\u00e9e (porte int\u00e9rieure) que pour la version partiellement encastr\u00e9e (porte ext\u00e9rieure).<\/li>\n<li>R\u00e9versibilit\u00e9 rapide de la porte : gr\u00e2ce \u00e0 la conception pr\u00e9cise de tous les \u00e9l\u00e9ments du syst\u00e8me, il faut tr\u00e8s peu de temps pour changer l'orientation de l'ouverture de la porte.<\/li>\n<li>Syst\u00e8me int\u00e9gr\u00e9 \"vent position\" pour maintenir la porte du r\u00e9frig\u00e9rateur entrouverte, \u00e9vitant ainsi la formation de moisissures et l'accumulation d'odeurs d\u00e9sagr\u00e9ables pendant les p\u00e9riodes d'inactivit\u00e9.<\/li>\n<\/ul>\n<h2>R\u00e9frig\u00e9rateur de camping 12V Vitrifrigo C42L \u00e0 porte noire 12V Vitrifrigo C42L \u00e0 porte noire manuel - F12230800S<\/h2>\n<p><a href=\"https:\/\/fvcomponentes.com\/wp-content\/uploads\/2024\/07\/Manual-nevera-camper-Vitrifrigo.pdf\" target=\"_blank\" rel=\"noopener\">Voir le manuel du r\u00e9frig\u00e9rateur de camping 12V Vitrifrigo C42L Black door 12V - F12230800S<\/a><\/p>","protected":false},"excerpt":{"rendered":"<ul>\n<li><strong>L'alimentation :<\/strong> 12\/24Vdc<\/li>\n<li><strong>Capacit\u00e9 totale :<\/strong> 42 l<\/li>\n<li><strong>Capacit\u00e9 du cong\u00e9lateur :<\/strong> 3,6 l<\/li>\n<li><strong>Consommation nominale :<\/strong> 31 W<\/li>\n<li>Unit\u00e9 de refroidissement externe<\/li>\n<li>Porte r\u00e9versible<\/li>\n<li>compresseur secop bd35f<\/li>\n<\/ul>","protected":false},"featured_media":14030,"comment_status":"closed","ping_status":"closed","template":"","meta":{"site-sidebar-layout":"default","site-content-layout":"","ast-site-content-layout":"default","site-content-style":"default","site-sidebar-style":"default","ast-global-header-display":"","ast-banner-title-visibility":"","ast-main-header-display":"","ast-hfb-above-header-display":"","ast-hfb-below-header-display":"","ast-hfb-mobile-header-display":"","site-post-title":"","ast-breadcrumbs-content":"","ast-featured-img":"","footer-sml-layout":"","ast-disable-related-posts":"","theme-transparent-header-meta":"default","adv-header-id-meta":"","stick-header-meta":"","header-above-stick-meta":"","header-main-stick-meta":"","header-below-stick-meta":"","astra-migrate-meta-layouts":"set","ast-page-background-enabled":"default","ast-page-background-meta":{"desktop":{"background-color":"var(--ast-global-color-4)","background-image":"","background-repeat":"repeat","background-position":"center center","background-size":"auto","background-attachment":"scroll","background-type":"","background-media":"","overlay-type":"","overlay-color":"","overlay-opacity":"","overlay-gradient":""},"tablet":{"background-color":"","background-image":"","background-repeat":"repeat","background-position":"center center","background-size":"auto","background-attachment":"scroll","background-type":"","background-media":"","overlay-type":"","overlay-color":"","overlay-opacity":"","overlay-gradient":""},"mobile":{"background-color":"","background-image":"","background-repeat":"repeat","background-position":"center center","background-size":"auto","background-attachment":"scroll","background-type":"","background-media":"","overlay-type":"","overlay-color":"","overlay-opacity":"","overlay-gradient":""}},"ast-content-background-meta":{"desktop":{"background-color":"var(--ast-global-color-5)","background-image":"","background-repeat":"repeat","background-position":"center center","background-size":"auto","background-attachment":"scroll","background-type":"","background-media":"","overlay-type":"","overlay-color":"","overlay-opacity":"","overlay-gradient":""},"tablet":{"background-color":"var(--ast-global-color-5)","background-image":"","background-repeat":"repeat","background-position":"center center","background-size":"auto","background-attachment":"scroll","background-type":"","background-media":"","overlay-type":"","overlay-color":"","overlay-opacity":"","overlay-gradient":""},"mobile":{"background-color":"var(--ast-global-color-5)","background-image":"","background-repeat":"repeat","background-position":"center center","background-size":"auto","background-attachment":"scroll","background-type":"","background-media":"","overlay-type":"","overlay-color":"","overlay-opacity":"","overlay-gradient":""}}},"pwb-brand":[927],"product_brand":[],"product_cat":[912],"product_tag":[],"class_list":{"0":"post-14033","1":"product","2":"type-product","3":"status-publish","4":"has-post-thumbnail","6":"pwb-brand-vitrifrigo","7":"product_cat-neveras-camper","8":"desktop-align-left","9":"tablet-align-left","10":"mobile-align-left","11":"ast-product-gallery-layout-horizontal-slider","12":"ast-product-tabs-layout-horizontal","14":"first","15":"instock","16":"taxable","17":"shipping-taxable","18":"purchasable","19":"product-type-simple"},"wcpa_form_fields":null,"brands":[{"id":927,"name":"R\u00e9frig\u00e9rateurs Vitrifrigo","slug":"vitrifrigo"}],"_links":{"self":[{"href":"https:\/\/fvcomponentes.com\/fr\/wp-json\/wp\/v2\/product\/14033","targetHints":{"allow":["GET"]}}],"collection":[{"href":"https:\/\/fvcomponentes.com\/fr\/wp-json\/wp\/v2\/product"}],"about":[{"href":"https:\/\/fvcomponentes.com\/fr\/wp-json\/wp\/v2\/types\/product"}],"replies":[{"embeddable":true,"href":"https:\/\/fvcomponentes.com\/fr\/wp-json\/wp\/v2\/comments?post=14033"}],"wp:featuredmedia":[{"embeddable":true,"href":"https:\/\/fvcomponentes.com\/fr\/wp-json\/wp\/v2\/media\/14030"}],"wp:attachment":[{"href":"https:\/\/fvcomponentes.com\/fr\/wp-json\/wp\/v2\/media?parent=14033"}],"wp:term":[{"taxonomy":"pwb-brand","embeddable":true,"href":"https:\/\/fvcomponentes.com\/fr\/wp-json\/wp\/v2\/pwb-brand?post=14033"},{"taxonomy":"product_brand","embeddable":true,"href":"https:\/\/fvcomponentes.com\/fr\/wp-json\/wp\/v2\/product_brand?post=14033"},{"taxonomy":"product_cat","embeddable":true,"href":"https:\/\/fvcomponentes.com\/fr\/wp-json\/wp\/v2\/product_cat?post=14033"},{"taxonomy":"product_tag","embeddable":true,"href":"https:\/\/fvcomponentes.com\/fr\/wp-json\/wp\/v2\/product_tag?post=14033"}],"curies":[{"name":"wp","href":"https:\/\/api.w.org\/{rel}","templated":true}]}}