{"id":13967,"date":"2024-05-13T09:09:44","date_gmt":"2024-05-13T07:09:44","guid":{"rendered":"https:\/\/fvcomponentes.com\/?post_type=product&#038;p=13967"},"modified":"2026-04-10T18:25:11","modified_gmt":"2026-04-10T16:25:11","slug":"optimiser-huawei-1300w-p-long-cable-02314aqb","status":"publish","type":"product","link":"https:\/\/fvcomponentes.com\/fr\/producto\/optimizador-huawei-1300w-p-cable-largo-02314aqb\/","title":{"rendered":"Huawei Optimiser 1300W P Long Cable - 02314AQB"},"content":{"rendered":"<h2>Huawei Optimiser 1300W P Long Cable - 02314AQB<\/h2>\n<div id=\"product-details-information-tab-1\" class=\"product-details-information-tab-content-panel active\" role=\"tabpanel\" data-action=\"pushable\" data-id=\"product-details-information-1\" data-pusher=\"sc-pushable-xs\">\n<div class=\"baywa-details-description\">Huawei Optimiser 1300W P Long Cable - 02314AQB pour le montage sur cadre de modules PV jusqu'\u00e0 650W. Le Smart PV Optimiser est un convertisseur DC-DC qui est install\u00e9 \u00e0 l'arri\u00e8re des panneaux solaires d'un syst\u00e8me PV. Il g\u00e8re le point de puissance maximale (MPP) de chaque module afin d'am\u00e9liorer le rendement \u00e9nerg\u00e9tique du syst\u00e8me. Il est \u00e9galement responsable de fonctions telles que l'arr\u00eat et la gestion au niveau du module. Les optimiseurs peuvent isoler le fonctionnement d'un panneau qui est affect\u00e9 par les ombres ou qui a une orientation diff\u00e9rente du reste de la ligne de panneaux de l'installation.<\/div>\n<\/div>\n<h2>Huawei 1300W P Optimizer Compatibility Long Cable - 02314AQB<\/h2>\n<p>Ces mod\u00e8les d'optimiseurs Huawei sont compatibles avec les onduleurs triphas\u00e9s M2, M3 et M5. Avec un temps d'appairage inf\u00e9rieur \u00e0 1,5 minute, nous aurons la performance maximale que les panneaux peuvent produire. Un syst\u00e8me peut \u00eatre con\u00e7u en installant des optimiseurs pour chacun des panneaux de la s\u00e9rie. Les restrictions d\u00e9pendent de l'onduleur sur lequel ils doivent \u00eatre install\u00e9s.<\/p>\n<h2>Caract\u00e9ristiques du Huawei 1300W P Optimizer Long Cable - 02314AQB<\/h2>\n<p>Le Huawei 1300W P Optimizer Long Cable - 02314AQB b\u00e9n\u00e9ficie d'une protection IP68 et est pr\u00eat \u00e0 \u00eatre install\u00e9 juste en dessous du panneau solaire auquel il est connect\u00e9.<br \/>\n<span style=\"font-size: 16px;\">La longueur du c\u00e2ble d'alimentation livr\u00e9 avec l'optimiseur est de 1500 mm.<br \/>\nConvient \u00e0 tous les types de panneaux jusqu'\u00e0 650 W.<br \/>\nDeux modules par optimiseur.\u00a0<\/span><\/p>\n<h2 role=\"tabpanel\" data-action=\"pushable\" data-id=\"product-details-information-2\" data-pusher=\"sc-pushable-xs\">Fiche technique de l'optimiseur de c\u00e2bles longs Huawei 1300W P - 02314AQB<\/h2>\n<p><a href=\"https:\/\/fvcomponentes.com\/wp-content\/uploads\/2024\/05\/Huawei_TDS_Optimizer_MERC-1100-1300W_V2_EN.pdf\" target=\"_blank\" rel=\"noopener\">Voir la fiche technique Huawei Optimiser 1300W P Long Cable - 02314AQB<\/a><\/p>","protected":false},"excerpt":{"rendered":"<p><strong>Puissance d'entr\u00e9e nominale <\/strong>1300 W<br \/>\n<strong>Tension d'entr\u00e9e maximale absolue<\/strong> 125 V<br \/>\n<strong>Efficacit\u00e9 moyenne<\/strong> 99.0 %<br \/>\n<strong>Tension de sortie maximale<\/strong> 80 V<br \/>\n<strong>Courant de sortie maximal<\/strong> 22 A<br \/>\n<strong>Connecteur de sortie<\/strong> 1.5m<\/p>","protected":false},"featured_media":13961,"comment_status":"closed","ping_status":"closed","template":"","meta":{"site-sidebar-layout":"default","site-content-layout":"","ast-site-content-layout":"default","site-content-style":"default","site-sidebar-style":"default","ast-global-header-display":"","ast-banner-title-visibility":"","ast-main-header-display":"","ast-hfb-above-header-display":"","ast-hfb-below-header-display":"","ast-hfb-mobile-header-display":"","site-post-title":"","ast-breadcrumbs-content":"","ast-featured-img":"","footer-sml-layout":"","ast-disable-related-posts":"","theme-transparent-header-meta":"default","adv-header-id-meta":"","stick-header-meta":"","header-above-stick-meta":"","header-main-stick-meta":"","header-below-stick-meta":"","astra-migrate-meta-layouts":"set","ast-page-background-enabled":"default","ast-page-background-meta":{"desktop":{"background-color":"var(--ast-global-color-4)","background-image":"","background-repeat":"repeat","background-position":"center center","background-size":"auto","background-attachment":"scroll","background-type":"","background-media":"","overlay-type":"","overlay-color":"","overlay-opacity":"","overlay-gradient":""},"tablet":{"background-color":"","background-image":"","background-repeat":"repeat","background-position":"center center","background-size":"auto","background-attachment":"scroll","background-type":"","background-media":"","overlay-type":"","overlay-color":"","overlay-opacity":"","overlay-gradient":""},"mobile":{"background-color":"","background-image":"","background-repeat":"repeat","background-position":"center center","background-size":"auto","background-attachment":"scroll","background-type":"","background-media":"","overlay-type":"","overlay-color":"","overlay-opacity":"","overlay-gradient":""}},"ast-content-background-meta":{"desktop":{"background-color":"var(--ast-global-color-5)","background-image":"","background-repeat":"repeat","background-position":"center center","background-size":"auto","background-attachment":"scroll","background-type":"","background-media":"","overlay-type":"","overlay-color":"","overlay-opacity":"","overlay-gradient":""},"tablet":{"background-color":"var(--ast-global-color-5)","background-image":"","background-repeat":"repeat","background-position":"center center","background-size":"auto","background-attachment":"scroll","background-type":"","background-media":"","overlay-type":"","overlay-color":"","overlay-opacity":"","overlay-gradient":""},"mobile":{"background-color":"var(--ast-global-color-5)","background-image":"","background-repeat":"repeat","background-position":"center center","background-size":"auto","background-attachment":"scroll","background-type":"","background-media":"","overlay-type":"","overlay-color":"","overlay-opacity":"","overlay-gradient":""}}},"pwb-brand":[381],"product_brand":[],"product_cat":[458,395],"product_tag":[],"class_list":{"0":"post-13967","1":"product","2":"type-product","3":"status-publish","4":"has-post-thumbnail","6":"pwb-brand-huawei","7":"product_cat-accesorios-placas-solares","8":"product_cat-placas-solares","9":"desktop-align-left","10":"tablet-align-left","11":"mobile-align-left","12":"ast-product-gallery-layout-horizontal-slider","13":"ast-product-tabs-layout-horizontal","15":"first","16":"instock","17":"taxable","18":"shipping-taxable","19":"purchasable","20":"product-type-simple"},"wcpa_form_fields":null,"brands":[{"id":381,"name":"Onduleurs Huawei","slug":"huawei"}],"_links":{"self":[{"href":"https:\/\/fvcomponentes.com\/fr\/wp-json\/wp\/v2\/product\/13967","targetHints":{"allow":["GET"]}}],"collection":[{"href":"https:\/\/fvcomponentes.com\/fr\/wp-json\/wp\/v2\/product"}],"about":[{"href":"https:\/\/fvcomponentes.com\/fr\/wp-json\/wp\/v2\/types\/product"}],"replies":[{"embeddable":true,"href":"https:\/\/fvcomponentes.com\/fr\/wp-json\/wp\/v2\/comments?post=13967"}],"wp:featuredmedia":[{"embeddable":true,"href":"https:\/\/fvcomponentes.com\/fr\/wp-json\/wp\/v2\/media\/13961"}],"wp:attachment":[{"href":"https:\/\/fvcomponentes.com\/fr\/wp-json\/wp\/v2\/media?parent=13967"}],"wp:term":[{"taxonomy":"pwb-brand","embeddable":true,"href":"https:\/\/fvcomponentes.com\/fr\/wp-json\/wp\/v2\/pwb-brand?post=13967"},{"taxonomy":"product_brand","embeddable":true,"href":"https:\/\/fvcomponentes.com\/fr\/wp-json\/wp\/v2\/product_brand?post=13967"},{"taxonomy":"product_cat","embeddable":true,"href":"https:\/\/fvcomponentes.com\/fr\/wp-json\/wp\/v2\/product_cat?post=13967"},{"taxonomy":"product_tag","embeddable":true,"href":"https:\/\/fvcomponentes.com\/fr\/wp-json\/wp\/v2\/product_tag?post=13967"}],"curies":[{"name":"wp","href":"https:\/\/api.w.org\/{rel}","templated":true}]}}