{"id":13907,"date":"2024-05-13T08:27:14","date_gmt":"2024-05-13T06:27:14","guid":{"rendered":"https:\/\/fvcomponentes.com\/?post_type=product&#038;p=13907"},"modified":"2026-01-19T11:55:11","modified_gmt":"2026-01-19T10:55:11","slug":"optimiseur-huawei-450w-p2-02313tte-004","status":"publish","type":"product","link":"https:\/\/fvcomponentes.com\/fr\/producto\/optimizador-huawei-450w-p2-02313tte-004-2\/","title":{"rendered":"Optimiseur P2 Huawei 450W - 02313TTE-004"},"content":{"rendered":"<h2>Optimiseur P2 Huawei 450W - 02313TTE-004<\/h2>\n<div id=\"product-details-information-tab-1\" class=\"product-details-information-tab-content-panel active\" role=\"tabpanel\" data-action=\"pushable\" data-id=\"product-details-information-1\" data-pusher=\"sc-pushable-xs\">\n<div class=\"baywa-details-description\">Huawei 450W P2 Optimiser - 02313TTE-004 pour le montage sur cadre du module PV jusqu'\u00e0 450W. L'optimiseur Smart PV est un convertisseur DC-DC qui est install\u00e9 \u00e0 l'arri\u00e8re des panneaux solaires d'un syst\u00e8me photovolta\u00efque. Il g\u00e8re le point de puissance maximale (MPP) de chaque module afin d'am\u00e9liorer le rendement \u00e9nerg\u00e9tique du syst\u00e8me. Il est \u00e9galement responsable de fonctions telles que l'arr\u00eat et la gestion au niveau du module. Les optimiseurs peuvent isoler le fonctionnement d'un panneau qui est affect\u00e9 par des ombres ou qui a une orientation diff\u00e9rente du reste de la ligne de panneaux de l'installation.<\/div>\n<\/div>\n<h2>Compatibilit\u00e9 avec l'optimiseur P2 Huawei 450W - 02313TTE-004<\/h2>\n<p>Ces mod\u00e8les d'optimiseurs Huawei sont compatibles avec les onduleurs monophas\u00e9s L1 et les onduleurs triphas\u00e9s M1, M2 et M3. Avec un temps d'appairage inf\u00e9rieur \u00e0 1,5 minute, nous aurons le rendement maximum que les panneaux peuvent produire. Un syst\u00e8me peut \u00eatre con\u00e7u en installant des optimiseurs pour chacun des panneaux de la s\u00e9rie. Les restrictions d\u00e9pendent de l'onduleur sur lequel ils doivent \u00eatre install\u00e9s.<\/p>\n<h2>Caract\u00e9ristiques du Huawei 450W P2 Optimiser - 02313TTE-004<\/h2>\n<p>Le Huawei Optimiser 450W P2 - 02313TTE-004 b\u00e9n\u00e9ficie d'une protection IP68 et est pr\u00eat \u00e0 \u00eatre install\u00e9 juste en dessous du panneau solaire auquel il est connect\u00e9.<br \/>\n<span style=\"font-size: 16px;\">La longueur du c\u00e2ble d'alimentation fourni avec l'optimiseur est de 150 mm.<br \/>\nConvient \u00e0 tous les types de panneaux jusqu'\u00e0 450W<br \/>\n<\/span><\/p>\n<h2 role=\"tabpanel\" data-action=\"pushable\" data-id=\"product-details-information-2\" data-pusher=\"sc-pushable-xs\">Fiche technique Huawei 450W P2 Optimiser - 02313TTE-004<\/h2>\n<p><a href=\"https:\/\/fvcomponentes.com\/wp-content\/uploads\/2024\/05\/Optimizador-Huawei-450W-P2-02313TTE-004.pdf\" target=\"_blank\" rel=\"noopener\">Voir la fiche technique du Huawei 450W P2 Optimiser - 02313TTE-004<\/a><\/p>","protected":false},"excerpt":{"rendered":"<p><strong>Puissance d'entr\u00e9e nominale<\/strong> 450 W<br \/>\n<strong>Tension d'entr\u00e9e maximale absolue<\/strong> 80 V<br \/>\n<strong>Efficacit\u00e9 moyenne<\/strong> 99.0 %<br \/>\n<strong>Tension de sortie maximale<\/strong> 80 V<br \/>\n<strong>Courant de sortie maximal<\/strong> 15 A<br \/>\n<strong>Connecteur de sortie<\/strong> 0.15m<\/p>","protected":false},"featured_media":13957,"comment_status":"closed","ping_status":"closed","template":"","meta":{"site-sidebar-layout":"default","site-content-layout":"","ast-site-content-layout":"default","site-content-style":"default","site-sidebar-style":"default","ast-global-header-display":"","ast-banner-title-visibility":"","ast-main-header-display":"","ast-hfb-above-header-display":"","ast-hfb-below-header-display":"","ast-hfb-mobile-header-display":"","site-post-title":"","ast-breadcrumbs-content":"","ast-featured-img":"","footer-sml-layout":"","ast-disable-related-posts":"","theme-transparent-header-meta":"default","adv-header-id-meta":"","stick-header-meta":"","header-above-stick-meta":"","header-main-stick-meta":"","header-below-stick-meta":"","astra-migrate-meta-layouts":"set","ast-page-background-enabled":"default","ast-page-background-meta":{"desktop":{"background-color":"var(--ast-global-color-4)","background-image":"","background-repeat":"repeat","background-position":"center center","background-size":"auto","background-attachment":"scroll","background-type":"","background-media":"","overlay-type":"","overlay-color":"","overlay-opacity":"","overlay-gradient":""},"tablet":{"background-color":"","background-image":"","background-repeat":"repeat","background-position":"center center","background-size":"auto","background-attachment":"scroll","background-type":"","background-media":"","overlay-type":"","overlay-color":"","overlay-opacity":"","overlay-gradient":""},"mobile":{"background-color":"","background-image":"","background-repeat":"repeat","background-position":"center center","background-size":"auto","background-attachment":"scroll","background-type":"","background-media":"","overlay-type":"","overlay-color":"","overlay-opacity":"","overlay-gradient":""}},"ast-content-background-meta":{"desktop":{"background-color":"var(--ast-global-color-5)","background-image":"","background-repeat":"repeat","background-position":"center center","background-size":"auto","background-attachment":"scroll","background-type":"","background-media":"","overlay-type":"","overlay-color":"","overlay-opacity":"","overlay-gradient":""},"tablet":{"background-color":"var(--ast-global-color-5)","background-image":"","background-repeat":"repeat","background-position":"center center","background-size":"auto","background-attachment":"scroll","background-type":"","background-media":"","overlay-type":"","overlay-color":"","overlay-opacity":"","overlay-gradient":""},"mobile":{"background-color":"var(--ast-global-color-5)","background-image":"","background-repeat":"repeat","background-position":"center center","background-size":"auto","background-attachment":"scroll","background-type":"","background-media":"","overlay-type":"","overlay-color":"","overlay-opacity":"","overlay-gradient":""}}},"pwb-brand":[381],"product_brand":[],"product_cat":[458,395],"product_tag":[],"class_list":{"0":"post-13907","1":"product","2":"type-product","3":"status-publish","4":"has-post-thumbnail","6":"pwb-brand-huawei","7":"product_cat-accesorios-placas-solares","8":"product_cat-placas-solares","9":"desktop-align-left","10":"tablet-align-left","11":"mobile-align-left","12":"ast-product-gallery-layout-horizontal-slider","13":"ast-product-gallery-with-no-image","14":"ast-product-tabs-layout-horizontal","16":"first","17":"instock","18":"taxable","19":"shipping-taxable","20":"purchasable","21":"product-type-simple"},"wcpa_form_fields":null,"brands":[{"id":381,"name":"Onduleurs Huawei","slug":"huawei"}],"_links":{"self":[{"href":"https:\/\/fvcomponentes.com\/fr\/wp-json\/wp\/v2\/product\/13907","targetHints":{"allow":["GET"]}}],"collection":[{"href":"https:\/\/fvcomponentes.com\/fr\/wp-json\/wp\/v2\/product"}],"about":[{"href":"https:\/\/fvcomponentes.com\/fr\/wp-json\/wp\/v2\/types\/product"}],"replies":[{"embeddable":true,"href":"https:\/\/fvcomponentes.com\/fr\/wp-json\/wp\/v2\/comments?post=13907"}],"wp:featuredmedia":[{"embeddable":true,"href":"https:\/\/fvcomponentes.com\/fr\/wp-json\/wp\/v2\/media\/13957"}],"wp:attachment":[{"href":"https:\/\/fvcomponentes.com\/fr\/wp-json\/wp\/v2\/media?parent=13907"}],"wp:term":[{"taxonomy":"pwb-brand","embeddable":true,"href":"https:\/\/fvcomponentes.com\/fr\/wp-json\/wp\/v2\/pwb-brand?post=13907"},{"taxonomy":"product_brand","embeddable":true,"href":"https:\/\/fvcomponentes.com\/fr\/wp-json\/wp\/v2\/product_brand?post=13907"},{"taxonomy":"product_cat","embeddable":true,"href":"https:\/\/fvcomponentes.com\/fr\/wp-json\/wp\/v2\/product_cat?post=13907"},{"taxonomy":"product_tag","embeddable":true,"href":"https:\/\/fvcomponentes.com\/fr\/wp-json\/wp\/v2\/product_tag?post=13907"}],"curies":[{"name":"wp","href":"https:\/\/api.w.org\/{rel}","templated":true}]}}