{"id":13841,"date":"2024-05-09T16:42:22","date_gmt":"2024-05-09T14:42:22","guid":{"rendered":"https:\/\/fvcomponentes.com\/?post_type=product&#038;p=13841"},"modified":"2026-03-30T12:17:18","modified_gmt":"2026-03-30T10:17:18","slug":"assistant-de-gestion-de-lenergie-huawei-emma-a02-assistant-de-gestion-de-lenergie-huawei-emma-a02-02314jes-001","status":"publish","type":"product","link":"https:\/\/fvcomponentes.com\/fr\/producto\/asistente-de-gestion-de-energia-emma-a02-de-huawei-02314jes-001\/","title":{"rendered":"Assistant de gestion de l'\u00e9nergie Huawei EMMA A02 - 02314JES-001"},"content":{"rendered":"<h2>Assistant de gestion de l'\u00e9nergie Huawei EMMA A02 - 02314JES-001<\/h2>\n<p>L'assistant de gestion de l'\u00e9nergie Huawei EMMA A02 - 02314JES-001 est le nouvel assistant de gestion de l'\u00e9nergie de Huawei. Il est le compl\u00e9ment id\u00e9al d'une maison intelligente et efficace. Il s'int\u00e8gre au syst\u00e8me photovolta\u00efque ainsi qu'aux solutions de stockage ou aux syst\u00e8mes domotiques.<\/p>\n<p>L'assistant de gestion de l'\u00e9nergie avec IA (EMMA) offre des fonctions intelligentes de planification et de gestion de l'\u00e9nergie. Gr\u00e2ce \u00e0 l'analyse des big data bas\u00e9e sur l'intelligence artificielle, EMMA peut pr\u00e9voir avec pr\u00e9cision la demande \u00e9nerg\u00e9tique des m\u00e9nages et distribuer, stocker et restituer intelligemment l'\u00e9nergie exc\u00e9dentaire afin d'optimiser les performances du syst\u00e8me, d'augmenter l'autoconsommation et de maximiser les avantages financiers.<\/p>\n<p>Emma lit la production et la consommation d'\u00e9nergie en temps r\u00e9el tout en communiquant avec vos appareils et votre installation photovolta\u00efque pour une gestion intelligente de l'\u00e9nergie. Le syst\u00e8me de gestion de l'\u00e9nergie soutenu par l'IA peut \u00e9galement \u00eatre utilis\u00e9 pour le contr\u00f4le intelligent des radiateurs et des pompes \u00e0 chaleur.<\/p>\n<h2>Une solution \u00e9nerg\u00e9tique optimis\u00e9e<\/h2>\n<p>Vous pouvez configurer la consommation et les exc\u00e9dents afin qu'EMMA puisse g\u00e9rer cette \u00e9nergie et activer ou d\u00e9sactiver le stockage en batterie sur la base d'algorithmes qui calculent les prix de l'\u00e9lectricit\u00e9 en temps r\u00e9el, en fonction des param\u00e8tres introduits.<\/p>\n<p>En stockant l'\u00e9nergie exc\u00e9dentaire dans vos batteries pour la restituer en cas de besoin, vous disposez d'une alimentation de secours et \u00e9vitez la perte d'\u00e9nergie solaire. Vous pouvez am\u00e9liorer les performances de l'installation jusqu'\u00e0 6%,<\/p>\n<h2>Acc\u00e8s \u00e0 la domotique et aux appareils m\u00e9nagers<\/h2>\n<p>EMMA peut \u00eatre connect\u00e9 \u00e0 une large gamme d'appareils m\u00e9nagers et peut \u00eatre configur\u00e9 pour fonctionner \u00e0 des heures sp\u00e9cifiques via l'application FusionSolar afin de maximiser le taux de consommation d'\u00e9nergie verte, que ce soit en mode tarifaire \u00e0 l'heure du jour (TOU) ou en mode photovolta\u00efque (PV).<\/p>\n<p>La consommation d'\u00e9nergie des appareils contr\u00f4l\u00e9s par des prises intelligentes peut \u00eatre surveill\u00e9e \u00e0 l'aide de votre t\u00e9l\u00e9phone portable via EMMA et vous pouvez acc\u00e9der aux donn\u00e9es de tous les appareils connect\u00e9s. Gr\u00e2ce \u00e0 EMMA, le sc\u00e9nario \u00e9nerg\u00e9tique de votre maison ne restera pas dans votre esprit, mais dans l'application FusionSolar.<\/p>\n<h2>Gestion compl\u00e8te : suivi en temps r\u00e9el<\/h2>\n<p>L'application FusionSolar montre tous les flux d'\u00e9nergie au niveau du module. Que les panneaux soient sur le toit ou que le stockage et la consommation d'\u00e9nergie soient au sous-sol, tout est g\u00e9r\u00e9 par l'application compl\u00e8te Fusionsolar. Vous pouvez surveiller et r\u00e9guler l'\u00e9tat de fonctionnement de l'installation photovolta\u00efque \u00e0 tout moment et en tout lieu.<\/p>\n<p>Si la production solaire est suffisante, vous pouvez donner la priorit\u00e9 de chargement \u00e0 certains appareils actifs, tels que la pompe \u00e0 chaleur SG-ready ou le chargeur intelligent. En cas de surcharge, EMMA \u00e9teindra les appareils les moins exigeants et assurera une alimentation \u00e9lectrique domestique stable.<\/p>\n<h2>Compatibilit\u00e9 avec l'assistant de gestion de l'\u00e9nergie Huawei EMMA A02 - 02314JES-001<\/h2>\n<ul>\n<li><strong>Composants compatibles :<\/strong> jusqu'\u00e0 3 onduleurs, jusqu'\u00e0 2 chargeurs intelligents, jusqu'\u00e0 2 pompes \u00e0 chaleur<\/li>\n<li><strong>Onduleurs compatibles :<\/strong> Huawei SUN2000 2-6KTL-L1, 8-10K-LC0, 3-10KTL-M1, 12-25KTL-M5, 12-25K-MB0<\/li>\n<li><strong>Accessoires compatibles :<\/strong> Huawei Smart Charger, pompes \u00e0 chaleur \u00e0 interface SG-Ready, Shelly Device<\/li>\n<\/ul>\n<h2>Fiche technique de l'assistant de gestion de l'\u00e9nergie Huawei EMMA A02 - 02314JES-001<\/h2>\n<p><a href=\"https:\/\/fvcomponentes.com\/wp-content\/uploads\/2024\/05\/Asistente-de-gestion-de-energia-EMMA-A02-de-Huawei-02314JES-001.pdf\" target=\"_blank\" rel=\"noopener\">Voir la fiche technique de l'assistant de gestion de l'\u00e9nergie Huawei EMMA A02 - 02314JES-001<\/a><\/p>","protected":false},"excerpt":{"rendered":"<p>Assistant de gestion de l'\u00e9nergie bas\u00e9 sur le big data et l'intelligence artificielle.<\/p>\n<ul>\n<li><strong>Composants compatibles :<\/strong> jusqu'\u00e0 3 onduleurs, jusqu'\u00e0 2 chargeurs intelligents, jusqu'\u00e0 2 pompes \u00e0 chaleur<\/li>\n<li><strong>Onduleurs compatibles :<\/strong> Huawei SUN2000 2-6KTL-L1, 8-10K-LC0, 3-10KTL-M1, 12-25KTL-M5, 12-25K-MB0<\/li>\n<li><strong>Accessoires compatibles<\/strong>Huawei Smart Charger, pompes \u00e0 chaleur \u00e0 interface SG-Ready, Shelly Device<\/li>\n<\/ul>","protected":false},"featured_media":13904,"comment_status":"open","ping_status":"closed","template":"","meta":{"site-sidebar-layout":"default","site-content-layout":"","ast-site-content-layout":"default","site-content-style":"default","site-sidebar-style":"default","ast-global-header-display":"","ast-banner-title-visibility":"","ast-main-header-display":"","ast-hfb-above-header-display":"","ast-hfb-below-header-display":"","ast-hfb-mobile-header-display":"","site-post-title":"","ast-breadcrumbs-content":"","ast-featured-img":"","footer-sml-layout":"","ast-disable-related-posts":"","theme-transparent-header-meta":"default","adv-header-id-meta":"","stick-header-meta":"","header-above-stick-meta":"","header-main-stick-meta":"","header-below-stick-meta":"","astra-migrate-meta-layouts":"set","ast-page-background-enabled":"default","ast-page-background-meta":{"desktop":{"background-color":"var(--ast-global-color-4)","background-image":"","background-repeat":"repeat","background-position":"center center","background-size":"auto","background-attachment":"scroll","background-type":"","background-media":"","overlay-type":"","overlay-color":"","overlay-opacity":"","overlay-gradient":""},"tablet":{"background-color":"","background-image":"","background-repeat":"repeat","background-position":"center center","background-size":"auto","background-attachment":"scroll","background-type":"","background-media":"","overlay-type":"","overlay-color":"","overlay-opacity":"","overlay-gradient":""},"mobile":{"background-color":"","background-image":"","background-repeat":"repeat","background-position":"center center","background-size":"auto","background-attachment":"scroll","background-type":"","background-media":"","overlay-type":"","overlay-color":"","overlay-opacity":"","overlay-gradient":""}},"ast-content-background-meta":{"desktop":{"background-color":"var(--ast-global-color-5)","background-image":"","background-repeat":"repeat","background-position":"center center","background-size":"auto","background-attachment":"scroll","background-type":"","background-media":"","overlay-type":"","overlay-color":"","overlay-opacity":"","overlay-gradient":""},"tablet":{"background-color":"var(--ast-global-color-5)","background-image":"","background-repeat":"repeat","background-position":"center center","background-size":"auto","background-attachment":"scroll","background-type":"","background-media":"","overlay-type":"","overlay-color":"","overlay-opacity":"","overlay-gradient":""},"mobile":{"background-color":"var(--ast-global-color-5)","background-image":"","background-repeat":"repeat","background-position":"center center","background-size":"auto","background-attachment":"scroll","background-type":"","background-media":"","overlay-type":"","overlay-color":"","overlay-opacity":"","overlay-gradient":""}}},"pwb-brand":[381],"product_brand":[],"product_cat":[333,351],"product_tag":[],"class_list":{"0":"post-13841","1":"product","2":"type-product","3":"status-publish","4":"has-post-thumbnail","6":"pwb-brand-huawei","7":"product_cat-inversores","8":"product_cat-accesorios","9":"desktop-align-left","10":"tablet-align-left","11":"mobile-align-left","12":"ast-product-gallery-layout-horizontal-slider","13":"ast-product-tabs-layout-horizontal","15":"first","16":"instock","17":"taxable","18":"shipping-taxable","19":"purchasable","20":"product-type-simple"},"wcpa_form_fields":null,"brands":[{"id":381,"name":"Onduleurs Huawei","slug":"huawei"}],"_links":{"self":[{"href":"https:\/\/fvcomponentes.com\/fr\/wp-json\/wp\/v2\/product\/13841","targetHints":{"allow":["GET"]}}],"collection":[{"href":"https:\/\/fvcomponentes.com\/fr\/wp-json\/wp\/v2\/product"}],"about":[{"href":"https:\/\/fvcomponentes.com\/fr\/wp-json\/wp\/v2\/types\/product"}],"replies":[{"embeddable":true,"href":"https:\/\/fvcomponentes.com\/fr\/wp-json\/wp\/v2\/comments?post=13841"}],"wp:featuredmedia":[{"embeddable":true,"href":"https:\/\/fvcomponentes.com\/fr\/wp-json\/wp\/v2\/media\/13904"}],"wp:attachment":[{"href":"https:\/\/fvcomponentes.com\/fr\/wp-json\/wp\/v2\/media?parent=13841"}],"wp:term":[{"taxonomy":"pwb-brand","embeddable":true,"href":"https:\/\/fvcomponentes.com\/fr\/wp-json\/wp\/v2\/pwb-brand?post=13841"},{"taxonomy":"product_brand","embeddable":true,"href":"https:\/\/fvcomponentes.com\/fr\/wp-json\/wp\/v2\/product_brand?post=13841"},{"taxonomy":"product_cat","embeddable":true,"href":"https:\/\/fvcomponentes.com\/fr\/wp-json\/wp\/v2\/product_cat?post=13841"},{"taxonomy":"product_tag","embeddable":true,"href":"https:\/\/fvcomponentes.com\/fr\/wp-json\/wp\/v2\/product_tag?post=13841"}],"curies":[{"name":"wp","href":"https:\/\/api.w.org\/{rel}","templated":true}]}}