{"id":13708,"date":"2024-04-30T08:44:31","date_gmt":"2024-04-30T06:44:31","guid":{"rendered":"https:\/\/fvcomponentes.com\/?post_type=product&#038;p=13708"},"modified":"2026-03-30T12:17:19","modified_gmt":"2026-03-30T10:17:19","slug":"systeme-de-sauvegarde-huawei-smartguard-63-a-s0-01076625-3","status":"publish","type":"product","link":"https:\/\/fvcomponentes.com\/fr\/producto\/sistema-de-backup-huawei-smartguard-63-a-s0-01076625-2\/","title":{"rendered":"Syst\u00e8me de sauvegarde Huawei SmartGuard-63-A-S0 - 01076625"},"content":{"rendered":"<h2>Syst\u00e8me de sauvegarde Huawei SmartGuard-63-A-S0 - 01076625<\/h2>\n<p>Le syst\u00e8me de sauvegarde Huawei SmartGuard-63-A-S0 - 01076625 est le nouveau syst\u00e8me \"Complete Backup\" de Huawei. Contrairement \u00e0 son pr\u00e9d\u00e9cesseur, cet \u00e9quipement prend en charge jusqu'\u00e0 64 A, ce qui permet de connecter l'ensemble de la maison au syst\u00e8me de secours sans avoir \u00e0 faire la distinction entre les charges standard et les charges critiques.<\/p>\n<p>Il est con\u00e7u pour remplacer le tableau \u00e9lectrique de la maison, en offrant suffisamment d'espace pour toutes les protections avec la finition \u00e9l\u00e9gante et sobre qui d\u00e9finit la marque.<\/p>\n<p>En outre, cet \u00e9quipement dispose d'un espace d\u00e9di\u00e9 pour le nouveau Huawei EMMA, qui facilite la connexion de l'\u00e9quipement \u00e0 la \"fusion solaire\" sans avoir besoin d'un dongle. Il peut fonctionner avec deux chargeurs de voiture dans la m\u00eame installation et a la fonction de wattm\u00e8tre avec la possibilit\u00e9 de travailler avec l'injection. En outre, il int\u00e8gre diverses fonctions domotiques telles que le fonctionnement avec des prises intelligentes et le port \"SG ready\" pour fonctionner avec diff\u00e9rents types de pompes \u00e0 chaleur \/ chauffe-eau \u00e9lectriques.<\/p>\n<h2 class=\"idp-ltr-html-sectiontitle\">Caract\u00e9ristiques du syst\u00e8me de sauvegarde Huawei SmartGuard-63-A-S0 - 01076625<\/h2>\n<ul id=\"ES-ES_TOPIC_0000001556251788__ul10180112172510\" class=\"idp-ltr-html-ul\">\n<li id=\"ES-ES_TOPIC_0000001556251788__li134051210112614\" class=\"idp-ltr-html-li\">Le SmartGuard peut basculer entre le mode connect\u00e9 au r\u00e9seau et le mode \u00eelot, ainsi que g\u00e9rer les charges. Sa fonction principale est de faire basculer l'onduleur entre le mode connect\u00e9 au r\u00e9seau et le mode \u00eelot\u00e9. Lorsque le r\u00e9seau est disponible, l'onduleur fonctionne en mode connect\u00e9 au r\u00e9seau, et le r\u00e9seau et l'onduleur assurent l'alimentation des charges de secours et non de secours. En cas de d\u00e9faillance du r\u00e9seau, l'onduleur passe rapidement en mode \u00eelot et alimente s\u00e9par\u00e9ment les charges de secours jusqu'\u00e0 ce que le r\u00e9seau se r\u00e9tablisse.<\/li>\n<li id=\"ES-ES_TOPIC_0000001556251788__li986218662517\" class=\"idp-ltr-html-li\">Le SmartGuard comprend l'EMMA, qui prend en charge les syst\u00e8mes PV, ESS, les chargeurs intelligents et les charges intelligentes. En plus de la planification unifi\u00e9e de l'\u00e9nergie domestique, l'EMMA peut se connecter \u00e0 des charges intelligentes telles que les chargeurs, les pompes \u00e0 chaleur SG Ready et les interrupteurs intelligents. Avec EMMA, il est possible de programmer \u00e0 l'avance un horaire pour charger les v\u00e9hicules et chauffer l'eau \u00e0 l'heure sp\u00e9cifi\u00e9e. En outre, les appareils peuvent \u00eatre prioris\u00e9s pour utiliser l'\u00e9nergie photovolta\u00efque en fonction des besoins afin d'en tirer le meilleur parti.<\/li>\n<\/ul>\n<h2>Modes de fonctionnement<\/h2>\n<ul id=\"ES-ES_REFERENCE_0000001556730680__ul06302573417\" class=\"idp-ltr-html-ul\">\n<li id=\"ES-ES_REFERENCE_0000001556730680__li486610292055\" class=\"idp-ltr-html-li\">Le SmartGuard peut fonctionner en mode secteur ou en mode \u00eelot.<\/li>\n<li id=\"ES-ES_REFERENCE_0000001556730680__li9630135720416\" class=\"idp-ltr-html-li\">Priorit\u00e9 \u00e0 l'alimentation \u00e9lectrique : connect\u00e9 au r\u00e9seau &gt; en mode \u00eelot<\/li>\n<\/ul>\n<p><img fetchpriority=\"high\" decoding=\"async\" class=\"size-full wp-image-13709\" src=\"https:\/\/fvcomponentes.com\/wp-content\/uploads\/2024\/04\/Sistema-de-Backup-Huawei-SmartGuard-63-A-S0-01076625.png\" alt=\"Syst\u00e8me de sauvegarde Huawei SmartGuard-63-A-S0 - 01076625\" width=\"398\" height=\"284\" title=\"\"><\/p>\n<h2>Fiche technique du syst\u00e8me de sauvegarde Huawei SmartGuard-63-A S0 - 01076625<\/h2>\n<p><a href=\"https:\/\/fvcomponentes.com\/wp-content\/uploads\/2024\/04\/Ficha-tecnica-del-Sistema-de-Backup-Huawei-SmartGuard-63-A-S0-01076625.pdf\" target=\"_blank\" rel=\"noopener\">Voir la fiche technique du syst\u00e8me de sauvegarde Huawei SmartGuard-63-A S0 - 01076625<\/a><\/p>","protected":false},"excerpt":{"rendered":"<p class=\"ai-optimize-29\"><strong>Courant de travail maximal :<\/strong> 63A<strong><br \/>\nPoids<\/strong>Poids : 14 kg<br \/>\n<strong>Dimensions :<\/strong>\u00a0485x150x355mm<br \/>\n<strong>Compatibilit\u00e9 :\u00a0<\/strong>Huawei SUN2000-2-6KTL-L1 \/ SUN-8-10-LC0 \/ Smart Charger 7KS-S0 \/ EMMA<\/p>","protected":false},"featured_media":13711,"comment_status":"open","ping_status":"closed","template":"","meta":{"site-sidebar-layout":"default","site-content-layout":"","ast-site-content-layout":"default","site-content-style":"default","site-sidebar-style":"default","ast-global-header-display":"","ast-banner-title-visibility":"","ast-main-header-display":"","ast-hfb-above-header-display":"","ast-hfb-below-header-display":"","ast-hfb-mobile-header-display":"","site-post-title":"","ast-breadcrumbs-content":"","ast-featured-img":"","footer-sml-layout":"","ast-disable-related-posts":"","theme-transparent-header-meta":"default","adv-header-id-meta":"","stick-header-meta":"","header-above-stick-meta":"","header-main-stick-meta":"","header-below-stick-meta":"","astra-migrate-meta-layouts":"set","ast-page-background-enabled":"default","ast-page-background-meta":{"desktop":{"background-color":"var(--ast-global-color-4)","background-image":"","background-repeat":"repeat","background-position":"center center","background-size":"auto","background-attachment":"scroll","background-type":"","background-media":"","overlay-type":"","overlay-color":"","overlay-opacity":"","overlay-gradient":""},"tablet":{"background-color":"","background-image":"","background-repeat":"repeat","background-position":"center center","background-size":"auto","background-attachment":"scroll","background-type":"","background-media":"","overlay-type":"","overlay-color":"","overlay-opacity":"","overlay-gradient":""},"mobile":{"background-color":"","background-image":"","background-repeat":"repeat","background-position":"center center","background-size":"auto","background-attachment":"scroll","background-type":"","background-media":"","overlay-type":"","overlay-color":"","overlay-opacity":"","overlay-gradient":""}},"ast-content-background-meta":{"desktop":{"background-color":"var(--ast-global-color-5)","background-image":"","background-repeat":"repeat","background-position":"center center","background-size":"auto","background-attachment":"scroll","background-type":"","background-media":"","overlay-type":"","overlay-color":"","overlay-opacity":"","overlay-gradient":""},"tablet":{"background-color":"var(--ast-global-color-5)","background-image":"","background-repeat":"repeat","background-position":"center center","background-size":"auto","background-attachment":"scroll","background-type":"","background-media":"","overlay-type":"","overlay-color":"","overlay-opacity":"","overlay-gradient":""},"mobile":{"background-color":"var(--ast-global-color-5)","background-image":"","background-repeat":"repeat","background-position":"center center","background-size":"auto","background-attachment":"scroll","background-type":"","background-media":"","overlay-type":"","overlay-color":"","overlay-opacity":"","overlay-gradient":""}}},"pwb-brand":[381],"product_brand":[],"product_cat":[333,351],"product_tag":[],"class_list":{"0":"post-13708","1":"product","2":"type-product","3":"status-publish","4":"has-post-thumbnail","6":"pwb-brand-huawei","7":"product_cat-inversores","8":"product_cat-accesorios","9":"desktop-align-left","10":"tablet-align-left","11":"mobile-align-left","12":"ast-product-gallery-layout-horizontal-slider","13":"ast-product-gallery-with-no-image","14":"ast-product-tabs-layout-horizontal","16":"first","17":"instock","18":"taxable","19":"shipping-taxable","20":"purchasable","21":"product-type-simple"},"wcpa_form_fields":null,"brands":[{"id":381,"name":"Onduleurs Huawei","slug":"huawei"}],"_links":{"self":[{"href":"https:\/\/fvcomponentes.com\/fr\/wp-json\/wp\/v2\/product\/13708","targetHints":{"allow":["GET"]}}],"collection":[{"href":"https:\/\/fvcomponentes.com\/fr\/wp-json\/wp\/v2\/product"}],"about":[{"href":"https:\/\/fvcomponentes.com\/fr\/wp-json\/wp\/v2\/types\/product"}],"replies":[{"embeddable":true,"href":"https:\/\/fvcomponentes.com\/fr\/wp-json\/wp\/v2\/comments?post=13708"}],"wp:featuredmedia":[{"embeddable":true,"href":"https:\/\/fvcomponentes.com\/fr\/wp-json\/wp\/v2\/media\/13711"}],"wp:attachment":[{"href":"https:\/\/fvcomponentes.com\/fr\/wp-json\/wp\/v2\/media?parent=13708"}],"wp:term":[{"taxonomy":"pwb-brand","embeddable":true,"href":"https:\/\/fvcomponentes.com\/fr\/wp-json\/wp\/v2\/pwb-brand?post=13708"},{"taxonomy":"product_brand","embeddable":true,"href":"https:\/\/fvcomponentes.com\/fr\/wp-json\/wp\/v2\/product_brand?post=13708"},{"taxonomy":"product_cat","embeddable":true,"href":"https:\/\/fvcomponentes.com\/fr\/wp-json\/wp\/v2\/product_cat?post=13708"},{"taxonomy":"product_tag","embeddable":true,"href":"https:\/\/fvcomponentes.com\/fr\/wp-json\/wp\/v2\/product_tag?post=13708"}],"curies":[{"name":"wp","href":"https:\/\/api.w.org\/{rel}","templated":true}]}}