{"id":13584,"date":"2024-04-25T13:45:24","date_gmt":"2024-04-25T11:45:24","guid":{"rendered":"https:\/\/fvcomponentes.com\/?post_type=product&#038;p=13584"},"modified":"2026-04-04T12:47:47","modified_gmt":"2026-04-04T10:47:47","slug":"ve-bus-bms-v2-victron-bms300200200","status":"publish","type":"product","link":"https:\/\/fvcomponentes.com\/fr\/producto\/ve-bus-bms-v2-victron-bms300200200\/","title":{"rendered":"BMS V2 Victron VE.Bus pour batteries lithium Victron - BMS300200200"},"content":{"rendered":"<h2>VE.Bus BMS V2 V2 Victron - BMS300200200<\/h2>\n<p>Le nouveau Victron VE.Bus BMS V2 - BMS300200200 est la prochaine \u00e9tape du syst\u00e8me de gestion de batterie VE.Bus (BMS). Il est con\u00e7u pour prot\u00e9ger et s'interfacer avec les batteries lithium intelligentes de Victron (LiFePO\u2084), telles que la <a href=\"https:\/\/fvcomponentes.com\/fr\/produit\/lifepo4-victron-12-8v-200ah-smart-battery-bat512120610\/\" target=\"_blank\" rel=\"noopener\">Victron 12.8V-200Ah Smart LiFePO4 Batterie LiFePO4 - BAT512120610<\/a>dans les syst\u00e8mes \u00e9quip\u00e9s d'onduleurs Victron ou d'onduleurs\/chargeurs dot\u00e9s d'une communication VE.Bus.<\/p>\n<h2>Prot\u00e8ge individuellement chaque cellule d'une pile au lithium Victron Smart<\/h2>\n<p>Pour un fonctionnement fiable et s\u00fbr, une batterie LiFePO\u2084 doit \u00eatre surveill\u00e9e et prot\u00e9g\u00e9e contre la surtension et la sous-tension de toute cellule individuelle, ainsi que contre les conditions de surchauffe ou de sous-temp\u00e9rature. La gamme de batteries au lithium Victron Smart comprend la surveillance int\u00e9gr\u00e9e de la tension des cellules, l'\u00e9quilibrage de la tension des cellules et la surveillance de la temp\u00e9rature.<\/p>\n<p>Si la tension de l'\u00e9l\u00e9ment ou la temp\u00e9rature de la batterie est en dehors de la plage autoris\u00e9e, cela est communiqu\u00e9 au BMS via deux c\u00e2bles BMS avec des connecteurs circulaires M8. Dans les syst\u00e8mes \u00e0 batteries multiples, les c\u00e2bles BMS de chaque batterie sont connect\u00e9s en s\u00e9rie, le premier et le dernier c\u00e2ble du groupe \u00e9tant connect\u00e9s au BMS.<\/p>\n<p>En fonction de l'\u00e9tat de la ou des piles au lithium Victron Smart, le BMS :<\/p>\n<ul>\n<li>G\u00e9n\u00e8re un signal de pr\u00e9-alarme pour avertir de l'imminence d'une sous-tension de la cellule.<\/li>\n<li>D\u00e9sactive l'onduleur sur les appareils VE.Bus ou les onduleurs\/chargeurs via VE.Bus, et d\u00e9sactive les autres charges via la borne 'Load Disconnect' en cas de condition de sous-tension de la cellule.<\/li>\n<li>D\u00e9sactive la charge sur les onduleurs VE.Bus ou les onduleurs\/chargeurs via VE.Bus, d\u00e9sactive les chargeurs solaires VE.Direct et VE.Can via un dispositif GX et d\u00e9sactive d'autres chargeurs via la borne 'Charge Disconnect' en cas de surtension, de sous-temp\u00e9rature ou de surchauffe de la cellule.<\/li>\n<\/ul>\n<p><strong>Exemple de syst\u00e8me avec VE.Bus BMS V2, Multiplus et Cerbo GX<\/strong><\/p>\n<h2><img fetchpriority=\"high\" decoding=\"async\" class=\"alignnone size-full wp-image-13590\" style=\"font-weight: inherit; font-size: 16px;\" src=\"https:\/\/fvcomponentes.com\/wp-content\/uploads\/2024\/04\/Captura-de-pantalla-2024-04-25-131848.png\" alt=\"\" width=\"1499\" height=\"708\" title=\"\">Communication avec les produits VE.Bus<\/h2>\n<p>Les onduleurs MultiPlus, Quattro ou Phoenix sont connect\u00e9s au port \"MultiPlus\/Quattro\" \u00e0 l'aide d'un c\u00e2ble RJ45 UTP standard.<br \/>\nLe BMS d\u00e9sactive l'onduleur en cas de sous-tension de la cellule et d\u00e9sactive la charge en cas de surtension ou de temp\u00e9rature de la cellule.<\/p>\n<h2>VE.Bus BMS V2 Victron - BMS300200200 : Communication avec les appareils \u00e0 distance<\/h2>\n<p>Un dispositif GX (tel que le <a href=\"https:\/\/fvcomponentes.com\/fr\/produit\/victron-cerbo-gx-mk2-bpp900451100-victron-cerbo-mk2-monitor\/\" target=\"_blank\" rel=\"noopener\">Victron Cerbo GX MK2 Monitoring - BPP900451100<\/a>), un panneau Digital Multi Control (DMC) ou un VE.Bus Smart Dongle (y compris toute combinaison) peuvent \u00eatre connect\u00e9s au BMS via le port 'Remote panel'. Ces accessoires peuvent \u00eatre utilis\u00e9s en combinaison avec le BMS pour contr\u00f4ler \u00e0 distance l'\u00e9tat de l'onduleur VE.Bus ou l'\u00e9tat marche\/arr\u00eat\/charge de l'onduleur\/chargeur uniquement.<\/p>\n<h2>Bornes d'entr\u00e9e et de sortie de l'alimentation auxiliaire<\/h2>\n<p>Le BMS dispose d'une borne de sortie d'alimentation d\u00e9di\u00e9e (GX-Power) pour un dispositif GX et d'une borne d'entr\u00e9e d'alimentation auxiliaire (Aux-In) pour une source d'alimentation CC externe, telle qu'un adaptateur CA\/CC. En cas d'arr\u00eat du syst\u00e8me, l'appareil GX reste aliment\u00e9 par l'entr\u00e9e d'alimentation auxiliaire ou est d\u00e9connect\u00e9 pour \u00e9viter de d\u00e9charger davantage la batterie.<\/p>\n<h2>Terminaux \u00e0 distance<\/h2>\n<p>Ces bornes peuvent \u00eatre utilis\u00e9es pour activer ou d\u00e9sactiver le BMS. Lorsque le BMS est \u00e9teint, les deux sorties sont flottantes, de sorte que les charges et les chargeurs sont \u00e9teints. Il y a deux bornes \u00e0 distance, 'Remote L' et 'Remote H'. Un interrupteur marche\/arr\u00eat \u00e0 distance ou un contact de relais peut \u00eatre connect\u00e9 entre L et H pour activer ou d\u00e9sactiver le BMS. La borne H peut \u00e9galement \u00eatre connect\u00e9e \u00e0 la batterie positive, ou la borne L peut \u00eatre connect\u00e9e \u00e0 la batterie n\u00e9gative.<\/p>\n<h2>Victron VE.Bus BMS V2 V2 Indicateurs LED - BMS300200200<\/h2>\n<p>Le BMS dispose des indicateurs LED suivants :<\/p>\n<ul>\n<li><strong>Statut (bleu) :<\/strong> S'allume bri\u00e8vement toutes les 10 secondes pour indiquer un fonctionnement normal.<\/li>\n<li><strong>Temp\u00e9rature ou tension de la cellule &gt;4V (rouge)<\/strong>S'allume lorsque la sortie de d\u00e9connexion de la charge est faible en raison d'une surtension ou d'une surchauffe de la cellule.<\/li>\n<li><strong>Tension de la cellule &gt;2,8 V (bleu)<\/strong>S'allume lorsque la sortie de d\u00e9connexion de la charge est \u00e9lev\u00e9e et que la tension des \u00e9l\u00e9ments de la batterie est sup\u00e9rieure \u00e0 2,8 V.<\/li>\n<\/ul>\n<h2>Fiche technique VE.Bus BMS V2 Victron BMS300200200 - BMS300200200<\/h2>\n<p><a href=\"https:\/\/fvcomponentes.com\/wp-content\/uploads\/2024\/04\/Ficha-tecnica-del-VE.Bus-BMS-V2-Victron-BMS300200200.pdf\" target=\"_blank\" rel=\"noopener\">Voir la fiche technique VE.Bus BMS V2 Victron BMS300200200 - BMS300200200<\/a><\/p>","protected":false},"excerpt":{"rendered":"<p><strong>Plage de tension d'entr\u00e9e<\/strong> 9 - 70 VDC<br \/>\n<strong>VE.Port de communication bus<\/strong> Deux connecteurs RJ45<br \/>\nCon\u00e7u pour les piles au lithium Victron Smart (LiFePO\u2084)<\/p>","protected":false},"featured_media":13593,"comment_status":"closed","ping_status":"closed","template":"","meta":{"site-sidebar-layout":"default","site-content-layout":"","ast-site-content-layout":"default","site-content-style":"default","site-sidebar-style":"default","ast-global-header-display":"","ast-banner-title-visibility":"","ast-main-header-display":"","ast-hfb-above-header-display":"","ast-hfb-below-header-display":"","ast-hfb-mobile-header-display":"","site-post-title":"","ast-breadcrumbs-content":"","ast-featured-img":"","footer-sml-layout":"","ast-disable-related-posts":"","theme-transparent-header-meta":"default","adv-header-id-meta":"","stick-header-meta":"","header-above-stick-meta":"","header-main-stick-meta":"","header-below-stick-meta":"","astra-migrate-meta-layouts":"set","ast-page-background-enabled":"default","ast-page-background-meta":{"desktop":{"background-color":"var(--ast-global-color-4)","background-image":"","background-repeat":"repeat","background-position":"center center","background-size":"auto","background-attachment":"scroll","background-type":"","background-media":"","overlay-type":"","overlay-color":"","overlay-opacity":"","overlay-gradient":""},"tablet":{"background-color":"","background-image":"","background-repeat":"repeat","background-position":"center center","background-size":"auto","background-attachment":"scroll","background-type":"","background-media":"","overlay-type":"","overlay-color":"","overlay-opacity":"","overlay-gradient":""},"mobile":{"background-color":"","background-image":"","background-repeat":"repeat","background-position":"center center","background-size":"auto","background-attachment":"scroll","background-type":"","background-media":"","overlay-type":"","overlay-color":"","overlay-opacity":"","overlay-gradient":""}},"ast-content-background-meta":{"desktop":{"background-color":"var(--ast-global-color-5)","background-image":"","background-repeat":"repeat","background-position":"center center","background-size":"auto","background-attachment":"scroll","background-type":"","background-media":"","overlay-type":"","overlay-color":"","overlay-opacity":"","overlay-gradient":""},"tablet":{"background-color":"var(--ast-global-color-5)","background-image":"","background-repeat":"repeat","background-position":"center center","background-size":"auto","background-attachment":"scroll","background-type":"","background-media":"","overlay-type":"","overlay-color":"","overlay-opacity":"","overlay-gradient":""},"mobile":{"background-color":"var(--ast-global-color-5)","background-image":"","background-repeat":"repeat","background-position":"center center","background-size":"auto","background-attachment":"scroll","background-type":"","background-media":"","overlay-type":"","overlay-color":"","overlay-opacity":"","overlay-gradient":""}}},"pwb-brand":[332],"product_brand":[],"product_cat":[340,435],"product_tag":[],"class_list":{"0":"post-13584","1":"product","2":"type-product","3":"status-publish","4":"has-post-thumbnail","6":"pwb-brand-victron","7":"product_cat-baterias","8":"product_cat-bms-sistemas-de-supervision-de-baterias","9":"desktop-align-left","10":"tablet-align-left","11":"mobile-align-left","12":"ast-product-gallery-layout-horizontal-slider","13":"ast-product-tabs-layout-horizontal","15":"first","16":"instock","17":"taxable","18":"shipping-taxable","19":"purchasable","20":"product-type-simple"},"wcpa_form_fields":null,"brands":[{"id":332,"name":"Victron Energy","slug":"victron"}],"_links":{"self":[{"href":"https:\/\/fvcomponentes.com\/fr\/wp-json\/wp\/v2\/product\/13584","targetHints":{"allow":["GET"]}}],"collection":[{"href":"https:\/\/fvcomponentes.com\/fr\/wp-json\/wp\/v2\/product"}],"about":[{"href":"https:\/\/fvcomponentes.com\/fr\/wp-json\/wp\/v2\/types\/product"}],"replies":[{"embeddable":true,"href":"https:\/\/fvcomponentes.com\/fr\/wp-json\/wp\/v2\/comments?post=13584"}],"wp:featuredmedia":[{"embeddable":true,"href":"https:\/\/fvcomponentes.com\/fr\/wp-json\/wp\/v2\/media\/13593"}],"wp:attachment":[{"href":"https:\/\/fvcomponentes.com\/fr\/wp-json\/wp\/v2\/media?parent=13584"}],"wp:term":[{"taxonomy":"pwb-brand","embeddable":true,"href":"https:\/\/fvcomponentes.com\/fr\/wp-json\/wp\/v2\/pwb-brand?post=13584"},{"taxonomy":"product_brand","embeddable":true,"href":"https:\/\/fvcomponentes.com\/fr\/wp-json\/wp\/v2\/product_brand?post=13584"},{"taxonomy":"product_cat","embeddable":true,"href":"https:\/\/fvcomponentes.com\/fr\/wp-json\/wp\/v2\/product_cat?post=13584"},{"taxonomy":"product_tag","embeddable":true,"href":"https:\/\/fvcomponentes.com\/fr\/wp-json\/wp\/v2\/product_tag?post=13584"}],"curies":[{"name":"wp","href":"https:\/\/api.w.org\/{rel}","templated":true}]}}