{"id":13533,"date":"2024-04-25T13:49:30","date_gmt":"2024-04-25T11:49:30","guid":{"rendered":"https:\/\/fvcomponentes.com\/?post_type=product&#038;p=13533"},"modified":"2025-04-25T15:03:23","modified_gmt":"2025-04-25T13:03:23","slug":"huawei-luna2000-7-s1-batterie-lithium-7kwh-luna2000-7-s1","status":"publish","type":"product","link":"https:\/\/fvcomponentes.com\/fr\/producto\/bateria-de-litio-huawei-luna2000-7-s1-7kwh-luna2000-7-s1\/","title":{"rendered":"Huawei Luna2000 7-S1 Batterie au lithium 7kWh - LUNA2000-7-S1"},"content":{"rendered":"<h2>Huawei Luna2000 7-S1 Batterie au lithium 7kWh - LUNA2000-7-S1<\/h2>\n<p>La batterie au lithium Huawei Luna2000 7-S1 7kWh - LUNA2000-7-S1 est une batterie haute tension compatible avec la gamme d'onduleurs hybrides monophas\u00e9s L1 et LC0 de Huawei KTL et les onduleurs triphas\u00e9s M1 et MB0 de KTL. Chaque batterie se compose d'un module de puissance BMS Huawei Luna2000-10kW-C1 - 01076596 et d'un maximum de trois modules de batterie au lithium Huawei Luna2000 7-E1. La batterie Huawei Luna a un indice de protection IP66, une garantie fabricant de 15 ans et est facilement extensible, permettant au syst\u00e8me d'\u00eatre \u00e9tendu \u00e0 un maximum de 82,8kWh de capacit\u00e9 de stockage totale.<\/p>\n<h2>Avec plus de capacit\u00e9, il brille plus longtemps<\/h2>\n<p>L'architecture Module+ permet \u00e0 la batterie au lithium Huawei Luna2000 7-S1 d'adopter l'optimiseur d'\u00e9nergie int\u00e9gr\u00e9, ce qui am\u00e9liore les performances \u00e9nerg\u00e9tiques de plus de 40%* et prolonge la garantie jusqu'\u00e0 15 ans.<\/p>\n<p>L'optimisation au niveau du module garantit une extension de capacit\u00e9 simple et pr\u00eate \u00e0 l'emploi. Chaque nouvelle batterie est toujours pr\u00eate \u00e0 l'emploi, sans qu'il soit n\u00e9cessaire de la pr\u00e9charger ou de calibrer le SOC.<\/p>\n<p><img fetchpriority=\"high\" decoding=\"async\" class=\"size-full wp-image-13524\" src=\"https:\/\/fvcomponentes.com\/wp-content\/uploads\/2024\/04\/products_LUNA2000-7-14-21-S1.png\" alt=\"Huawei Luna2000-7-E1 Module de batterie au lithium 6,9kWh - 01076608 \" width=\"600\" height=\"600\" title=\"\" srcset=\"https:\/\/fvcomponentes.com\/wp-content\/uploads\/2024\/04\/products_LUNA2000-7-14-21-S1-500x500.png.jpg 500w, https:\/\/fvcomponentes.com\/wp-content\/uploads\/2024\/04\/products_LUNA2000-7-14-21-S1-1000x1000.png.jpg 1000w, https:\/\/fvcomponentes.com\/wp-content\/uploads\/2024\/04\/products_LUNA2000-7-14-21-S1-200x200.png.jpg 200w\" sizes=\"(max-width: 600px) 100vw, 600px\" \/><\/p>\n<h2>Huawei Luna2000 7-S1 7kWh Lithium Battery - LUNA2000-7-S1 : Caract\u00e9ristiques<\/h2>\n<ul>\n<li>Nombre de modules de batterie Huawei Luna 7S1 : 1<\/li>\n<li>\u00c9nergie utilisable de la batterie du Huawei Luna : 6,9 kWh<\/li>\n<li>Puissance maximale de la batterie Huawei Luna : 3,5 kWh<\/li>\n<li>Puissance maximale de la batterie Huawei Luna : 3,5kWh pendant 10 secondes<\/li>\n<li>Dimensions de la batterie Huawei Luna : 590 mm x 255 mm x 510 mm<\/li>\n<li>Batterie Huawei Luna Poids : 80 kg<\/li>\n<li>Garantie de la batterie Huawei Luna : 15 ans (conform\u00e9ment aux exigences du fabricant)<\/li>\n<\/ul>\n<h2>Des performances et un silence in\u00e9gal\u00e9s<\/h2>\n<p>Un syst\u00e8me de contr\u00f4le de la temp\u00e9rature distinct garantit que les piles et les optimiseurs d'\u00e9nergie fonctionnent de mani\u00e8re fiable dans les environnements chauds et froids, en prot\u00e9geant contre la chaleur excessive et en \u00e9liminant le besoin d'un ventilateur bruyant. Le fonctionnement silencieux \u00e0 29 dB en fait l'une des batteries les plus silencieuses du march\u00e9.<\/p>\n<p>La gestion ind\u00e9pendante au niveau des modules permet une charge et une d\u00e9charge rapides \u00e0 3,5 kW pour chaque module de batterie et une puissance d'entr\u00e9e et de sortie maximale de 10,5 kW pour chaque syst\u00e8me de stockage d'\u00e9nergie. L'am\u00e9lioration par rapport \u00e0 la pr\u00e9c\u00e9dente Luna2000 va de la performance \u00e0 l'efficacit\u00e9.<\/p>\n<h2>5 Niveaux de protection<\/h2>\n<ul>\n<li><strong>Protection au niveau des cellules :<\/strong> Les cellules LFP de premi\u00e8re qualit\u00e9 ont pass\u00e9 une s\u00e9rie de tests rigoureux, tels que des tests de cycle de vie 1\/8, des tests de perforation, etc. LUNA S1 vous offre une garantie sup\u00e9rieure et fiable.<\/li>\n<li><strong>Protection \u00e9lectrique :<\/strong> Trois niveaux, de la protection intelligente contre les surintensit\u00e9s \u00e0 la protection contre les courts-circuits au niveau de la cha\u00eene et du module. Pr\u00e9vient les risques de court-circuit et de surintensit\u00e9 externes de mani\u00e8re compl\u00e8te pour une s\u00e9curit\u00e9 totale.<\/li>\n<li><strong>Protection structurelle :<\/strong> La protection renforc\u00e9e contre l'eau, conforme \u00e0 la norme IP66, permet \u00e0 la batterie de rester en s\u00e9curit\u00e9 dans des profondeurs d'eau allant jusqu'\u00e0 40 cm pendant 72 heures, dominant ainsi avec une s\u00e9curit\u00e9 in\u00e9gal\u00e9e les jours d'inondation, de pluie ou de fonte des neiges. En outre, la structure r\u00e9sistante supporte jusqu'\u00e0 5 tonnes de pression, ce qui est suffisant pour r\u00e9sister \u00e0 un \u00e9crasement inattendu ou \u00e0 un impact externe dans un garage.<\/li>\n<li><strong>Protection active :<\/strong> La surveillance de la temp\u00e9rature en temps r\u00e9el avec 4 capteurs pour 8 cellules garantit une pr\u00e9cision accrue pour des op\u00e9rations stables et assure une protection active gr\u00e2ce \u00e0 l'analyse instantan\u00e9e des donn\u00e9es de la batterie et \u00e0 des pr\u00e9-alarmes 24 heures sur 24, 7 jours sur 7.\n<div class=\"flex-1 overflow-hidden\">\n<div class=\"react-scroll-to-bottom--css-xcmcj-79elbk h-full\">\n<div class=\"react-scroll-to-bottom--css-xcmcj-1n7m0yu\">\n<div class=\"flex flex-col text-sm pb-9\"><\/div>\n<\/div>\n<\/div>\n<\/div>\n<\/li>\n<li><strong>Protection d'urgence :<\/strong> La technologie de lib\u00e9ration active de la pression est une protection d'urgence am\u00e9lior\u00e9e qui permet de r\u00e9duire la concentration d'oxyg\u00e8ne et d'\u00e9liminer les agents de combustion pour pr\u00e9venir les incendies, prot\u00e9geant ainsi le syst\u00e8me de stockage d'\u00e9nergie solaire d\u00e8s la premi\u00e8re seconde. Le Smart Fire Suppression Kit d\u00e9tecte et \u00e9teint les incendies dans les 15 secondes, \u00e9liminant ainsi les risques d'incendie d\u00e8s le d\u00e9part et prot\u00e9geant le syst\u00e8me de stockage d'\u00e9nergie domestique comme le ferait un vrai pompier.\n<div class=\"flex-1 overflow-hidden\">\n<div class=\"react-scroll-to-bottom--css-xcmcj-79elbk h-full\">\n<div class=\"react-scroll-to-bottom--css-xcmcj-1n7m0yu\">\n<div class=\"flex flex-col text-sm pb-9\"><\/div>\n<\/div>\n<\/div>\n<\/div>\n<\/li>\n<\/ul>\n<h2>Une surveillance de tous les instants<\/h2>\n<ul>\n<li><strong><strong>Contr\u00f4le de l'\u00e9nergie en temps r\u00e9el : <\/strong><\/strong>L'application Fusion Solar affiche le flux d'\u00e9nergie dans une image claire et simple, permettant une meilleure perception visuelle des flux d'\u00e9nergie de la consommation et de la production ou de l'\u00e9nergie stock\u00e9e dans les batteries.<\/li>\n<li><strong>EMMA, assistant intelligent de gestion de l'\u00e9nergie :<\/strong> Avec EMMA, les performances de l'installation sont maximis\u00e9es gr\u00e2ce \u00e0 des solutions \u00e9nerg\u00e9tiques personnalis\u00e9es, ce qui permet aux utilisateurs d'obtenir des avantages \u00e9conomiques plus importants.\n<div class=\"flex-1 overflow-hidden\">\n<div class=\"react-scroll-to-bottom--css-xcmcj-79elbk h-full\">\n<div class=\"react-scroll-to-bottom--css-xcmcj-1n7m0yu\">\n<div class=\"flex flex-col text-sm pb-9\"><\/div>\n<\/div>\n<\/div>\n<\/div>\n<\/li>\n<\/ul>\n<h2>Compatibilit\u00e9 des batteries Huawei Luna 2000 7-E1<\/h2>\n<p>La batterie au lithium Huawei Luna2000 7-S1 7kWh est compatible avec la gamme d'onduleurs de branche KTL L1 de 2 \u00e0 6kW, les nouveaux onduleurs de branche K-LC0 de 8 \u00e0 10kW, les onduleurs triphas\u00e9s KTL-M1 de 3 \u00e0 10kW et les onduleurs K-MB0 de 12 \u00e0 25kW. La communication avec l'onduleur se fait par RS485 et int\u00e8gre \u00e9galement une connexion CAN pour le fonctionnement en parall\u00e8le. Il dispose d'un petit \u00e9cran qui indique l'\u00e9tat de charge et d'une LED qui indique l'\u00e9tat de fonctionnement.<\/p>\n<h2>Installation facile<\/h2>\n<p>Sa conception permet une installation et une mise en service rapides et faciles. Tous les appareils connect\u00e9s peuvent \u00eatre d\u00e9tect\u00e9s automatiquement avec l'application FusionSolar de Huawei, ce qui augmente le degr\u00e9 de contr\u00f4le de l'installation.<\/p>\n<h2>\u00c9volutif<\/h2>\n<p>La batterie au lithium Huawei Luna2000 7-E1 permet d'augmenter la puissance et la capacit\u00e9. Des batteries de 6,9 kWh \u00e0 82,8 kWh peuvent \u00eatre install\u00e9es. Chaque Huawei Luna2000-10kW-C1 Power Module BMS Control Module - 01076596 prend en charge jusqu'\u00e0 trois modules de batterie. Jusqu'\u00e0 2 tours de batteries peuvent \u00eatre connect\u00e9es en parall\u00e8le avec les onduleurs des gammes KTL L1, KTL M1 et K-LC0 et jusqu'\u00e0 4 tours avec les onduleurs de la gamme MB0.<\/p>\n<p><img decoding=\"async\" class=\"size-full wp-image-13527\" style=\"font-style: inherit; font-weight: 600;\" src=\"https:\/\/fvcomponentes.com\/wp-content\/uploads\/2024\/04\/Modulo-de-Bateria-de-Litio-Huawei-Luna2000-5kWh-01074643-012-0.png\" alt=\"Module de batterie au lithium Huawei Luna2000 5kWh - 01074643-012 0\" width=\"906\" height=\"354\" title=\"\"><\/p>\n<h2>Fiche technique de la batterie au lithium Huawei Luna2000 7-S1 7kWh - LUNA2000-7-S1<\/h2>\n<p><a href=\"https:\/\/fvcomponentes.com\/wp-content\/uploads\/2024\/04\/Huawei_TDS_Luna2000_S1_EN.pdf\" target=\"_blank\" rel=\"noopener\">Voir la fiche technique de la batterie au lithium Huawei Luna2000 7-S1 7kWh - LUNA2000-7-S1<\/a><\/p>","protected":false},"excerpt":{"rendered":"<div class=\"baywa-details-fields\"><strong><span class=\"baywa-details-label\">Type de batterie\u00a0<\/span><\/strong><span class=\"baywa-details-values\"><span class=\"baywa-details-values\"> DC Haute tension<br \/>\n<\/span><\/span><strong style=\"font-size: 16px;\"><span class=\"baywa-details-label\">\u00c9nergie nominale totale (KWH)\u00a0<\/span><\/strong><span class=\"baywa-details-values\" style=\"font-size: 16px;\"> 7,0 kWh<\/span><\/div>\n<div class=\"baywa-details-fields\">\n<div class=\"baywa-details-fields\"><span class=\"baywa-details-label\"><strong>\u00c9nergie utile (KWH)<\/strong>\u00a0<\/span><span class=\"baywa-details-values\"> 6,9 kWh<\/span><\/div>\n<div class=\"baywa-details-fields\"><span class=\"baywa-details-label\"><strong>Puissance de charge maximale<\/strong>\u00a0<\/span><span class=\"baywa-details-values\"> 3,5 kW<\/span><\/div>\n<div class=\"baywa-details-fields\"><span class=\"baywa-details-label\"><strong>Puissance de d\u00e9charge maximale\u00a0<\/strong><\/span><span class=\"baywa-details-values\">3,5 kW (10 secondes)<\/span><\/div>\n<p><strong><span class=\"baywa-details-label\">Protection IP\u00a0<\/span><\/strong><span class=\"baywa-details-values\"> IP66<br \/>\n<\/span><strong style=\"font-size: 16px;\"><span class=\"baywa-details-label\">Communication\u00a0<\/span><\/strong><span class=\"baywa-details-values\" style=\"font-size: 16px;\">CAN (Inv),RS485 (Inv)<br \/>\n<\/span><strong style=\"font-size: 16px;\">Communication<\/strong><span style=\"font-size: 16px;\"> N\u00e9cessite une cl\u00e9 WLAN-FE, une cl\u00e9 4G ou un SmartLogger pour les syst\u00e8mes avec onduleurs en cascade.<br \/>\n<\/span><strong style=\"font-size: 16px;\"><span class=\"baywa-details-label\">\u00c9volutivit\u00e9\u00a0<\/span><\/strong><span class=\"baywa-details-values\" style=\"font-size: 16px;\"> Modulaire, parall\u00e9lisable jusqu'\u00e0 98,8 kWh<\/span><\/p>\n<\/div>","protected":false},"featured_media":13535,"comment_status":"closed","ping_status":"closed","template":"","meta":{"site-sidebar-layout":"default","site-content-layout":"","ast-site-content-layout":"default","site-content-style":"default","site-sidebar-style":"default","ast-global-header-display":"","ast-banner-title-visibility":"","ast-main-header-display":"","ast-hfb-above-header-display":"","ast-hfb-below-header-display":"","ast-hfb-mobile-header-display":"","site-post-title":"","ast-breadcrumbs-content":"","ast-featured-img":"","footer-sml-layout":"","ast-disable-related-posts":"","theme-transparent-header-meta":"default","adv-header-id-meta":"","stick-header-meta":"","header-above-stick-meta":"","header-main-stick-meta":"","header-below-stick-meta":"","astra-migrate-meta-layouts":"set","ast-page-background-enabled":"default","ast-page-background-meta":{"desktop":{"background-color":"var(--ast-global-color-4)","background-image":"","background-repeat":"repeat","background-position":"center center","background-size":"auto","background-attachment":"scroll","background-type":"","background-media":"","overlay-type":"","overlay-color":"","overlay-opacity":"","overlay-gradient":""},"tablet":{"background-color":"","background-image":"","background-repeat":"repeat","background-position":"center center","background-size":"auto","background-attachment":"scroll","background-type":"","background-media":"","overlay-type":"","overlay-color":"","overlay-opacity":"","overlay-gradient":""},"mobile":{"background-color":"","background-image":"","background-repeat":"repeat","background-position":"center center","background-size":"auto","background-attachment":"scroll","background-type":"","background-media":"","overlay-type":"","overlay-color":"","overlay-opacity":"","overlay-gradient":""}},"ast-content-background-meta":{"desktop":{"background-color":"var(--ast-global-color-5)","background-image":"","background-repeat":"repeat","background-position":"center center","background-size":"auto","background-attachment":"scroll","background-type":"","background-media":"","overlay-type":"","overlay-color":"","overlay-opacity":"","overlay-gradient":""},"tablet":{"background-color":"var(--ast-global-color-5)","background-image":"","background-repeat":"repeat","background-position":"center center","background-size":"auto","background-attachment":"scroll","background-type":"","background-media":"","overlay-type":"","overlay-color":"","overlay-opacity":"","overlay-gradient":""},"mobile":{"background-color":"var(--ast-global-color-5)","background-image":"","background-repeat":"repeat","background-position":"center center","background-size":"auto","background-attachment":"scroll","background-type":"","background-media":"","overlay-type":"","overlay-color":"","overlay-opacity":"","overlay-gradient":""}}},"pwb-brand":[381],"product_brand":[],"product_cat":[340,379],"product_tag":[],"class_list":{"0":"post-13533","1":"product","2":"type-product","3":"status-publish","4":"has-post-thumbnail","6":"pwb-brand-huawei","7":"product_cat-baterias","8":"product_cat-baterias-de-litio-de-alto-voltaje","9":"product_shipping_class-baterias","10":"desktop-align-left","11":"tablet-align-left","12":"mobile-align-left","13":"ast-product-gallery-layout-horizontal-slider","14":"ast-product-gallery-with-no-image","15":"ast-product-tabs-layout-horizontal","17":"first","18":"instock","19":"taxable","20":"shipping-taxable","21":"purchasable","22":"product-type-yith_bundle"},"wcpa_form_fields":null,"brands":[{"id":381,"name":"Onduleurs Huawei","slug":"huawei"}],"_links":{"self":[{"href":"https:\/\/fvcomponentes.com\/fr\/wp-json\/wp\/v2\/product\/13533","targetHints":{"allow":["GET"]}}],"collection":[{"href":"https:\/\/fvcomponentes.com\/fr\/wp-json\/wp\/v2\/product"}],"about":[{"href":"https:\/\/fvcomponentes.com\/fr\/wp-json\/wp\/v2\/types\/product"}],"replies":[{"embeddable":true,"href":"https:\/\/fvcomponentes.com\/fr\/wp-json\/wp\/v2\/comments?post=13533"}],"wp:featuredmedia":[{"embeddable":true,"href":"https:\/\/fvcomponentes.com\/fr\/wp-json\/wp\/v2\/media\/13535"}],"wp:attachment":[{"href":"https:\/\/fvcomponentes.com\/fr\/wp-json\/wp\/v2\/media?parent=13533"}],"wp:term":[{"taxonomy":"pwb-brand","embeddable":true,"href":"https:\/\/fvcomponentes.com\/fr\/wp-json\/wp\/v2\/pwb-brand?post=13533"},{"taxonomy":"product_brand","embeddable":true,"href":"https:\/\/fvcomponentes.com\/fr\/wp-json\/wp\/v2\/product_brand?post=13533"},{"taxonomy":"product_cat","embeddable":true,"href":"https:\/\/fvcomponentes.com\/fr\/wp-json\/wp\/v2\/product_cat?post=13533"},{"taxonomy":"product_tag","embeddable":true,"href":"https:\/\/fvcomponentes.com\/fr\/wp-json\/wp\/v2\/product_tag?post=13533"}],"curies":[{"name":"wp","href":"https:\/\/api.w.org\/{rel}","templated":true}]}}