{"id":13529,"date":"2024-04-25T13:49:31","date_gmt":"2024-04-25T11:49:31","guid":{"rendered":"https:\/\/fvcomponentes.com\/?post_type=product&#038;p=13529"},"modified":"2026-03-30T12:17:23","modified_gmt":"2026-03-30T10:17:23","slug":"huawei-luna2000-10kw-bms-module-c1-power-module-01076596","status":"publish","type":"product","link":"https:\/\/fvcomponentes.com\/fr\/producto\/modulo-bms-huawei-luna2000-10kw-c1-power-module-01076596\/","title":{"rendered":"Huawei Luna2000-10kW-C1 Power Module BMS Module - 01076596"},"content":{"rendered":"<h2>Huawei Luna2000-10kW-C1 Power Module BMS Module - 01076596<\/h2>\n<p>La batterie au lithium Huawei Luna2000 21-S1 21kWh - LUNA2000-21-S1 est une batterie haute tension compatible avec la gamme d'onduleurs hybrides monophas\u00e9s L1 et LC0 de Huawei KTL et les onduleurs triphas\u00e9s M1 et MB0 de KTL. Chaque batterie se compose d'un module de puissance Huawei Luna2000-10kW-C1 BMS - 01076596 et d'un maximum de trois modules de batterie au lithium Huawei Luna2000 7-E1. La batterie Huawei Luna a un indice de protection IP66, une garantie fabricant de 15 ans et est facilement extensible, permettant au syst\u00e8me d'\u00eatre \u00e9tendu \u00e0 un maximum de 82,8kWh de capacit\u00e9 de stockage totale.<\/p>\n<p><img fetchpriority=\"high\" decoding=\"async\" class=\"size-full wp-image-13524\" src=\"https:\/\/fvcomponentes.com\/wp-content\/uploads\/2024\/04\/products_LUNA2000-7-14-21-S1.png\" alt=\"Huawei Luna2000-7-E1 Module de batterie au lithium 6,9kWh - 01076608 \" width=\"600\" height=\"600\" title=\"\" srcset=\"https:\/\/fvcomponentes.com\/wp-content\/uploads\/2024\/04\/products_LUNA2000-7-14-21-S1-500x500.png.jpg 500w, https:\/\/fvcomponentes.com\/wp-content\/uploads\/2024\/04\/products_LUNA2000-7-14-21-S1-1000x1000.png.jpg 1000w, https:\/\/fvcomponentes.com\/wp-content\/uploads\/2024\/04\/products_LUNA2000-7-14-21-S1-200x200.png.jpg 200w\" sizes=\"(max-width: 600px) 100vw, 600px\" \/><\/p>\n<h2>Huawei Luna2000-10kW-C1 Power Module BMS Module - 01076596 : Caract\u00e9ristiques<\/h2>\n<ul>\n<li><strong>N\u00e9cessite un \u00e0 trois modules de batterie au lithium Huawei Luna2000-7-E1\u00a0<\/strong><\/li>\n<li>Module de contr\u00f4le de la base et de la batterie<\/li>\n<li>Contr\u00f4le 1 \u00e0 3 modules de batterie (01076608)<\/li>\n<li>Jusqu'\u00e0 trois modules de batterie par module BMS<\/li>\n<li>Jusqu'\u00e0 deux \u00e9l\u00e9ments de batterie par onduleur des gammes KTL L1, KTL M1 et K-LC0<\/li>\n<li>Jusqu'\u00e0 quatre \u00e9l\u00e9ments de batterie par onduleur de la s\u00e9rie MB0<\/li>\n<li>Dimensions du module Huawei Luna2000 BMS : 590 x 255 x 150 mm<\/li>\n<li>Poids du module de batterie Huawei Luna : 10 kg<\/li>\n<li>Huawei Luna2000-10kW-C1 BMS Module Garantie : 15 ans (conform\u00e9ment aux exigences du fabricant)<\/li>\n<\/ul>\n<h2>Compatibilit\u00e9 des batteries Huawei Luna 2000 7-E1<\/h2>\n<p>La batterie au lithium Huawei Luna2000 7-E1 est compatible avec la gamme d'onduleurs de branche KTL L1 de 2 \u00e0 6 kW, les nouveaux onduleurs de branche K-LC0 de 8 \u00e0 10 kW, les onduleurs triphas\u00e9s KTL-M1 de 3 \u00e0 10 kW et les onduleurs K-MB0 de 12 \u00e0 25 kW. La communication avec l'onduleur se fait par RS485 et int\u00e8gre \u00e9galement une connexion CAN pour le fonctionnement en parall\u00e8le. Il dispose d'un petit \u00e9cran qui indique l'\u00e9tat de charge et d'une LED qui indique l'\u00e9tat de fonctionnement.<\/p>\n<h2>Installation facile<\/h2>\n<p>Sa conception permet une installation et une mise en service rapides et faciles. Tous les appareils connect\u00e9s peuvent \u00eatre d\u00e9tect\u00e9s automatiquement avec l'application FusionSolar de Huawei, ce qui augmente le degr\u00e9 de contr\u00f4le de l'installation.<\/p>\n<h2>\u00c9volutif<\/h2>\n<p>La batterie au lithium Huawei Luna2000 7-E1 permet d'augmenter la puissance et la capacit\u00e9. Des batteries de 6,9 kWh \u00e0 82,8 kWh peuvent \u00eatre install\u00e9es. Chaque Huawei Luna2000-10kW-C1 Power Module BMS Control Module - 01076596 prend en charge jusqu'\u00e0 trois modules de batterie. Jusqu'\u00e0 2 tours de batteries peuvent \u00eatre connect\u00e9es en parall\u00e8le avec les onduleurs des gammes KTL L1, KTL M1 et K-LC0 et jusqu'\u00e0 4 tours avec les onduleurs de la gamme MB0.<\/p>\n<p><img decoding=\"async\" class=\"size-full wp-image-13527\" style=\"font-style: inherit; font-weight: 600;\" src=\"https:\/\/fvcomponentes.com\/wp-content\/uploads\/2024\/04\/Modulo-de-Bateria-de-Litio-Huawei-Luna2000-5kWh-01074643-012-0.png\" alt=\"Module de batterie au lithium Huawei Luna2000 5kWh - 01074643-012 0\" width=\"906\" height=\"354\" title=\"\"><\/p>\n<h2>Huawei Luna2000-10kW-C1 Power Module BMS Module Datasheet - 01076596<\/h2>\n<p><a href=\"https:\/\/fvcomponentes.com\/wp-content\/uploads\/2024\/04\/Huawei_TDS_Luna2000_S1_EN.pdf\" target=\"_blank\" rel=\"noopener\">Voir la fiche technique du module d'alimentation BMS Huawei Luna2000-10kW-C1 - 01076596<\/a><\/p>","protected":false},"excerpt":{"rendered":"<p><strong>N\u00e9cessite un \u00e0 trois modules de batterie au lithium Huawei Luna2000 7-E1 6,9 kWh - 01076608<br \/>\n<\/strong><strong style=\"font-size: 16px;\"><span class=\"baywa-details-label\">Module de contr\u00f4le de la base et de la batterie<br \/>\n<\/span><\/strong><strong style=\"font-size: 16px;\"><span class=\"baywa-details-label\">Type de batterie\u00a0<\/span><\/strong><span class=\"baywa-details-values\" style=\"font-size: 16px;\"> DC Haute tension<br \/>\n<\/span><strong style=\"font-size: 16px;\"><span class=\"baywa-details-label\">Protection IP\u00a0<\/span><\/strong><span class=\"baywa-details-values\" style=\"font-size: 16px;\"> IP66<br \/>\n<\/span><strong style=\"font-size: 16px;\"><span class=\"baywa-details-label\">Communication\u00a0<\/span><\/strong><span class=\"baywa-details-values\" style=\"font-size: 16px;\">CAN (Inv),RS485 (Inv)<br \/>\n<\/span><strong style=\"font-size: 16px;\">Communication<\/strong><span style=\"font-size: 16px;\"> N\u00e9cessite une cl\u00e9 WLAN-FE, une cl\u00e9 4G ou un SmartLogger pour les syst\u00e8mes avec onduleurs en cascade.<br \/>\n<\/span><span style=\"font-size: 16px;\">Jusqu'\u00e0 trois modules de batterie par module BMS<br \/>\n<\/span><span style=\"font-size: 16px;\">Jusqu'\u00e0 quatre \u00e9l\u00e9ments de batterie par onduleur et jusqu'\u00e0 trois onduleurs de batterie par syst\u00e8me<\/span><\/p>","protected":false},"featured_media":13530,"comment_status":"closed","ping_status":"closed","template":"","meta":{"site-sidebar-layout":"default","site-content-layout":"","ast-site-content-layout":"default","site-content-style":"default","site-sidebar-style":"default","ast-global-header-display":"","ast-banner-title-visibility":"","ast-main-header-display":"","ast-hfb-above-header-display":"","ast-hfb-below-header-display":"","ast-hfb-mobile-header-display":"","site-post-title":"","ast-breadcrumbs-content":"","ast-featured-img":"","footer-sml-layout":"","ast-disable-related-posts":"","theme-transparent-header-meta":"default","adv-header-id-meta":"","stick-header-meta":"","header-above-stick-meta":"","header-main-stick-meta":"","header-below-stick-meta":"","astra-migrate-meta-layouts":"set","ast-page-background-enabled":"default","ast-page-background-meta":{"desktop":{"background-color":"var(--ast-global-color-4)","background-image":"","background-repeat":"repeat","background-position":"center center","background-size":"auto","background-attachment":"scroll","background-type":"","background-media":"","overlay-type":"","overlay-color":"","overlay-opacity":"","overlay-gradient":""},"tablet":{"background-color":"","background-image":"","background-repeat":"repeat","background-position":"center center","background-size":"auto","background-attachment":"scroll","background-type":"","background-media":"","overlay-type":"","overlay-color":"","overlay-opacity":"","overlay-gradient":""},"mobile":{"background-color":"","background-image":"","background-repeat":"repeat","background-position":"center center","background-size":"auto","background-attachment":"scroll","background-type":"","background-media":"","overlay-type":"","overlay-color":"","overlay-opacity":"","overlay-gradient":""}},"ast-content-background-meta":{"desktop":{"background-color":"var(--ast-global-color-5)","background-image":"","background-repeat":"repeat","background-position":"center center","background-size":"auto","background-attachment":"scroll","background-type":"","background-media":"","overlay-type":"","overlay-color":"","overlay-opacity":"","overlay-gradient":""},"tablet":{"background-color":"var(--ast-global-color-5)","background-image":"","background-repeat":"repeat","background-position":"center center","background-size":"auto","background-attachment":"scroll","background-type":"","background-media":"","overlay-type":"","overlay-color":"","overlay-opacity":"","overlay-gradient":""},"mobile":{"background-color":"var(--ast-global-color-5)","background-image":"","background-repeat":"repeat","background-position":"center center","background-size":"auto","background-attachment":"scroll","background-type":"","background-media":"","overlay-type":"","overlay-color":"","overlay-opacity":"","overlay-gradient":""}}},"pwb-brand":[381],"product_brand":[],"product_cat":[340,379],"product_tag":[],"class_list":{"0":"post-13529","1":"product","2":"type-product","3":"status-publish","4":"has-post-thumbnail","6":"pwb-brand-huawei","7":"product_cat-baterias","8":"product_cat-baterias-de-litio-de-alto-voltaje","9":"product_shipping_class-baterias","10":"desktop-align-left","11":"tablet-align-left","12":"mobile-align-left","13":"ast-product-gallery-layout-horizontal-slider","14":"ast-product-gallery-with-no-image","15":"ast-product-tabs-layout-horizontal","17":"first","18":"instock","19":"taxable","20":"shipping-taxable","21":"purchasable","22":"product-type-simple"},"wcpa_form_fields":null,"brands":[{"id":381,"name":"Onduleurs Huawei","slug":"huawei"}],"_links":{"self":[{"href":"https:\/\/fvcomponentes.com\/fr\/wp-json\/wp\/v2\/product\/13529","targetHints":{"allow":["GET"]}}],"collection":[{"href":"https:\/\/fvcomponentes.com\/fr\/wp-json\/wp\/v2\/product"}],"about":[{"href":"https:\/\/fvcomponentes.com\/fr\/wp-json\/wp\/v2\/types\/product"}],"replies":[{"embeddable":true,"href":"https:\/\/fvcomponentes.com\/fr\/wp-json\/wp\/v2\/comments?post=13529"}],"wp:featuredmedia":[{"embeddable":true,"href":"https:\/\/fvcomponentes.com\/fr\/wp-json\/wp\/v2\/media\/13530"}],"wp:attachment":[{"href":"https:\/\/fvcomponentes.com\/fr\/wp-json\/wp\/v2\/media?parent=13529"}],"wp:term":[{"taxonomy":"pwb-brand","embeddable":true,"href":"https:\/\/fvcomponentes.com\/fr\/wp-json\/wp\/v2\/pwb-brand?post=13529"},{"taxonomy":"product_brand","embeddable":true,"href":"https:\/\/fvcomponentes.com\/fr\/wp-json\/wp\/v2\/product_brand?post=13529"},{"taxonomy":"product_cat","embeddable":true,"href":"https:\/\/fvcomponentes.com\/fr\/wp-json\/wp\/v2\/product_cat?post=13529"},{"taxonomy":"product_tag","embeddable":true,"href":"https:\/\/fvcomponentes.com\/fr\/wp-json\/wp\/v2\/product_tag?post=13529"}],"curies":[{"name":"wp","href":"https:\/\/api.w.org\/{rel}","templated":true}]}}