{"id":13441,"date":"2024-04-18T08:41:02","date_gmt":"2024-04-18T06:41:02","guid":{"rendered":"https:\/\/fvcomponentes.com\/?post_type=product&#038;p=13441"},"modified":"2026-03-30T12:17:11","modified_gmt":"2026-03-30T10:17:11","slug":"module-bms-huawei-luna2000-5kw-co-power-module-01074646-004","status":"publish","type":"product","link":"https:\/\/fvcomponentes.com\/fr\/producto\/modulo-bms-huawei-luna2000-5kw-co-power-module-01074646-004-2\/","title":{"rendered":"Huawei Luna2000 5kW CO Power Module BMS Module - 01074646-004"},"content":{"rendered":"<h2>Huawei Luna2000 5kW CO Power Module BMS Module - 01074646-004<\/h2>\n<p>La batterie au lithium Huawei Luna2000 est une batterie haute tension compatible avec la gamme d'onduleurs hybrides Huawei KTL monophas\u00e9 L1 et KTL triphas\u00e9 M1. Chaque batterie se compose d'un module de puissance Huawei Luna2000 5kW CO - 01074646-004 et d'un ou plusieurs modules de batterie. La batterie Huawei Luna a un indice de protection IP66, une garantie fabricant de 10 ans et est \u00e9volutive, de sorte que vous pouvez \u00e9tendre le syst\u00e8me jusqu'\u00e0 un maximum de 30kWh de capacit\u00e9 de stockage totale.<\/p>\n<p><img fetchpriority=\"high\" decoding=\"async\" class=\"size-full wp-image-13438\" src=\"https:\/\/fvcomponentes.com\/wp-content\/uploads\/2024\/04\/Bateria-de-Litio-Huawei-Luna2000-5kWh.png\" alt=\"Huawei Luna2000 Batterie au lithium 5kWh\" width=\"786\" height=\"402\" title=\"\"><\/p>\n<h2>Huawei Luna2000 5kW CO Power Module BMS Module - 01074646-004<\/h2>\n<h2>: Caract\u00e9ristiques<\/h2>\n<ul>\n<li><a href=\"https:\/\/fvcomponentes.com\/fr\/produit\/modulo-de-bateria-de-litio-huawei-luna2000-5kwh-01074643-012\/\" target=\"_blank\" rel=\"noopener\"><strong>N\u00e9cessite un \u00e0 trois modules de batterie au lithium Huawei Luna2000 5kWh - 01074643-012<\/strong><\/a><\/li>\n<li>Module de contr\u00f4le de la base et de la batterie<\/li>\n<li>Contr\u00f4le 1 \u00e0 3 modules de batterie (35-017885)<\/li>\n<li>Jusqu'\u00e0 trois modules de batterie par module BMS<\/li>\n<li>Jusqu'\u00e0 deux \u00e9l\u00e9ments de batterie par onduleur et jusqu'\u00e0 trois onduleurs de batterie par syst\u00e8me<\/li>\n<li>Dimensions du module Huawei Luna2000 BMS : 670 x 150 x 240 mm<\/li>\n<li>Poids du module de batterie Huawei Luna : 12 kg<\/li>\n<li>Garantie du module BMS Huawei Luna2000 5kW : 10 ans (conform\u00e9ment aux exigences du fabricant)<\/li>\n<\/ul>\n<h2>Compatibilit\u00e9 de la batterie du Huawei Luna 2000<\/h2>\n<p>La batterie au lithium Huawei Luna2000 est compatible avec la gamme d'onduleurs monophas\u00e9s KTL L1 de 2 \u00e0 6 kW et les onduleurs triphas\u00e9s KTL-M1 de 3 \u00e0 10 kW. La communication avec l'onduleur se fait par RS485 et il int\u00e8gre \u00e9galement une connexion CAN pour un fonctionnement en parall\u00e8le. Il dispose d'un petit \u00e9cran qui indique l'\u00e9tat de charge et d'une LED qui indique l'\u00e9tat de fonctionnement.<\/p>\n<h2>Installation facile<\/h2>\n<p>Sa conception permet une installation et une mise en service rapides et faciles. Tous les appareils connect\u00e9s peuvent \u00eatre d\u00e9tect\u00e9s automatiquement avec l'application FusionSolar de Huawei, ce qui augmente le degr\u00e9 de contr\u00f4le de l'installation.<\/p>\n<h2>\u00c9volutif<\/h2>\n<p>La batterie au lithium Huawei Luna2000 permet d'augmenter la puissance et la capacit\u00e9. Il est possible de connecter en parall\u00e8le jusqu'\u00e0 deux modules BMS Huawei Luna2000 5kW CO Power Module. Un module de contr\u00f4le de la puissance prend en charge un maximum de 3 modules Huawei Luna2000 5kWh Lithium Battery - 01074643-012.<\/p>\n<p><img decoding=\"async\" class=\"size-full wp-image-13378\" src=\"https:\/\/fvcomponentes.com\/wp-content\/uploads\/2024\/04\/Captura-de-pantalla-2024-04-16-183146-1.png\" alt=\"Huawei Luna2000 Batterie Lithium 5kWh + BMS - LUNA2000-5-S0\" width=\"871\" height=\"646\" title=\"\"><\/p>\n<h2>Huawei Luna2000 5kW CO Power Module BMS Module Datasheet - 01074646-004<\/h2>\n<p><a href=\"https:\/\/fvcomponentes.com\/wp-content\/uploads\/2024\/04\/Huawei_TDS_LUNA2000_ES.pdf\" target=\"_blank\" rel=\"noopener\">Voir la fiche technique du Huawei Luna2000 5kW CO Power Module BMS Module - 01074646-004<\/a><\/p>","protected":false},"excerpt":{"rendered":"<div>\n<p><a href=\"https:\/\/fvcomponentes.com\/fr\/produit\/modulo-de-bateria-de-litio-huawei-luna2000-5kwh-01074643-012\/\" target=\"_blank\" rel=\"noopener\"><strong>N\u00e9cessite un \u00e0 trois modules de batterie au lithium Huawei Luna2000 5kWh - 01074643-012<\/strong><\/a><\/p>\n<\/div>\n<div class=\"baywa-details-fields\"><strong><span class=\"baywa-details-label\">Module de contr\u00f4le de la base et de la batterie<br \/>\nType de batterie\u00a0<\/span><\/strong><span class=\"baywa-details-values\"> DC Haute tension<br \/>\n<\/span><strong><span class=\"baywa-details-label\">Protection IP\u00a0<\/span><\/strong><span class=\"baywa-details-values\"> IP66<\/span><\/div>\n<div class=\"baywa-details-fields\"><strong><span class=\"baywa-details-label\">Communication\u00a0<\/span><\/strong><span class=\"baywa-details-values\">CAN (Inv),RS485 (Inv)<\/span><\/div>\n<div class=\"baywa-details-fields\">\n<p>Contr\u00f4le 1 \u00e0 3 modules de batterie (35-017885)<br \/>\nJusqu'\u00e0 trois modules de batterie par module BMS<br \/>\nJusqu'\u00e0 deux \u00e9l\u00e9ments de batterie par onduleur et jusqu'\u00e0 trois onduleurs de batterie par syst\u00e8me<\/p>\n<\/div>","protected":false},"featured_media":13442,"comment_status":"closed","ping_status":"closed","template":"","meta":{"site-sidebar-layout":"default","site-content-layout":"","ast-site-content-layout":"default","site-content-style":"default","site-sidebar-style":"default","ast-global-header-display":"","ast-banner-title-visibility":"","ast-main-header-display":"","ast-hfb-above-header-display":"","ast-hfb-below-header-display":"","ast-hfb-mobile-header-display":"","site-post-title":"","ast-breadcrumbs-content":"","ast-featured-img":"","footer-sml-layout":"","ast-disable-related-posts":"","theme-transparent-header-meta":"default","adv-header-id-meta":"","stick-header-meta":"","header-above-stick-meta":"","header-main-stick-meta":"","header-below-stick-meta":"","astra-migrate-meta-layouts":"set","ast-page-background-enabled":"default","ast-page-background-meta":{"desktop":{"background-color":"var(--ast-global-color-4)","background-image":"","background-repeat":"repeat","background-position":"center center","background-size":"auto","background-attachment":"scroll","background-type":"","background-media":"","overlay-type":"","overlay-color":"","overlay-opacity":"","overlay-gradient":""},"tablet":{"background-color":"","background-image":"","background-repeat":"repeat","background-position":"center center","background-size":"auto","background-attachment":"scroll","background-type":"","background-media":"","overlay-type":"","overlay-color":"","overlay-opacity":"","overlay-gradient":""},"mobile":{"background-color":"","background-image":"","background-repeat":"repeat","background-position":"center center","background-size":"auto","background-attachment":"scroll","background-type":"","background-media":"","overlay-type":"","overlay-color":"","overlay-opacity":"","overlay-gradient":""}},"ast-content-background-meta":{"desktop":{"background-color":"var(--ast-global-color-5)","background-image":"","background-repeat":"repeat","background-position":"center center","background-size":"auto","background-attachment":"scroll","background-type":"","background-media":"","overlay-type":"","overlay-color":"","overlay-opacity":"","overlay-gradient":""},"tablet":{"background-color":"var(--ast-global-color-5)","background-image":"","background-repeat":"repeat","background-position":"center center","background-size":"auto","background-attachment":"scroll","background-type":"","background-media":"","overlay-type":"","overlay-color":"","overlay-opacity":"","overlay-gradient":""},"mobile":{"background-color":"var(--ast-global-color-5)","background-image":"","background-repeat":"repeat","background-position":"center center","background-size":"auto","background-attachment":"scroll","background-type":"","background-media":"","overlay-type":"","overlay-color":"","overlay-opacity":"","overlay-gradient":""}}},"pwb-brand":[381],"product_brand":[],"product_cat":[340,379],"product_tag":[],"class_list":{"0":"post-13441","1":"product","2":"type-product","3":"status-publish","4":"has-post-thumbnail","6":"pwb-brand-huawei","7":"product_cat-baterias","8":"product_cat-baterias-de-litio-de-alto-voltaje","9":"product_shipping_class-baterias","10":"desktop-align-left","11":"tablet-align-left","12":"mobile-align-left","13":"ast-product-gallery-layout-horizontal-slider","14":"ast-product-gallery-with-no-image","15":"ast-product-tabs-layout-horizontal","17":"first","18":"instock","19":"taxable","20":"shipping-taxable","21":"purchasable","22":"product-type-simple"},"wcpa_form_fields":null,"brands":[{"id":381,"name":"Onduleurs Huawei","slug":"huawei"}],"_links":{"self":[{"href":"https:\/\/fvcomponentes.com\/fr\/wp-json\/wp\/v2\/product\/13441","targetHints":{"allow":["GET"]}}],"collection":[{"href":"https:\/\/fvcomponentes.com\/fr\/wp-json\/wp\/v2\/product"}],"about":[{"href":"https:\/\/fvcomponentes.com\/fr\/wp-json\/wp\/v2\/types\/product"}],"replies":[{"embeddable":true,"href":"https:\/\/fvcomponentes.com\/fr\/wp-json\/wp\/v2\/comments?post=13441"}],"wp:featuredmedia":[{"embeddable":true,"href":"https:\/\/fvcomponentes.com\/fr\/wp-json\/wp\/v2\/media\/13442"}],"wp:attachment":[{"href":"https:\/\/fvcomponentes.com\/fr\/wp-json\/wp\/v2\/media?parent=13441"}],"wp:term":[{"taxonomy":"pwb-brand","embeddable":true,"href":"https:\/\/fvcomponentes.com\/fr\/wp-json\/wp\/v2\/pwb-brand?post=13441"},{"taxonomy":"product_brand","embeddable":true,"href":"https:\/\/fvcomponentes.com\/fr\/wp-json\/wp\/v2\/product_brand?post=13441"},{"taxonomy":"product_cat","embeddable":true,"href":"https:\/\/fvcomponentes.com\/fr\/wp-json\/wp\/v2\/product_cat?post=13441"},{"taxonomy":"product_tag","embeddable":true,"href":"https:\/\/fvcomponentes.com\/fr\/wp-json\/wp\/v2\/product_tag?post=13441"}],"curies":[{"name":"wp","href":"https:\/\/api.w.org\/{rel}","templated":true}]}}