{"id":13373,"date":"2024-04-16T18:27:41","date_gmt":"2024-04-16T16:27:41","guid":{"rendered":"https:\/\/fvcomponentes.com\/?post_type=product&#038;p=13373"},"modified":"2025-04-25T15:03:23","modified_gmt":"2025-04-25T13:03:23","slug":"batterie-lithium-huawei-luna2000-5kwh-bms-luna2000-5-s0","status":"publish","type":"product","link":"https:\/\/fvcomponentes.com\/fr\/producto\/bateria-de-litio-huawei-luna2000-5kwh-bms-luna2000-5-s0\/","title":{"rendered":"Huawei Luna2000 Batterie Lithium 5kWh + BMS - LUNA2000-5-S0"},"content":{"rendered":"<h2>Huawei Luna2000 Batterie Lithium 5kWh + BMS - LUNA2000-5-S0<\/h2>\n<p>La batterie au lithium Huawei Luna2000 5kWh + BMS - LUNA2000-5-S0 est une batterie haute tension compatible avec la gamme d'onduleurs hybrides Huawei KTL monophas\u00e9 L1 et KTL triphas\u00e9 M1. Chaque batterie se compose d'un module contr\u00f4l\u00e9 par BMS et d'un module d'accumulation de 5 kWh. La Huawei Luna Battery b\u00e9n\u00e9ficie d'un indice de protection IP66, d'une garantie fabricant de 10 ans et est \u00e9volutive, de sorte que vous pouvez \u00e9tendre le syst\u00e8me jusqu'\u00e0 un maximum de 30 kWh de capacit\u00e9 de stockage totale.<\/p>\n<h2>Huawei Luna2000 5kWh Lithium Battery + BMS - LUNA2000-5-S0 : Caract\u00e9ristiques<\/h2>\n<ul>\n<li>Nombre de modules de batterie Huawei Luna : 1<\/li>\n<li>Energie utilisable de la batterie Huawei Luna : 5kWh<\/li>\n<li>Puissance maximale de la batterie Huawei Luna : 2,5 kWh<\/li>\n<li>Puissance maximale de la batterie Huawei Luna : 3,5kWh pendant 10 secondes<\/li>\n<li>Dimensions de la batterie Huawei Luna : 670 x 150 x 600 mm<\/li>\n<li>Huawei Luna Poids de la batterie : 63,8 kg<\/li>\n<li>Garantie de la batterie Huawei Luna : 10 ans (sous r\u00e9serve des exigences du fabricant)<\/li>\n<\/ul>\n<h2>Compatibilit\u00e9 de la batterie du Huawei Luna 2000<\/h2>\n<p>La batterie au lithium Huawei Luna2000 5kWh + BMS - LUNA2000-5-S0 est compatible avec la gamme d'onduleurs monophas\u00e9s KTL L1 de 2 \u00e0 6kW et les onduleurs triphas\u00e9s KTL-M1 de 3 \u00e0 10kW. La communication avec l'onduleur se fait par RS485 et il int\u00e8gre \u00e9galement une connexion CAN pour le fonctionnement en parall\u00e8le. Il dispose d'un petit \u00e9cran qui indique l'\u00e9tat de charge et d'une LED qui indique l'\u00e9tat de fonctionnement.<\/p>\n<h2>Installation facile<\/h2>\n<p>Sa conception permet une installation et une mise en service rapides et faciles. Tous les appareils connect\u00e9s peuvent \u00eatre d\u00e9tect\u00e9s automatiquement avec l'application FusionSolar de Huawei, ce qui augmente le degr\u00e9 de contr\u00f4le de l'installation.<\/p>\n<h2>\u00c9volutif<\/h2>\n<p>La batterie au lithium Huawei Luna2000 5kWh + BMS - LUNA2000-5-S0 permet d'augmenter la puissance et la capacit\u00e9. Deux modules de contr\u00f4le de la puissance peuvent \u00eatre connect\u00e9s en parall\u00e8le. Un module de contr\u00f4le de puissance supporte un maximum de 3 modules d'extension de batterie.<\/p>\n<p><img fetchpriority=\"high\" decoding=\"async\" class=\"size-full wp-image-13378\" src=\"https:\/\/fvcomponentes.com\/wp-content\/uploads\/2024\/04\/Captura-de-pantalla-2024-04-16-183146-1.png\" alt=\"Huawei Luna2000 Batterie Lithium 5kWh + BMS - LUNA2000-5-S0\" width=\"871\" height=\"646\" title=\"\"><\/p>\n<h2>Huawei Luna2000 5kWh Lithium Battery + BMS - LUNA2000-5-S0 datasheet<\/h2>\n<p><a href=\"https:\/\/fvcomponentes.com\/wp-content\/uploads\/2024\/04\/Huawei_TDS_LUNA2000_ES.pdf\" target=\"_blank\" rel=\"noopener\">Voir la fiche technique Huawei Luna2000 5kWh Lithium Battery + BMS - LUNA2000-5-S0<\/a><\/p>","protected":false},"excerpt":{"rendered":"<div class=\"baywa-details-fields\"><strong><span class=\"baywa-details-label\">Type de batterie\u00a0<\/span><\/strong><span class=\"baywa-details-values\"> DC Haute tension<br \/>\n<\/span><strong><span class=\"baywa-details-label\">Protection IP\u00a0<\/span><\/strong><span class=\"baywa-details-values\"> IP66<\/span><\/div>\n<div class=\"baywa-details-fields\"><strong><span class=\"baywa-details-label\">Communication\u00a0<\/span><\/strong><span class=\"baywa-details-values\">CAN (Inv),RS485 (Inv)<\/span><\/div>\n<div class=\"baywa-details-fields\"><strong><span class=\"baywa-details-label\">\u00c9nergie nominale totale (KWH)\u00a0<\/span><\/strong><span class=\"baywa-details-values\"> 5,0 kWh<br \/>\n<\/span><span class=\"baywa-details-label\"><strong>\u00c9nergie utile (KWH)<\/strong>\u00a0<\/span><span class=\"baywa-details-values\"> 5,0 kWh<\/span><\/div>\n<div class=\"baywa-details-fields\"><span class=\"baywa-details-label\"><strong>Puissance de charge maximale<\/strong> <\/span><span class=\"baywa-details-values\">\u00a02,5 kW<\/span><\/div>\n<div class=\"baywa-details-fields\"><span class=\"baywa-details-label\"><strong>Puissance de d\u00e9charge maximale <\/strong><\/span><span class=\"baywa-details-values\">3,5 kW (10 secondes)<\/span><\/div>\n<div class=\"baywa-details-fields\"><strong><span class=\"baywa-details-label\">\u00c9volutivit\u00e9\u00a0<\/span><\/strong><span class=\"baywa-details-values\"> Modulaire, parall\u00e9lisable jusqu'\u00e0 30 kWh<\/span><\/div>","protected":false},"featured_media":13375,"comment_status":"closed","ping_status":"closed","template":"","meta":{"site-sidebar-layout":"default","site-content-layout":"","ast-site-content-layout":"default","site-content-style":"default","site-sidebar-style":"default","ast-global-header-display":"","ast-banner-title-visibility":"","ast-main-header-display":"","ast-hfb-above-header-display":"","ast-hfb-below-header-display":"","ast-hfb-mobile-header-display":"","site-post-title":"","ast-breadcrumbs-content":"","ast-featured-img":"","footer-sml-layout":"","ast-disable-related-posts":"","theme-transparent-header-meta":"default","adv-header-id-meta":"","stick-header-meta":"","header-above-stick-meta":"","header-main-stick-meta":"","header-below-stick-meta":"","astra-migrate-meta-layouts":"set","ast-page-background-enabled":"default","ast-page-background-meta":{"desktop":{"background-color":"var(--ast-global-color-4)","background-image":"","background-repeat":"repeat","background-position":"center center","background-size":"auto","background-attachment":"scroll","background-type":"","background-media":"","overlay-type":"","overlay-color":"","overlay-opacity":"","overlay-gradient":""},"tablet":{"background-color":"","background-image":"","background-repeat":"repeat","background-position":"center center","background-size":"auto","background-attachment":"scroll","background-type":"","background-media":"","overlay-type":"","overlay-color":"","overlay-opacity":"","overlay-gradient":""},"mobile":{"background-color":"","background-image":"","background-repeat":"repeat","background-position":"center center","background-size":"auto","background-attachment":"scroll","background-type":"","background-media":"","overlay-type":"","overlay-color":"","overlay-opacity":"","overlay-gradient":""}},"ast-content-background-meta":{"desktop":{"background-color":"var(--ast-global-color-5)","background-image":"","background-repeat":"repeat","background-position":"center center","background-size":"auto","background-attachment":"scroll","background-type":"","background-media":"","overlay-type":"","overlay-color":"","overlay-opacity":"","overlay-gradient":""},"tablet":{"background-color":"var(--ast-global-color-5)","background-image":"","background-repeat":"repeat","background-position":"center center","background-size":"auto","background-attachment":"scroll","background-type":"","background-media":"","overlay-type":"","overlay-color":"","overlay-opacity":"","overlay-gradient":""},"mobile":{"background-color":"var(--ast-global-color-5)","background-image":"","background-repeat":"repeat","background-position":"center center","background-size":"auto","background-attachment":"scroll","background-type":"","background-media":"","overlay-type":"","overlay-color":"","overlay-opacity":"","overlay-gradient":""}}},"pwb-brand":[381],"product_brand":[],"product_cat":[340,379],"product_tag":[],"class_list":{"0":"post-13373","1":"product","2":"type-product","3":"status-publish","4":"has-post-thumbnail","6":"pwb-brand-huawei","7":"product_cat-baterias","8":"product_cat-baterias-de-litio-de-alto-voltaje","9":"product_shipping_class-baterias","10":"desktop-align-left","11":"tablet-align-left","12":"mobile-align-left","13":"ast-product-gallery-layout-horizontal-slider","14":"ast-product-gallery-with-no-image","15":"ast-product-tabs-layout-horizontal","17":"first","18":"instock","19":"taxable","20":"shipping-taxable","21":"purchasable","22":"product-type-yith_bundle"},"wcpa_form_fields":null,"brands":[{"id":381,"name":"Onduleurs Huawei","slug":"huawei"}],"_links":{"self":[{"href":"https:\/\/fvcomponentes.com\/fr\/wp-json\/wp\/v2\/product\/13373","targetHints":{"allow":["GET"]}}],"collection":[{"href":"https:\/\/fvcomponentes.com\/fr\/wp-json\/wp\/v2\/product"}],"about":[{"href":"https:\/\/fvcomponentes.com\/fr\/wp-json\/wp\/v2\/types\/product"}],"replies":[{"embeddable":true,"href":"https:\/\/fvcomponentes.com\/fr\/wp-json\/wp\/v2\/comments?post=13373"}],"wp:featuredmedia":[{"embeddable":true,"href":"https:\/\/fvcomponentes.com\/fr\/wp-json\/wp\/v2\/media\/13375"}],"wp:attachment":[{"href":"https:\/\/fvcomponentes.com\/fr\/wp-json\/wp\/v2\/media?parent=13373"}],"wp:term":[{"taxonomy":"pwb-brand","embeddable":true,"href":"https:\/\/fvcomponentes.com\/fr\/wp-json\/wp\/v2\/pwb-brand?post=13373"},{"taxonomy":"product_brand","embeddable":true,"href":"https:\/\/fvcomponentes.com\/fr\/wp-json\/wp\/v2\/product_brand?post=13373"},{"taxonomy":"product_cat","embeddable":true,"href":"https:\/\/fvcomponentes.com\/fr\/wp-json\/wp\/v2\/product_cat?post=13373"},{"taxonomy":"product_tag","embeddable":true,"href":"https:\/\/fvcomponentes.com\/fr\/wp-json\/wp\/v2\/product_tag?post=13373"}],"curies":[{"name":"wp","href":"https:\/\/api.w.org\/{rel}","templated":true}]}}