{"id":13340,"date":"2024-04-15T17:31:34","date_gmt":"2024-04-15T15:31:34","guid":{"rendered":"https:\/\/fvcomponentes.com\/?post_type=product&#038;p=13340"},"modified":"2026-03-30T12:16:22","modified_gmt":"2026-03-30T10:16:22","slug":"onduleur-triphase-huawei-sun2000-17k-mb0-01076371-006","status":"publish","type":"product","link":"https:\/\/fvcomponentes.com\/fr\/producto\/inversor-trifasico-huawei-sun2000-17k-mb0-01076371-006-2\/","title":{"rendered":"Onduleur hybride triphas\u00e9 Huawei SUN2000-17K-MB0 - 01076371-006"},"content":{"rendered":"<h2>Onduleur hybride triphas\u00e9 Huawei SUN2000-17K-MB0 - 01076371-006<\/h2>\n<h2>Innovation et efficacit\u00e9 dans le domaine de l'\u00e9nergie solaire<\/h2>\n<p>Avec une capacit\u00e9 de 17 000 W et un rendement de 98,1%, l'onduleur hybride triphas\u00e9 Huawei SUN2000-17K-MB0 est id\u00e9al pour ceux qui recherchent une solution durable et performante.<\/p>\n<h2>Capacit\u00e9 et efficacit\u00e9 \u00e9lev\u00e9es<\/h2>\n<p>L'onduleur triphas\u00e9 Huawei SUN2000-17K-MB0 - 01076371-006 a une puissance de sortie de 17 000 W (AC), ce qui le rend adapt\u00e9 aux installations de taille moyenne, telles que les maisons individuelles \u00e0 forte consommation \u00e9lectrique ou les petites industries. Gr\u00e2ce \u00e0 son rendement \u00e9lev\u00e9 de 98,1%, la majeure partie de l'\u00e9nergie collect\u00e9e par les panneaux solaires est convertie en \u00e9lectricit\u00e9 utilisable, ce qui minimise les pertes d'\u00e9nergie.<\/p>\n<h2>Technologie MPPT avanc\u00e9e<\/h2>\n<p>Il est dot\u00e9 de 2 trackers de puissance maximale (MPPT), ce qui signifie qu'il peut maximiser l'efficacit\u00e9 de la conversion de l'\u00e9nergie dans des conditions d'\u00e9clairage variables, am\u00e9liorant ainsi les performances globales du syst\u00e8me solaire. Il permet de combiner deux groupes de panneaux ayant des orientations ou des inclinaisons diff\u00e9rentes.<\/p>\n<h2>Compatible avec les batteries Huawei LUNA<\/h2>\n<p>En tant qu'onduleur hybride, il est compatible avec les batteries Huawei LUNA, ce qui vous permet de stocker l'\u00e9nergie solaire pendant la journ\u00e9e pour l'utiliser plus tard la nuit ou par temps nuageux. En compl\u00e9tant votre installation avec des batteries, vous augmentez votre ind\u00e9pendance par rapport au r\u00e9seau et vous vous assurez une \u00e9nergie suppl\u00e9mentaire stock\u00e9e.<\/p>\n<h2>Compatible avec les optimiseurs<\/h2>\n<p>L'onduleur est compatible avec les optimiseurs de puissance Huawei. Les optimiseurs fonctionnent en conjonction avec les panneaux solaires pour am\u00e9liorer la production d'\u00e9nergie dans les situations o\u00f9 les panneaux sont affect\u00e9s par l'ombre ou la salet\u00e9. En minimisant les effets de ces obstacles, les optimiseurs garantissent que votre syst\u00e8me solaire fonctionne avec une efficacit\u00e9 maximale et une puissance constante.<\/p>\n<h2>Onduleur hybride triphas\u00e9 Huawei SUN2000-17K-MB0 : robuste et fiable<\/h2>\n<p>Avec un indice de protection IP66, l'onduleur est con\u00e7u pour r\u00e9sister \u00e0 des conditions environnementales difficiles, ce qui garantit des performances fiables et durables. Il peut fonctionner \u00e0 l'ext\u00e9rieur sans d\u00e9t\u00e9rioration, car il est \u00e9tanche \u00e0 la poussi\u00e8re et prot\u00e9g\u00e9 contre les jets d'eau. Sa conception robuste comprend des connecteurs DC MC4, r\u00e9put\u00e9s pour leur fiabilit\u00e9 et leur s\u00e9curit\u00e9.<\/p>\n<h2>Garantie<\/h2>\n<p>Les onduleurs Huawei SUN2000 b\u00e9n\u00e9ficient d'une garantie standard de 10 ans et de la possibilit\u00e9 de la prolonger jusqu'\u00e0 15 ou 20 ans.<\/p>\n<h2>Fiche technique et manuel de l'onduleur hybride triphas\u00e9 Huawei SUN2000-17K-MB0 - 01076371-006<\/h2>\n<p><a href=\"https:\/\/fvcomponentes.com\/wp-content\/uploads\/2025\/11\/SUN2000-12_15_17_20_25K-MB0_ES.pdf\" target=\"_blank\" rel=\"noopener\">Voir la fiche technique de l'onduleur hybride triphas\u00e9 Huawei SUN2000-17K-MB0 - 01076371-006<\/a><\/p>\n<p><a href=\"https:\/\/fvcomponentes.com\/wp-content\/uploads\/2025\/11\/ES_Manual_SUN2000_12-25K-MBO.pdf\" target=\"_blank\" rel=\"noopener\">Voir le manuel de l'onduleur hybride triphas\u00e9 Huawei SUN2000-17K-MB0 - 01076371-006<\/a><\/p>","protected":false},"excerpt":{"rendered":"<p><strong>Puissance nominale : <\/strong>17000W<strong><br \/>\n\u00c9nergie solaire recommand\u00e9e pour les champs :<\/strong> 25500Wp<br \/>\n<strong>Courant d'entr\u00e9e maximum par MPPT :<\/strong> 30 A (2 cordes) \/ 20 A (1 corde)<br \/>\n<strong>Tension de d\u00e9marrage :<\/strong> 200 V<br \/>\n<strong><span class=\"baywa-details-values\"><span class=\"baywa-details-label\">Garantie du produit<\/span>\u00a0<\/span><\/strong><span class=\"baywa-details-values\">10 ans<\/span><strong><span class=\"baywa-details-values\"><br \/>\nCompatible avec :<\/span><\/strong><\/p>\n<ul>\n<li>Optimiseurs SUN2000-450W-P2, SUN2000-600W-P<\/li>\n<li>Batteries Huawei LUNA2000 S0 et S1<\/li>\n<li>Dongle intelligent-4G<\/li>\n<\/ul>","protected":false},"featured_media":13335,"comment_status":"closed","ping_status":"closed","template":"","meta":{"site-sidebar-layout":"default","site-content-layout":"","ast-site-content-layout":"default","site-content-style":"default","site-sidebar-style":"default","ast-global-header-display":"","ast-banner-title-visibility":"","ast-main-header-display":"","ast-hfb-above-header-display":"","ast-hfb-below-header-display":"","ast-hfb-mobile-header-display":"","site-post-title":"","ast-breadcrumbs-content":"","ast-featured-img":"","footer-sml-layout":"","ast-disable-related-posts":"","theme-transparent-header-meta":"default","adv-header-id-meta":"","stick-header-meta":"","header-above-stick-meta":"","header-main-stick-meta":"","header-below-stick-meta":"","astra-migrate-meta-layouts":"set","ast-page-background-enabled":"default","ast-page-background-meta":{"desktop":{"background-color":"var(--ast-global-color-4)","background-image":"","background-repeat":"repeat","background-position":"center center","background-size":"auto","background-attachment":"scroll","background-type":"","background-media":"","overlay-type":"","overlay-color":"","overlay-opacity":"","overlay-gradient":""},"tablet":{"background-color":"","background-image":"","background-repeat":"repeat","background-position":"center center","background-size":"auto","background-attachment":"scroll","background-type":"","background-media":"","overlay-type":"","overlay-color":"","overlay-opacity":"","overlay-gradient":""},"mobile":{"background-color":"","background-image":"","background-repeat":"repeat","background-position":"center center","background-size":"auto","background-attachment":"scroll","background-type":"","background-media":"","overlay-type":"","overlay-color":"","overlay-opacity":"","overlay-gradient":""}},"ast-content-background-meta":{"desktop":{"background-color":"var(--ast-global-color-5)","background-image":"","background-repeat":"repeat","background-position":"center center","background-size":"auto","background-attachment":"scroll","background-type":"","background-media":"","overlay-type":"","overlay-color":"","overlay-opacity":"","overlay-gradient":""},"tablet":{"background-color":"var(--ast-global-color-5)","background-image":"","background-repeat":"repeat","background-position":"center center","background-size":"auto","background-attachment":"scroll","background-type":"","background-media":"","overlay-type":"","overlay-color":"","overlay-opacity":"","overlay-gradient":""},"mobile":{"background-color":"var(--ast-global-color-5)","background-image":"","background-repeat":"repeat","background-position":"center center","background-size":"auto","background-attachment":"scroll","background-type":"","background-media":"","overlay-type":"","overlay-color":"","overlay-opacity":"","overlay-gradient":""}}},"pwb-brand":[381],"product_brand":[],"product_cat":[333,359,923],"product_tag":[],"class_list":{"0":"post-13340","1":"product","2":"type-product","3":"status-publish","4":"has-post-thumbnail","6":"pwb-brand-huawei","7":"product_cat-inversores","8":"product_cat-inversores-autoconsumo-hibridos","9":"product_cat-inversores-autoconsumo-hibridos-trifasicos","10":"desktop-align-left","11":"tablet-align-left","12":"mobile-align-left","13":"ast-product-gallery-layout-horizontal-slider","14":"ast-product-tabs-layout-horizontal","16":"first","17":"instock","18":"taxable","19":"shipping-taxable","20":"purchasable","21":"product-type-simple"},"wcpa_form_fields":null,"brands":[{"id":381,"name":"Onduleurs Huawei","slug":"huawei"}],"_links":{"self":[{"href":"https:\/\/fvcomponentes.com\/fr\/wp-json\/wp\/v2\/product\/13340","targetHints":{"allow":["GET"]}}],"collection":[{"href":"https:\/\/fvcomponentes.com\/fr\/wp-json\/wp\/v2\/product"}],"about":[{"href":"https:\/\/fvcomponentes.com\/fr\/wp-json\/wp\/v2\/types\/product"}],"replies":[{"embeddable":true,"href":"https:\/\/fvcomponentes.com\/fr\/wp-json\/wp\/v2\/comments?post=13340"}],"wp:featuredmedia":[{"embeddable":true,"href":"https:\/\/fvcomponentes.com\/fr\/wp-json\/wp\/v2\/media\/13335"}],"wp:attachment":[{"href":"https:\/\/fvcomponentes.com\/fr\/wp-json\/wp\/v2\/media?parent=13340"}],"wp:term":[{"taxonomy":"pwb-brand","embeddable":true,"href":"https:\/\/fvcomponentes.com\/fr\/wp-json\/wp\/v2\/pwb-brand?post=13340"},{"taxonomy":"product_brand","embeddable":true,"href":"https:\/\/fvcomponentes.com\/fr\/wp-json\/wp\/v2\/product_brand?post=13340"},{"taxonomy":"product_cat","embeddable":true,"href":"https:\/\/fvcomponentes.com\/fr\/wp-json\/wp\/v2\/product_cat?post=13340"},{"taxonomy":"product_tag","embeddable":true,"href":"https:\/\/fvcomponentes.com\/fr\/wp-json\/wp\/v2\/product_tag?post=13340"}],"curies":[{"name":"wp","href":"https:\/\/api.w.org\/{rel}","templated":true}]}}