{"id":13215,"date":"2024-04-09T17:07:02","date_gmt":"2024-04-09T15:07:02","guid":{"rendered":"https:\/\/fvcomponentes.com\/?post_type=product&#038;p=13215"},"modified":"2026-03-30T12:15:40","modified_gmt":"2026-03-30T10:15:40","slug":"onduleur-hybride-monophase-huawei-sun2000-10k-lc0-01076593","status":"publish","type":"product","link":"https:\/\/fvcomponentes.com\/fr\/producto\/inversor-huawei-sun2000-10k-lc0-hibrido-monofasico-01076593\/","title":{"rendered":"Onduleur hybride monophas\u00e9 Huawei SUN2000 10K LC0 - 01076593"},"content":{"rendered":"<h2>Onduleur Huawei SUN2000-10K-LC0 hybride monophas\u00e9 - 01076593<\/h2>\n<p>Les nouveaux onduleurs de la s\u00e9rie Huawei SUN2000-K-LC0, tels que l'onduleur hybride monophas\u00e9 Huawei SUN2000-10K-LC0 - 01076593, sont la solution id\u00e9ale pour r\u00e9pondre \u00e0 la demande actuelle d'onduleurs r\u00e9sidentiels de grande puissance. Avec des versions de 8 et 10 kW avec 3 MPPT et compatibles avec les batteries LUNA2000 de Huawei, ils offrent une grande flexibilit\u00e9 pour les installations r\u00e9sidentielles et industrielles connect\u00e9es au r\u00e9seau.<\/p>\n<p>La gamme Huawei SUN2000-8\/10K-LC0 comprend deux appareils de 8 ou 10 kW. Cet onduleur monophas\u00e9 est dot\u00e9 d'une intelligence artificielle innovante pour la d\u00e9tection des arcs \u00e9lectriques et d'un rendement maximal de 98,1%. Compatible avec les modules PV \u00e0 courant \u00e9lev\u00e9 (16A), il offre jusqu'\u00e0 3 MPPT avec des entr\u00e9es individuelles et la possibilit\u00e9 de doubler la puissance avec la batterie. Ils sont compatibles avec la gamme monophas\u00e9e SUN2000-2\/3\/3,68\/4\/4,6\/5\/6KTL-L1 et avec les optimiseurs P450\/P600.<\/p>\n<p>Sa conception l\u00e9g\u00e8re, pesant moins de 15 kg, facilite l'installation individuelle et prend en charge une vari\u00e9t\u00e9 de communications telles que le WLAN, l'Ethernet et la 4G\/3G\/2G.<\/p>\n<h2>Modes de fonctionnement<\/h2>\n<p>Le SUN2000 peut fonctionner en mode veille, en mode marche ou en mode arr\u00eat.<\/p>\n<p>Standby : Le SUN2000 entre en mode Standby lorsque l'environnement externe ne r\u00e9pond pas aux exigences de fonctionnement. Mode veille :<\/p>\n<ul>\n<li>Le SUN2000 effectue en permanence un contr\u00f4le d'\u00e9tat et passe en mode op\u00e9rationnel une fois que les exigences op\u00e9rationnelles sont satisfaites.<\/li>\n<li>Le SUN2000 entre en mode arr\u00eat apr\u00e8s avoir d\u00e9tect\u00e9 une commande d'arr\u00eat ou une erreur apr\u00e8s le d\u00e9marrage.<\/li>\n<\/ul>\n<p>Fonctionnement :<\/p>\n<ul>\n<li>Le SUN2000 convertit le courant continu des cha\u00eenes de panneaux photovolta\u00efques en courant alternatif et le fournit au r\u00e9seau.<\/li>\n<li>Le SUN2000 suit le point de puissance maximale afin de maximiser la production des panneaux photovolta\u00efques.<\/li>\n<li>Si le SUN2000 d\u00e9tecte un d\u00e9faut ou une commande d'arr\u00eat, il entre en mode arr\u00eat.<\/li>\n<li>Le SUN2000 passe en mode veille apr\u00e8s avoir d\u00e9tect\u00e9 que la puissance des panneaux photovolta\u00efques n'est pas suffisante pour se connecter au r\u00e9seau et produire de l'\u00e9lectricit\u00e9.<\/li>\n<\/ul>\n<p>Hors :<\/p>\n<ul>\n<li>En mode Standby ou Run, le SUN2000 passe en mode Shutdown apr\u00e8s avoir d\u00e9tect\u00e9 un d\u00e9faut ou une commande d'arr\u00eat.<\/li>\n<li>En mode arr\u00eat, le SUN2000 passe en mode veille apr\u00e8s la d\u00e9tection d'une commande de d\u00e9marrage ou la correction du d\u00e9faut.<\/li>\n<\/ul>\n<h2>Protection de l'environnement<\/h2>\n<p>L'onduleur est prot\u00e9g\u00e9 par la norme IP66 et peut \u00eatre install\u00e9 \u00e0 l'int\u00e9rieur comme \u00e0 l'ext\u00e9rieur.<\/p>\n<h2>Fiche technique et manuel de l'onduleur hybride monophas\u00e9 Huawei SUN2000-10K-LC0 - 01076593<\/h2>\n<p><a href=\"https:\/\/fvcomponentes.com\/wp-content\/uploads\/2025\/11\/Huawei_TDS_SUN2000-8-10KTL-LC0_ES.pdf\" target=\"_blank\" rel=\"noopener\">Voir la fiche technique provisoire de l'onduleur hybride monophas\u00e9 Huawei SUN2000-10K-LC0 - 01076593<\/a><\/p>\n<p><a href=\"https:\/\/fvcomponentes.com\/wp-content\/uploads\/2025\/11\/HUAWEI-SUN2000-8-10KTL-LC0-MANUAL-ES.pdf\" target=\"_blank\" rel=\"noopener\">View Huawei SUN2000-10K-LC0 Single Phase Hybrid Inverter manual - 01076593<\/a><\/p>","protected":false},"excerpt":{"rendered":"<p><span class=\"baywa-details-label\"><strong>Puissance nominale<\/strong>\u00a0<\/span><span class=\"baywa-details-values\"> 10kW<br \/>\n<\/span><strong>Puissance photovolta\u00efque maximale recommand\u00e9e :<\/strong> 15kW<br \/>\n<span class=\"baywa-details-label\"><strong>Protection IP<\/strong>\u00a0<\/span><span class=\"baywa-details-values\">\u00a0IP66<br \/>\n<span class=\"baywa-details-label\"><strong>MPPT<\/strong>\u00a0<\/span>\u00a03<br \/>\n<\/span><strong><span class=\"baywa-details-values\"><span class=\"baywa-details-label\">Garantie du produit<\/span>\u00a0<\/span><\/strong><span class=\"baywa-details-values\">10 ans<\/span><strong><span class=\"baywa-details-values\"><br \/>\nCompatible avec :<\/span><\/strong><\/p>\n<ul>\n<li>Optimiseurs SUN2000-450W-P2, SUN2000-600W-P<\/li>\n<li>LUNA2000-5\/10\/15-S0 Batteries<\/li>\n<li>Dongle intelligent-4G<\/li>\n<\/ul>","protected":false},"featured_media":13217,"comment_status":"closed","ping_status":"closed","template":"","meta":{"site-sidebar-layout":"default","site-content-layout":"","ast-site-content-layout":"default","site-content-style":"default","site-sidebar-style":"default","ast-global-header-display":"","ast-banner-title-visibility":"","ast-main-header-display":"","ast-hfb-above-header-display":"","ast-hfb-below-header-display":"","ast-hfb-mobile-header-display":"","site-post-title":"","ast-breadcrumbs-content":"","ast-featured-img":"","footer-sml-layout":"","ast-disable-related-posts":"","theme-transparent-header-meta":"default","adv-header-id-meta":"","stick-header-meta":"","header-above-stick-meta":"","header-main-stick-meta":"","header-below-stick-meta":"","astra-migrate-meta-layouts":"set","ast-page-background-enabled":"default","ast-page-background-meta":{"desktop":{"background-color":"var(--ast-global-color-4)","background-image":"","background-repeat":"repeat","background-position":"center center","background-size":"auto","background-attachment":"scroll","background-type":"","background-media":"","overlay-type":"","overlay-color":"","overlay-opacity":"","overlay-gradient":""},"tablet":{"background-color":"","background-image":"","background-repeat":"repeat","background-position":"center center","background-size":"auto","background-attachment":"scroll","background-type":"","background-media":"","overlay-type":"","overlay-color":"","overlay-opacity":"","overlay-gradient":""},"mobile":{"background-color":"","background-image":"","background-repeat":"repeat","background-position":"center center","background-size":"auto","background-attachment":"scroll","background-type":"","background-media":"","overlay-type":"","overlay-color":"","overlay-opacity":"","overlay-gradient":""}},"ast-content-background-meta":{"desktop":{"background-color":"var(--ast-global-color-5)","background-image":"","background-repeat":"repeat","background-position":"center center","background-size":"auto","background-attachment":"scroll","background-type":"","background-media":"","overlay-type":"","overlay-color":"","overlay-opacity":"","overlay-gradient":""},"tablet":{"background-color":"var(--ast-global-color-5)","background-image":"","background-repeat":"repeat","background-position":"center center","background-size":"auto","background-attachment":"scroll","background-type":"","background-media":"","overlay-type":"","overlay-color":"","overlay-opacity":"","overlay-gradient":""},"mobile":{"background-color":"var(--ast-global-color-5)","background-image":"","background-repeat":"repeat","background-position":"center center","background-size":"auto","background-attachment":"scroll","background-type":"","background-media":"","overlay-type":"","overlay-color":"","overlay-opacity":"","overlay-gradient":""}}},"pwb-brand":[381],"product_brand":[],"product_cat":[333,359,924],"product_tag":[],"class_list":{"0":"post-13215","1":"product","2":"type-product","3":"status-publish","4":"has-post-thumbnail","6":"pwb-brand-huawei","7":"product_cat-inversores","8":"product_cat-inversores-autoconsumo-hibridos","9":"product_cat-inversores-autoconsumo-hibridos-monofasicos","10":"desktop-align-left","11":"tablet-align-left","12":"mobile-align-left","13":"ast-product-gallery-layout-horizontal-slider","14":"ast-product-gallery-with-no-image","15":"ast-product-tabs-layout-horizontal","17":"first","18":"instock","19":"taxable","20":"shipping-taxable","21":"purchasable","22":"product-type-simple"},"wcpa_form_fields":null,"brands":[{"id":381,"name":"Onduleurs Huawei","slug":"huawei"}],"_links":{"self":[{"href":"https:\/\/fvcomponentes.com\/fr\/wp-json\/wp\/v2\/product\/13215","targetHints":{"allow":["GET"]}}],"collection":[{"href":"https:\/\/fvcomponentes.com\/fr\/wp-json\/wp\/v2\/product"}],"about":[{"href":"https:\/\/fvcomponentes.com\/fr\/wp-json\/wp\/v2\/types\/product"}],"replies":[{"embeddable":true,"href":"https:\/\/fvcomponentes.com\/fr\/wp-json\/wp\/v2\/comments?post=13215"}],"wp:featuredmedia":[{"embeddable":true,"href":"https:\/\/fvcomponentes.com\/fr\/wp-json\/wp\/v2\/media\/13217"}],"wp:attachment":[{"href":"https:\/\/fvcomponentes.com\/fr\/wp-json\/wp\/v2\/media?parent=13215"}],"wp:term":[{"taxonomy":"pwb-brand","embeddable":true,"href":"https:\/\/fvcomponentes.com\/fr\/wp-json\/wp\/v2\/pwb-brand?post=13215"},{"taxonomy":"product_brand","embeddable":true,"href":"https:\/\/fvcomponentes.com\/fr\/wp-json\/wp\/v2\/product_brand?post=13215"},{"taxonomy":"product_cat","embeddable":true,"href":"https:\/\/fvcomponentes.com\/fr\/wp-json\/wp\/v2\/product_cat?post=13215"},{"taxonomy":"product_tag","embeddable":true,"href":"https:\/\/fvcomponentes.com\/fr\/wp-json\/wp\/v2\/product_tag?post=13215"}],"curies":[{"name":"wp","href":"https:\/\/api.w.org\/{rel}","templated":true}]}}