{"id":13027,"date":"2024-03-29T10:34:27","date_gmt":"2024-03-29T09:34:27","guid":{"rendered":"https:\/\/fvcomponentes.com\/?post_type=product&#038;p=13027"},"modified":"2026-02-16T12:06:31","modified_gmt":"2026-02-16T11:06:31","slug":"victron-multiplus-ii-48-3000-pylontech-us5000-stand-alone-solar-kit","status":"publish","type":"product","link":"https:\/\/fvcomponentes.com\/fr\/producto\/kit-solar-aislada-victron-multiplus-ii-48-3000-pylontech-us5000\/","title":{"rendered":"Kit solaire hors r\u00e9seau Victron Multiplus II 48\/3000 + Pylontech US5000 + Cerbo GX"},"content":{"rendered":"<h2>Kit solaire hors r\u00e9seau Victron Multiplus II 3000Va avec batteries au lithium Pylontech.<\/h2>\n<p>Achetez au meilleur prix le kit complet pour votre installation solaire hors r\u00e9seau.<\/p>\n<p>Ce kit solaire hors r\u00e9seau se compose du c\u00e9l\u00e8bre onduleur solaire hors r\u00e9seau Victron Multiplus II 48V et d'une batterie au lithium 48V de Pylontech.<\/p>\n<p>En outre, il comprend les \u00e9l\u00e9ments suivants <a href=\"https:\/\/fvcomponentes.com\/fr\/produit\/victron-cerbo-gx-mk2-bpp900451100-victron-cerbo-mk2-monitor\/\" target=\"_blank\" rel=\"noopener\">Victron Cerbo GX MK2 Monitoring - BPP900451100<\/a> n\u00e9cessaires pour que le syst\u00e8me communique par BUS entre l'onduleur Victron Multiplus II et la batterie au lithium Pylontech US5000.<\/p>\n<h2>Comment configurer votre Victron Multiplus II 48\/5000 + Pylontech US5000<\/h2>\n<p>Si vous voulez savoir\u00a0<a href=\"https:\/\/fvcomponentes.com\/fr\/comment-configurer-votre-victron-multiplus-ii-48-5000-pylontech-us5000\/\">Comment configurer votre Victron Multiplus II 48\/5000 + Pylontech US5000<\/a> cliquez maintenant pour tout savoir !<\/p>","protected":false},"excerpt":{"rendered":"<p>Kit isol\u00e9 avec onduleur Victron Multiplus II 3000Va comprenant les \u00e9l\u00e9ments suivants :<\/p>\n<p>OPTIONNEL : C\u00e2ble Ve.Direct pour communiquer avec l'ordinateur. <a href=\"https:\/\/fvcomponentes.com\/fr\/produit\/victron-cerbo-gx-control-unit-bpp900451100\/\" target=\"_blank\" rel=\"noopener\">CERBO GX<\/a> avec le <a href=\"https:\/\/fvcomponentes.com\/fr\/categorie-de-produits\/regulateurs-de-charge-solaire\/regulateurs-mppt\/\" target=\"_blank\" rel=\"noopener\">Contr\u00f4leur MPPT Victron<\/a>.<\/p>","protected":false},"featured_media":13121,"comment_status":"open","ping_status":"closed","template":"","meta":{"site-sidebar-layout":"default","site-content-layout":"","ast-site-content-layout":"default","site-content-style":"default","site-sidebar-style":"default","ast-global-header-display":"","ast-banner-title-visibility":"","ast-main-header-display":"","ast-hfb-above-header-display":"","ast-hfb-below-header-display":"","ast-hfb-mobile-header-display":"","site-post-title":"","ast-breadcrumbs-content":"","ast-featured-img":"","footer-sml-layout":"","ast-disable-related-posts":"","theme-transparent-header-meta":"default","adv-header-id-meta":"","stick-header-meta":"","header-above-stick-meta":"","header-main-stick-meta":"","header-below-stick-meta":"","astra-migrate-meta-layouts":"set","ast-page-background-enabled":"default","ast-page-background-meta":{"desktop":{"background-color":"var(--ast-global-color-4)","background-image":"","background-repeat":"repeat","background-position":"center center","background-size":"auto","background-attachment":"scroll","background-type":"","background-media":"","overlay-type":"","overlay-color":"","overlay-opacity":"","overlay-gradient":""},"tablet":{"background-color":"","background-image":"","background-repeat":"repeat","background-position":"center center","background-size":"auto","background-attachment":"scroll","background-type":"","background-media":"","overlay-type":"","overlay-color":"","overlay-opacity":"","overlay-gradient":""},"mobile":{"background-color":"","background-image":"","background-repeat":"repeat","background-position":"center center","background-size":"auto","background-attachment":"scroll","background-type":"","background-media":"","overlay-type":"","overlay-color":"","overlay-opacity":"","overlay-gradient":""}},"ast-content-background-meta":{"desktop":{"background-color":"var(--ast-global-color-5)","background-image":"","background-repeat":"repeat","background-position":"center center","background-size":"auto","background-attachment":"scroll","background-type":"","background-media":"","overlay-type":"","overlay-color":"","overlay-opacity":"","overlay-gradient":""},"tablet":{"background-color":"var(--ast-global-color-5)","background-image":"","background-repeat":"repeat","background-position":"center center","background-size":"auto","background-attachment":"scroll","background-type":"","background-media":"","overlay-type":"","overlay-color":"","overlay-opacity":"","overlay-gradient":""},"mobile":{"background-color":"var(--ast-global-color-5)","background-image":"","background-repeat":"repeat","background-position":"center center","background-size":"auto","background-attachment":"scroll","background-type":"","background-media":"","overlay-type":"","overlay-color":"","overlay-opacity":"","overlay-gradient":""}}},"pwb-brand":[332,339],"product_brand":[],"product_cat":[465,464],"product_tag":[],"class_list":{"0":"post-13027","1":"product","2":"type-product","3":"status-publish","4":"has-post-thumbnail","6":"pwb-brand-victron","7":"pwb-brand-pylontech","8":"product_cat-kit-solar-aislada","9":"product_cat-kits-solares","10":"product_shipping_class-baterias","11":"desktop-align-left","12":"tablet-align-left","13":"mobile-align-left","14":"ast-product-gallery-layout-horizontal-slider","15":"ast-product-gallery-with-no-image","16":"ast-product-tabs-layout-horizontal","18":"first","19":"instock","20":"taxable","21":"shipping-taxable","22":"purchasable","23":"product-type-yith_bundle"},"wcpa_form_fields":null,"brands":[{"id":339,"name":"Pylontech Batteries","slug":"pylontech"},{"id":332,"name":"Victron Energy","slug":"victron"}],"_links":{"self":[{"href":"https:\/\/fvcomponentes.com\/fr\/wp-json\/wp\/v2\/product\/13027","targetHints":{"allow":["GET"]}}],"collection":[{"href":"https:\/\/fvcomponentes.com\/fr\/wp-json\/wp\/v2\/product"}],"about":[{"href":"https:\/\/fvcomponentes.com\/fr\/wp-json\/wp\/v2\/types\/product"}],"replies":[{"embeddable":true,"href":"https:\/\/fvcomponentes.com\/fr\/wp-json\/wp\/v2\/comments?post=13027"}],"wp:featuredmedia":[{"embeddable":true,"href":"https:\/\/fvcomponentes.com\/fr\/wp-json\/wp\/v2\/media\/13121"}],"wp:attachment":[{"href":"https:\/\/fvcomponentes.com\/fr\/wp-json\/wp\/v2\/media?parent=13027"}],"wp:term":[{"taxonomy":"pwb-brand","embeddable":true,"href":"https:\/\/fvcomponentes.com\/fr\/wp-json\/wp\/v2\/pwb-brand?post=13027"},{"taxonomy":"product_brand","embeddable":true,"href":"https:\/\/fvcomponentes.com\/fr\/wp-json\/wp\/v2\/product_brand?post=13027"},{"taxonomy":"product_cat","embeddable":true,"href":"https:\/\/fvcomponentes.com\/fr\/wp-json\/wp\/v2\/product_cat?post=13027"},{"taxonomy":"product_tag","embeddable":true,"href":"https:\/\/fvcomponentes.com\/fr\/wp-json\/wp\/v2\/product_tag?post=13027"}],"curies":[{"name":"wp","href":"https:\/\/api.w.org\/{rel}","templated":true}]}}