{"id":12606,"date":"2024-03-07T11:12:41","date_gmt":"2024-03-07T10:12:41","guid":{"rendered":"https:\/\/fvcomponentes.com\/?post_type=product&#038;p=12606"},"modified":"2026-01-12T07:17:04","modified_gmt":"2026-01-12T06:17:04","slug":"victron-design-wiring-calculation","status":"publish","type":"product","link":"https:\/\/fvcomponentes.com\/fr\/producto\/calculo-cableado-diseno-victron\/","title":{"rendered":"Calculs de c\u00e2blage et conception de l'installation Sch\u00e9ma Victron"},"content":{"rendered":"<p>Si vous envisagez d'installer des onduleurs Victron, des batteries au lithium, des convertisseurs Orion et autres... Vous pouvez avoir de nombreux doutes.<\/p>\n<p>Quel c\u00e2ble utiliser ?<\/p>\n<p>Quels fusibles dois-je placer et \u00e0 quel endroit ?<\/p>\n<p>Aurai-je suffisamment d'autonomie dans mon installation ?<\/p>\n<p>Avoir un professionnel avec plus de 15 ans d'exp\u00e9rience pour concevoir des installations avec Victron Energy est un luxe que beaucoup de clients demandaient et maintenant nous le mettons \u00e0 leur disposition.<\/p>\n<p>Afin de \"d\u00e9mocratiser\" l'acc\u00e8s \u00e0 notre partenaire, et compte tenu du fait que son temps co\u00fbte de l'argent, vous pouvez acheter la carte de membre de la Commission europ\u00e9enne. <strong>Calcul du c\u00e2blage Victron et conception du sch\u00e9ma de c\u00e2blage<\/strong>.<\/p>\n<p>Ce service est r\u00e9serv\u00e9 aux clients de FVComponentes.com et limit\u00e9 aux articles fournis.<\/p>","protected":false},"excerpt":{"rendered":"<p>Vous ne savez pas quel c\u00e2ble utiliser dans votre installation, quelles connexions effectuer, avez-vous calcul\u00e9 les fusibles correctement, ai-je assez de batterie, de panneaux, de r\u00e9gulateur... ?<\/p>\n<p>Nous vous proposons les services d'un de nos partenaires ing\u00e9nieurs pour vous aider \u00e0 dimensionner correctement votre installation.<\/p>","protected":false},"featured_media":12607,"comment_status":"open","ping_status":"closed","template":"","meta":{"site-sidebar-layout":"default","site-content-layout":"","ast-site-content-layout":"default","site-content-style":"default","site-sidebar-style":"default","ast-global-header-display":"","ast-banner-title-visibility":"","ast-main-header-display":"","ast-hfb-above-header-display":"","ast-hfb-below-header-display":"","ast-hfb-mobile-header-display":"","site-post-title":"","ast-breadcrumbs-content":"","ast-featured-img":"","footer-sml-layout":"","ast-disable-related-posts":"","theme-transparent-header-meta":"default","adv-header-id-meta":"","stick-header-meta":"","header-above-stick-meta":"","header-main-stick-meta":"","header-below-stick-meta":"","astra-migrate-meta-layouts":"set","ast-page-background-enabled":"default","ast-page-background-meta":{"desktop":{"background-color":"var(--ast-global-color-4)","background-image":"","background-repeat":"repeat","background-position":"center center","background-size":"auto","background-attachment":"scroll","background-type":"","background-media":"","overlay-type":"","overlay-color":"","overlay-opacity":"","overlay-gradient":""},"tablet":{"background-color":"","background-image":"","background-repeat":"repeat","background-position":"center center","background-size":"auto","background-attachment":"scroll","background-type":"","background-media":"","overlay-type":"","overlay-color":"","overlay-opacity":"","overlay-gradient":""},"mobile":{"background-color":"","background-image":"","background-repeat":"repeat","background-position":"center center","background-size":"auto","background-attachment":"scroll","background-type":"","background-media":"","overlay-type":"","overlay-color":"","overlay-opacity":"","overlay-gradient":""}},"ast-content-background-meta":{"desktop":{"background-color":"var(--ast-global-color-5)","background-image":"","background-repeat":"repeat","background-position":"center center","background-size":"auto","background-attachment":"scroll","background-type":"","background-media":"","overlay-type":"","overlay-color":"","overlay-opacity":"","overlay-gradient":""},"tablet":{"background-color":"var(--ast-global-color-5)","background-image":"","background-repeat":"repeat","background-position":"center center","background-size":"auto","background-attachment":"scroll","background-type":"","background-media":"","overlay-type":"","overlay-color":"","overlay-opacity":"","overlay-gradient":""},"mobile":{"background-color":"var(--ast-global-color-5)","background-image":"","background-repeat":"repeat","background-position":"center center","background-size":"auto","background-attachment":"scroll","background-type":"","background-media":"","overlay-type":"","overlay-color":"","overlay-opacity":"","overlay-gradient":""}}},"pwb-brand":[332],"product_brand":[],"product_cat":[872],"product_tag":[],"class_list":{"0":"post-12606","1":"product","2":"type-product","3":"status-publish","4":"has-post-thumbnail","6":"pwb-brand-victron","7":"product_cat-servicios-de-configuracion","8":"desktop-align-left","9":"tablet-align-left","10":"mobile-align-left","11":"ast-product-gallery-layout-horizontal-slider","12":"ast-product-gallery-with-no-image","13":"ast-product-tabs-layout-horizontal","15":"first","16":"outofstock","17":"virtual","18":"taxable","19":"purchasable","20":"product-type-simple"},"wcpa_form_fields":null,"brands":[{"id":332,"name":"Victron Energy","slug":"victron"}],"_links":{"self":[{"href":"https:\/\/fvcomponentes.com\/fr\/wp-json\/wp\/v2\/product\/12606","targetHints":{"allow":["GET"]}}],"collection":[{"href":"https:\/\/fvcomponentes.com\/fr\/wp-json\/wp\/v2\/product"}],"about":[{"href":"https:\/\/fvcomponentes.com\/fr\/wp-json\/wp\/v2\/types\/product"}],"replies":[{"embeddable":true,"href":"https:\/\/fvcomponentes.com\/fr\/wp-json\/wp\/v2\/comments?post=12606"}],"wp:featuredmedia":[{"embeddable":true,"href":"https:\/\/fvcomponentes.com\/fr\/wp-json\/wp\/v2\/media\/12607"}],"wp:attachment":[{"href":"https:\/\/fvcomponentes.com\/fr\/wp-json\/wp\/v2\/media?parent=12606"}],"wp:term":[{"taxonomy":"pwb-brand","embeddable":true,"href":"https:\/\/fvcomponentes.com\/fr\/wp-json\/wp\/v2\/pwb-brand?post=12606"},{"taxonomy":"product_brand","embeddable":true,"href":"https:\/\/fvcomponentes.com\/fr\/wp-json\/wp\/v2\/product_brand?post=12606"},{"taxonomy":"product_cat","embeddable":true,"href":"https:\/\/fvcomponentes.com\/fr\/wp-json\/wp\/v2\/product_cat?post=12606"},{"taxonomy":"product_tag","embeddable":true,"href":"https:\/\/fvcomponentes.com\/fr\/wp-json\/wp\/v2\/product_tag?post=12606"}],"curies":[{"name":"wp","href":"https:\/\/api.w.org\/{rel}","templated":true}]}}