{"id":12511,"date":"2024-03-04T13:36:19","date_gmt":"2024-03-04T12:36:19","guid":{"rendered":"https:\/\/fvcomponentes.com\/?post_type=product&#038;p=12511"},"modified":"2026-01-15T10:10:08","modified_gmt":"2026-01-15T09:10:08","slug":"victron-ns-station-de-recharge-pour-vehicules-electriques-22-kw-evc200300300200","status":"publish","type":"product","link":"https:\/\/fvcomponentes.com\/fr\/producto\/estacion-de-carga-victron-ns-para-vehiculos-electricos-22-kw-evc200300200\/","title":{"rendered":"Victron NS 22 kW Chargeur de voiture \u00e9lectrique - EVC200300200"},"content":{"rendered":"<h2>Caract\u00e9ristiques du chargeur de voiture \u00e9lectrique Victron NS 22 kW - EVC200300200<\/h2>\n<p>Le chargeur de voiture \u00e9lectrique Victron NS 22 kW - EVC200300200 peut fonctionner en mode triphas\u00e9 et monophas\u00e9. Il fournit un maximum de 22 kW AC en mode triphas\u00e9 et de 7,3 kW en mode monophas\u00e9.<\/p>\n<p>L'appareil est techniquement identique au <a href=\"https:\/\/fvcomponentes.com\/fr\/produit\/victron-station-de-recharge-pour-vehicules-electriques-22-kw-evc300400300\/\" target=\"_blank\" rel=\"noopener\">Victron Chargeur de voiture \u00e9lectrique 22 kW - EVC300400300<\/a>mais avec un nouveau design moderne disponible en trois couleurs et sans l'\u00e9cran LCD int\u00e9gr\u00e9. L'installation initiale, la configuration et la surveillance s'effectuent \u00e0 partir de VictronConnect via Bluetooth et\/ou de l'interface web int\u00e9gr\u00e9e via un point d'acc\u00e8s WiFi ou un r\u00e9seau local WiFi.<\/p>\n<h2>Communication WiFi<\/h2>\n<p>WiFi : 802.11 b\/g\/n pour la configuration, la surveillance et le contr\u00f4le. Le module WiFi interne peut \u00eatre configur\u00e9 en mode point d'acc\u00e8s ou station pour la configuration initiale et la surveillance.<\/p>\n<h2>Fonctionnement et contr\u00f4le faciles via Bluetooth et l'application VictronConnect<\/h2>\n<p>Contr\u00f4le complet et aper\u00e7u de tous les param\u00e8tres de fonctionnement et des statistiques de session en un coup d'\u0153il.<\/p>\n<h2>Anneau lumineux pour un aper\u00e7u rapide de l'\u00e9tat de l'appareil<\/h2>\n<p>Anneau lumineux RVB enti\u00e8rement programmable autour du port de charge pour d\u00e9terminer rapidement l'\u00e9tat de l'appareil. Il peut \u00eatre programm\u00e9 \u00e0 partir de l'interface web int\u00e9gr\u00e9e pour afficher diff\u00e9rents effets lumineux en fonction de l'\u00e9tat actuel (hors ligne, en charge, en cours de charge, etc.).<\/p>\n<h2>Chargeur de voiture \u00e9lectrique Victron NS 22 kW - EVC200300200. Trois modes de fonctionnement disponibles :<\/h2>\n<ol>\n<li><strong>Mode manuel pour le r\u00e9glage du courant de sortie<\/strong><br \/>\nLe mode manuel permet de r\u00e9gler le courant de sortie entre 6 et 32 A. La puissance de charge est contr\u00f4l\u00e9e de deux mani\u00e8res : avec la barre d'\u00e9cran tactile LCD ou avec sa page web. Il vous permet de d\u00e9marrer ou d'arr\u00eater manuellement le processus de charge lorsqu'un v\u00e9hicule est connect\u00e9 au chargeur de voiture \u00e9lectrique.<\/li>\n<li><strong>Mode automatique pour assurer une efficacit\u00e9 maximale du syst\u00e8me<\/strong><br \/>\nIl d\u00e9tecte les exc\u00e9dents d'\u00e9nergie et n'utilise que cette \u00e9nergie pour recharger le v\u00e9hicule.<\/li>\n<li><strong>Mode programm\u00e9 pour recharger le v\u00e9hicule \u00e9lectrique \u00e0 certains intervalles de temps.<\/strong><br \/>\nUn programmateur enti\u00e8rement programmable permet la recharge \u00e0 diff\u00e9rents intervalles de temps, par exemple \u00e0 certaines heures de la nuit lorsque l'\u00e9lectricit\u00e9 du r\u00e9seau est la moins ch\u00e8re.<\/li>\n<\/ol>\n<h2>Esth\u00e9tique du chargeur de voiture \u00e9lectrique Victron NS 22 kW - EVC200300200<\/h2>\n<p>Donnez \u00e0 votre chargeur un aspect plus sophistiqu\u00e9 avec ces \u00e9tuis noirs ou blancs :<\/p>\n<ul>\n<li><a href=\"https:\/\/fvcomponentes.com\/fr\/produit\/boitier-blanc-pour-station-de-recharge-victron-ns-evc200300410\/\" target=\"_blank\" rel=\"noopener\">Bo\u00eetier blanc pour chargeur de voiture \u00e9lectrique Victron NS - EVC200300410<\/a><\/li>\n<li><a href=\"https:\/\/fvcomponentes.com\/fr\/produit\/valise-noire-pour-station-de-charge-victron-ns-evc200300310\/\" target=\"_blank\" rel=\"noopener\">Bo\u00eetier noir pour chargeur de voiture \u00e9lectrique Victron NS - EVC200300310<\/a><\/li>\n<\/ul>\n<h2>Int\u00e9gration avec le dispositif GX et le VRM<\/h2>\n<p>Le chargeur peut \u00eatre enti\u00e8rement int\u00e9gr\u00e9 et contr\u00f4l\u00e9 \u00e0 distance par l'interm\u00e9diaire d'un appareil GX, tel que le <a href=\"https:\/\/fvcomponentes.com\/fr\/produit\/victron-cerbo-gx-mk2-bpp900451100-victron-cerbo-mk2-monitor\/\" target=\"_blank\" rel=\"noopener\">Victron Cerbo GX MK2 Monitoring - BPP900451100<\/a>par Victron Energy et VRM.<\/p>\n<p>Ce chargeur de voiture \u00e9lectrique Victron NS 22 kW - EVC200300200 ne s'int\u00e8gre pas seulement avec un appareil Victron Energy GX et un VRM ; si vous avez des panneaux solaires, vous pouvez le configurer de fa\u00e7on \u00e0 ce que l'\u00e9nergie solaire exc\u00e9dentaire charge directement le v\u00e9hicule. Le mode manuel et les modes programm\u00e9s offrent encore plus de flexibilit\u00e9 pour r\u00e9pondre aux besoins du v\u00e9hicule \u00e9lectrique en fonction du syst\u00e8me.<\/p>\n<div class=\"ast-oembed-container\" style=\"height: 100%;\"><iframe title=\"Nouveau Bluetooth et programmation ajout\u00e9s \u00e0 la station de recharge Victron EV\" width=\"500\" height=\"281\" src=\"https:\/\/www.youtube.com\/embed\/uVVsdSj9pmg?start=220&#038;feature=oembed\" frameborder=\"0\" allow=\"accelerometer; autoplay; clipboard-write; encrypted-media; gyroscope; picture-in-picture; web-share\" referrerpolicy=\"strict-origin-when-cross-origin\" allowfullscreen><\/iframe><\/div>\n<h2>Fiche technique Victron NS 22 kW Chargeur de voiture \u00e9lectrique - EVC200300200<\/h2>\n<p><a href=\"https:\/\/fvcomponentes.com\/wp-content\/uploads\/2024\/03\/Datasheet-EV-Charging-Station-NS-ES.pdf\" target=\"_blank\" rel=\"noopener\">Voir la fiche technique du chargeur de voiture \u00e9lectrique Victron NS 22 kW - EVC200300200<\/a><\/p>","protected":false},"excerpt":{"rendered":"<ul>\n<li><strong><span style=\"color: #ff0000;\">Sans c\u00e2ble de chargement<\/span><\/strong><\/li>\n<li><strong>Plage de tension d'entr\u00e9e (VAC) :<\/strong> 170 - 265 VAC<\/li>\n<li><strong>Courant de charge nominal :<\/strong> 32 A \/ phase<\/li>\n<li><strong>Puissance nominale :<\/strong> 22 kW<\/li>\n<li><strong>Plage de sortie du courant :<\/strong> 6 - 32 A<\/li>\n<li><strong>Courant maximal configurable :<\/strong> 10-32 A<\/li>\n<li><strong>Courant minimum configurable :<\/strong> 6 A jusqu'\u00e0 1 A en dessous de la valeur maximale<\/li>\n<\/ul>","protected":false},"featured_media":12512,"comment_status":"open","ping_status":"closed","template":"","meta":{"site-sidebar-layout":"default","site-content-layout":"default","ast-site-content-layout":"default","site-content-style":"default","site-sidebar-style":"default","ast-global-header-display":"","ast-banner-title-visibility":"","ast-main-header-display":"","ast-hfb-above-header-display":"","ast-hfb-below-header-display":"","ast-hfb-mobile-header-display":"","site-post-title":"","ast-breadcrumbs-content":"","ast-featured-img":"","footer-sml-layout":"","ast-disable-related-posts":"","theme-transparent-header-meta":"default","adv-header-id-meta":"","stick-header-meta":"","header-above-stick-meta":"","header-main-stick-meta":"","header-below-stick-meta":"","astra-migrate-meta-layouts":"set","ast-page-background-enabled":"default","ast-page-background-meta":{"desktop":{"background-color":"var(--ast-global-color-4)","background-image":"","background-repeat":"repeat","background-position":"center center","background-size":"auto","background-attachment":"scroll","background-type":"","background-media":"","overlay-type":"","overlay-color":"","overlay-opacity":"","overlay-gradient":""},"tablet":{"background-color":"","background-image":"","background-repeat":"repeat","background-position":"center center","background-size":"auto","background-attachment":"scroll","background-type":"","background-media":"","overlay-type":"","overlay-color":"","overlay-opacity":"","overlay-gradient":""},"mobile":{"background-color":"","background-image":"","background-repeat":"repeat","background-position":"center center","background-size":"auto","background-attachment":"scroll","background-type":"","background-media":"","overlay-type":"","overlay-color":"","overlay-opacity":"","overlay-gradient":""}},"ast-content-background-meta":{"desktop":{"background-color":"var(--ast-global-color-5)","background-image":"","background-repeat":"repeat","background-position":"center center","background-size":"auto","background-attachment":"scroll","background-type":"","background-media":"","overlay-type":"","overlay-color":"","overlay-opacity":"","overlay-gradient":""},"tablet":{"background-color":"var(--ast-global-color-5)","background-image":"","background-repeat":"repeat","background-position":"center center","background-size":"auto","background-attachment":"scroll","background-type":"","background-media":"","overlay-type":"","overlay-color":"","overlay-opacity":"","overlay-gradient":""},"mobile":{"background-color":"var(--ast-global-color-5)","background-image":"","background-repeat":"repeat","background-position":"center center","background-size":"auto","background-attachment":"scroll","background-type":"","background-media":"","overlay-type":"","overlay-color":"","overlay-opacity":"","overlay-gradient":""}}},"pwb-brand":[332],"product_brand":[],"product_cat":[385],"product_tag":[],"class_list":{"0":"post-12511","1":"product","2":"type-product","3":"status-publish","4":"has-post-thumbnail","6":"pwb-brand-victron","7":"product_cat-cargadores-para-vehiculo-electrico","8":"desktop-align-left","9":"tablet-align-left","10":"mobile-align-left","11":"ast-product-gallery-layout-horizontal-slider","12":"ast-product-tabs-layout-horizontal","14":"first","15":"instock","16":"taxable","17":"shipping-taxable","18":"purchasable","19":"product-type-simple"},"wcpa_form_fields":null,"brands":[{"id":332,"name":"Victron Energy","slug":"victron"}],"_links":{"self":[{"href":"https:\/\/fvcomponentes.com\/fr\/wp-json\/wp\/v2\/product\/12511","targetHints":{"allow":["GET"]}}],"collection":[{"href":"https:\/\/fvcomponentes.com\/fr\/wp-json\/wp\/v2\/product"}],"about":[{"href":"https:\/\/fvcomponentes.com\/fr\/wp-json\/wp\/v2\/types\/product"}],"replies":[{"embeddable":true,"href":"https:\/\/fvcomponentes.com\/fr\/wp-json\/wp\/v2\/comments?post=12511"}],"wp:featuredmedia":[{"embeddable":true,"href":"https:\/\/fvcomponentes.com\/fr\/wp-json\/wp\/v2\/media\/12512"}],"wp:attachment":[{"href":"https:\/\/fvcomponentes.com\/fr\/wp-json\/wp\/v2\/media?parent=12511"}],"wp:term":[{"taxonomy":"pwb-brand","embeddable":true,"href":"https:\/\/fvcomponentes.com\/fr\/wp-json\/wp\/v2\/pwb-brand?post=12511"},{"taxonomy":"product_brand","embeddable":true,"href":"https:\/\/fvcomponentes.com\/fr\/wp-json\/wp\/v2\/product_brand?post=12511"},{"taxonomy":"product_cat","embeddable":true,"href":"https:\/\/fvcomponentes.com\/fr\/wp-json\/wp\/v2\/product_cat?post=12511"},{"taxonomy":"product_tag","embeddable":true,"href":"https:\/\/fvcomponentes.com\/fr\/wp-json\/wp\/v2\/product_tag?post=12511"}],"curies":[{"name":"wp","href":"https:\/\/api.w.org\/{rel}","templated":true}]}}