{"id":11662,"date":"2024-01-31T09:17:56","date_gmt":"2024-01-31T08:17:56","guid":{"rendered":"https:\/\/fvcomponentes.com\/?post_type=product&#038;p=11662"},"modified":"2026-04-04T12:48:26","modified_gmt":"2026-04-04T10:48:26","slug":"barre-de-distribution-lynx-m10-lyn060102010","status":"publish","type":"product","link":"https:\/\/fvcomponentes.com\/fr\/producto\/barra-colectora-lynx-distributor-m10-lyn060102010\/","title":{"rendered":"Victron Lynx Barre de distribution (M10) - LYN060102010"},"content":{"rendered":"<div class=\"ui9f13y mgz-element mgz-child mgz-element-product_description content-text\">\n<div class=\"mgz-element-inner ui9f13y-s\">\n<div class=\"ppbd-product-description\">La barre de distribution Lynx (M10) - LYN060102010 est une barre de distribution DC modulaire, avec des emplacements pour quatre fusibles DC.<\/div>\n<div class=\"ppbd-product-description\">Il surveille l'\u00e9tat de chaque fusible et l'indique \u00e0 l'aide d'un voyant situ\u00e9 sur la face avant.<\/div>\n<div class=\"ppbd-product-description\">\n<p>Fait partie du syst\u00e8me de distribution modulaire Lynx.<\/p>\n<\/div>\n<h2>Caract\u00e9ristiques de la barre de distribution Lynx (M10) - LYN060102010<\/h2>\n<\/div>\n<\/div>\n<div class=\"nvy3xat mgz-element mgz-child mgz-element-separator mgz-element-title-align-center\">\n<div class=\"mgz-element-inner nvy3xat-s\">\n<div class=\"mgz-element-separator-wrapper mgz-text-center\">Le Distributeur Lynx contient un jeu de barres positif et un jeu de barres n\u00e9gatif. Le jeu de barres positif a quatre connexions prot\u00e9g\u00e9es par des fusibles avec un suivi des fusibles. Le jeu de barres n\u00e9gatif a quatre connexions et une connexion \u00e0 la terre. Il fait partie du syst\u00e8me de distribution Lynx.<br \/>\nLe Distributeur Lynx poss\u00e8de un voyant d'alimentation et quatre voyants d'\u00e9tat des fusibles.<br \/>\nS'il est connect\u00e9 \u00e0 un Lynx Smart BMS, jusqu'\u00e0 quatre distributeurs Lynx peuvent envoyer des informations sur l'\u00e9tat des fusibles au Lynx Smart BMS. Cette option n'est pas possible en cas de connexion \u00e0 un Lynx Shunt VE.Can.<\/div>\n<\/div>\n<div>Le Distributeur Lynx comprend un c\u00e2ble RJ10 de 40 cm. Ce c\u00e2ble alimente le Distributeur Lynx et, s'il est connect\u00e9 \u00e0 un Lynx Smart BMS, il est \u00e9galement utilis\u00e9 pour transmettre des informations.<\/div>\n<div>Le Distributeur Lynx est con\u00e7u pour les fusibles. <a href=\"https:\/\/fvcomponentes.com\/fr\/categorie-de-produits\/lequipement-electrique\/fusibles\/mega-fusibles\/\" target=\"_blank\" rel=\"noopener\">MEGA<\/a>.<\/div>\n<div><img fetchpriority=\"high\" decoding=\"async\" class=\"alignnone size-full wp-image-6134\" src=\"https:\/\/fvcomponentes.com\/wp-content\/uploads\/2023\/03\/Captura-6.png\" alt=\"Lynx Smart BMS Victron - LYN034160200\" width=\"800\" height=\"491\" title=\"\"><\/div>\n<h2>Le syst\u00e8me de distribution Lynx<\/h2>\n<p>Ce syst\u00e8me de distribution se compose des \u00e9l\u00e9ments suivants :<\/p>\n<ul>\n<li><a href=\"https:\/\/fvcomponentes.com\/fr\/produit\/lynx-power-in-victron-m10-lyn020102010\/\" target=\"_blank\" rel=\"noopener\"><strong>Lynx Power In<\/strong><\/a> - Un jeu de barres positif et un jeu de barres n\u00e9gatif avec quatre connexions pour les batteries ou les \u00e9quipements \u00e0 courant continu.<\/li>\n<li><a href=\"https:\/\/fvcomponentes.com\/fr\/produit\/barre-de-distribution-lynx-m10-lyn060102010\/\" target=\"_blank\" rel=\"noopener\"><strong>Distributeur Lynx<\/strong><\/a> - Un jeu de barres positif et un jeu de barres n\u00e9gatif avec quatre connexions \u00e0 fusibles pour les batteries ou les \u00e9quipements \u00e0 courant continu, ainsi qu'un contr\u00f4le des fusibles.<\/li>\n<li><a href=\"https:\/\/fvcomponentes.com\/fr\/produit\/victron-victron-lynx-smart-bms-1000-m10-lyn034170210\/\" target=\"_blank\" rel=\"noopener\"><strong>Lynx Smart BMS<\/strong><\/a> - A utiliser avec les batteries au lithium Victron Energy Smart. Contient une barre de bus positive avec un contacteur pilot\u00e9 par un syst\u00e8me de gestion de la batterie (BMS) et une barre de bus n\u00e9gative avec un shunt pour la surveillance de la batterie. Il dispose d'une communication Bluetooth pour la surveillance et la configuration via l'application. <a href=\"https:\/\/www.victronenergy.com.es\/panel-systems-remote-monitoring\/victronconnect\" target=\"_blank\" rel=\"noopener\">VictronConnect<\/a> et VE.Can pour la surveillance avec un dispositif GX et le portail VRM.<\/li>\n<\/ul>\n<\/div>\n<div>\n<h2>Manuel du jeu de barres de distribution Lynx - LYN060102010<\/h2>\n<p><a href=\"https:\/\/fvcomponentes.com\/wp-content\/uploads\/2024\/01\/24531-Lynx_Distributor_Manual-pdf-es.pdf\" target=\"_blank\" rel=\"noopener\">Voir le manuel du jeu de barres de distribution Lynx - LYN0600102010<\/a><\/p>\n<\/div>","protected":false},"excerpt":{"rendered":"<p>Il contient un jeu de barres positif et un jeu de barres n\u00e9gatif.<\/p>\n<p><strong>Coul\u00e9e de boue positive :<\/strong> Quatre connexions prot\u00e9g\u00e9es par des fusibles<\/p>\n<p><strong>Brouillage n\u00e9gatif :\u00a0<\/strong> Quatre connexions et une mise \u00e0 la terre.<\/p>","protected":false},"featured_media":11665,"comment_status":"closed","ping_status":"closed","template":"","meta":{"site-sidebar-layout":"default","site-content-layout":"","ast-site-content-layout":"default","site-content-style":"default","site-sidebar-style":"default","ast-global-header-display":"","ast-banner-title-visibility":"","ast-main-header-display":"","ast-hfb-above-header-display":"","ast-hfb-below-header-display":"","ast-hfb-mobile-header-display":"","site-post-title":"","ast-breadcrumbs-content":"","ast-featured-img":"","footer-sml-layout":"","ast-disable-related-posts":"","theme-transparent-header-meta":"default","adv-header-id-meta":"","stick-header-meta":"","header-above-stick-meta":"","header-main-stick-meta":"","header-below-stick-meta":"","astra-migrate-meta-layouts":"set","ast-page-background-enabled":"default","ast-page-background-meta":{"desktop":{"background-color":"var(--ast-global-color-4)","background-image":"","background-repeat":"repeat","background-position":"center center","background-size":"auto","background-attachment":"scroll","background-type":"","background-media":"","overlay-type":"","overlay-color":"","overlay-opacity":"","overlay-gradient":""},"tablet":{"background-color":"","background-image":"","background-repeat":"repeat","background-position":"center center","background-size":"auto","background-attachment":"scroll","background-type":"","background-media":"","overlay-type":"","overlay-color":"","overlay-opacity":"","overlay-gradient":""},"mobile":{"background-color":"","background-image":"","background-repeat":"repeat","background-position":"center center","background-size":"auto","background-attachment":"scroll","background-type":"","background-media":"","overlay-type":"","overlay-color":"","overlay-opacity":"","overlay-gradient":""}},"ast-content-background-meta":{"desktop":{"background-color":"var(--ast-global-color-5)","background-image":"","background-repeat":"repeat","background-position":"center center","background-size":"auto","background-attachment":"scroll","background-type":"","background-media":"","overlay-type":"","overlay-color":"","overlay-opacity":"","overlay-gradient":""},"tablet":{"background-color":"var(--ast-global-color-5)","background-image":"","background-repeat":"repeat","background-position":"center center","background-size":"auto","background-attachment":"scroll","background-type":"","background-media":"","overlay-type":"","overlay-color":"","overlay-opacity":"","overlay-gradient":""},"mobile":{"background-color":"var(--ast-global-color-5)","background-image":"","background-repeat":"repeat","background-position":"center center","background-size":"auto","background-attachment":"scroll","background-type":"","background-media":"","overlay-type":"","overlay-color":"","overlay-opacity":"","overlay-gradient":""}}},"pwb-brand":[332],"product_brand":[],"product_cat":[410,991],"product_tag":[],"class_list":{"0":"post-11662","1":"product","2":"type-product","3":"status-publish","4":"has-post-thumbnail","6":"pwb-brand-victron","7":"product_cat-material-electrico","8":"product_cat-busbar","9":"desktop-align-left","10":"tablet-align-left","11":"mobile-align-left","12":"ast-product-gallery-layout-horizontal-slider","13":"ast-product-tabs-layout-horizontal","15":"first","16":"instock","17":"taxable","18":"shipping-taxable","19":"purchasable","20":"product-type-simple"},"wcpa_form_fields":null,"brands":[{"id":332,"name":"Victron Energy","slug":"victron"}],"_links":{"self":[{"href":"https:\/\/fvcomponentes.com\/fr\/wp-json\/wp\/v2\/product\/11662","targetHints":{"allow":["GET"]}}],"collection":[{"href":"https:\/\/fvcomponentes.com\/fr\/wp-json\/wp\/v2\/product"}],"about":[{"href":"https:\/\/fvcomponentes.com\/fr\/wp-json\/wp\/v2\/types\/product"}],"replies":[{"embeddable":true,"href":"https:\/\/fvcomponentes.com\/fr\/wp-json\/wp\/v2\/comments?post=11662"}],"wp:featuredmedia":[{"embeddable":true,"href":"https:\/\/fvcomponentes.com\/fr\/wp-json\/wp\/v2\/media\/11665"}],"wp:attachment":[{"href":"https:\/\/fvcomponentes.com\/fr\/wp-json\/wp\/v2\/media?parent=11662"}],"wp:term":[{"taxonomy":"pwb-brand","embeddable":true,"href":"https:\/\/fvcomponentes.com\/fr\/wp-json\/wp\/v2\/pwb-brand?post=11662"},{"taxonomy":"product_brand","embeddable":true,"href":"https:\/\/fvcomponentes.com\/fr\/wp-json\/wp\/v2\/product_brand?post=11662"},{"taxonomy":"product_cat","embeddable":true,"href":"https:\/\/fvcomponentes.com\/fr\/wp-json\/wp\/v2\/product_cat?post=11662"},{"taxonomy":"product_tag","embeddable":true,"href":"https:\/\/fvcomponentes.com\/fr\/wp-json\/wp\/v2\/product_tag?post=11662"}],"curies":[{"name":"wp","href":"https:\/\/api.w.org\/{rel}","templated":true}]}}