{"id":11655,"date":"2024-01-31T08:58:28","date_gmt":"2024-01-31T07:58:28","guid":{"rendered":"https:\/\/fvcomponentes.com\/?post_type=product&#038;p=11655"},"modified":"2026-04-04T12:51:35","modified_gmt":"2026-04-04T10:51:35","slug":"victron-victron-lynx-smart-bms-1000-m10-lyn034170210","status":"publish","type":"product","link":"https:\/\/fvcomponentes.com\/fr\/producto\/victron-lynx-smart-bms-1000-m10-lyn034170210\/","title":{"rendered":"Victron Lynx Smart BMS 1000 (M10) - LYN034170210"},"content":{"rendered":"<p>Le Lynx Smart BMS 1000 (M10) de Victron - LYN034170210 est un syst\u00e8me de gestion de batterie (BMS) sp\u00e9cialement con\u00e7u pour les batteries.<a href=\"https:\/\/fvcomponentes.com\/fr\/categorie-de-produits\/piles\/batteries-au-lithium-12v\/\" target=\"_blank\" rel=\"noopener\"> Victron Lithium Battery Smart<\/a>. Il s'agit de batteries au phosphate de fer lithi\u00e9 (LiFePO4) disponibles en 12,8 V ou 25,6 V et en diff\u00e9rentes capacit\u00e9s. Elles peuvent \u00eatre connect\u00e9es en s\u00e9rie, en parall\u00e8le et en s\u00e9rie\/parall\u00e8le, de sorte qu'un banc de batteries peut \u00eatre assembl\u00e9 pour des tensions de syst\u00e8me de 12 V, 24 V ou 48 V. Le nombre maximum de batteries dans un syst\u00e8me est de 20, ce qui signifie un stockage d'\u00e9nergie maximum de 84 kWh dans un syst\u00e8me de 12 V et jusqu'\u00e0 102 kWh dans un syst\u00e8me de 24 V1) et de 48 V1).<\/p>\n<p>Parmi les diff\u00e9rents BMS disponibles, le Lynx Smart BMS est l'option la plus compl\u00e8te et la plus riche en fonctionnalit\u00e9s. Il s'int\u00e8gre facilement dans le syst\u00e8me de distribution Lynx.<\/p>\n<h2>Contacteur 1000 A int\u00e9gr\u00e9<\/h2>\n<p>Le contacteur sert de syst\u00e8me de s\u00e9curit\u00e9 secondaire pour prot\u00e9ger la batterie au cas o\u00f9 les commandes principales (les contacts ATC (autoriser la charge) et ATD (autoriser la d\u00e9charge) et le DVCC) ne d\u00e9sactivent pas les charges ou les chargeurs lorsque cela est n\u00e9cessaire, et il convient \u00e9galement comme interrupteur principal du syst\u00e8me t\u00e9l\u00e9command\u00e9.<\/p>\n<h2>Victron Lynx Smart BMS 1000 (M10) - LYN034170210 : Circuit de pr\u00e9charge<\/h2>\n<p>En plus du contacteur, un circuit de pr\u00e9charge int\u00e9gr\u00e9 emp\u00eache les courants d'appel \u00e9lev\u00e9s lorsqu'une charge capacitive telle qu'un MultiPlus, un Quattro ou un autre onduleur est connect\u00e9e, \u00e9liminant ainsi la n\u00e9cessit\u00e9 d'une pr\u00e9charge externe.<\/p>\n<h2>Surveillance et contr\u00f4le avec Victron Lynx Smart BMS 1000 (M10) - LYN034170210<\/h2>\n<p>Vous pouvez surveiller et contr\u00f4ler le syst\u00e8me Victron Lynx Smart BMS - LYN034160200 via Bluetooth avec l'application VictronConnect ou un appareil GX, comme le <a href=\"https:\/\/fvcomponentes.com\/fr\/produit\/victron-cerbo-gx-mk2-bpp900451100-victron-cerbo-mk2-monitor\/\" target=\"_blank\" rel=\"noopener\">Victron Cerbo GX MK2 Monitoring - BPP900451100<\/a>et le portail VRM. Un moniteur de batterie int\u00e9gr\u00e9 qui fonctionne de la m\u00eame mani\u00e8re que les autres moniteurs de batterie de Victron Energy fournit des donn\u00e9es telles que l'\u00e9tat de charge, la tension, le courant, des donn\u00e9es historiques et des informations d'\u00e9tat en temps r\u00e9el, et avec Instant Readout, vous n'avez m\u00eame pas besoin de vous connecter au BMS, ce qui vous permet d'obtenir des diagnostics en un coup d'\u0153il.<\/p>\n<h2>Contr\u00f4le en boucle ferm\u00e9e Contacts DVCC et ATC\/ATD<\/h2>\n<p>Les onduleurs\/chargeurs et chargeurs solaires Victron compatibles sont automatiquement contr\u00f4l\u00e9s par un dispositif GX et un DVCC connect\u00e9s. Les contacts ATC (activation de la charge)\/ATD (activation de la d\u00e9charge) peuvent \u00eatre utilis\u00e9s pour contr\u00f4ler d'autres chargeurs et charges dot\u00e9s d'un port marche\/arr\u00eat \u00e0 distance.<\/p>\n<h2>Victron Lynx Smart BMS 1000 (M10) - LYN034170210 : Relais programmable<\/h2>\n<p>Le relais peut \u00eatre utilis\u00e9 comme relais d'alarme (avec la pr\u00e9-alarme) ou pour contr\u00f4ler un alternateur via son r\u00e9gulateur externe (c\u00e2ble d'allumage). En mode ATC de l'alternateur, le relais ne s'active que lorsque le contacteur est ferm\u00e9. Le contact ATC de l'alternateur s'ouvre en premier, puis le contacteur s'ouvre avec un retard de deux secondes. Ces deux secondes garantissent que l'alternateur est \u00e9teint avant que la batterie ne soit d\u00e9connect\u00e9e du syst\u00e8me.<\/p>\n<h2>Borne AUX<\/h2>\n<p>L'avantage de l'alimentation auxiliaire embarqu\u00e9e (1,1 A \u00e0 la tension du syst\u00e8me) est de fournir de l'\u00e9nergie \u00e0 des charges sp\u00e9cifiques (par exemple, un dispositif GX) apr\u00e8s que le BMS a arr\u00eat\u00e9 les charges en raison d'une faible tension de cellule. Si aucune tension de charge n'est d\u00e9tect\u00e9e dans les 5 minutes, le BMS, y compris la connexion AUX, est arr\u00eat\u00e9.<\/p>\n<h2>Victron Lynx Smart BMS 1000 (M10) - LYN034170210, Communication de donn\u00e9es VE.Can et NMEA 2000<\/h2>\n<p>Le VE.Can permet une connexion facile (c\u00e2ble r\u00e9seau RJ45 standard) et une communication avec un appareil GX. Le protocole CAN-bus \u00e9tant bas\u00e9 sur NMEA 2000 (et J1939), il est facile de l'int\u00e9grer dans un r\u00e9seau nautique et de transmettre des informations \u00e0 l'\u00e9cran multifonction nautique (un c\u00e2ble VE.Can vers NMEA 2000 m\u00e2le micro C est n\u00e9cessaire).<\/p>\n<h2>Contr\u00f4le des fusibles du distributeur Lynx<\/h2>\n<p>Lit l'\u00e9tat du fusible et re\u00e7oit une alarme si le fusible est grill\u00e9. Le Lynx Smart BMS surveille jusqu'\u00e0 quatre distributeurs Lynx connect\u00e9s et leurs fusibles via VictronConnect ou un appareil GX.<br \/>\n<img fetchpriority=\"high\" decoding=\"async\" class=\"alignnone size-full wp-image-6134\" src=\"https:\/\/fvcomponentes.com\/wp-content\/uploads\/2023\/03\/Captura-6.png\" alt=\"Lynx Smart BMS Victron - LYN034160200\" width=\"800\" height=\"491\" title=\"\"><\/p>\n<h2>Le syst\u00e8me de distribution Lynx<\/h2>\n<p>Ce syst\u00e8me de distribution se compose des \u00e9l\u00e9ments suivants :<\/p>\n<ul>\n<li><a href=\"https:\/\/fvcomponentes.com\/fr\/produit\/lynx-power-in-victron-m10-lyn020102010\/\" target=\"_blank\" rel=\"noopener\"><strong>Lynx Power In<\/strong><\/a> - Un jeu de barres positif et un jeu de barres n\u00e9gatif avec quatre connexions pour les batteries ou les \u00e9quipements \u00e0 courant continu.<\/li>\n<li><a href=\"https:\/\/fvcomponentes.com\/fr\/produit\/barre-de-distribution-lynx-m10-lyn060102010\/\" target=\"_blank\" rel=\"noopener\"><strong>Distributeur Lynx<\/strong><\/a> - Un jeu de barres positif et un jeu de barres n\u00e9gatif avec quatre connexions \u00e0 fusibles pour les batteries ou les \u00e9quipements \u00e0 courant continu, ainsi qu'un contr\u00f4le des fusibles.<\/li>\n<li><a href=\"https:\/\/fvcomponentes.com\/fr\/produit\/victron-victron-lynx-smart-bms-1000-m10-lyn034170210\/\" target=\"_blank\" rel=\"noopener\"><strong>Lynx Smart BMS<\/strong><\/a> - A utiliser avec les batteries au lithium Victron Energy Smart. Contient une barre de bus positive avec un contacteur pilot\u00e9 par un syst\u00e8me de gestion de la batterie (BMS) et une barre de bus n\u00e9gative avec un shunt pour la surveillance de la batterie. Il dispose d'une communication Bluetooth pour la surveillance et la configuration via l'application. <a href=\"https:\/\/www.victronenergy.com.es\/panel-systems-remote-monitoring\/victronconnect\" target=\"_blank\" rel=\"noopener\">VictronConnect<\/a> et VE.Can pour la surveillance avec un dispositif GX et le portail VRM.<\/li>\n<\/ul>\n<h2>Fiche technique Victron Lynx Smart BMS 1000 (M10) - LYN034170210<\/h2>\n<p><a href=\"https:\/\/fvcomponentes.com\/wp-content\/uploads\/2024\/01\/Datasheet-Lynx-Smart-BMS-ES.pdf\" target=\"_blank\" rel=\"noopener\">Voir la fiche technique de Victron Lynx Smart BMS 1000 (M10) - LYN034170210<\/a><\/p>","protected":false},"excerpt":{"rendered":"<p><strong>Plage de tension de la batterie :<\/strong> 9 - 58 VDC<br \/>\n<strong>Tension d'entr\u00e9e maximale :<\/strong> 75 VDC<br \/>\n<strong>Contraintes accept\u00e9es par le syst\u00e8me :<\/strong> 12, 24 ou 48 V<\/p>","protected":false},"featured_media":11657,"comment_status":"open","ping_status":"closed","template":"","meta":{"site-sidebar-layout":"default","site-content-layout":"default","ast-site-content-layout":"default","site-content-style":"default","site-sidebar-style":"default","ast-global-header-display":"","ast-banner-title-visibility":"","ast-main-header-display":"","ast-hfb-above-header-display":"","ast-hfb-below-header-display":"","ast-hfb-mobile-header-display":"","site-post-title":"","ast-breadcrumbs-content":"","ast-featured-img":"","footer-sml-layout":"","ast-disable-related-posts":"","theme-transparent-header-meta":"default","adv-header-id-meta":"","stick-header-meta":"","header-above-stick-meta":"","header-main-stick-meta":"","header-below-stick-meta":"","astra-migrate-meta-layouts":"set","ast-page-background-enabled":"default","ast-page-background-meta":{"desktop":{"background-color":"var(--ast-global-color-4)","background-image":"","background-repeat":"repeat","background-position":"center center","background-size":"auto","background-attachment":"scroll","background-type":"","background-media":"","overlay-type":"","overlay-color":"","overlay-opacity":"","overlay-gradient":""},"tablet":{"background-color":"","background-image":"","background-repeat":"repeat","background-position":"center center","background-size":"auto","background-attachment":"scroll","background-type":"","background-media":"","overlay-type":"","overlay-color":"","overlay-opacity":"","overlay-gradient":""},"mobile":{"background-color":"","background-image":"","background-repeat":"repeat","background-position":"center center","background-size":"auto","background-attachment":"scroll","background-type":"","background-media":"","overlay-type":"","overlay-color":"","overlay-opacity":"","overlay-gradient":""}},"ast-content-background-meta":{"desktop":{"background-color":"var(--ast-global-color-5)","background-image":"","background-repeat":"repeat","background-position":"center center","background-size":"auto","background-attachment":"scroll","background-type":"","background-media":"","overlay-type":"","overlay-color":"","overlay-opacity":"","overlay-gradient":""},"tablet":{"background-color":"var(--ast-global-color-5)","background-image":"","background-repeat":"repeat","background-position":"center center","background-size":"auto","background-attachment":"scroll","background-type":"","background-media":"","overlay-type":"","overlay-color":"","overlay-opacity":"","overlay-gradient":""},"mobile":{"background-color":"var(--ast-global-color-5)","background-image":"","background-repeat":"repeat","background-position":"center center","background-size":"auto","background-attachment":"scroll","background-type":"","background-media":"","overlay-type":"","overlay-color":"","overlay-opacity":"","overlay-gradient":""}}},"pwb-brand":[332],"product_brand":[],"product_cat":[435,391,340,933],"product_tag":[],"class_list":{"0":"post-11655","1":"product","2":"type-product","3":"status-publish","4":"has-post-thumbnail","6":"pwb-brand-victron","7":"product_cat-bms-sistemas-de-supervision-de-baterias","8":"product_cat-accesorios-para-baterias","9":"product_cat-baterias","10":"product_cat-monitores-de-baterias","11":"desktop-align-left","12":"tablet-align-left","13":"mobile-align-left","14":"ast-product-gallery-layout-horizontal-slider","15":"ast-product-tabs-layout-horizontal","17":"first","18":"instock","19":"taxable","20":"shipping-taxable","21":"purchasable","22":"product-type-simple"},"wcpa_form_fields":null,"brands":[{"id":332,"name":"Victron Energy","slug":"victron"}],"_links":{"self":[{"href":"https:\/\/fvcomponentes.com\/fr\/wp-json\/wp\/v2\/product\/11655","targetHints":{"allow":["GET"]}}],"collection":[{"href":"https:\/\/fvcomponentes.com\/fr\/wp-json\/wp\/v2\/product"}],"about":[{"href":"https:\/\/fvcomponentes.com\/fr\/wp-json\/wp\/v2\/types\/product"}],"replies":[{"embeddable":true,"href":"https:\/\/fvcomponentes.com\/fr\/wp-json\/wp\/v2\/comments?post=11655"}],"wp:featuredmedia":[{"embeddable":true,"href":"https:\/\/fvcomponentes.com\/fr\/wp-json\/wp\/v2\/media\/11657"}],"wp:attachment":[{"href":"https:\/\/fvcomponentes.com\/fr\/wp-json\/wp\/v2\/media?parent=11655"}],"wp:term":[{"taxonomy":"pwb-brand","embeddable":true,"href":"https:\/\/fvcomponentes.com\/fr\/wp-json\/wp\/v2\/pwb-brand?post=11655"},{"taxonomy":"product_brand","embeddable":true,"href":"https:\/\/fvcomponentes.com\/fr\/wp-json\/wp\/v2\/product_brand?post=11655"},{"taxonomy":"product_cat","embeddable":true,"href":"https:\/\/fvcomponentes.com\/fr\/wp-json\/wp\/v2\/product_cat?post=11655"},{"taxonomy":"product_tag","embeddable":true,"href":"https:\/\/fvcomponentes.com\/fr\/wp-json\/wp\/v2\/product_tag?post=11655"}],"curies":[{"name":"wp","href":"https:\/\/api.w.org\/{rel}","templated":true}]}}