{"id":11423,"date":"2024-01-22T18:20:47","date_gmt":"2024-01-22T17:20:47","guid":{"rendered":"https:\/\/fvcomponentes.com\/?post_type=product&#038;p=11423"},"modified":"2026-01-15T10:09:06","modified_gmt":"2026-01-15T09:09:06","slug":"victron-orion-xs-12-12-50a-ori121217050-victron-orion-xs-12-12-50a-booster-converter","status":"publish","type":"product","link":"https:\/\/fvcomponentes.com\/fr\/producto\/convertidor-booster-victron-orion-xs-12-12-50a-ori121217050\/","title":{"rendered":"Victron Orion XS 12\/12-50A- ORI121217050 Booster Converter"},"content":{"rendered":"<h2>Convertisseur Victron Orion XS 12\/12-50A- ORI121217050<\/h2>\n<div>Con\u00e7u d\u00e8s le d\u00e9part, le convertisseur Victron Orion XS 12\/12-50A- ORI121217050 Victron Orion r\u00e9volutionne la charge DC-DC adaptative. A utiliser dans les syst\u00e8mes \u00e0 double batterie charg\u00e9s par un alternateur (intelligent). Ce dispositif assure non seulement des performances de premier ordre, mais garantit \u00e9galement la s\u00e9curit\u00e9 du syst\u00e8me.<\/div>\n<div>Gardez le contr\u00f4le gr\u00e2ce aux courants d'entr\u00e9e et de sortie configurables, et soyez assur\u00e9 que l'Orion XS fonctionnera \u00e0 pleine capacit\u00e9 jusqu'\u00e0 40\u00b0C. La technologie innovante de refroidissement des circuits imprim\u00e9s en aluminium offre une efficacit\u00e9 stup\u00e9fiante de 98 % sans n\u00e9cessiter de ventilateurs.<\/div>\n<div>En tant que partie int\u00e9grante du syst\u00e8me Victron, l'Orion XS offre des fonctions compl\u00e8tes de surveillance et de contr\u00f4le (\u00e0 distance), permettant un contr\u00f4le total de l'appareil et de votre syst\u00e8me :<\/div>\n<ul>\n<li>Enti\u00e8rement configurable<\/li>\n<li>D\u00e9tection de l'arr\u00eat du moteur<\/li>\n<li>Algorithmes de charge intelligents<\/li>\n<li>Fonctionne avec VictronConnect<\/li>\n<li>Surveillance \u00e0 distance en option<\/li>\n<\/ul>\n<h3>Victron Orion XS 12\/12-50A- ORI121217050 Convertisseur : <span class=\"productDetails__block-title-content\">Processus de chargement configurable<\/span><\/h3>\n<div class=\"productDetails__block-description\">\n<div>\n<p>Il ajuste pr\u00e9cis\u00e9ment le courant d'entr\u00e9e et de sortie \u00e0 l'aide de commandes simples. Cela permet de prot\u00e9ger les alternateurs contre les surcharges et de charger correctement la batterie auxiliaire, en particulier dans le cas des alternateurs intelligents.<\/p>\n<\/div>\n<h3>Courant de charge r\u00e9glable<\/h3>\n<p>Le courant de charge peut \u00eatre r\u00e9gl\u00e9 par incr\u00e9ments minimums de 0,1 A via VictronConnect.<\/p>\n<div>\n<h3 class=\"productDetails__block-title\"><span class=\"productDetails__block-title-content\">Connexion en parall\u00e8le pour augmenter le courant de sortie<\/span><\/h3>\n<div class=\"productDetails__block-description\">\n<div>Un nombre illimit\u00e9 de dispositifs Orion XS peut \u00eatre connect\u00e9 en parall\u00e8le. Il est tr\u00e8s facile d'adapter le courant de sortie aux besoins de votre syst\u00e8me.<\/div>\n<div><\/div>\n<\/div>\n<div>\n<h3>Victron Orion XS 12\/12-50A- ORI121217040 Convertisseur :\u00a0<span class=\"productDetails__block-title-content\">Compatibilit\u00e9 avec l'alternateur intelligent<\/span><\/h3>\n<div class=\"productDetails__block-description\">\n<div>Gr\u00e2ce \u00e0 sa d\u00e9tection int\u00e9gr\u00e9e du fonctionnement du moteur, l'Orion XS garantit que le chargeur n'est aliment\u00e9 que lorsque le moteur est en marche. Il permet \u00e9galement d'obtenir un courant de charge ad\u00e9quat \u00e0 partir d'alternateurs intelligents tels que ceux des moteurs Euro 5 et Euro 6.<\/div>\n<div><\/div>\n<\/div>\n<div>\n<h3 class=\"productDetails__block-title\"><span class=\"productDetails__block-title-content\">Algorithme de chargement adaptatif<\/span><\/h3>\n<div class=\"productDetails__block-description\">\n<div>L'Orion XS comprend des algorithmes de charge adaptatifs et huit modes de batterie pr\u00e9configur\u00e9s. Pour les batteries plomb-acide, ces r\u00e9glages garantissent des temps d'absorption optimaux pour les d\u00e9charges superficielles et profondes.<\/div>\n<\/div>\n<\/div>\n<div>\n<h3><\/h3>\n<h3 class=\"productDetails__block-title\"><span class=\"productDetails__block-title-content\">Protection \u00e9lectronique compl\u00e8te<\/span><\/h3>\n<div class=\"productDetails__block-description\">\n<div>L'Orion XS est \u00e9quip\u00e9 d'une protection \u00e9lectronique compl\u00e8te contre les surcharges, les courts-circuits et les temp\u00e9ratures excessives. Il r\u00e9duit automatiquement la puissance de sortie lorsque la temp\u00e9rature maximale du produit est atteinte.<\/div>\n<div><\/div>\n<\/div>\n<div>\n<h3 class=\"productDetails__block-title\"><span class=\"productDetails__block-title-content\">Arr\u00eat \u00e0 basse temp\u00e9rature et protection contre les sous-tensions<\/span><\/h3>\n<div class=\"productDetails__block-description\">Pour \u00e9viter d'endommager les batteries au lithium, le chargeur s'arr\u00eate automatiquement \u00e0 basse temp\u00e9rature. Il s'arr\u00eate \u00e9galement lorsque la tension d'entr\u00e9e tombe en dessous d'une valeur de verrouillage configurable par l'utilisateur et red\u00e9marre lorsque la tension d'entr\u00e9e remonte au-dessus de la valeur de red\u00e9marrage, prot\u00e9geant ainsi la source d'entr\u00e9e, c'est-\u00e0-dire la batterie de d\u00e9marrage, d'une d\u00e9charge profonde.<\/div>\n<div><\/div>\n<h3>Marche\/arr\u00eat \u00e0 distance<\/h3>\n<p>L'Orion XS peut \u00eatre allum\u00e9 et \u00e9teint \u00e0 distance via le connecteur marche\/arr\u00eat \u00e0 distance ou l'application VictronConnect. Les applications les plus courantes impliquent g\u00e9n\u00e9ralement une connexion c\u00e2bl\u00e9e \u00e0 un interrupteur ou \u00e0 un syst\u00e8me de gestion de la batterie (BMS).<\/p>\n<\/div>\n<\/div>\n<h2>Victron Orion XS 12\/12-50A- ORI121217050 Convertisseur : Bluetooth Smart<\/h2>\n<p>Bluetooth Smart int\u00e9gr\u00e9 : La solution sans fil pour modifier les param\u00e8tres, surveiller les activit\u00e9s et mettre \u00e0 jour le logiciel Orion XS avec un smartphone, une tablette ou un autre appareil Apple ou Android. Avec l'application<a href=\"https:\/\/www.victronenergy.com.es\/victronconnectapp\/victronconnect\" target=\"_blank\" rel=\"noopener\"> VictronConnect<\/a> diff\u00e9rents param\u00e8tres peuvent \u00eatre d\u00e9finis.<br \/>\nLecture instantan\u00e9e : L'application VictronConnect peut afficher les donn\u00e9es les plus importantes, y compris les avertissements et les alarmes, sur la page de liste de l'appareil sans qu'il soit n\u00e9cessaire de se connecter au produit.<\/p>\n<h3 style=\"font-style: normal;\"><img fetchpriority=\"high\" decoding=\"async\" class=\"alignnone size-full wp-image-11430\" style=\"font-size: 1.5em;\" src=\"https:\/\/fvcomponentes.com\/wp-content\/uploads\/2024\/01\/Esquema-Convertidor-Victron-Orion-XS-12-12-50A-ORI121217040.png\" alt=\"\" width=\"1154\" height=\"656\" title=\"\"><\/h3>\n<h3>Port direct VE.<\/h3>\n<p>Pour une connexion c\u00e2bl\u00e9e \u00e0 un dispositif GX, tel que le <a href=\"https:\/\/fvcomponentes.com\/fr\/produit\/victron-cerbo-gx-mk2-bpp900451100-victron-cerbo-mk2-monitor\/\" target=\"_blank\" rel=\"noopener\">Victron Cerbo GX MK2 Monitoring - BPP900451100<\/a>\u00a0ou l'Ekrano GX, \u00e0 un PC ou \u00e0 d'autres appareils. Permet la surveillance, le contr\u00f4le et les diagnostics avanc\u00e9s de n'importe o\u00f9 (n\u00e9cessite un appareil GX connect\u00e9 \u00e0 Internet et un portail VRM) ou localement via la console \u00e0 distance.<\/p>\n<div>\n<div>\n<div>\n<h3 class=\"productDetails__block-title\"><span class=\"productDetails__block-title-content\">Protection contre la poussi\u00e8re et l'eau<\/span><\/h3>\n<div class=\"productDetails__block-description\">L'Orion XS est con\u00e7u pour r\u00e9sister \u00e0 la poussi\u00e8re et \u00e0 la contamination par l'eau et est conforme \u00e0 la norme IP65.<\/div>\n<\/div>\n<div><\/div>\n<h3>Fiche technique Victron Orion XS 12\/12-50A- ORI121217050 Convertisseur<\/h3>\n<p><a href=\"https:\/\/fvcomponentes.com\/wp-content\/uploads\/2024\/01\/Datasheet-Orion-XS-12-12-50A-DC-DC-battery-charger-ES.pdf\" target=\"_blank\" rel=\"noopener\">Voir la fiche technique du convertisseur Victron Orion XS 12\/12-50A-ORI121217050 Victron Orion XS 12\/12-50A-ORI121217050 <\/a><\/p>\n<\/div>\n<\/div>\n<\/div>\n<\/div>\n<\/div>","protected":false},"excerpt":{"rendered":"<ul>\n<li><span style=\"color: #99cc00;\"><strong>\u00c9quipement Bluetooth<\/strong><\/span><\/li>\n<li><strong>Convertisseur Chargeur<\/strong><\/li>\n<li><strong>Courant de charge nominal :<\/strong> 50 A<\/li>\n<li><strong>Tension d'entr\u00e9e :<\/strong> 9-17 V<\/li>\n<li><strong>Tension de sortie r\u00e9glable :<\/strong> 10-17 V<\/li>\n<li><strong>Classe de protection :<\/strong>\u00a0 IP65<\/li>\n<\/ul>","protected":false},"featured_media":11425,"comment_status":"open","ping_status":"closed","template":"","meta":{"site-sidebar-layout":"default","site-content-layout":"","ast-site-content-layout":"default","site-content-style":"default","site-sidebar-style":"default","ast-global-header-display":"","ast-banner-title-visibility":"","ast-main-header-display":"","ast-hfb-above-header-display":"","ast-hfb-below-header-display":"","ast-hfb-mobile-header-display":"","site-post-title":"","ast-breadcrumbs-content":"","ast-featured-img":"","footer-sml-layout":"","ast-disable-related-posts":"","theme-transparent-header-meta":"default","adv-header-id-meta":"","stick-header-meta":"","header-above-stick-meta":"","header-main-stick-meta":"","header-below-stick-meta":"","astra-migrate-meta-layouts":"set","ast-page-background-enabled":"default","ast-page-background-meta":{"desktop":{"background-color":"var(--ast-global-color-4)","background-image":"","background-repeat":"repeat","background-position":"center center","background-size":"auto","background-attachment":"scroll","background-type":"","background-media":"","overlay-type":"","overlay-color":"","overlay-opacity":"","overlay-gradient":""},"tablet":{"background-color":"","background-image":"","background-repeat":"repeat","background-position":"center center","background-size":"auto","background-attachment":"scroll","background-type":"","background-media":"","overlay-type":"","overlay-color":"","overlay-opacity":"","overlay-gradient":""},"mobile":{"background-color":"","background-image":"","background-repeat":"repeat","background-position":"center center","background-size":"auto","background-attachment":"scroll","background-type":"","background-media":"","overlay-type":"","overlay-color":"","overlay-opacity":"","overlay-gradient":""}},"ast-content-background-meta":{"desktop":{"background-color":"var(--ast-global-color-5)","background-image":"","background-repeat":"repeat","background-position":"center center","background-size":"auto","background-attachment":"scroll","background-type":"","background-media":"","overlay-type":"","overlay-color":"","overlay-opacity":"","overlay-gradient":""},"tablet":{"background-color":"var(--ast-global-color-5)","background-image":"","background-repeat":"repeat","background-position":"center center","background-size":"auto","background-attachment":"scroll","background-type":"","background-media":"","overlay-type":"","overlay-color":"","overlay-opacity":"","overlay-gradient":""},"mobile":{"background-color":"var(--ast-global-color-5)","background-image":"","background-repeat":"repeat","background-position":"center center","background-size":"auto","background-attachment":"scroll","background-type":"","background-media":"","overlay-type":"","overlay-color":"","overlay-opacity":"","overlay-gradient":""}}},"pwb-brand":[332],"product_brand":[],"product_cat":[898,419,865],"product_tag":[],"class_list":{"0":"post-11423","1":"product","2":"type-product","3":"status-publish","4":"has-post-thumbnail","6":"pwb-brand-victron","7":"product_cat-12v-12v","8":"product_cat-cargadores-de-baterias","9":"product_cat-convertidores","10":"desktop-align-left","11":"tablet-align-left","12":"mobile-align-left","13":"ast-product-gallery-layout-horizontal-slider","14":"ast-product-tabs-layout-horizontal","16":"first","17":"instock","18":"featured","19":"taxable","20":"shipping-taxable","21":"purchasable","22":"product-type-simple"},"wcpa_form_fields":null,"brands":[{"id":332,"name":"Victron Energy","slug":"victron"}],"_links":{"self":[{"href":"https:\/\/fvcomponentes.com\/fr\/wp-json\/wp\/v2\/product\/11423","targetHints":{"allow":["GET"]}}],"collection":[{"href":"https:\/\/fvcomponentes.com\/fr\/wp-json\/wp\/v2\/product"}],"about":[{"href":"https:\/\/fvcomponentes.com\/fr\/wp-json\/wp\/v2\/types\/product"}],"replies":[{"embeddable":true,"href":"https:\/\/fvcomponentes.com\/fr\/wp-json\/wp\/v2\/comments?post=11423"}],"wp:featuredmedia":[{"embeddable":true,"href":"https:\/\/fvcomponentes.com\/fr\/wp-json\/wp\/v2\/media\/11425"}],"wp:attachment":[{"href":"https:\/\/fvcomponentes.com\/fr\/wp-json\/wp\/v2\/media?parent=11423"}],"wp:term":[{"taxonomy":"pwb-brand","embeddable":true,"href":"https:\/\/fvcomponentes.com\/fr\/wp-json\/wp\/v2\/pwb-brand?post=11423"},{"taxonomy":"product_brand","embeddable":true,"href":"https:\/\/fvcomponentes.com\/fr\/wp-json\/wp\/v2\/product_brand?post=11423"},{"taxonomy":"product_cat","embeddable":true,"href":"https:\/\/fvcomponentes.com\/fr\/wp-json\/wp\/v2\/product_cat?post=11423"},{"taxonomy":"product_tag","embeddable":true,"href":"https:\/\/fvcomponentes.com\/fr\/wp-json\/wp\/v2\/product_tag?post=11423"}],"curies":[{"name":"wp","href":"https:\/\/api.w.org\/{rel}","templated":true}]}}