{"id":11043,"date":"2023-12-28T12:41:47","date_gmt":"2023-12-28T11:41:47","guid":{"rendered":"https:\/\/fvcomponentes.com\/?post_type=product&#038;p=11043"},"modified":"2026-01-15T10:12:01","modified_gmt":"2026-01-15T09:12:01","slug":"onduleur-victron-multiplus-ii-48-8000va-48v-110100a-pmp482805000","status":"publish","type":"product","link":"https:\/\/fvcomponentes.com\/fr\/producto\/inversor-victron-multiplus-ii-48-8000va-48v-110100a-pmp482805000\/","title":{"rendered":"Chargeur d'onduleur 48V Victron MultiPlus II 48\/8000VA 48V 110A-100A - PMP482805000"},"content":{"rendered":"<h2>Caract\u00e9ristiques de l'onduleur Victron MultiPlus II 48\/8000VA 48V 110-100A - PMP482805000<\/h2>\n<p>L'onduleur Victron Multiplus II 48V 8000VA 110-100A est un dispositif avanc\u00e9 pour notre installation photovolta\u00efque qui nous permet d'avoir un syst\u00e8me hybride d'autoconsommation avec accumulation et avec toutes les garanties de fonctionnement. Comme toute la gamme MultiPlus de Victron, cette famille MultiPlus II est un onduleur avec un chargeur multifonctionnel qui pr\u00e9sente de nombreuses caract\u00e9ristiques. <strong>Les certifications \u00e9lectriques d'un grand nombre de pays le qualifient pour une utilisation en tant que syst\u00e8me de stockage d'\u00e9nergie (SSE) connect\u00e9 au r\u00e9seau.<\/strong>. Le mod\u00e8le MultiPlus II, anciennement connu sous le nom de MultiGrid II, int\u00e8gre \u00e9galement une protection anti-\u00eelotage et les fonctionnalit\u00e9s Victron PowerControl et PowerAssist.<\/p>\n<p>Le chargeur solaire Victron Multiplus II 48V 8000VA 100-100A est une garantie de fiabilit\u00e9 et de stabilit\u00e9, gr\u00e2ce \u00e0 la conception avanc\u00e9e de son \u00e9tage de puissance.<\/p>\n<p>L'onduleur Victron Multiplus II 48V 8000VA 100-100A offre jusqu'\u00e0 8000VA de puissance de sortie \u00e0 partir de l'onduleur lui-m\u00eame, bien que gr\u00e2ce \u00e0 sa fonction PowerAssist, il puisse fournir plus de puissance de sortie en ajoutant de l'\u00e9nergie \u00e0 partir de l'entr\u00e9e CA et \u00e9galement \u00e0 partir des batteries afin de ne pas surcharger l'entr\u00e9e du r\u00e9seau externe. Il fonctionne avec des batteries de 48V et dispose d'un chargeur de batterie interne de 110A.<\/p>\n<p>Gr\u00e2ce \u00e0 sa fonction d'onduleur, il est en mesure d'offrir une alimentation ininterrompue, la commutation \u00e9tant tr\u00e8s rapide, de sorte que la consommation critique n'est pas affect\u00e9e. Comme le reste de la famille MultiPlus, il est hautement extensible gr\u00e2ce \u00e0 sa capacit\u00e9 \u00e0 travailler en parall\u00e8le avec jusqu'\u00e0 6 unit\u00e9s. Il est \u00e9galement possible de l'utiliser sur un r\u00e9seau triphas\u00e9 en installant une unit\u00e9 par phase, \u00e0 laquelle on peut ajouter un fonctionnement en parall\u00e8le \u00e0 l'int\u00e9rieur des phases elles-m\u00eames.<\/p>\n<h2>Onduleur Victron MultiPlus II 48\/8000VA 48V 110-100A - PMP482805000 Fonctionnement de l'onduleur<\/h2>\n<p>L'onduleur MultiPlus II peut \u00eatre utilis\u00e9 dans toutes les topologies courantes de stockage d'\u00e9nergie. Un capteur de courant est disponible en option pour limiter l'entr\u00e9e CA en fonction de nos besoins, car la puissance de transfert et de charge du MultiPlus II peut \u00eatre trop \u00e9lev\u00e9e pour le courant disponible. L'application la plus courante de ce type d'onduleur est la suivante :<\/p>\n<p class=\"clear-block\"><img decoding=\"async\" class=\"left-align\" title=\"MultiPlus II utilis\u00e9 comme onduleur dans les applications \u00e0 charge critique\" src=\"https:\/\/fvcomponentes.com\/wp-content\/uploads\/2022\/11\/multiplus-II-caso1.png\" alt=\"MultiPlus II utilis\u00e9 comme onduleur dans les applications \u00e0 charge critique\" \/><\/p>\n<p class=\"clear-block\"><strong>MultiPlus II utilis\u00e9 comme onduleur dans les applications \u00e0 charge critique.<\/strong>\u00a0Dans ce cas, l'onduleur-chargeur peut avoir les charges habituelles, aliment\u00e9es par le r\u00e9seau conventionnel, et disposer d'un syst\u00e8me de stockage d'\u00e9nergie (batterie) qui alimentera les charges critiques en cas de d\u00e9faillance ou d'instabilit\u00e9 du r\u00e9seau. On examinera si une limitation de l'entr\u00e9e CA \u00e0 une valeur s\u00fbre doit \u00eatre appliqu\u00e9e \u00e0 l'aide des fonctions PowerControl et PowerAssist.<\/p>\n<p class=\"clear-block\"><img decoding=\"async\" class=\"left-align\" title=\"MultiPlus II parall\u00e8le au r\u00e9seau et aliment\u00e9 par des panneaux photovolta\u00efques\" src=\"https:\/\/fvcomponentes.com\/wp-content\/uploads\/2022\/11\/multiplus-II-caso2.png\" alt=\"MultiPlus II parall\u00e8le au r\u00e9seau et aliment\u00e9 par des panneaux photovolta\u00efques\" \/><\/p>\n<p class=\"clear-block\"><strong>Connect\u00e9 au r\u00e9seau et aux panneaux photovolta\u00efques par le biais d'un r\u00e9gulateur MPPT.<\/strong>\u00a0Dans ce cas, l'onduleur PV utilise les informations fournies par le capteur de courant toro\u00efdal pour optimiser l'autoconsommation en convertissant l'\u00e9nergie en courant alternatif et en l'utilisant directement pour la consommation. On peut ainsi choisir d'injecter ou non l'\u00e9nergie solaire exc\u00e9dentaire dans le r\u00e9seau. Les batteries sont recharg\u00e9es par les panneaux solaires et la consommation peut \u00eatre divis\u00e9e entre la consommation critique, qui est toujours aliment\u00e9e m\u00eame en cas de coupure de courant, et la consommation normale, qui peut \u00e9galement \u00eatre aliment\u00e9e par l'\u00e9nergie produite par les panneaux.<\/p>\n<h2>Surveillance des onduleurs Victron MultiPlus II 48\/8000VA 48V 110-100A - PMP482805000<\/h2>\n<p>Afin de contr\u00f4ler au maximum le fonctionnement de l'installation solaire, il est fortement recommand\u00e9 d'inclure le panneau de contr\u00f4le Victron ColorControl, qui permet de configurer, de charger les param\u00e8tres de fonctionnement et de contr\u00f4ler les performances de l'ensemble du syst\u00e8me. Tous les composants appara\u00eetront sur l'\u00e9cran de supervision et nous disposerons d'informations d\u00e9taill\u00e9es sur la production, la consommation, le stockage, etc.<\/p>\n<p><img decoding=\"async\" class=\"center-align\" title=\"Graphique VRM\" src=\"https:\/\/fvcomponentes.com\/wp-content\/uploads\/2022\/11\/grafico-vrm.png\" alt=\"Graphique VRM\" \/><\/p>\n<p>Gr\u00e2ce \u00e0 l'inclusion du panneau Victron ColorControl, nous aurons acc\u00e8s au portail VRM fourni par la marque o\u00f9 nous pourrons acc\u00e9der au contr\u00f4le et \u00e0 la configuration du syst\u00e8me \u00e0 partir de n'importe quel terminal ayant un acc\u00e8s \u00e0 Internet. Le portail VRM nous donnera m\u00eame la possibilit\u00e9 d'envoyer des alarmes en fonction de ce que nous programmons dans le fonctionnement du syst\u00e8me.<\/p>\n<h2>Compatibilit\u00e9 des onduleurs Onduleur Victron MultiPlus II 48\/8000VA 48V 110-100A - PMP482805000<\/h2>\n<p>Le MultiPlus II peut fonctionner sans probl\u00e8me avec pratiquement toutes les batteries 48V du march\u00e9. Sa grande flexibilit\u00e9 et son adaptabilit\u00e9 lui permettent d'\u00eatre configur\u00e9 pour charger une batterie plomb-acide de n'importe quelle technologie, qu'elle soit scell\u00e9e ou ouverte de type OPzS. Victron met r\u00e9guli\u00e8rement \u00e0 jour son logiciel pour assurer la compatibilit\u00e9 avec la grande majorit\u00e9 des marques de batteries Lithium du march\u00e9. C'est une garantie pour l'avenir.<\/p>\n<p>Si une topologie de r\u00e9gulateur de charge externe est utilis\u00e9e pour charger les batteries ou pour l'autoconsommation directe, il est conseill\u00e9 d'utiliser un mod\u00e8le MPPT de la marque Victron. De cette mani\u00e8re, le panneau ColorControl affichera en d\u00e9tail la production photovolta\u00efque du syst\u00e8me. Si un onduleur photovolta\u00efque est utilis\u00e9 comme g\u00e9n\u00e9rateur solaire, il est conseill\u00e9 d'utiliser un produit de la marque <a href=\"https:\/\/www.fronius.com\/es-es\/spain\/energia-solar\" target=\"_blank\" rel=\"noopener\">Fronius<\/a>Le ColorControl et le portail VRM sont \u00e9galement compatibles avec d'autres marques connues dans le secteur, comme Kostal. Le ColorControl et le portail VRM permettent \u00e9galement de contr\u00f4ler sans probl\u00e8me la production de l'onduleur PV. Il existe \u00e9galement une compatibilit\u00e9 avec d'autres fabricants tels que Schneider ; le tableau de compatibilit\u00e9 peut \u00eatre consult\u00e9 sur le site web de Victron, o\u00f9 il est r\u00e9guli\u00e8rement mis \u00e0 jour.<\/p>\n<h2>Fiche technique Onduleur Victron MultiPlus II 48\/8000VA 48V 110-100A - PMP482805000<\/h2>\n<p><a href=\"https:\/\/fvcomponentes.com\/wp-content\/uploads\/2020\/02\/Datasheet-MultiPlus-II-inverter-charger-ES.pdf\" target=\"_blank\" rel=\"noopener\">Voir la fiche technique de l'onduleur chargeur Victron MultiPlus II 48\/8000VA 48V 110-100A - PMP482805000<\/a><\/p>\n<p>&nbsp;<\/p>","protected":false},"excerpt":{"rendered":"<ul>\n<li>Chargeur d'onduleur 48V<\/li>\n<li>Puissance de cr\u00eate 15000 W<\/li>\n<li>Puissance de l'onduleur 6400 W<\/li>\n<li>Chargeur int\u00e9gr\u00e9 de 110A<\/li>\n<li>Sorties AC : 2<\/li>\n<li>Compatible avec la gamme GX<\/li>\n<\/ul>","protected":false},"featured_media":11052,"comment_status":"open","ping_status":"closed","template":"","meta":{"site-sidebar-layout":"default","site-content-layout":"default","ast-site-content-layout":"default","site-content-style":"default","site-sidebar-style":"default","ast-global-header-display":"","ast-banner-title-visibility":"","ast-main-header-display":"","ast-hfb-above-header-display":"","ast-hfb-below-header-display":"","ast-hfb-mobile-header-display":"","site-post-title":"","ast-breadcrumbs-content":"","ast-featured-img":"","footer-sml-layout":"","ast-disable-related-posts":"","theme-transparent-header-meta":"default","adv-header-id-meta":"","stick-header-meta":"","header-above-stick-meta":"","header-main-stick-meta":"","header-below-stick-meta":"","astra-migrate-meta-layouts":"set","ast-page-background-enabled":"default","ast-page-background-meta":{"desktop":{"background-color":"var(--ast-global-color-4)","background-image":"","background-repeat":"repeat","background-position":"center center","background-size":"auto","background-attachment":"scroll","background-type":"","background-media":"","overlay-type":"","overlay-color":"","overlay-opacity":"","overlay-gradient":""},"tablet":{"background-color":"","background-image":"","background-repeat":"repeat","background-position":"center center","background-size":"auto","background-attachment":"scroll","background-type":"","background-media":"","overlay-type":"","overlay-color":"","overlay-opacity":"","overlay-gradient":""},"mobile":{"background-color":"","background-image":"","background-repeat":"repeat","background-position":"center center","background-size":"auto","background-attachment":"scroll","background-type":"","background-media":"","overlay-type":"","overlay-color":"","overlay-opacity":"","overlay-gradient":""}},"ast-content-background-meta":{"desktop":{"background-color":"var(--ast-global-color-5)","background-image":"","background-repeat":"repeat","background-position":"center center","background-size":"auto","background-attachment":"scroll","background-type":"","background-media":"","overlay-type":"","overlay-color":"","overlay-opacity":"","overlay-gradient":""},"tablet":{"background-color":"var(--ast-global-color-5)","background-image":"","background-repeat":"repeat","background-position":"center center","background-size":"auto","background-attachment":"scroll","background-type":"","background-media":"","overlay-type":"","overlay-color":"","overlay-opacity":"","overlay-gradient":""},"mobile":{"background-color":"var(--ast-global-color-5)","background-image":"","background-repeat":"repeat","background-position":"center center","background-size":"auto","background-attachment":"scroll","background-type":"","background-media":"","overlay-type":"","overlay-color":"","overlay-opacity":"","overlay-gradient":""}}},"pwb-brand":[332],"product_brand":[],"product_cat":[334,333],"product_tag":[],"class_list":{"0":"post-11043","1":"product","2":"type-product","3":"status-publish","4":"has-post-thumbnail","6":"pwb-brand-victron","7":"product_cat-inversores-cargadores-48v","8":"product_cat-inversores","9":"desktop-align-left","10":"tablet-align-left","11":"mobile-align-left","12":"ast-product-gallery-layout-horizontal-slider","13":"ast-product-tabs-layout-horizontal","15":"first","16":"instock","17":"taxable","18":"shipping-taxable","19":"purchasable","20":"product-type-simple"},"wcpa_form_fields":null,"brands":[{"id":332,"name":"Victron Energy","slug":"victron"}],"_links":{"self":[{"href":"https:\/\/fvcomponentes.com\/fr\/wp-json\/wp\/v2\/product\/11043","targetHints":{"allow":["GET"]}}],"collection":[{"href":"https:\/\/fvcomponentes.com\/fr\/wp-json\/wp\/v2\/product"}],"about":[{"href":"https:\/\/fvcomponentes.com\/fr\/wp-json\/wp\/v2\/types\/product"}],"replies":[{"embeddable":true,"href":"https:\/\/fvcomponentes.com\/fr\/wp-json\/wp\/v2\/comments?post=11043"}],"wp:featuredmedia":[{"embeddable":true,"href":"https:\/\/fvcomponentes.com\/fr\/wp-json\/wp\/v2\/media\/11052"}],"wp:attachment":[{"href":"https:\/\/fvcomponentes.com\/fr\/wp-json\/wp\/v2\/media?parent=11043"}],"wp:term":[{"taxonomy":"pwb-brand","embeddable":true,"href":"https:\/\/fvcomponentes.com\/fr\/wp-json\/wp\/v2\/pwb-brand?post=11043"},{"taxonomy":"product_brand","embeddable":true,"href":"https:\/\/fvcomponentes.com\/fr\/wp-json\/wp\/v2\/product_brand?post=11043"},{"taxonomy":"product_cat","embeddable":true,"href":"https:\/\/fvcomponentes.com\/fr\/wp-json\/wp\/v2\/product_cat?post=11043"},{"taxonomy":"product_tag","embeddable":true,"href":"https:\/\/fvcomponentes.com\/fr\/wp-json\/wp\/v2\/product_tag?post=11043"}],"curies":[{"name":"wp","href":"https:\/\/api.w.org\/{rel}","templated":true}]}}