{"id":10691,"date":"2023-11-27T17:04:01","date_gmt":"2023-11-27T16:04:01","guid":{"rendered":"https:\/\/fvcomponentes.com\/?post_type=product&#038;p=10691"},"modified":"2026-04-04T11:13:03","modified_gmt":"2026-04-04T09:13:03","slug":"porte-fusible-porte-fusible-6-voies-pour-mega-fuse-cip050060000","status":"publish","type":"product","link":"https:\/\/fvcomponentes.com\/fr\/producto\/portafusibles-fuse-holder-6-way-para-mega-fuse-cip050060000\/","title":{"rendered":"Victron Porte-fusible 6 voies pour Mega Fuse - CIP050060000"},"content":{"rendered":"<h2>Porte-fusible Porte-fusible 6 voies pour Mega Fuse caract\u00e9ristiques<\/h2>\n<p>Ce porte-fusible 6 voies pour m\u00e9ga-fusible - CIP050060000 est con\u00e7u pour un maximum de 6 m\u00e9ga-fusibles de 40A \u00e0 300A, tels que le fusible <a href=\"https:\/\/fvcomponentes.com\/fr\/produit\/mega-fuse-victron-125a-58v-cip137125010\/\" target=\"_blank\" rel=\"noopener\">M\u00e9ga-fusible Victron 125A\/58v - CIP137125010<\/a>. Le porte-fusible 6 voies convient pour des c\u00e2bles d'une \u00e9paisseur inf\u00e9rieure ou \u00e9gale \u00e0 70 mm\u00b2 et pour un courant maximal de 300 A. Si vous avez des fusibles plus puissants, nous vous recommandons de choisir un porte-fusible qui peut supporter une puissance plus \u00e9lev\u00e9e.<\/p>\n<h2>Couvercle transparent<\/h2>\n<p>Le couvercle amovible est transparent, ce qui permet de voir l'\u00e9tat du fusible sans retirer le couvercle.<\/p>\n<h2>Connexions M8<\/h2>\n<p>L'extr\u00e9mit\u00e9 de connexion\/c\u00e2ble pour les c\u00e2bles (et aussi pour le fusible MEGA) est M8.<br \/>\nLe porte-fusible peut \u00eatre boulonn\u00e9 \u00e0 une plaque arri\u00e8re ou \u00e0 une cloison \u00e0 l'aide de 4 vis (non incluses).<\/p>\n<h2>Dimensions du porte-fusible Porte-fusible 6 voies pour Mega Fuse - CIP050060000<\/h2>\n<p><a href=\"https:\/\/fvcomponentes.com\/wp-content\/uploads\/2023\/11\/Fuse-holder-6-way-for-MEGA-fuse.pdf\" target=\"_blank\" rel=\"noopener\">Voir la fiche technique Porte-fusible 6 voies pour Mega Fuse <\/a><\/p>","protected":false},"excerpt":{"rendered":"<p><strong>Convient pour<\/strong> fusibles 6 MEGA<br \/>\n<strong>Dimensions :<\/strong> 38x43x121mm<br \/>\n<strong>Extr\u00e9mit\u00e9s filet\u00e9es :<\/strong> M8<\/p>","protected":false},"featured_media":10692,"comment_status":"open","ping_status":"closed","template":"","meta":{"site-sidebar-layout":"default","site-content-layout":"","ast-site-content-layout":"default","site-content-style":"default","site-sidebar-style":"default","ast-global-header-display":"","ast-banner-title-visibility":"","ast-main-header-display":"","ast-hfb-above-header-display":"","ast-hfb-below-header-display":"","ast-hfb-mobile-header-display":"","site-post-title":"","ast-breadcrumbs-content":"","ast-featured-img":"","footer-sml-layout":"","ast-disable-related-posts":"","theme-transparent-header-meta":"default","adv-header-id-meta":"","stick-header-meta":"","header-above-stick-meta":"","header-main-stick-meta":"","header-below-stick-meta":"","astra-migrate-meta-layouts":"set","ast-page-background-enabled":"default","ast-page-background-meta":{"desktop":{"background-color":"var(--ast-global-color-4)","background-image":"","background-repeat":"repeat","background-position":"center center","background-size":"auto","background-attachment":"scroll","background-type":"","background-media":"","overlay-type":"","overlay-color":"","overlay-opacity":"","overlay-gradient":""},"tablet":{"background-color":"","background-image":"","background-repeat":"repeat","background-position":"center center","background-size":"auto","background-attachment":"scroll","background-type":"","background-media":"","overlay-type":"","overlay-color":"","overlay-opacity":"","overlay-gradient":""},"mobile":{"background-color":"","background-image":"","background-repeat":"repeat","background-position":"center center","background-size":"auto","background-attachment":"scroll","background-type":"","background-media":"","overlay-type":"","overlay-color":"","overlay-opacity":"","overlay-gradient":""}},"ast-content-background-meta":{"desktop":{"background-color":"var(--ast-global-color-5)","background-image":"","background-repeat":"repeat","background-position":"center center","background-size":"auto","background-attachment":"scroll","background-type":"","background-media":"","overlay-type":"","overlay-color":"","overlay-opacity":"","overlay-gradient":""},"tablet":{"background-color":"var(--ast-global-color-5)","background-image":"","background-repeat":"repeat","background-position":"center center","background-size":"auto","background-attachment":"scroll","background-type":"","background-media":"","overlay-type":"","overlay-color":"","overlay-opacity":"","overlay-gradient":""},"mobile":{"background-color":"var(--ast-global-color-5)","background-image":"","background-repeat":"repeat","background-position":"center center","background-size":"auto","background-attachment":"scroll","background-type":"","background-media":"","overlay-type":"","overlay-color":"","overlay-opacity":"","overlay-gradient":""}}},"pwb-brand":[332],"product_brand":[],"product_cat":[410,991,988],"product_tag":[],"class_list":{"0":"post-10691","1":"product","2":"type-product","3":"status-publish","4":"has-post-thumbnail","6":"pwb-brand-victron","7":"product_cat-material-electrico","8":"product_cat-busbar","9":"product_cat-portafusibles","10":"desktop-align-left","11":"tablet-align-left","12":"mobile-align-left","13":"ast-product-gallery-layout-horizontal-slider","14":"ast-product-gallery-with-no-image","15":"ast-product-tabs-layout-horizontal","17":"first","18":"instock","19":"taxable","20":"shipping-taxable","21":"purchasable","22":"product-type-simple"},"wcpa_form_fields":null,"brands":[{"id":332,"name":"Victron Energy","slug":"victron"}],"_links":{"self":[{"href":"https:\/\/fvcomponentes.com\/fr\/wp-json\/wp\/v2\/product\/10691","targetHints":{"allow":["GET"]}}],"collection":[{"href":"https:\/\/fvcomponentes.com\/fr\/wp-json\/wp\/v2\/product"}],"about":[{"href":"https:\/\/fvcomponentes.com\/fr\/wp-json\/wp\/v2\/types\/product"}],"replies":[{"embeddable":true,"href":"https:\/\/fvcomponentes.com\/fr\/wp-json\/wp\/v2\/comments?post=10691"}],"wp:featuredmedia":[{"embeddable":true,"href":"https:\/\/fvcomponentes.com\/fr\/wp-json\/wp\/v2\/media\/10692"}],"wp:attachment":[{"href":"https:\/\/fvcomponentes.com\/fr\/wp-json\/wp\/v2\/media?parent=10691"}],"wp:term":[{"taxonomy":"pwb-brand","embeddable":true,"href":"https:\/\/fvcomponentes.com\/fr\/wp-json\/wp\/v2\/pwb-brand?post=10691"},{"taxonomy":"product_brand","embeddable":true,"href":"https:\/\/fvcomponentes.com\/fr\/wp-json\/wp\/v2\/product_brand?post=10691"},{"taxonomy":"product_cat","embeddable":true,"href":"https:\/\/fvcomponentes.com\/fr\/wp-json\/wp\/v2\/product_cat?post=10691"},{"taxonomy":"product_tag","embeddable":true,"href":"https:\/\/fvcomponentes.com\/fr\/wp-json\/wp\/v2\/product_tag?post=10691"}],"curies":[{"name":"wp","href":"https:\/\/api.w.org\/{rel}","templated":true}]}}