{"id":10010,"date":"2023-10-24T10:13:24","date_gmt":"2023-10-24T08:13:24","guid":{"rendered":"https:\/\/fvcomponentes.com\/?post_type=product&#038;p=10010"},"modified":"2026-04-04T12:52:16","modified_gmt":"2026-04-04T10:52:16","slug":"onduleur-chargeur-hybride-victron-multi-rs-solar-pmr482602020-pmr482602020","status":"publish","type":"product","link":"https:\/\/fvcomponentes.com\/fr\/producto\/inversor-hibrido-cargador-victron-multi-rs-solar-pmr482602020\/","title":{"rendered":"Chargeur d'onduleur Victron Multi RS Solar 48\/6000 - 450\/100 - PMR482602020"},"content":{"rendered":"<h2>Onduleur\/chargeur hybride Victron Multi RS Solar Victron Multi RS Solar - PMR482602020<\/h2>\n<p>L'onduleur\/chargeur hybride solaire Multi RS de Victron - PMR482602020 est un onduleur\/chargeur 48V, 6kVA avec deux entr\u00e9es MPPT ind\u00e9pendantes de 3kWp et 450V pour un total de 6kWp de puissance photovolta\u00efque.<\/p>\n<p>Gr\u00e2ce \u00e0 la technologie haute fr\u00e9quence et \u00e0 un nouveau design, ce puissant onduleur ne p\u00e8se que 11 kg. En outre, il pr\u00e9sente un excellent rendement, une faible consommation en mode veille et un fonctionnement tr\u00e8s silencieux.<\/p>\n<p>L'\u00e9cran affiche les param\u00e8tres de la batterie, de l'onduleur et de l'\u00e9nergie solaire. Les m\u00eames param\u00e8tres peuvent \u00eatre consult\u00e9s via un smartphone ou un autre appareil compatible Bluetooth \u00e0 l'aide de l'application. <a href=\"https:\/\/www.victronenergy.com.es\/panel-systems-remote-monitoring\/victronconnect\" target=\"_blank\" rel=\"noopener\">VictronConnect.<\/a><\/p>\n<h2>Modes de fonctionnement de l'onduleur\/chargeur solaire hybride Victron Multi RS - PMR482602020<\/h2>\n<p><strong>Mode hybride :<\/strong> Stocke l'\u00e9nergie solaire exc\u00e9dentaire dans une batterie pour l'utiliser la nuit ou pendant les p\u00e9riodes de forte demande. Fournit de l'\u00e9nergie suppl\u00e9mentaire \u00e0 partir de la batterie lorsque la demande d\u00e9passe la capacit\u00e9 du r\u00e9seau.<br \/>\n<strong>Mode de sauvegarde :<\/strong> Passe en mode de secours en cas de panne de courant.<br \/>\n<strong>Mode hors r\u00e9seau :<\/strong> Il fonctionne hors r\u00e9seau.<br \/>\n<strong>Mode g\u00e9n\u00e9rateur :<\/strong> Contr\u00f4le le g\u00e9n\u00e9rateur pour minimiser les heures de fonctionnement. Fournit de l'\u00e9nergie suppl\u00e9mentaire \u00e0 partir de la batterie lorsque la demande d\u00e9passe la capacit\u00e9 du g\u00e9n\u00e9rateur.<\/p>\n<h2>PowerControl et PowerAssist : augmenter la capacit\u00e9 du r\u00e9seau ou d'un g\u00e9n\u00e9rateur<\/h2>\n<p>Un courant maximum peut \u00eatre d\u00e9fini pour le r\u00e9seau ou le g\u00e9n\u00e9rateur.<br \/>\nLe Multi RS tient compte des autres charges CA et utilise l'exc\u00e9dent pour charger la batterie, \u00e9vitant ainsi de surcharger le g\u00e9n\u00e9rateur ou le r\u00e9seau (fonction PowerControl). PowerAssist porte le principe de PowerControl \u00e0 un niveau sup\u00e9rieur. Lorsque la puissance maximale est requise pendant une p\u00e9riode limit\u00e9e, le Multi RS compense le manque de puissance du g\u00e9n\u00e9rateur ou du r\u00e9seau par l'\u00e9nergie de la batterie. Lorsque la charge diminue, l'\u00e9nergie exc\u00e9dentaire est utilis\u00e9e pour recharger la batterie.<\/p>\n<h2>Affichage, Bluetooth et application VictronConnect<\/h2>\n<p>L'\u00e9cran affiche les param\u00e8tres de la batterie, de l'onduleur et de l'\u00e9nergie solaire. Les m\u00eames param\u00e8tres sont accessibles via un smartphone ou un autre appareil compatible Bluetooth gr\u00e2ce \u00e0 l'application VictronConnect.<\/p>\n<h2>Capacit\u00e9 PV extensible, \u00e0 la fois coupl\u00e9e au courant alternatif et au courant continu<\/h2>\n<p>La capacit\u00e9 photovolta\u00efque int\u00e9gr\u00e9e de 6 kWp peut \u00eatre augment\u00e9e en ajoutant des chargeurs solaires au syst\u00e8me. Il est \u00e9galement possible d'augmenter la capacit\u00e9 photovolta\u00efque en installant des onduleurs photovolta\u00efques, dont la puissance de sortie sera automatiquement contr\u00f4l\u00e9e par la commande de puissance \u00e0 d\u00e9calage de fr\u00e9quence int\u00e9gr\u00e9e.<\/p>\n<h2>Victron Hybrid Inverter\/Charger Communication Ports Victron Multi RS Solar - PMR482602020<\/h2>\n<p>VE.Connexion directe \u00e0 un appareil GX pour la surveillance du syst\u00e8me, l'enregistrement des donn\u00e9es et les mises \u00e0 jour \u00e0 distance du micrologiciel. VE.connexion directe \u00e0 un GlobalLink 520 pour la surveillance des donn\u00e9es \u00e0 distance.<\/p>\n<h2>Connexions d'entr\u00e9e\/sortie<\/h2>\n<p>Connexions programmables pour les relais, les capteurs de temp\u00e9rature et les capteurs de tension.<\/p>\n<p><img fetchpriority=\"high\" decoding=\"async\" class=\"wp-image-10012\" src=\"https:\/\/fvcomponentes.com\/wp-content\/uploads\/2023\/10\/Captura-de-pantalla-2023-10-24-095827.png\" alt=\"Onduleur\/chargeur hybride Victron Multi RS Solar Victron Multi RS Solar - PMR482602020\" width=\"900\" height=\"687\" title=\"\"><\/p>\n<h2>Fiche technique de l'onduleur\/chargeur solaire hybride Victron Multi RS - PMR482602020<\/h2>\n<p><a href=\"https:\/\/fvcomponentes.com\/wp-content\/uploads\/2023\/10\/Datasheet-Multi-RS-Solar-Dual-Tracker-EN-1.pdf\" target=\"_blank\" rel=\"noopener\">Voir la fiche technique de l'onduleur\/chargeur solaire hybride Victron Multi RS - PMR482602020<\/a><\/p>","protected":false},"excerpt":{"rendered":"<p><span style=\"color: #ff0000;\"><strong>Nouveau ! Il fonctionne \u00e9galement branch\u00e9 sur le secteur SANS BATTERIES. Ajoutez des batteries lorsque vous en avez besoin. Le premier onduleur hybride connect\u00e9 au r\u00e9seau de Victron qui ne n\u00e9cessite pas de batteries pour fonctionner.<\/strong><\/span><\/p>\n<p><strong>Tension d'entr\u00e9e :<\/strong> 38\/62 V<br \/>\n<strong>Puissance \u00e0 25\u00ba :<\/strong> De 4800W \u00e0 46VDC \u00e0 5300W \u00e0 52VDC<br \/>\n<strong>Puissance \u00e0 40\u00ba : <\/strong>4500W<br \/>\n<strong>Puissance \u00e0 65\u00ba : <\/strong>3000W<br \/>\n<strong>Puissance maximale PV :<\/strong> 6kW au total, 3kW par tracker<br \/>\n<strong>Courant de charge maximal en AC : <\/strong>88A<\/p>","protected":false},"featured_media":9827,"comment_status":"closed","ping_status":"closed","template":"","meta":{"site-sidebar-layout":"default","site-content-layout":"","ast-site-content-layout":"default","site-content-style":"default","site-sidebar-style":"default","ast-global-header-display":"","ast-banner-title-visibility":"","ast-main-header-display":"","ast-hfb-above-header-display":"","ast-hfb-below-header-display":"","ast-hfb-mobile-header-display":"","site-post-title":"","ast-breadcrumbs-content":"","ast-featured-img":"","footer-sml-layout":"","ast-disable-related-posts":"","theme-transparent-header-meta":"default","adv-header-id-meta":"","stick-header-meta":"","header-above-stick-meta":"","header-main-stick-meta":"","header-below-stick-meta":"","astra-migrate-meta-layouts":"set","ast-page-background-enabled":"default","ast-page-background-meta":{"desktop":{"background-color":"var(--ast-global-color-4)","background-image":"","background-repeat":"repeat","background-position":"center center","background-size":"auto","background-attachment":"scroll","background-type":"","background-media":"","overlay-type":"","overlay-color":"","overlay-opacity":"","overlay-gradient":""},"tablet":{"background-color":"","background-image":"","background-repeat":"repeat","background-position":"center center","background-size":"auto","background-attachment":"scroll","background-type":"","background-media":"","overlay-type":"","overlay-color":"","overlay-opacity":"","overlay-gradient":""},"mobile":{"background-color":"","background-image":"","background-repeat":"repeat","background-position":"center center","background-size":"auto","background-attachment":"scroll","background-type":"","background-media":"","overlay-type":"","overlay-color":"","overlay-opacity":"","overlay-gradient":""}},"ast-content-background-meta":{"desktop":{"background-color":"var(--ast-global-color-5)","background-image":"","background-repeat":"repeat","background-position":"center center","background-size":"auto","background-attachment":"scroll","background-type":"","background-media":"","overlay-type":"","overlay-color":"","overlay-opacity":"","overlay-gradient":""},"tablet":{"background-color":"var(--ast-global-color-5)","background-image":"","background-repeat":"repeat","background-position":"center center","background-size":"auto","background-attachment":"scroll","background-type":"","background-media":"","overlay-type":"","overlay-color":"","overlay-opacity":"","overlay-gradient":""},"mobile":{"background-color":"var(--ast-global-color-5)","background-image":"","background-repeat":"repeat","background-position":"center center","background-size":"auto","background-attachment":"scroll","background-type":"","background-media":"","overlay-type":"","overlay-color":"","overlay-opacity":"","overlay-gradient":""}}},"pwb-brand":[332],"product_brand":[],"product_cat":[333,334,359,924],"product_tag":[],"class_list":{"0":"post-10010","1":"product","2":"type-product","3":"status-publish","4":"has-post-thumbnail","6":"pwb-brand-victron","7":"product_cat-inversores","8":"product_cat-inversores-cargadores-48v","9":"product_cat-inversores-autoconsumo-hibridos","10":"product_cat-inversores-autoconsumo-hibridos-monofasicos","11":"desktop-align-left","12":"tablet-align-left","13":"mobile-align-left","14":"ast-product-gallery-layout-horizontal-slider","15":"ast-product-tabs-layout-horizontal","17":"first","18":"instock","19":"taxable","20":"shipping-taxable","21":"purchasable","22":"product-type-simple"},"wcpa_form_fields":null,"brands":[{"id":332,"name":"Victron Energy","slug":"victron"}],"_links":{"self":[{"href":"https:\/\/fvcomponentes.com\/fr\/wp-json\/wp\/v2\/product\/10010","targetHints":{"allow":["GET"]}}],"collection":[{"href":"https:\/\/fvcomponentes.com\/fr\/wp-json\/wp\/v2\/product"}],"about":[{"href":"https:\/\/fvcomponentes.com\/fr\/wp-json\/wp\/v2\/types\/product"}],"replies":[{"embeddable":true,"href":"https:\/\/fvcomponentes.com\/fr\/wp-json\/wp\/v2\/comments?post=10010"}],"wp:featuredmedia":[{"embeddable":true,"href":"https:\/\/fvcomponentes.com\/fr\/wp-json\/wp\/v2\/media\/9827"}],"wp:attachment":[{"href":"https:\/\/fvcomponentes.com\/fr\/wp-json\/wp\/v2\/media?parent=10010"}],"wp:term":[{"taxonomy":"pwb-brand","embeddable":true,"href":"https:\/\/fvcomponentes.com\/fr\/wp-json\/wp\/v2\/pwb-brand?post=10010"},{"taxonomy":"product_brand","embeddable":true,"href":"https:\/\/fvcomponentes.com\/fr\/wp-json\/wp\/v2\/product_brand?post=10010"},{"taxonomy":"product_cat","embeddable":true,"href":"https:\/\/fvcomponentes.com\/fr\/wp-json\/wp\/v2\/product_cat?post=10010"},{"taxonomy":"product_tag","embeddable":true,"href":"https:\/\/fvcomponentes.com\/fr\/wp-json\/wp\/v2\/product_tag?post=10010"}],"curies":[{"name":"wp","href":"https:\/\/api.w.org\/{rel}","templated":true}]}}