{"id":4712,"date":"2022-12-13T14:16:31","date_gmt":"2022-12-13T13:16:31","guid":{"rendered":"https:\/\/fvcomponentes.com\/?page_id=4712"},"modified":"2024-08-09T21:31:41","modified_gmt":"2024-08-09T19:31:41","slug":"avis-juridique","status":"publish","type":"page","link":"https:\/\/fvcomponentes.com\/fr\/aviso-legal\/","title":{"rendered":"Avis juridique"},"content":{"rendered":"<div data-elementor-type=\"wp-page\" data-elementor-id=\"4712\" class=\"elementor elementor-4712\" data-elementor-post-type=\"page\">\n\t\t\t\t\t\t<section class=\"elementor-section elementor-top-section elementor-element elementor-element-6431482 elementor-section-boxed elementor-section-height-default elementor-section-height-default\" data-id=\"6431482\" data-element_type=\"section\" data-e-type=\"section\">\n\t\t\t\t\t\t<div class=\"elementor-container elementor-column-gap-default\">\n\t\t\t\t\t<div class=\"elementor-column elementor-col-100 elementor-top-column elementor-element elementor-element-654c994\" data-id=\"654c994\" data-element_type=\"column\" data-e-type=\"column\">\n\t\t\t<div class=\"elementor-widget-wrap elementor-element-populated\">\n\t\t\t\t\t\t<div class=\"elementor-element elementor-element-4f35bf6 elementor-widget elementor-widget-heading\" data-id=\"4f35bf6\" data-element_type=\"widget\" data-e-type=\"widget\" data-widget_type=\"heading.default\">\n\t\t\t\t<div class=\"elementor-widget-container\">\n\t\t\t\t\t<h2 class=\"elementor-heading-title elementor-size-default\">Avis juridique<\/h2>\t\t\t\t<\/div>\n\t\t\t\t<\/div>\n\t\t\t\t<div class=\"elementor-element elementor-element-44971a0 elementor-widget elementor-widget-text-editor\" data-id=\"44971a0\" data-element_type=\"widget\" data-e-type=\"widget\" data-widget_type=\"text-editor.default\">\n\t\t\t\t<div class=\"elementor-widget-container\">\n\t\t\t\t\t\t\t\t\t<h2>Donn\u00e9es d'identification<\/h2><p>Conform\u00e9ment \u00e0 l'obligation d'information pr\u00e9vue \u00e0 l'article 10 de la loi 34\/2002, du 11 juillet, sur les services de la soci\u00e9t\u00e9 de l'information et le commerce \u00e9lectronique, nous vous informons par la pr\u00e9sente :<\/p><ul><li>ICIDE Energ\u00eda S.L. (ci-apr\u00e8s, FVCOMPONENTES) est une entreprise qui se consacre \u00e0 la vente en ligne d'\u00e9quipements d'\u00e9nergie solaire.<\/li><li>FVCOMPONENTES est inscrit au registre du commerce de Murcie, volume 3094 - folio 165 - inscription 1 - page MU-85888.<\/li><li>FVCOMPONENTES avec CIF B56227523, est une soci\u00e9t\u00e9 domicili\u00e9e aux fins de cette information \u00e0 Calle Bratislava 5 Pol\u00edgono Industrial Cabezo Beaza, 30353 Cartagena, Murcia, et est actuellement responsable de l'exploitation, de la gestion et du fonctionnement du site Web www.fvcomponentes.com.<\/li><li>Courriel de contact : <a href=\"mailto:comercial@fvcomponentes.com\" target=\"_blank\" rel=\"noopener\">comercial@fvcomponentes.com<\/a><\/li><\/ul><h2>Utilisateurs<\/h2><p>L'acc\u00e8s et\/ou l'utilisation de ce portail attribue la condition d'UTILISATEUR, qui accepte, \u00e0 partir de cet acc\u00e8s et\/ou de cette utilisation, les Conditions g\u00e9n\u00e9rales d'utilisation refl\u00e9t\u00e9es ici. Les conditions susmentionn\u00e9es sont applicables ind\u00e9pendamment des conditions g\u00e9n\u00e9rales de contrat qui, le cas \u00e9ch\u00e9ant, sont obligatoires.<\/p><h2>Utilisation du portail<\/h2><p>www.fvcomponentes.com permet d'acc\u00e9der \u00e0 une multitude de produits, d'informations, de services, de programmes ou de donn\u00e9es (ci-apr\u00e8s, \"les contenus\") sur Internet appartenant \u00e0 FVCOMPONENTES ou \u00e0 des tiers auxquels l'UTILISATEUR peut avoir acc\u00e8s. L'UTILISATEUR assume la responsabilit\u00e9 de l'utilisation du portail. Cette responsabilit\u00e9 s'\u00e9tend \u00e0 l'enregistrement qui peut \u00eatre n\u00e9cessaire pour acc\u00e9der \u00e0 certains services ou contenus. Lors de cet enregistrement, l'UTILISATEUR est tenu de fournir des informations v\u00e9ridiques et licites. En cons\u00e9quence de cet enregistrement, l'UTILISATEUR peut se voir attribuer un mot de passe dont il est responsable et qu'il s'engage \u00e0 utiliser de mani\u00e8re diligente et confidentielle. L'UTILISATEUR s'engage \u00e0 faire un usage ad\u00e9quat des contenus et des services que FVCOMPONENTES offre \u00e0 travers son portail et, \u00e0 titre d'exemple mais non limitatif, \u00e0 ne pas les utiliser pour :<\/p><ul><li>Se livrer \u00e0 des activit\u00e9s illicites, ill\u00e9gales ou contraires \u00e0 la bonne foi et \u00e0 l'ordre public.<\/li><li>Diffuser du contenu ou de la propagande \u00e0 caract\u00e8re raciste, x\u00e9nophobe, pornographique ill\u00e9gal, terroriste ou relatif aux droits de l'homme.<\/li><li>causer des dommages aux syst\u00e8mes physiques et logiques de FVCOMPONENTES, de ses fournisseurs ou de tiers, introduire ou diffuser dans le r\u00e9seau des virus informatiques ou tout autre syst\u00e8me physique ou logique susceptible de causer les dommages susmentionn\u00e9s ;<\/li><li>Tenter d'acc\u00e9der et, le cas \u00e9ch\u00e9ant, d'utiliser les comptes de courrier \u00e9lectronique d'autres utilisateurs et de modifier ou de manipuler leurs messages.<\/li><\/ul><h2>Propri\u00e9t\u00e9 intellectuelle et industrielle<\/h2><ol><li>Tous les signes distinctifs, marques, noms commerciaux, contenus, structure, conception et forme de pr\u00e9sentation des \u00e9l\u00e9ments et toute autre information apparaissant sur ce site Web sont la propri\u00e9t\u00e9 de FVCOMPONENTES en propre ou en tant que cessionnaire et sont prot\u00e9g\u00e9s par les droits de propri\u00e9t\u00e9 industrielle et intellectuelle.<\/li><li>L'utilisateur s'interdit la reproduction, la transformation, la distribution, la communication publique et, en g\u00e9n\u00e9ral, toute autre forme d'exploitation des \u00e9l\u00e9ments vis\u00e9s au paragraphe pr\u00e9c\u00e9dent sans l'autorisation expresse de FVCOMPONENTES.<\/li><li>L'utilisateur s'abstiendra d'utiliser tout moyen susceptible de supprimer, d'alt\u00e9rer, d'\u00e9luder ou de manipuler les dispositifs de protection ou les syst\u00e8mes de s\u00e9curit\u00e9 qui peuvent \u00eatre install\u00e9s et qui peuvent comporter un risque ou endommager ou rendre inutilisable le site web et\/ou son contenu.<\/li><li>FVCOMPONENTES n'est pas responsable de l'\u00e9ventuelle utilisation inappropri\u00e9e que des tiers pourraient faire de cette page web, ni de l'information qu'ils transmettraient \u00e0 des tiers par son interm\u00e9diaire. L'utilisation des contenus que l'utilisateur peut faire et les \u00e9ventuelles cons\u00e9quences, dommages ou pr\u00e9judices qui peuvent en d\u00e9couler, rel\u00e8vent de la responsabilit\u00e9 exclusive de l'utilisateur. FVCOMPONENTES se d\u00e9gage des dommages et pr\u00e9judices de toute nature caus\u00e9s aux utilisateurs par l'utilisation de liens, d'annuaires et d'outils de recherche qui permettent aux utilisateurs d'acc\u00e9der \u00e0 des sites Web appartenant et\/ou g\u00e9r\u00e9s par des tiers, ainsi que par la pr\u00e9sence de virus ou d'autres codes malveillants dans les contenus qui peuvent produire tout type de dommages dans le syst\u00e8me informatique, les documents \u00e9lectroniques ou les fichiers des utilisateurs. FVCOMPONENTES se r\u00e9serve le droit d'exercer les actions l\u00e9gales qu'elle consid\u00e8re opportunes d\u00e9riv\u00e9es de toute utilisation illicite par des tiers des contenus de son site web.<\/li><\/ol><h2>Exclusion de garantie et de responsabilit\u00e9<\/h2><p>FVCOMPONENTES n'est en aucun cas responsable des dommages de toute nature qui peuvent \u00eatre caus\u00e9s, sans s'y limiter, par des erreurs ou des omissions dans les contenus, le manque de disponibilit\u00e9 du portail ou la transmission de virus ou de programmes malveillants ou nuisibles dans les contenus, bien qu'il ait pris toutes les mesures technologiques n\u00e9cessaires pour l'\u00e9viter.<\/p><h2>Modifications<\/h2><p>FVCOMPONENTES se r\u00e9serve le droit d'apporter des modifications inopin\u00e9es qu'il juge appropri\u00e9es \u00e0 son site Web, peut modifier, supprimer ou ajouter du contenu et des services fournis par le biais de la m\u00eame que la fa\u00e7on dont ils sont pr\u00e9sent\u00e9s ou situ\u00e9s sur son site Web.<\/p><h2>Liens<\/h2><p>Dans le cas o\u00f9 le nom de domaine contiendrait des liens ou des hyperliens vers d'autres sites Internet, FVCOMPONENTES n'exercera aucun contr\u00f4le sur ces sites et leur contenu. En aucun cas, FVCOMPONENTES n'assumera la responsabilit\u00e9 du contenu de tout lien appartenant \u00e0 un site Internet externe, ni ne garantira la disponibilit\u00e9 technique, la qualit\u00e9, la fiabilit\u00e9, l'exactitude, l'exhaustivit\u00e9, la v\u00e9racit\u00e9, la validit\u00e9 et la constitutionnalit\u00e9 de tout mat\u00e9riel ou information contenu dans l'un de ces hyperliens ou dans d'autres sites Internet. De m\u00eame, l'inclusion de ces liens externes n'implique aucun type d'association, de fusion ou de participation avec les entit\u00e9s connect\u00e9es.<\/p><h2>Liens<\/h2><p>FVCOMPONENTES se r\u00e9serve le droit de refuser ou de retirer l'acc\u00e8s au portail et\/ou aux services offerts sans pr\u00e9avis, \u00e0 sa propre demande ou \u00e0 la demande d'un tiers, aux utilisateurs qui ne respectent pas les conditions g\u00e9n\u00e9rales d'utilisation.<\/p><h2>Droit d'exclusion<\/h2><p>FVCOMPONENTES se r\u00e9serve le droit de refuser ou de retirer l'acc\u00e8s au portail et\/ou aux services offerts sans pr\u00e9avis, \u00e0 sa propre demande ou \u00e0 la demande d'un tiers, aux utilisateurs qui ne respectent pas les conditions g\u00e9n\u00e9rales d'utilisation.<\/p><h2>G\u00e9n\u00e9ral<\/h2><p>FVCOMPONENTES poursuivra la violation des conditions ainsi que toute utilisation abusive de son portail en exer\u00e7ant toutes les actions civiles et p\u00e9nales qui peuvent lui correspondre en vertu de la loi.<\/p><h2>Modification de ces conditions et dur\u00e9e<\/h2><p>FVCOMPONENTES pourra modifier \u00e0 tout moment les conditions d\u00e9termin\u00e9es ici, \u00e9tant d\u00fbment publi\u00e9es au fur et \u00e0 mesure qu'elles apparaissent ici.<\/p><h2>Droit applicable et juridiction<\/h2><p>La relation entre FVCOMPONENTES et l'UTILISATEUR sera r\u00e9gie par la l\u00e9gislation espagnole en vigueur et toute controverse sera soumise aux cours et tribunaux espagnols.<\/p><p>R\u00e9solution en ligne des litiges de consommation en vertu de l'article 14.1 du r\u00e8glement (UE) 524\/2013 : La Commission europ\u00e9enne met \u00e0 disposition une plateforme de r\u00e9solution des litiges en ligne disponible sur le lien suivant :\u00a0<a href=\"http:\/\/ec.europa.eu\/consumers\/odr\/\" target=\"_blank\" rel=\"noopener\">http:\/\/ec.europa.eu\/consumers\/odr\/<\/a>.<\/p>\t\t\t\t\t\t\t\t<\/div>\n\t\t\t\t<\/div>\n\t\t\t\t\t<\/div>\n\t\t<\/div>\n\t\t\t\t\t<\/div>\n\t\t<\/section>\n\t\t\t\t<\/div>","protected":false},"excerpt":{"rendered":"<p>Aviso legal Datos identificativos En cumplimiento con el deber de informaci\u00f3n recogido en art\u00edculo 10 de la Ley 34\/2002, de 11 de julio, de Servicios de la Sociedad de la Informaci\u00f3n y del Comercio Electr\u00f3nico, le informamos: ICIDE Energ\u00eda S.L. (en adelante, FVCOMPONENTES) es una empresa dedicada a la venta de equipos de energ\u00eda solar [&hellip;]<\/p>\n","protected":false},"author":1,"featured_media":0,"parent":0,"menu_order":0,"comment_status":"closed","ping_status":"closed","template":"","meta":{"site-sidebar-layout":"no-sidebar","site-content-layout":"page-builder","ast-site-content-layout":"full-width-container","site-content-style":"unboxed","site-sidebar-style":"unboxed","ast-global-header-display":"","ast-banner-title-visibility":"","ast-main-header-display":"","ast-hfb-above-header-display":"","ast-hfb-below-header-display":"","ast-hfb-mobile-header-display":"","site-post-title":"disabled","ast-breadcrumbs-content":"","ast-featured-img":"disabled","footer-sml-layout":"","ast-disable-related-posts":"","theme-transparent-header-meta":"","adv-header-id-meta":"","stick-header-meta":"","header-above-stick-meta":"","header-main-stick-meta":"","header-below-stick-meta":"","astra-migrate-meta-layouts":"set","ast-page-background-enabled":"default","ast-page-background-meta":{"desktop":{"background-color":"var(--ast-global-color-4)","background-image":"","background-repeat":"repeat","background-position":"center center","background-size":"auto","background-attachment":"scroll","background-type":"","background-media":"","overlay-type":"","overlay-color":"","overlay-opacity":"","overlay-gradient":""},"tablet":{"background-color":"","background-image":"","background-repeat":"repeat","background-position":"center center","background-size":"auto","background-attachment":"scroll","background-type":"","background-media":"","overlay-type":"","overlay-color":"","overlay-opacity":"","overlay-gradient":""},"mobile":{"background-color":"","background-image":"","background-repeat":"repeat","background-position":"center center","background-size":"auto","background-attachment":"scroll","background-type":"","background-media":"","overlay-type":"","overlay-color":"","overlay-opacity":"","overlay-gradient":""}},"ast-content-background-meta":{"desktop":{"background-color":"var(--ast-global-color-5)","background-image":"","background-repeat":"repeat","background-position":"center center","background-size":"auto","background-attachment":"scroll","background-type":"","background-media":"","overlay-type":"","overlay-color":"","overlay-opacity":"","overlay-gradient":""},"tablet":{"background-color":"var(--ast-global-color-5)","background-image":"","background-repeat":"repeat","background-position":"center center","background-size":"auto","background-attachment":"scroll","background-type":"","background-media":"","overlay-type":"","overlay-color":"","overlay-opacity":"","overlay-gradient":""},"mobile":{"background-color":"var(--ast-global-color-5)","background-image":"","background-repeat":"repeat","background-position":"center center","background-size":"auto","background-attachment":"scroll","background-type":"","background-media":"","overlay-type":"","overlay-color":"","overlay-opacity":"","overlay-gradient":""}},"footnotes":""},"class_list":["post-4712","page","type-page","status-publish","hentry"],"_links":{"self":[{"href":"https:\/\/fvcomponentes.com\/fr\/wp-json\/wp\/v2\/pages\/4712","targetHints":{"allow":["GET"]}}],"collection":[{"href":"https:\/\/fvcomponentes.com\/fr\/wp-json\/wp\/v2\/pages"}],"about":[{"href":"https:\/\/fvcomponentes.com\/fr\/wp-json\/wp\/v2\/types\/page"}],"author":[{"embeddable":true,"href":"https:\/\/fvcomponentes.com\/fr\/wp-json\/wp\/v2\/users\/1"}],"replies":[{"embeddable":true,"href":"https:\/\/fvcomponentes.com\/fr\/wp-json\/wp\/v2\/comments?post=4712"}],"version-history":[{"count":0,"href":"https:\/\/fvcomponentes.com\/fr\/wp-json\/wp\/v2\/pages\/4712\/revisions"}],"wp:attachment":[{"href":"https:\/\/fvcomponentes.com\/fr\/wp-json\/wp\/v2\/media?parent=4712"}],"curies":[{"name":"wp","href":"https:\/\/api.w.org\/{rel}","templated":true}]}}