{"id":4710,"date":"2022-12-13T14:16:04","date_gmt":"2022-12-13T13:16:04","guid":{"rendered":"https:\/\/fvcomponentes.com\/?page_id=4710"},"modified":"2025-09-23T09:55:44","modified_gmt":"2025-09-23T07:55:44","slug":"politique-en-matiere-de-cookies","status":"publish","type":"page","link":"https:\/\/fvcomponentes.com\/fr\/politica-de-cookies\/","title":{"rendered":"Politique en mati\u00e8re de cookies"},"content":{"rendered":"<div data-elementor-type=\"wp-page\" data-elementor-id=\"4710\" class=\"elementor elementor-4710\" data-elementor-post-type=\"page\">\n\t\t\t\t\t\t<section class=\"elementor-section elementor-top-section elementor-element elementor-element-78a8faf elementor-section-boxed elementor-section-height-default elementor-section-height-default\" data-id=\"78a8faf\" data-element_type=\"section\" data-e-type=\"section\">\n\t\t\t\t\t\t<div class=\"elementor-container elementor-column-gap-default\">\n\t\t\t\t\t<div class=\"elementor-column elementor-col-100 elementor-top-column elementor-element elementor-element-7c306c7\" data-id=\"7c306c7\" data-element_type=\"column\" data-e-type=\"column\">\n\t\t\t<div class=\"elementor-widget-wrap elementor-element-populated\">\n\t\t\t\t\t\t<div class=\"elementor-element elementor-element-8959884 elementor-widget elementor-widget-heading\" data-id=\"8959884\" data-element_type=\"widget\" data-e-type=\"widget\" data-widget_type=\"heading.default\">\n\t\t\t\t<div class=\"elementor-widget-container\">\n\t\t\t\t\t<h2 class=\"elementor-heading-title elementor-size-default\">Politique en mati\u00e8re de cookies<\/h2>\t\t\t\t<\/div>\n\t\t\t\t<\/div>\n\t\t\t\t<div class=\"elementor-element elementor-element-c33ab08 elementor-widget elementor-widget-text-editor\" data-id=\"c33ab08\" data-element_type=\"widget\" data-e-type=\"widget\" data-widget_type=\"text-editor.default\">\n\t\t\t\t<div class=\"elementor-widget-container\">\n\t\t\t\t\t\t\t\t\t<h2 class=\"h3 titulo-subrayado\">Qu'est-ce qu'un cookie ?<\/h2><p class=\"texto-n\">Un cookie est un fichier qui est t\u00e9l\u00e9charg\u00e9 sur votre ordinateur lorsque vous acc\u00e9dez \u00e0 certains sites web. Les cookies permettent \u00e0 un site web, entre autres, de stocker et de r\u00e9cup\u00e9rer des informations sur les habitudes de navigation d'un utilisateur ou de son ordinateur et, en fonction des informations qu'ils contiennent et de la mani\u00e8re dont vous utilisez votre ordinateur, ils peuvent \u00eatre utilis\u00e9s pour reconna\u00eetre l'utilisateur.<\/p><h2 class=\"titulo-subrayado m-t-3 url-break h3\">Quels sont les types de cookies utilis\u00e9s par fvcomponentes.com ?<\/h2><p class=\"texto-n\">Selon la dur\u00e9e pendant laquelle les cookies restent actifs, ils peuvent \u00eatre :<\/p><ul class=\"text-only-content lista-n\"><li class=\"texto-n\"><strong>Cookies de session<\/strong>les cookies : ils sont con\u00e7us pour collecter et stocker des donn\u00e9es pendant que l'utilisateur acc\u00e8de \u00e0 un site web. Ils sont g\u00e9n\u00e9ralement utilis\u00e9s pour stocker des informations qui ne sont pertinentes que pour la fourniture du service demand\u00e9 par l'utilisateur \u00e0 une seule occasion (par exemple, une liste de produits achet\u00e9s).<\/li><li class=\"texto-n\"><strong>Cookies persistants<\/strong>Cookies : Il s'agit d'un type de cookie par lequel les donn\u00e9es restent stock\u00e9es dans le terminal et peuvent \u00eatre consult\u00e9es et trait\u00e9es pendant une p\u00e9riode de temps d\u00e9finie. Ils ont une date de suppression. Ils sont utilis\u00e9s par exemple dans le processus d'achat ou d'enregistrement pour \u00e9viter d'avoir \u00e0 saisir constamment nos donn\u00e9es.<\/li><\/ul><p class=\"texto-n\">En fonction de l'entit\u00e9 qui g\u00e8re l'\u00e9quipement ou le domaine \u00e0 partir duquel les cookies sont envoy\u00e9s et qui traite les donn\u00e9es obtenues, nous pouvons faire une distinction :<\/p><ul class=\"text-only-content lista-n\"><li class=\"texto-n\"><strong>Les propres biscuits :<\/strong>\u00a0Il s'agit de cookies qui sont envoy\u00e9s \u00e0 l'appareil de l'utilisateur et qui sont g\u00e9r\u00e9s exclusivement par nous pour le meilleur fonctionnement du site.<\/li><li class=\"texto-n\"><strong>Cookies de tiers :<\/strong>\u00a0Ce sont celles qui sont envoy\u00e9es au dispositif de l'utilisateur \u00e0 partir d'un ordinateur ou d'un domaine qui n'est pas g\u00e9r\u00e9 par nous mais par une autre entit\u00e9, qui traitera les donn\u00e9es obtenues.<\/li><\/ul><p class=\"texto-n\">Lorsque vous naviguez sur fvcomponentes.com, les cookies suivants peuvent \u00eatre install\u00e9s sur votre appareil :<\/p><ul class=\"text-only-content lista-n\"><li class=\"texto-n\"><strong>Cookies d'enregistrement<\/strong>Lorsque l'utilisateur entre sur notre site web et se connecte, un cookie temporaire est install\u00e9 afin que vous puissiez naviguer dans votre espace utilisateur sans avoir \u00e0 saisir vos donn\u00e9es en permanence. Ce cookie dispara\u00eet lorsque vous vous d\u00e9connectez.<\/li><li class=\"texto-n\"><strong>Cookies analytiques<\/strong>Ils sont utilis\u00e9s pour \u00e9tudier le comportement des utilisateurs de mani\u00e8re anonyme lorsqu'ils naviguent sur notre site web. Cela nous permet de conna\u00eetre les contenus les plus consult\u00e9s, le nombre de visiteurs, etc. Ces informations sont utilis\u00e9es pour am\u00e9liorer l'exp\u00e9rience de navigation et optimiser nos services. Il peut s'agir de nos propres cookies, mais aussi de cookies de tiers. Ces derniers comprennent les cookies de Google Analytics et d'Iadvice.<\/li><li class=\"texto-n\"><strong>Cookies publicitaires de tiers<\/strong>L'objectif est d'optimiser l'exposition des publicit\u00e9s. Pour g\u00e9rer ces services, nous utilisons la plateforme Doubleclick de Google qui stocke des informations sur les annonces qui ont \u00e9t\u00e9 montr\u00e9es \u00e0 un utilisateur, celles qui l'int\u00e9ressent et s'il visite le site web de l'annonceur.<\/li><li class=\"texto-n\"><strong>Cookies de personnalisation de tiers<\/strong>L'objectif est de personnaliser le contenu du site et de faire des recommandations en fonction de vos centres d'int\u00e9r\u00eat. Pour ce faire, nous pouvons utiliser des cookies de tiers et la plateforme de personnalisation fournie par nos op\u00e9rateurs de t\u00e9l\u00e9communications partenaires, qui auront acc\u00e8s \u00e0 l'adresse IP \u00e0 partir de laquelle vous naviguez et qui, si vous \u00eates client de cet op\u00e9rateur, nous aideront \u00e0 personnaliser les recommandations sur les produits qui vous int\u00e9ressent. En outre, ils stockeront des informations sur les produits qui ont \u00e9t\u00e9 montr\u00e9s et ceux qui int\u00e9ressent chaque utilisateur afin d'am\u00e9liorer constamment les recommandations.<\/li><\/ul><h2 class=\"titulo-subrayado m-t-3 h3\">Configuration, consultation et d\u00e9sactivation des cookies<\/h2><p class=\"texto-n\">Vous pouvez autoriser, bloquer ou supprimer les cookies install\u00e9s sur votre ordinateur en configurant les options du navigateur install\u00e9 sur votre ordinateur :<\/p><ul class=\"text-only-content lista-n\"><li class=\"texto-n\"><strong>Chrome<\/strong>de\u00a0<a class=\"url-break\" href=\"http:\/\/support.google.com\/chrome\/bin\/answer.py?hl=es&amp;answer=95647\" target=\"_blank\" rel=\"noopener\">http:\/\/support.google.com\/chrome\/bin\/answer.py?hl=es&amp;answer=95647<\/a><\/li><li class=\"texto-n\"><strong>Safari<\/strong>de\u00a0<a class=\"url-break\" href=\"http:\/\/support.apple.com\/kb\/ph5042\" target=\"_blank\" rel=\"noopener\">http:\/\/support.apple.com\/kb\/ph5042<\/a><\/li><li class=\"texto-n\"><strong>Explorateur<\/strong>de\u00a0<a class=\"url-break\" href=\"http:\/\/windows.microsoft.com\/es-es\/windows7\/how-to-manage-cookies-in-internet-explorer-9\" target=\"_blank\" rel=\"noopener\">http:\/\/windows.microsoft.com\/es-es\/windows7\/how-to-manage-cookies-in-internet-explorer-9<\/a><\/li><li class=\"texto-n\"><strong>Firefox<\/strong>de\u00a0<a class=\"url-break\" href=\"http:\/\/support.mozilla.org\/es\/kb\/habilitar-y-deshabilitar-cookies-que-los-sitios-we\" target=\"_blank\" rel=\"noopener\">http:\/\/support.mozilla.org\/es\/kb\/habilitar-y-deshabilitar-cookies-que-los-sitios-we<\/a><\/li><\/ul><p class=\"texto-n\">Tout ce qui concerne les cookies de Google, qu'ils soient analytiques ou publicitaires, ainsi que leur gestion et leur configuration, peut \u00eatre consult\u00e9 \u00e0 l'adresse suivante :<\/p><ul class=\"text-only-content lista-n\"><li class=\"texto-n\"><a class=\"url-break\" href=\"http:\/\/www.google.es\/intl\/es\/policies\/technologies\/types\/\" target=\"_blank\" rel=\"noopener\">http:\/\/www.google.es\/intl\/es\/policies\/technologies\/types\/<\/a><\/li><li class=\"texto-n\"><a class=\"url-break\" href=\"http:\/\/www.google.es\/policies\/technologies\/ads\/\" target=\"_blank\" rel=\"noopener\">http:\/\/www.google.es\/policies\/technologies\/ads\/<\/a><\/li><li class=\"texto-n\"><a class=\"url-break\" href=\"https:\/\/developers.google.com\/analytics\/devguides\/collection\/analyticsjs\/cookie-usage\" target=\"_blank\" rel=\"noopener\">https:\/\/developers.google.com\/analytics\/devguides\/collection\/analyticsjs\/cookie-usage<\/a><\/li><\/ul><p class=\"texto-n\">En ce qui concerne les cookies install\u00e9s par\u00a0<strong>Conseils<\/strong>\u00a0vous le trouverez \u00e0 l'adresse suivante\u00a0<a class=\"url-break\" href=\"http:\/\/www.iadvize.com\/es\/aviso_legal_iadvize.html\" target=\"_blank\" rel=\"noopener\">http:\/\/www.iadvize.com\/es\/aviso_legal_iadvize.html<\/a><\/p><p class=\"texto-n\">Si vous choisissez de d\u00e9sactiver les cookies, nous ne serons pas en mesure de vous offrir certains de nos services tels que, par exemple, rester connect\u00e9 ou conserver vos achats dans votre panier.<\/p><h2 class=\"titulo-subrayado m-t-3 h3\">Mise \u00e0 jour des cookies<\/h2><p class=\"texto-n\">Les cookies de <strong><a href=\"https:\/\/fvcomponentes.com\/fr\/\" target=\"_parent\">fvcomponentes.com<\/a><\/strong>\u00a0peut \u00eatre mise \u00e0 jour et nous vous conseillons de consulter r\u00e9guli\u00e8rement notre politique.<\/p>\t\t\t\t\t\t\t\t<\/div>\n\t\t\t\t<\/div>\n\t\t\t\t\t<\/div>\n\t\t<\/div>\n\t\t\t\t\t<\/div>\n\t\t<\/section>\n\t\t\t\t<\/div>","protected":false},"excerpt":{"rendered":"<p>Pol\u00edtica de cookies \u00bfQu\u00e9 es una cookie? Una cookie es un fichero que se descarga en su ordenador al acceder a determinadas p\u00e1ginas web. Las cookies permiten a una p\u00e1gina web, entre otras cosas, almacenar y recuperar informaci\u00f3n sobre los h\u00e1bitos de navegaci\u00f3n de un usuario o de su equipo y, dependiendo de la informaci\u00f3n [&hellip;]<\/p>\n","protected":false},"author":1,"featured_media":0,"parent":0,"menu_order":0,"comment_status":"closed","ping_status":"closed","template":"","meta":{"site-sidebar-layout":"no-sidebar","site-content-layout":"page-builder","ast-site-content-layout":"full-width-container","site-content-style":"unboxed","site-sidebar-style":"unboxed","ast-global-header-display":"","ast-banner-title-visibility":"","ast-main-header-display":"","ast-hfb-above-header-display":"","ast-hfb-below-header-display":"","ast-hfb-mobile-header-display":"","site-post-title":"disabled","ast-breadcrumbs-content":"","ast-featured-img":"disabled","footer-sml-layout":"","ast-disable-related-posts":"","theme-transparent-header-meta":"","adv-header-id-meta":"","stick-header-meta":"","header-above-stick-meta":"","header-main-stick-meta":"","header-below-stick-meta":"","astra-migrate-meta-layouts":"set","ast-page-background-enabled":"default","ast-page-background-meta":{"desktop":{"background-color":"var(--ast-global-color-4)","background-image":"","background-repeat":"repeat","background-position":"center center","background-size":"auto","background-attachment":"scroll","background-type":"","background-media":"","overlay-type":"","overlay-color":"","overlay-opacity":"","overlay-gradient":""},"tablet":{"background-color":"","background-image":"","background-repeat":"repeat","background-position":"center center","background-size":"auto","background-attachment":"scroll","background-type":"","background-media":"","overlay-type":"","overlay-color":"","overlay-opacity":"","overlay-gradient":""},"mobile":{"background-color":"","background-image":"","background-repeat":"repeat","background-position":"center center","background-size":"auto","background-attachment":"scroll","background-type":"","background-media":"","overlay-type":"","overlay-color":"","overlay-opacity":"","overlay-gradient":""}},"ast-content-background-meta":{"desktop":{"background-color":"var(--ast-global-color-5)","background-image":"","background-repeat":"repeat","background-position":"center center","background-size":"auto","background-attachment":"scroll","background-type":"","background-media":"","overlay-type":"","overlay-color":"","overlay-opacity":"","overlay-gradient":""},"tablet":{"background-color":"var(--ast-global-color-5)","background-image":"","background-repeat":"repeat","background-position":"center center","background-size":"auto","background-attachment":"scroll","background-type":"","background-media":"","overlay-type":"","overlay-color":"","overlay-opacity":"","overlay-gradient":""},"mobile":{"background-color":"var(--ast-global-color-5)","background-image":"","background-repeat":"repeat","background-position":"center center","background-size":"auto","background-attachment":"scroll","background-type":"","background-media":"","overlay-type":"","overlay-color":"","overlay-opacity":"","overlay-gradient":""}},"footnotes":""},"class_list":["post-4710","page","type-page","status-publish","hentry"],"_links":{"self":[{"href":"https:\/\/fvcomponentes.com\/fr\/wp-json\/wp\/v2\/pages\/4710","targetHints":{"allow":["GET"]}}],"collection":[{"href":"https:\/\/fvcomponentes.com\/fr\/wp-json\/wp\/v2\/pages"}],"about":[{"href":"https:\/\/fvcomponentes.com\/fr\/wp-json\/wp\/v2\/types\/page"}],"author":[{"embeddable":true,"href":"https:\/\/fvcomponentes.com\/fr\/wp-json\/wp\/v2\/users\/1"}],"replies":[{"embeddable":true,"href":"https:\/\/fvcomponentes.com\/fr\/wp-json\/wp\/v2\/comments?post=4710"}],"version-history":[{"count":3,"href":"https:\/\/fvcomponentes.com\/fr\/wp-json\/wp\/v2\/pages\/4710\/revisions"}],"predecessor-version":[{"id":30712,"href":"https:\/\/fvcomponentes.com\/fr\/wp-json\/wp\/v2\/pages\/4710\/revisions\/30712"}],"wp:attachment":[{"href":"https:\/\/fvcomponentes.com\/fr\/wp-json\/wp\/v2\/media?parent=4710"}],"curies":[{"name":"wp","href":"https:\/\/api.w.org\/{rel}","templated":true}]}}