{"id":4337,"date":"2022-12-07T18:03:27","date_gmt":"2022-12-07T17:03:27","guid":{"rendered":"https:\/\/fvcomponentes.com\/?page_id=4337"},"modified":"2024-08-09T21:32:16","modified_gmt":"2024-08-09T19:32:16","slug":"nous","status":"publish","type":"page","link":"https:\/\/fvcomponentes.com\/fr\/nosotros\/","title":{"rendered":"Nous"},"content":{"rendered":"<div data-elementor-type=\"wp-page\" data-elementor-id=\"4337\" class=\"elementor elementor-4337\" data-elementor-post-type=\"page\">\n\t\t\t\t\t\t<section class=\"elementor-section elementor-top-section elementor-element elementor-element-36388b6 elementor-section-boxed elementor-section-height-default elementor-section-height-default\" data-id=\"36388b6\" data-element_type=\"section\" data-e-type=\"section\">\n\t\t\t\t\t\t<div class=\"elementor-container elementor-column-gap-default\">\n\t\t\t\t\t<div class=\"elementor-column elementor-col-100 elementor-top-column elementor-element elementor-element-15b0b40\" data-id=\"15b0b40\" data-element_type=\"column\" data-e-type=\"column\">\n\t\t\t<div class=\"elementor-widget-wrap elementor-element-populated\">\n\t\t\t\t\t\t<div class=\"elementor-element elementor-element-a75a3d0 elementor-widget elementor-widget-heading\" data-id=\"a75a3d0\" data-element_type=\"widget\" data-e-type=\"widget\" data-widget_type=\"heading.default\">\n\t\t\t\t<div class=\"elementor-widget-container\">\n\t\t\t\t\t<h1 class=\"elementor-heading-title elementor-size-default\">Experts en photovolta\u00efque et composants solaires<\/h1>\t\t\t\t<\/div>\n\t\t\t\t<\/div>\n\t\t\t\t<div class=\"elementor-element elementor-element-ee3c95b elementor-widget-divider--view-line elementor-widget elementor-widget-divider\" data-id=\"ee3c95b\" data-element_type=\"widget\" data-e-type=\"widget\" data-widget_type=\"divider.default\">\n\t\t\t\t<div class=\"elementor-widget-container\">\n\t\t\t\t\t\t\t<div class=\"elementor-divider\">\n\t\t\t<span class=\"elementor-divider-separator\">\n\t\t\t\t\t\t<\/span>\n\t\t<\/div>\n\t\t\t\t\t\t<\/div>\n\t\t\t\t<\/div>\n\t\t\t\t<div class=\"elementor-element elementor-element-e35cdee elementor-widget elementor-widget-text-editor\" data-id=\"e35cdee\" data-element_type=\"widget\" data-e-type=\"widget\" data-widget_type=\"text-editor.default\">\n\t\t\t\t<div class=\"elementor-widget-container\">\n\t\t\t\t\t\t\t\t\t<p>FV Componentes est une marque d\u00e9pos\u00e9e de ICIDE Energ\u00eda S.L. - B56227523, Nous sommes votre boutique en ligne de r\u00e9f\u00e9rence, sp\u00e9cialis\u00e9e dans les produits et accessoires pour l'\u00e9nergie solaire photovolta\u00efque. Nous proposons une grande vari\u00e9t\u00e9 de panneaux solaires, d'onduleurs, de batteries et tous les accessoires n\u00e9cessaires \u00e0 l'installation et \u00e0 la maintenance des syst\u00e8mes solaires.<\/p>\n<p>Chez PV Components, nous ne proposons que des panneaux solaires photovolta\u00efques de haute qualit\u00e9 et \u00e0 haut rendement, ce qui garantit des performances optimales et une production d'\u00e9nergie accrue. Les onduleurs, qui sont essentiels pour la conversion de l'\u00e9nergie solaire en \u00e9nergie \u00e9lectrique utilisable, sont \u00e9galement disponibles dans une vari\u00e9t\u00e9 de tailles et de puissances pour r\u00e9pondre aux besoins de chaque projet.<\/p>\n<p>Outre les panneaux solaires, FV Componentes dispose de syst\u00e8mes de stockage de l'\u00e9nergie, tels que des batteries solaires, qui permettent de stocker l'\u00e9nergie produite pendant la journ\u00e9e afin de l'utiliser pendant les p\u00e9riodes de faible production, comme la nuit ou les jours nuageux.<\/p>\n<p>Nous disposons d'une large gamme d'accessoires pour l'installation et la maintenance des syst\u00e8mes solaires, tels que des c\u00e2bles, des connecteurs, des outils et des moniteurs de syst\u00e8me. Ces accessoires sont essentiels pour garantir une installation s\u00fbre et correcte et pour maintenir le syst\u00e8me en bon \u00e9tat de fonctionnement.<\/p>\n<p>FV Componentes est un excellent choix pour ceux qui souhaitent installer un syst\u00e8me solaire photovolta\u00efque, que ce soit pour un usage priv\u00e9 ou professionnel. Nous offrons une grande vari\u00e9t\u00e9 de produits de haute qualit\u00e9 et tous les accessoires n\u00e9cessaires pour une installation s\u00fbre et efficace, ainsi qu'un service client\u00e8le exceptionnel.<\/p>\t\t\t\t\t\t\t\t<\/div>\n\t\t\t\t<\/div>\n\t\t\t\t\t<\/div>\n\t\t<\/div>\n\t\t\t\t\t<\/div>\n\t\t<\/section>\n\t\t\t\t<section class=\"elementor-section elementor-top-section elementor-element elementor-element-2b4dae1 elementor-section-boxed elementor-section-height-default elementor-section-height-default\" data-id=\"2b4dae1\" data-element_type=\"section\" data-e-type=\"section\">\n\t\t\t\t\t\t<div class=\"elementor-container elementor-column-gap-default\">\n\t\t\t\t\t<div class=\"elementor-column elementor-col-100 elementor-top-column elementor-element elementor-element-19dcf51\" data-id=\"19dcf51\" data-element_type=\"column\" data-e-type=\"column\">\n\t\t\t<div class=\"elementor-widget-wrap elementor-element-populated\">\n\t\t\t\t\t\t<div class=\"elementor-element elementor-element-dc56bd6 elementor-widget elementor-widget-heading\" data-id=\"dc56bd6\" data-element_type=\"widget\" data-e-type=\"widget\" data-widget_type=\"heading.default\">\n\t\t\t\t<div class=\"elementor-widget-container\">\n\t\t\t\t\t<h2 class=\"elementor-heading-title elementor-size-default\">Service technique officiel<\/h2>\t\t\t\t<\/div>\n\t\t\t\t<\/div>\n\t\t\t\t<div class=\"elementor-element elementor-element-518753f elementor-widget-divider--view-line elementor-widget elementor-widget-divider\" data-id=\"518753f\" data-element_type=\"widget\" data-e-type=\"widget\" data-widget_type=\"divider.default\">\n\t\t\t\t<div class=\"elementor-widget-container\">\n\t\t\t\t\t\t\t<div class=\"elementor-divider\">\n\t\t\t<span class=\"elementor-divider-separator\">\n\t\t\t\t\t\t<\/span>\n\t\t<\/div>\n\t\t\t\t\t\t<\/div>\n\t\t\t\t<\/div>\n\t\t\t\t\t<\/div>\n\t\t<\/div>\n\t\t\t\t\t<\/div>\n\t\t<\/section>\n\t\t\t\t<section class=\"elementor-section elementor-top-section elementor-element elementor-element-c4dcb9d elementor-section-content-middle elementor-reverse-mobile elementor-section-boxed elementor-section-height-default elementor-section-height-default\" data-id=\"c4dcb9d\" data-element_type=\"section\" data-e-type=\"section\">\n\t\t\t\t\t\t<div class=\"elementor-container elementor-column-gap-default\">\n\t\t\t\t\t<div class=\"elementor-column elementor-col-50 elementor-top-column elementor-element elementor-element-c4ab025\" data-id=\"c4ab025\" data-element_type=\"column\" data-e-type=\"column\">\n\t\t\t<div class=\"elementor-widget-wrap elementor-element-populated\">\n\t\t\t\t\t\t<div class=\"elementor-element elementor-element-1f2da7b elementor-widget elementor-widget-text-editor\" data-id=\"1f2da7b\" data-element_type=\"widget\" data-e-type=\"widget\" data-widget_type=\"text-editor.default\">\n\t\t\t\t<div class=\"elementor-widget-container\">\n\t\t\t\t\t\t\t\t\t<p>Nous sommes le service technique officiel de la c\u00e9l\u00e8bre marque d'onduleurs solaires.\u00a0<strong>Fronius.<\/strong>\u00a0En tant que FSP (Fronius System Partner), nous sommes en mesure d'offrir une assistance technique officielle de premier ordre \u00e0 tous nos clients et de traiter tout probl\u00e8me d'\u00e9quipement de la mani\u00e8re la plus rapide et la plus efficace. Notre personnel est certifi\u00e9 et poss\u00e8de toutes les connaissances n\u00e9cessaires pour vous offrir le meilleur service technique. <strong>Fronius<\/strong>.<\/p>\t\t\t\t\t\t\t\t<\/div>\n\t\t\t\t<\/div>\n\t\t\t\t\t<\/div>\n\t\t<\/div>\n\t\t\t\t<div class=\"elementor-column elementor-col-50 elementor-top-column elementor-element elementor-element-87200dd\" data-id=\"87200dd\" data-element_type=\"column\" data-e-type=\"column\">\n\t\t\t<div class=\"elementor-widget-wrap elementor-element-populated\">\n\t\t\t\t\t\t<div class=\"elementor-element elementor-element-d0d15e6 elementor-widget elementor-widget-image\" data-id=\"d0d15e6\" data-element_type=\"widget\" data-e-type=\"widget\" data-widget_type=\"image.default\">\n\t\t\t\t<div class=\"elementor-widget-container\">\n\t\t\t\t\t\t\t\t\t\t\t\t\t\t\t<img decoding=\"async\" width=\"330\" height=\"92\" src=\"https:\/\/fvcomponentes.com\/wp-content\/uploads\/2022\/12\/fronius-logo.png\" class=\"attachment-full size-full wp-image-4288\" alt=\"\" srcset=\"https:\/\/fvcomponentes.com\/wp-content\/uploads\/2022\/12\/fronius-logo.png 330w, https:\/\/fvcomponentes.com\/wp-content\/uploads\/2022\/12\/fronius-logo-300x84.png 300w, https:\/\/fvcomponentes.com\/wp-content\/uploads\/2022\/12\/fronius-logo-200x56.png 200w\" sizes=\"(max-width: 330px) 100vw, 330px\" title=\"\">\t\t\t\t\t\t\t\t\t\t\t\t\t\t\t<\/div>\n\t\t\t\t<\/div>\n\t\t\t\t\t<\/div>\n\t\t<\/div>\n\t\t\t\t\t<\/div>\n\t\t<\/section>\n\t\t\t\t<section class=\"elementor-section elementor-top-section elementor-element elementor-element-fa5f201 elementor-section-content-middle elementor-section-boxed elementor-section-height-default elementor-section-height-default\" data-id=\"fa5f201\" data-element_type=\"section\" data-e-type=\"section\">\n\t\t\t\t\t\t<div class=\"elementor-container elementor-column-gap-default\">\n\t\t\t\t\t<div class=\"elementor-column elementor-col-50 elementor-top-column elementor-element elementor-element-4df6454\" data-id=\"4df6454\" data-element_type=\"column\" data-e-type=\"column\">\n\t\t\t<div class=\"elementor-widget-wrap elementor-element-populated\">\n\t\t\t\t\t\t<div class=\"elementor-element elementor-element-95a3fbe elementor-widget elementor-widget-image\" data-id=\"95a3fbe\" data-element_type=\"widget\" data-e-type=\"widget\" data-widget_type=\"image.default\">\n\t\t\t\t<div class=\"elementor-widget-container\">\n\t\t\t\t\t\t\t\t\t\t\t\t\t\t\t<img decoding=\"async\" width=\"330\" height=\"52\" src=\"https:\/\/fvcomponentes.com\/wp-content\/uploads\/2022\/12\/LogoVictron.png\" class=\"attachment-full size-full wp-image-4291\" alt=\"\" srcset=\"https:\/\/fvcomponentes.com\/wp-content\/uploads\/2022\/12\/LogoVictron.png 330w, https:\/\/fvcomponentes.com\/wp-content\/uploads\/2022\/12\/LogoVictron-300x47.png 300w, https:\/\/fvcomponentes.com\/wp-content\/uploads\/2022\/12\/LogoVictron-200x32.png 200w\" sizes=\"(max-width: 330px) 100vw, 330px\" title=\"\">\t\t\t\t\t\t\t\t\t\t\t\t\t\t\t<\/div>\n\t\t\t\t<\/div>\n\t\t\t\t\t<\/div>\n\t\t<\/div>\n\t\t\t\t<div class=\"elementor-column elementor-col-50 elementor-top-column elementor-element elementor-element-49bcf56\" data-id=\"49bcf56\" data-element_type=\"column\" data-e-type=\"column\">\n\t\t\t<div class=\"elementor-widget-wrap elementor-element-populated\">\n\t\t\t\t\t\t<div class=\"elementor-element elementor-element-c5469c1 elementor-widget elementor-widget-text-editor\" data-id=\"c5469c1\" data-element_type=\"widget\" data-e-type=\"widget\" data-widget_type=\"text-editor.default\">\n\t\t\t\t<div class=\"elementor-widget-container\">\n\t\t\t\t\t\t\t\t\t<p>Nous sommes des installateurs agr\u00e9\u00e9s de\u00a0<strong>Victron Energy<\/strong>\u00a0dans toute sa gamme (onduleurs Phoenix, onduleurs-chargeurs Multiplus, r\u00e9gulateurs de charge Bluesolar et SmartSolar, etc...) Nous faisons confiance au 100% en mati\u00e8re de s\u00e9curit\u00e9 et de fiabilit\u00e9.\u00a0<strong>Victron Energy<\/strong>. La qualit\u00e9 de leur mat\u00e9riel, l'efficacit\u00e9 de leur service apr\u00e8s-vente et la simplicit\u00e9 de leur fonctionnement les placent en premi\u00e8re position aupr\u00e8s de nos clients. M\u00e9fiez-vous des autres \u00e9quipements \"tout compris\".<\/p>\t\t\t\t\t\t\t\t<\/div>\n\t\t\t\t<\/div>\n\t\t\t\t\t<\/div>\n\t\t<\/div>\n\t\t\t\t\t<\/div>\n\t\t<\/section>\n\t\t\t\t<\/div>","protected":false},"excerpt":{"rendered":"<p>Expertos en energ\u00eda solar fotovoltaica y componentes FV Componentes marca comercial de ICIDE Energ\u00eda S.L.&nbsp; &#8211; B56227523,&nbsp; Somos tu tienda online de referencia, especializada en productos de energ\u00eda solar fotovoltaica y accesorios. Ofrecemos una amplia variedad de paneles solares, inversores, bater\u00edas, y todos los accesorios necesarios para la instalaci\u00f3n y el mantenimiento de sistemas solares. [&hellip;]<\/p>\n","protected":false},"author":1,"featured_media":0,"parent":0,"menu_order":0,"comment_status":"closed","ping_status":"closed","template":"","meta":{"site-sidebar-layout":"no-sidebar","site-content-layout":"page-builder","ast-site-content-layout":"full-width-container","site-content-style":"unboxed","site-sidebar-style":"unboxed","ast-global-header-display":"","ast-banner-title-visibility":"","ast-main-header-display":"","ast-hfb-above-header-display":"","ast-hfb-below-header-display":"","ast-hfb-mobile-header-display":"","site-post-title":"disabled","ast-breadcrumbs-content":"","ast-featured-img":"disabled","footer-sml-layout":"","ast-disable-related-posts":"","theme-transparent-header-meta":"","adv-header-id-meta":"","stick-header-meta":"","header-above-stick-meta":"","header-main-stick-meta":"","header-below-stick-meta":"","astra-migrate-meta-layouts":"set","ast-page-background-enabled":"default","ast-page-background-meta":{"desktop":{"background-color":"var(--ast-global-color-4)","background-image":"","background-repeat":"repeat","background-position":"center center","background-size":"auto","background-attachment":"scroll","background-type":"","background-media":"","overlay-type":"","overlay-color":"","overlay-opacity":"","overlay-gradient":""},"tablet":{"background-color":"","background-image":"","background-repeat":"repeat","background-position":"center center","background-size":"auto","background-attachment":"scroll","background-type":"","background-media":"","overlay-type":"","overlay-color":"","overlay-opacity":"","overlay-gradient":""},"mobile":{"background-color":"","background-image":"","background-repeat":"repeat","background-position":"center center","background-size":"auto","background-attachment":"scroll","background-type":"","background-media":"","overlay-type":"","overlay-color":"","overlay-opacity":"","overlay-gradient":""}},"ast-content-background-meta":{"desktop":{"background-color":"var(--ast-global-color-5)","background-image":"","background-repeat":"repeat","background-position":"center center","background-size":"auto","background-attachment":"scroll","background-type":"","background-media":"","overlay-type":"","overlay-color":"","overlay-opacity":"","overlay-gradient":""},"tablet":{"background-color":"var(--ast-global-color-5)","background-image":"","background-repeat":"repeat","background-position":"center center","background-size":"auto","background-attachment":"scroll","background-type":"","background-media":"","overlay-type":"","overlay-color":"","overlay-opacity":"","overlay-gradient":""},"mobile":{"background-color":"var(--ast-global-color-5)","background-image":"","background-repeat":"repeat","background-position":"center center","background-size":"auto","background-attachment":"scroll","background-type":"","background-media":"","overlay-type":"","overlay-color":"","overlay-opacity":"","overlay-gradient":""}},"footnotes":""},"class_list":["post-4337","page","type-page","status-publish","hentry"],"_links":{"self":[{"href":"https:\/\/fvcomponentes.com\/fr\/wp-json\/wp\/v2\/pages\/4337","targetHints":{"allow":["GET"]}}],"collection":[{"href":"https:\/\/fvcomponentes.com\/fr\/wp-json\/wp\/v2\/pages"}],"about":[{"href":"https:\/\/fvcomponentes.com\/fr\/wp-json\/wp\/v2\/types\/page"}],"author":[{"embeddable":true,"href":"https:\/\/fvcomponentes.com\/fr\/wp-json\/wp\/v2\/users\/1"}],"replies":[{"embeddable":true,"href":"https:\/\/fvcomponentes.com\/fr\/wp-json\/wp\/v2\/comments?post=4337"}],"version-history":[{"count":0,"href":"https:\/\/fvcomponentes.com\/fr\/wp-json\/wp\/v2\/pages\/4337\/revisions"}],"wp:attachment":[{"href":"https:\/\/fvcomponentes.com\/fr\/wp-json\/wp\/v2\/media?parent=4337"}],"curies":[{"name":"wp","href":"https:\/\/api.w.org\/{rel}","templated":true}]}}