{"id":3323,"date":"2021-03-30T14:23:43","date_gmt":"2021-03-30T12:23:43","guid":{"rendered":"https:\/\/fvcomponentes.com\/producto\/panel-solar-victron-bluesolar-90w-12v-monocristalino-series-4a\/"},"modified":"2026-04-08T21:30:34","modified_gmt":"2026-04-08T19:30:34","slug":"solar-victron-bluesolar-90w-12v-monocrystalline-series-4a-solar-panel","status":"publish","type":"product","link":"https:\/\/fvcomponentes.com\/en\/producto\/panel-solar-victron-bluesolar-90w-12v-monocristalino-series-4a\/","title":{"rendered":"Solar panel Victron BlueSolar 90W-12V monocrystalline 4a series - SPM040901200"},"content":{"rendered":"<h2>Monocrystalline panels<\/h2>\n<p dir=\"ltr\">The monocrystalline silicon cells of the BlueSolar 90W-12V Solar Panel are made from Ingots (cylindrical silicon blocks). All four sides of the cylinder are cut, which wastes a lot of silicon and makes sheets with rounded edges. As a result, the crystals have a high purity, which increases the yield of each cell. The plates of this material are usually darker, mostly black in colour.<\/p>\n<p style=\"font-weight: 400\"><span style=\"font-style: inherit;font-weight: inherit\"><strong>Monocrystalline solar panels,<\/strong> being more efficient, they are able to produce considerably more energy in less space. For this reason they are a choice to consider in the case of having a small surface area for the installation of the panels. By producing more energy per smaller surface area, greater savings can be achieved than with polycrystalline panels.\u00a0<\/span><\/p>\n<h2>Features of the BlueSolar Monocrystalline Solar Panel 4a series 90W-12V<\/h2>\n<p>- The low voltage-temperature coefficient improves operation at high temperatures.<br \/>\n- Exceptional low-light performance and high light sensitivity across the entire solar spectrum.<br \/>\n- High-performance bypass diodes minimise power drops caused by shadowing.<br \/>\n- The advanced EVA (ethylene vinyl acetate) encapsulation system with triple-layer back sheets meets the highest requirements for high-voltage operation.<br \/>\n- A sturdy galvanised aluminium frame allows the modules to be installed on the roof using various standard mounting systems.<br \/>\n- High-transmission, high-quality tempered glass provides improved toughness and impact resistance.<br \/>\n- The sealed, watertight and multifunctional junction box provides high levels of safety.<br \/>\n- Pre-wired with PV-ST01 quick-connect connectors.<\/p>\n<h2>Guarantees<\/h2>\n<p><a href=\"https:\/\/www.victronenergy.com.es\/\" target=\"_blank\" rel=\"noopener\">Victron<\/a> offers the best warranties on all its products. For BlueSolar solar panels, this warranty extends for a limited 25 years on power delivery and performance. It also guarantees the quality of materials and the professionalism of its installers, offering a 5-year limited warranty on materials and workmanship.<br \/>\n<strong>At ICIDE we are official Victron technical service.<\/strong><\/p>\n<h2>Datasheet Victron BlueSolar Solar Panel 90W-12V monocrystalline 4a series - SPM040901200<\/h2>\n<p><a href=\"https:\/\/fvcomponentes.com\/wp-content\/uploads\/2021\/03\/Paneles-solares-monocristalinos.pdf\" target=\"_blank\" rel=\"noopener\">See data sheet for BlueSolar Monocrystalline Solar Panel 4a series 90W-12V - SPM040901200\u00a0<\/a><\/p>\n<h2>Manual Solar Panel Victron BlueSolar 90W-12V monocrystalline 4a series - SPM040901200<\/h2>\n<p><a href=\"https:\/\/fvcomponentes.com\/wp-content\/uploads\/2025\/10\/Installation-Manual-BlueSolar-Panels-EN-NL-FR-DE-ES-SE.pdf\" target=\"_blank\" rel=\"noopener\">View Victron BlueSolar 90W-12V Monocrystalline Series 4a Solar Panel manual - SPM040901200<\/a><\/p>","protected":false},"excerpt":{"rendered":"<p>Paneles monocristalinos Las c\u00e9lulas de silicio monocristalino del Panel solar BlueSolar 90W-12V se fabrican a partir de Ingots (bloques de silicio cil\u00edndricos). Se cortan los cuatro lados del cilindro, con lo que se derrocha abundante silicio y se hacen l\u00e1minas con bordes redondeados. Por tanto, los cristales tienen una pureza elevada, lo que provoca que [&hellip;]<\/p>\n","protected":false},"featured_media":3320,"comment_status":"open","ping_status":"closed","template":"","meta":{"site-sidebar-layout":"default","site-content-layout":"default","ast-site-content-layout":"default","site-content-style":"default","site-sidebar-style":"default","ast-global-header-display":"","ast-banner-title-visibility":"","ast-main-header-display":"","ast-hfb-above-header-display":"","ast-hfb-below-header-display":"","ast-hfb-mobile-header-display":"","site-post-title":"","ast-breadcrumbs-content":"","ast-featured-img":"","footer-sml-layout":"","ast-disable-related-posts":"","theme-transparent-header-meta":"default","adv-header-id-meta":"","stick-header-meta":"","header-above-stick-meta":"","header-main-stick-meta":"","header-below-stick-meta":"","astra-migrate-meta-layouts":"set","ast-page-background-enabled":"default","ast-page-background-meta":{"desktop":{"background-color":"var(--ast-global-color-4)","background-image":"","background-repeat":"repeat","background-position":"center center","background-size":"auto","background-attachment":"scroll","background-type":"","background-media":"","overlay-type":"","overlay-color":"","overlay-opacity":"","overlay-gradient":""},"tablet":{"background-color":"","background-image":"","background-repeat":"repeat","background-position":"center center","background-size":"auto","background-attachment":"scroll","background-type":"","background-media":"","overlay-type":"","overlay-color":"","overlay-opacity":"","overlay-gradient":""},"mobile":{"background-color":"","background-image":"","background-repeat":"repeat","background-position":"center center","background-size":"auto","background-attachment":"scroll","background-type":"","background-media":"","overlay-type":"","overlay-color":"","overlay-opacity":"","overlay-gradient":""}},"ast-content-background-meta":{"desktop":{"background-color":"var(--ast-global-color-5)","background-image":"","background-repeat":"repeat","background-position":"center center","background-size":"auto","background-attachment":"scroll","background-type":"","background-media":"","overlay-type":"","overlay-color":"","overlay-opacity":"","overlay-gradient":""},"tablet":{"background-color":"var(--ast-global-color-5)","background-image":"","background-repeat":"repeat","background-position":"center center","background-size":"auto","background-attachment":"scroll","background-type":"","background-media":"","overlay-type":"","overlay-color":"","overlay-opacity":"","overlay-gradient":""},"mobile":{"background-color":"var(--ast-global-color-5)","background-image":"","background-repeat":"repeat","background-position":"center center","background-size":"auto","background-attachment":"scroll","background-type":"","background-media":"","overlay-type":"","overlay-color":"","overlay-opacity":"","overlay-gradient":""}}},"pwb-brand":[332],"product_brand":[],"product_cat":[395,396],"product_tag":[],"class_list":{"0":"post-3323","1":"product","2":"type-product","3":"status-publish","4":"has-post-thumbnail","6":"pwb-brand-victron","7":"product_cat-placas-solares","8":"product_cat-placas-solares-12-v","9":"product_shipping_class-paneles","10":"desktop-align-left","11":"tablet-align-left","12":"mobile-align-left","13":"ast-product-gallery-layout-horizontal-slider","14":"ast-product-gallery-with-no-image","15":"ast-product-tabs-layout-horizontal","17":"first","18":"instock","19":"taxable","20":"shipping-taxable","21":"purchasable","22":"product-type-simple"},"wcpa_form_fields":null,"brands":[{"id":332,"name":"Victron Energy","slug":"victron"}],"_links":{"self":[{"href":"https:\/\/fvcomponentes.com\/en\/wp-json\/wp\/v2\/product\/3323","targetHints":{"allow":["GET"]}}],"collection":[{"href":"https:\/\/fvcomponentes.com\/en\/wp-json\/wp\/v2\/product"}],"about":[{"href":"https:\/\/fvcomponentes.com\/en\/wp-json\/wp\/v2\/types\/product"}],"replies":[{"embeddable":true,"href":"https:\/\/fvcomponentes.com\/en\/wp-json\/wp\/v2\/comments?post=3323"}],"wp:featuredmedia":[{"embeddable":true,"href":"https:\/\/fvcomponentes.com\/en\/wp-json\/wp\/v2\/media\/3320"}],"wp:attachment":[{"href":"https:\/\/fvcomponentes.com\/en\/wp-json\/wp\/v2\/media?parent=3323"}],"wp:term":[{"taxonomy":"pwb-brand","embeddable":true,"href":"https:\/\/fvcomponentes.com\/en\/wp-json\/wp\/v2\/pwb-brand?post=3323"},{"taxonomy":"product_brand","embeddable":true,"href":"https:\/\/fvcomponentes.com\/en\/wp-json\/wp\/v2\/product_brand?post=3323"},{"taxonomy":"product_cat","embeddable":true,"href":"https:\/\/fvcomponentes.com\/en\/wp-json\/wp\/v2\/product_cat?post=3323"},{"taxonomy":"product_tag","embeddable":true,"href":"https:\/\/fvcomponentes.com\/en\/wp-json\/wp\/v2\/product_tag?post=3323"}],"curies":[{"name":"wp","href":"https:\/\/api.w.org\/{rel}","templated":true}]}}