{"id":4337,"date":"2022-12-07T18:03:27","date_gmt":"2022-12-07T17:03:27","guid":{"rendered":"https:\/\/fvcomponentes.com\/?page_id=4337"},"modified":"2024-08-09T21:32:16","modified_gmt":"2024-08-09T19:32:16","slug":"we","status":"publish","type":"page","link":"https:\/\/fvcomponentes.com\/en\/nosotros\/","title":{"rendered":"We"},"content":{"rendered":"<div data-elementor-type=\"wp-page\" data-elementor-id=\"4337\" class=\"elementor elementor-4337\" data-elementor-post-type=\"page\">\n\t\t\t\t\t\t<section class=\"elementor-section elementor-top-section elementor-element elementor-element-36388b6 elementor-section-boxed elementor-section-height-default elementor-section-height-default\" data-id=\"36388b6\" data-element_type=\"section\" data-e-type=\"section\">\n\t\t\t\t\t\t<div class=\"elementor-container elementor-column-gap-default\">\n\t\t\t\t\t<div class=\"elementor-column elementor-col-100 elementor-top-column elementor-element elementor-element-15b0b40\" data-id=\"15b0b40\" data-element_type=\"column\" data-e-type=\"column\">\n\t\t\t<div class=\"elementor-widget-wrap elementor-element-populated\">\n\t\t\t\t\t\t<div class=\"elementor-element elementor-element-a75a3d0 elementor-widget elementor-widget-heading\" data-id=\"a75a3d0\" data-element_type=\"widget\" data-e-type=\"widget\" data-widget_type=\"heading.default\">\n\t\t\t\t<div class=\"elementor-widget-container\">\n\t\t\t\t\t<h1 class=\"elementor-heading-title elementor-size-default\">Experts in solar photovoltaics and components<\/h1>\t\t\t\t<\/div>\n\t\t\t\t<\/div>\n\t\t\t\t<div class=\"elementor-element elementor-element-ee3c95b elementor-widget-divider--view-line elementor-widget elementor-widget-divider\" data-id=\"ee3c95b\" data-element_type=\"widget\" data-e-type=\"widget\" data-widget_type=\"divider.default\">\n\t\t\t\t<div class=\"elementor-widget-container\">\n\t\t\t\t\t\t\t<div class=\"elementor-divider\">\n\t\t\t<span class=\"elementor-divider-separator\">\n\t\t\t\t\t\t<\/span>\n\t\t<\/div>\n\t\t\t\t\t\t<\/div>\n\t\t\t\t<\/div>\n\t\t\t\t<div class=\"elementor-element elementor-element-e35cdee elementor-widget elementor-widget-text-editor\" data-id=\"e35cdee\" data-element_type=\"widget\" data-e-type=\"widget\" data-widget_type=\"text-editor.default\">\n\t\t\t\t<div class=\"elementor-widget-container\">\n\t\t\t\t\t\t\t\t\t<p>FV Componentes trademark of ICIDE Energ\u00eda S.L. - B56227523, We are your online shop of reference, specialised in photovoltaic solar energy products and accessories. We offer a wide variety of solar panels, inverters, batteries, and all the necessary accessories for the installation and maintenance of solar systems.<\/p>\n<p>At PV Components, we only offer high quality, high efficiency solar photovoltaic panels, ensuring optimal performance and increased energy production. Inverters, which are essential for the conversion of solar energy into usable electrical energy, are also available in a variety of sizes and power ratings to suit the needs of each project.<\/p>\n<p>In addition to solar panels, at FV Componentes we have energy storage systems, such as solar batteries, which allow the energy produced during the day to be stored for use at times of low production, such as at night or on cloudy days.<\/p>\n<p>We stock a wide range of accessories for the installation and maintenance of solar systems, such as cables, connectors, tools and system monitors. These accessories are essential to ensure a safe and correct installation and to keep the system in good working order.<\/p>\n<p>FV Componentes is an excellent choice for those interested in installing a solar photovoltaic system, whether for private or professional use. We offer a wide variety of high quality products and all the necessary accessories for a safe and efficient installation, along with exceptional customer service.<\/p>\t\t\t\t\t\t\t\t<\/div>\n\t\t\t\t<\/div>\n\t\t\t\t\t<\/div>\n\t\t<\/div>\n\t\t\t\t\t<\/div>\n\t\t<\/section>\n\t\t\t\t<section class=\"elementor-section elementor-top-section elementor-element elementor-element-2b4dae1 elementor-section-boxed elementor-section-height-default elementor-section-height-default\" data-id=\"2b4dae1\" data-element_type=\"section\" data-e-type=\"section\">\n\t\t\t\t\t\t<div class=\"elementor-container elementor-column-gap-default\">\n\t\t\t\t\t<div class=\"elementor-column elementor-col-100 elementor-top-column elementor-element elementor-element-19dcf51\" data-id=\"19dcf51\" data-element_type=\"column\" data-e-type=\"column\">\n\t\t\t<div class=\"elementor-widget-wrap elementor-element-populated\">\n\t\t\t\t\t\t<div class=\"elementor-element elementor-element-dc56bd6 elementor-widget elementor-widget-heading\" data-id=\"dc56bd6\" data-element_type=\"widget\" data-e-type=\"widget\" data-widget_type=\"heading.default\">\n\t\t\t\t<div class=\"elementor-widget-container\">\n\t\t\t\t\t<h2 class=\"elementor-heading-title elementor-size-default\">Official technical service<\/h2>\t\t\t\t<\/div>\n\t\t\t\t<\/div>\n\t\t\t\t<div class=\"elementor-element elementor-element-518753f elementor-widget-divider--view-line elementor-widget elementor-widget-divider\" data-id=\"518753f\" data-element_type=\"widget\" data-e-type=\"widget\" data-widget_type=\"divider.default\">\n\t\t\t\t<div class=\"elementor-widget-container\">\n\t\t\t\t\t\t\t<div class=\"elementor-divider\">\n\t\t\t<span class=\"elementor-divider-separator\">\n\t\t\t\t\t\t<\/span>\n\t\t<\/div>\n\t\t\t\t\t\t<\/div>\n\t\t\t\t<\/div>\n\t\t\t\t\t<\/div>\n\t\t<\/div>\n\t\t\t\t\t<\/div>\n\t\t<\/section>\n\t\t\t\t<section class=\"elementor-section elementor-top-section elementor-element elementor-element-c4dcb9d elementor-section-content-middle elementor-reverse-mobile elementor-section-boxed elementor-section-height-default elementor-section-height-default\" data-id=\"c4dcb9d\" data-element_type=\"section\" data-e-type=\"section\">\n\t\t\t\t\t\t<div class=\"elementor-container elementor-column-gap-default\">\n\t\t\t\t\t<div class=\"elementor-column elementor-col-50 elementor-top-column elementor-element elementor-element-c4ab025\" data-id=\"c4ab025\" data-element_type=\"column\" data-e-type=\"column\">\n\t\t\t<div class=\"elementor-widget-wrap elementor-element-populated\">\n\t\t\t\t\t\t<div class=\"elementor-element elementor-element-1f2da7b elementor-widget elementor-widget-text-editor\" data-id=\"1f2da7b\" data-element_type=\"widget\" data-e-type=\"widget\" data-widget_type=\"text-editor.default\">\n\t\t\t\t<div class=\"elementor-widget-container\">\n\t\t\t\t\t\t\t\t\t<p>We are the official technical service of the renowned brand of solar inverters.\u00a0<strong>Fronius.<\/strong>\u00a0As an FSP (Fronius System Partner) we are able to offer first class official technical support to all our customers and handle any equipment issues in the quickest and most efficient way. Our staff is certified and has all the necessary knowledge to offer you the best technical service. <strong>Fronius<\/strong>.<\/p>\t\t\t\t\t\t\t\t<\/div>\n\t\t\t\t<\/div>\n\t\t\t\t\t<\/div>\n\t\t<\/div>\n\t\t\t\t<div class=\"elementor-column elementor-col-50 elementor-top-column elementor-element elementor-element-87200dd\" data-id=\"87200dd\" data-element_type=\"column\" data-e-type=\"column\">\n\t\t\t<div class=\"elementor-widget-wrap elementor-element-populated\">\n\t\t\t\t\t\t<div class=\"elementor-element elementor-element-d0d15e6 elementor-widget elementor-widget-image\" data-id=\"d0d15e6\" data-element_type=\"widget\" data-e-type=\"widget\" data-widget_type=\"image.default\">\n\t\t\t\t<div class=\"elementor-widget-container\">\n\t\t\t\t\t\t\t\t\t\t\t\t\t\t\t<img decoding=\"async\" width=\"330\" height=\"92\" src=\"https:\/\/fvcomponentes.com\/wp-content\/uploads\/2022\/12\/fronius-logo.png\" class=\"attachment-full size-full wp-image-4288\" alt=\"\" srcset=\"https:\/\/fvcomponentes.com\/wp-content\/uploads\/2022\/12\/fronius-logo.png 330w, https:\/\/fvcomponentes.com\/wp-content\/uploads\/2022\/12\/fronius-logo-300x84.png 300w, https:\/\/fvcomponentes.com\/wp-content\/uploads\/2022\/12\/fronius-logo-200x56.png 200w\" sizes=\"(max-width: 330px) 100vw, 330px\" title=\"\">\t\t\t\t\t\t\t\t\t\t\t\t\t\t\t<\/div>\n\t\t\t\t<\/div>\n\t\t\t\t\t<\/div>\n\t\t<\/div>\n\t\t\t\t\t<\/div>\n\t\t<\/section>\n\t\t\t\t<section class=\"elementor-section elementor-top-section elementor-element elementor-element-fa5f201 elementor-section-content-middle elementor-section-boxed elementor-section-height-default elementor-section-height-default\" data-id=\"fa5f201\" data-element_type=\"section\" data-e-type=\"section\">\n\t\t\t\t\t\t<div class=\"elementor-container elementor-column-gap-default\">\n\t\t\t\t\t<div class=\"elementor-column elementor-col-50 elementor-top-column elementor-element elementor-element-4df6454\" data-id=\"4df6454\" data-element_type=\"column\" data-e-type=\"column\">\n\t\t\t<div class=\"elementor-widget-wrap elementor-element-populated\">\n\t\t\t\t\t\t<div class=\"elementor-element elementor-element-95a3fbe elementor-widget elementor-widget-image\" data-id=\"95a3fbe\" data-element_type=\"widget\" data-e-type=\"widget\" data-widget_type=\"image.default\">\n\t\t\t\t<div class=\"elementor-widget-container\">\n\t\t\t\t\t\t\t\t\t\t\t\t\t\t\t<img decoding=\"async\" width=\"330\" height=\"52\" src=\"https:\/\/fvcomponentes.com\/wp-content\/uploads\/2022\/12\/LogoVictron.png\" class=\"attachment-full size-full wp-image-4291\" alt=\"\" srcset=\"https:\/\/fvcomponentes.com\/wp-content\/uploads\/2022\/12\/LogoVictron.png 330w, https:\/\/fvcomponentes.com\/wp-content\/uploads\/2022\/12\/LogoVictron-300x47.png 300w, https:\/\/fvcomponentes.com\/wp-content\/uploads\/2022\/12\/LogoVictron-200x32.png 200w\" sizes=\"(max-width: 330px) 100vw, 330px\" title=\"\">\t\t\t\t\t\t\t\t\t\t\t\t\t\t\t<\/div>\n\t\t\t\t<\/div>\n\t\t\t\t\t<\/div>\n\t\t<\/div>\n\t\t\t\t<div class=\"elementor-column elementor-col-50 elementor-top-column elementor-element elementor-element-49bcf56\" data-id=\"49bcf56\" data-element_type=\"column\" data-e-type=\"column\">\n\t\t\t<div class=\"elementor-widget-wrap elementor-element-populated\">\n\t\t\t\t\t\t<div class=\"elementor-element elementor-element-c5469c1 elementor-widget elementor-widget-text-editor\" data-id=\"c5469c1\" data-element_type=\"widget\" data-e-type=\"widget\" data-widget_type=\"text-editor.default\">\n\t\t\t\t<div class=\"elementor-widget-container\">\n\t\t\t\t\t\t\t\t\t<p>We are authorised installers of\u00a0<strong>Victron Energy<\/strong>\u00a0in all its range (Phoenix inverters, Multiplus inverter-chargers, Bluesolar and SmartSolar charge controllers, etc...) We trust the 100% in\u00a0<strong>Victron Energy<\/strong>. The quality of their equipment, the efficiency of their after-sales service and the simplicity of their operation put them in the first position for our customers. Be wary of other \"all-inclusive\" equipment.<\/p>\t\t\t\t\t\t\t\t<\/div>\n\t\t\t\t<\/div>\n\t\t\t\t\t<\/div>\n\t\t<\/div>\n\t\t\t\t\t<\/div>\n\t\t<\/section>\n\t\t\t\t<\/div>","protected":false},"excerpt":{"rendered":"<p>Expertos en energ\u00eda solar fotovoltaica y componentes FV Componentes marca comercial de ICIDE Energ\u00eda S.L.&nbsp; &#8211; B56227523,&nbsp; Somos tu tienda online de referencia, especializada en productos de energ\u00eda solar fotovoltaica y accesorios. Ofrecemos una amplia variedad de paneles solares, inversores, bater\u00edas, y todos los accesorios necesarios para la instalaci\u00f3n y el mantenimiento de sistemas solares. [&hellip;]<\/p>\n","protected":false},"author":1,"featured_media":0,"parent":0,"menu_order":0,"comment_status":"closed","ping_status":"closed","template":"","meta":{"site-sidebar-layout":"no-sidebar","site-content-layout":"page-builder","ast-site-content-layout":"full-width-container","site-content-style":"unboxed","site-sidebar-style":"unboxed","ast-global-header-display":"","ast-banner-title-visibility":"","ast-main-header-display":"","ast-hfb-above-header-display":"","ast-hfb-below-header-display":"","ast-hfb-mobile-header-display":"","site-post-title":"disabled","ast-breadcrumbs-content":"","ast-featured-img":"disabled","footer-sml-layout":"","ast-disable-related-posts":"","theme-transparent-header-meta":"","adv-header-id-meta":"","stick-header-meta":"","header-above-stick-meta":"","header-main-stick-meta":"","header-below-stick-meta":"","astra-migrate-meta-layouts":"set","ast-page-background-enabled":"default","ast-page-background-meta":{"desktop":{"background-color":"var(--ast-global-color-4)","background-image":"","background-repeat":"repeat","background-position":"center center","background-size":"auto","background-attachment":"scroll","background-type":"","background-media":"","overlay-type":"","overlay-color":"","overlay-opacity":"","overlay-gradient":""},"tablet":{"background-color":"","background-image":"","background-repeat":"repeat","background-position":"center center","background-size":"auto","background-attachment":"scroll","background-type":"","background-media":"","overlay-type":"","overlay-color":"","overlay-opacity":"","overlay-gradient":""},"mobile":{"background-color":"","background-image":"","background-repeat":"repeat","background-position":"center center","background-size":"auto","background-attachment":"scroll","background-type":"","background-media":"","overlay-type":"","overlay-color":"","overlay-opacity":"","overlay-gradient":""}},"ast-content-background-meta":{"desktop":{"background-color":"var(--ast-global-color-5)","background-image":"","background-repeat":"repeat","background-position":"center center","background-size":"auto","background-attachment":"scroll","background-type":"","background-media":"","overlay-type":"","overlay-color":"","overlay-opacity":"","overlay-gradient":""},"tablet":{"background-color":"var(--ast-global-color-5)","background-image":"","background-repeat":"repeat","background-position":"center center","background-size":"auto","background-attachment":"scroll","background-type":"","background-media":"","overlay-type":"","overlay-color":"","overlay-opacity":"","overlay-gradient":""},"mobile":{"background-color":"var(--ast-global-color-5)","background-image":"","background-repeat":"repeat","background-position":"center center","background-size":"auto","background-attachment":"scroll","background-type":"","background-media":"","overlay-type":"","overlay-color":"","overlay-opacity":"","overlay-gradient":""}},"footnotes":""},"class_list":["post-4337","page","type-page","status-publish","hentry"],"_links":{"self":[{"href":"https:\/\/fvcomponentes.com\/en\/wp-json\/wp\/v2\/pages\/4337","targetHints":{"allow":["GET"]}}],"collection":[{"href":"https:\/\/fvcomponentes.com\/en\/wp-json\/wp\/v2\/pages"}],"about":[{"href":"https:\/\/fvcomponentes.com\/en\/wp-json\/wp\/v2\/types\/page"}],"author":[{"embeddable":true,"href":"https:\/\/fvcomponentes.com\/en\/wp-json\/wp\/v2\/users\/1"}],"replies":[{"embeddable":true,"href":"https:\/\/fvcomponentes.com\/en\/wp-json\/wp\/v2\/comments?post=4337"}],"version-history":[{"count":0,"href":"https:\/\/fvcomponentes.com\/en\/wp-json\/wp\/v2\/pages\/4337\/revisions"}],"wp:attachment":[{"href":"https:\/\/fvcomponentes.com\/en\/wp-json\/wp\/v2\/media?parent=4337"}],"curies":[{"name":"wp","href":"https:\/\/api.w.org\/{rel}","templated":true}]}}