{"id":8737,"date":"2023-08-21T09:04:47","date_gmt":"2023-08-21T07:04:47","guid":{"rendered":"https:\/\/fvcomponentes.com\/?post_type=product&#038;p=8737"},"modified":"2025-11-06T15:50:56","modified_gmt":"2025-11-06T14:50:56","slug":"konfiguration-des-fernwechselrichters","status":"publish","type":"product","link":"https:\/\/fvcomponentes.com\/de\/producto\/configuracion-de-inversores-en-remoto\/","title":{"rendered":"Ferngesteuerte Wechselrichterkonfiguration"},"content":{"rendered":"<p>Victron Energy Multiplus, Quatro und Phoenix Fernbedienungswechselrichter Konfiguration<\/p>\n<p><strong>Probleme bei der Einrichtung Ihres VICTRON Systems?<\/strong><\/p>\n<p>Jetzt k\u00f6nnen Sie die Hilfe unseres Teams in Anspruch nehmen, das auf die Programmierung und Konfiguration von Victron Energy-Ger\u00e4ten spezialisiert ist.<\/p>\n<p>Wenn Sie eine <strong><a href=\"https:\/\/fvcomponentes.com\/de\/produkt\/victron-ve-mk3-usb-schnittstelle-interface-link\/\" target=\"_blank\" rel=\"noopener\">MK3-Kabel<\/a> <\/strong>k\u00f6nnen wir eine Fernverbindung zu einem Laptop herstellen, den Sie mit dem Kabel und dem Wechselrichter verbunden haben. Dazu m\u00fcssen Sie das Fernwartungsprogramm herunterladen <strong><a href=\"https:\/\/www.supremocontrol.com\/es\/descarga-supremo\/windows\/\" target=\"_blank\" rel=\"noopener\">Supreme Remote<\/a> <\/strong>und machen es uns leichter, die <em>ID und PASSWORT<\/em> die erscheint, wenn Sie das Programm starten. Auf diese Weise k\u00f6nnen wir eine Verbindung zu Ihrem Laptop herstellen und den Victron-Wechselrichter so konfigurieren, als ob wir bei Ihnen w\u00e4ren.<\/p>\n<p><img fetchpriority=\"high\" decoding=\"async\" class=\"alignnone size-full wp-image-9372\" src=\"https:\/\/fvcomponentes.com\/wp-content\/uploads\/2023\/08\/Captura-de-pantalla-2023-09-22-105142.jpg\" alt=\"\" width=\"1000\" height=\"1211\" title=\"\"><\/p>","protected":false},"excerpt":{"rendered":"<p>Internetbasierte Konfiguration von <strong>1 Wechselrichter<\/strong> Victron Energy und <strong>1 Stunde<\/strong> maximale Dauer.<\/p>\n<p><strong>HINWEIS: Dieser Service steht nur FVComponentes.com-Kunden zur Verf\u00fcgung und ist auf gelieferte Artikel beschr\u00e4nkt. Die folgenden Bedingungen m\u00fcssen erf\u00fcllt sein, BEVOR Sie Hilfe in Anspruch nehmen;<\/strong><\/p>\n<p><strong>Internetverbindung am Installationsort \u00fcber Internet-Router mit Netzwerkkabel zum CERBO oder zum GX-Wechselrichter, falls Sie keinen haben, empfehlen wir den Kauf eines 4G-Routers, in den Sie eine Telefon-SIM-Karte einlegen k\u00f6nnen. Ein gemeinsamer Mobilfunkanschluss ist nicht zul\u00e4ssig.<\/strong><\/p>\n<p><a href=\"https:\/\/fvcomponentes.com\/de\/produkt\/router-wireless-4g-tp-link-tl-mr100-300mbps-2-4ghz-2-antennen-wifi-802-11b-g-n-tpl-rou-tl-mr100\/\" target=\"_blank\" rel=\"noopener\">https:\/\/fvcomponentes.com\/producto\/router-inalambrico-4g-tp-link-tl-mr100-300mbps-2-4ghz-2-antenas-wifi-802-11b-g-n-tpl-rou-tl-mr100\/<\/a><\/p>\n<p><strong>Ein MK3-Kabel f\u00fcr den Anschluss an den Wechselrichter.<\/strong><\/p>\n<p><a href=\"https:\/\/fvcomponentes.com\/de\/produkt\/victron-ve-mk3-usb-schnittstelle-interface-link\/\" target=\"_blank\" rel=\"noopener\">https:\/\/fvcomponentes.com\/producto\/interfaz-de-enlace-victron-ve-mk3-usb\/<\/a><\/p>\n<p><strong>Oder lassen Sie die Anlage alternativ \u00fcber das Internet durch das VRM-Portal \u00fcberwachen.<\/strong><\/p>\n<p><a href=\"https:\/\/vrm.victronenergy.com\/\" target=\"_blank\" rel=\"noopener\">https:\/\/vrm.victronenergy.com\/<\/a><\/p>\n<p><strong>Ein Laptop mit Windows, der an den im ersten Punkt genannten Internet-Router angeschlossen ist. Es ist nicht m\u00f6glich, die Unterst\u00fctzung mit MAC zu tun und haben die SUPREMO REMOTE Anwendung heruntergeladen.<\/strong><\/p>\n<p><a href=\"https:\/\/www.supremocontrol.com\/es\/\" target=\"_blank\" rel=\"noopener\">https:\/\/www.supremocontrol.com\/es\/<\/a><\/p>","protected":false},"featured_media":8762,"comment_status":"open","ping_status":"closed","template":"","meta":{"site-sidebar-layout":"default","site-content-layout":"","ast-site-content-layout":"default","site-content-style":"default","site-sidebar-style":"default","ast-global-header-display":"","ast-banner-title-visibility":"","ast-main-header-display":"","ast-hfb-above-header-display":"","ast-hfb-below-header-display":"","ast-hfb-mobile-header-display":"","site-post-title":"","ast-breadcrumbs-content":"","ast-featured-img":"","footer-sml-layout":"","ast-disable-related-posts":"","theme-transparent-header-meta":"default","adv-header-id-meta":"","stick-header-meta":"","header-above-stick-meta":"","header-main-stick-meta":"","header-below-stick-meta":"","astra-migrate-meta-layouts":"set","ast-page-background-enabled":"default","ast-page-background-meta":{"desktop":{"background-color":"var(--ast-global-color-4)","background-image":"","background-repeat":"repeat","background-position":"center center","background-size":"auto","background-attachment":"scroll","background-type":"","background-media":"","overlay-type":"","overlay-color":"","overlay-opacity":"","overlay-gradient":""},"tablet":{"background-color":"","background-image":"","background-repeat":"repeat","background-position":"center center","background-size":"auto","background-attachment":"scroll","background-type":"","background-media":"","overlay-type":"","overlay-color":"","overlay-opacity":"","overlay-gradient":""},"mobile":{"background-color":"","background-image":"","background-repeat":"repeat","background-position":"center center","background-size":"auto","background-attachment":"scroll","background-type":"","background-media":"","overlay-type":"","overlay-color":"","overlay-opacity":"","overlay-gradient":""}},"ast-content-background-meta":{"desktop":{"background-color":"var(--ast-global-color-5)","background-image":"","background-repeat":"repeat","background-position":"center center","background-size":"auto","background-attachment":"scroll","background-type":"","background-media":"","overlay-type":"","overlay-color":"","overlay-opacity":"","overlay-gradient":""},"tablet":{"background-color":"var(--ast-global-color-5)","background-image":"","background-repeat":"repeat","background-position":"center center","background-size":"auto","background-attachment":"scroll","background-type":"","background-media":"","overlay-type":"","overlay-color":"","overlay-opacity":"","overlay-gradient":""},"mobile":{"background-color":"var(--ast-global-color-5)","background-image":"","background-repeat":"repeat","background-position":"center center","background-size":"auto","background-attachment":"scroll","background-type":"","background-media":"","overlay-type":"","overlay-color":"","overlay-opacity":"","overlay-gradient":""}}},"pwb-brand":[332],"product_brand":[],"product_cat":[872],"product_tag":[],"class_list":{"0":"post-8737","1":"product","2":"type-product","3":"status-publish","4":"has-post-thumbnail","6":"pwb-brand-victron","7":"product_cat-servicios-de-configuracion","8":"desktop-align-left","9":"tablet-align-left","10":"mobile-align-left","11":"ast-product-gallery-layout-horizontal-slider","12":"ast-product-gallery-with-no-image","13":"ast-product-tabs-layout-horizontal","15":"first","16":"instock","17":"virtual","18":"taxable","19":"purchasable","20":"product-type-simple"},"wcpa_form_fields":null,"brands":[{"id":332,"name":"Victron Energie","slug":"victron"}],"_links":{"self":[{"href":"https:\/\/fvcomponentes.com\/de\/wp-json\/wp\/v2\/product\/8737","targetHints":{"allow":["GET"]}}],"collection":[{"href":"https:\/\/fvcomponentes.com\/de\/wp-json\/wp\/v2\/product"}],"about":[{"href":"https:\/\/fvcomponentes.com\/de\/wp-json\/wp\/v2\/types\/product"}],"replies":[{"embeddable":true,"href":"https:\/\/fvcomponentes.com\/de\/wp-json\/wp\/v2\/comments?post=8737"}],"wp:featuredmedia":[{"embeddable":true,"href":"https:\/\/fvcomponentes.com\/de\/wp-json\/wp\/v2\/media\/8762"}],"wp:attachment":[{"href":"https:\/\/fvcomponentes.com\/de\/wp-json\/wp\/v2\/media?parent=8737"}],"wp:term":[{"taxonomy":"pwb-brand","embeddable":true,"href":"https:\/\/fvcomponentes.com\/de\/wp-json\/wp\/v2\/pwb-brand?post=8737"},{"taxonomy":"product_brand","embeddable":true,"href":"https:\/\/fvcomponentes.com\/de\/wp-json\/wp\/v2\/product_brand?post=8737"},{"taxonomy":"product_cat","embeddable":true,"href":"https:\/\/fvcomponentes.com\/de\/wp-json\/wp\/v2\/product_cat?post=8737"},{"taxonomy":"product_tag","embeddable":true,"href":"https:\/\/fvcomponentes.com\/de\/wp-json\/wp\/v2\/product_tag?post=8737"}],"curies":[{"name":"wp","href":"https:\/\/api.w.org\/{rel}","templated":true}]}}