{"id":8413,"date":"2023-06-21T13:14:39","date_gmt":"2023-06-21T11:14:39","guid":{"rendered":"https:\/\/fvcomponentes.com\/?post_type=product&#038;p=8413"},"modified":"2026-03-30T12:15:01","modified_gmt":"2026-03-30T10:15:01","slug":"elektroautoladegerat-fronius-wattpilot-go-22j-2-0-4240400","status":"publish","type":"product","link":"https:\/\/fvcomponentes.com\/de\/producto\/cargador-coche-electrico-fronius-wattpilot-go-22j-2-0-4240400\/","title":{"rendered":"Fronius Wattpilot Go 22J 2.0 Elektroauto-Ladeger\u00e4t - 4.240.400"},"content":{"rendered":"<div class=\"layoutSection white\" data-component-anchor-id=\"anc_dynamic-surplus\">\n<div class=\"container\">\n<div class=\"heading\">\n<h2>Eigenschaften des Fronius Wattpilot Go 22J 2.0 Elektroautoladeger\u00e4t - 4.240.400<\/h2>\n<p>Der Fronius Wattpilot GO 22J ist die neue intelligente Ladel\u00f6sung f\u00fcr Elektroautos. Fahrer von Elektroautos k\u00f6nnen selbst entscheiden, wie sie ihr Fahrzeug laden wollen. In Kombination mit einem variablen Stromtarif ist das Laden sehr kosteng\u00fcnstig. Es ist sehr einfach zu installieren und ist eines der wenigen Produkte auf dem Markt, das automatisch zwischen einphasigem und dreiphasigem \u00dcberschussladen umschalten kann, um die gr\u00f6\u00dftm\u00f6gliche Energie aus der Anlage zu holen.<\/p>\n<div>Den Fronius Wattpilot gibt es in zwei Versionen: den Wattpilot Home, <a href=\"https:\/\/fvcomponentes.com\/de\/produkt\/elektroautoladegerat-fronius-wattpilot-home-22j-2-0-4240403\/\" target=\"_blank\" rel=\"noopener\">Elektroauto-Ladeger\u00e4t Fronius Wattpilot Home 22J 2.0 - 4.240.403<\/a>F\u00fcr die Festinstallation im Haus gibt es die Version Wattpilot Go mobile und die Version Wattpilot Go mobile. Das Ger\u00e4t l\u00e4sst sich \u00fcber seine <strong>app Solar.wattpilot<\/strong>die auch einen \u00dcberblick \u00fcber den Ladevorgang bietet. Die intelligente Ladel\u00f6sung funktioniert per Plug &amp; Play und verf\u00fcgt \u00fcber zwei Lademodi: \"Eco\" und \"Next Trip\". Dar\u00fcber hinaus ist Wattpilot f\u00fcr Photovoltaikanlagen optimiert: So kann das Auto besonders kosteng\u00fcnstig und nachhaltig mit \u00fcbersch\u00fcssiger Solarenergie geladen werden.<\/div>\n<h2><\/h2>\n<h2>Dynamischer \u00dcberschussladeprozess<\/h2>\n<\/div>\n<div class=\"text\" data-component-anchor-id=\"anc_\">\n<div class=\"text-wrap\" data-gtm-vis-has-fired-2269922_821=\"1\">Der dynamische \u00dcberschussladeprozess gew\u00e4hrleistet, dass die <strong>optimale Nutzung der \u00fcbersch\u00fcssigen photovoltaischen Energie in unserem System<\/strong> y <strong>das Laden aus dem Netz zu vermeiden<\/strong>. Durch den Einsatz der intelligenten Fronius WattPilot-Ladestation werden auch die anspruchsvollsten <strong>kleinere \u00dcberschussbetr\u00e4ge <\/strong><strong>kann verwendet werden<\/strong> zum Aufladen des Elektrofahrzeugs.<\/div>\n<\/div>\n<div class=\"layoutTemplate layoutTemplate-8-4\">\n<div class=\"row\">\n<div class=\"col-xs-12 col-md-8\">\n<div class=\"mediaSlider\" data-component-anchor-id=\"anc_\">\n<div class=\"container-fluid\">\n<div class=\"row\">\n<div class=\"container-inner col-md-12\">\n<div id=\"id_09082805-4a96-4e01-a472-4a6e935a0741_16bcc064-1590-4125-916f-8d67b5c83611_\" class=\"carousel slide\" data-interval=\"false\" data-count=\"1\" data-calculatecontrolposition=\"true\">\n<div class=\"carousel-inner\">\n<div class=\"item active\">\n<div class=\"carousel-image\">\n<p><img fetchpriority=\"high\" decoding=\"async\" class=\"alignnone wp-image-8410\" src=\"https:\/\/fvcomponentes.com\/wp-content\/uploads\/2023\/06\/wattpilot-pv-surplus-charging-169.jpg\" alt=\"\" width=\"600\" height=\"337\" title=\"\"><\/p>\n<\/div>\n<\/div>\n<\/div>\n<\/div>\n<\/div>\n<\/div>\n<\/div>\n<\/div>\n<div class=\"text\" data-component-anchor-id=\"anc_\">\n<div class=\"text-wrap\" data-gtm-vis-has-fired-2269922_821=\"1\">\n<p><strong><span style=\"color: #00ccff;\">- \u00dcbersch\u00fcssige Fotovoltaik<br \/>\n<\/span><\/strong><span style=\"color: #339966;\"><strong>- Elektrofahrzeug<\/strong><\/span><\/p>\n<\/div>\n<\/div>\n<\/div>\n<div class=\"col-xs-12 col-md-4\">\n<div class=\"text\" data-component-anchor-id=\"anc_\">\n<div class=\"text-wrap\" data-gtm-vis-has-fired-2269922_821=\"1\">\n<p>Die\u00a0\u00a0<strong>der Ladevorgang beginnt automatisch, wenn ein minimaler Strom\u00fcberschuss vorhanden ist<\/strong> und wird <strong>passt sich an den jeweiligen Energie\u00fcberschuss an<\/strong>. Nach einer korrekten Konfiguration durch den Installateur sorgt diese L\u00f6sung daf\u00fcr, dass das Elektrofahrzeug automatisch mit der tags\u00fcber \u00fcbrig gebliebenen Solarenergie aufgeladen wird, anstatt sie ins Netz einzuspeisen.<\/p>\n<\/div>\n<\/div>\n<\/div>\n<\/div>\n<\/div>\n<div class=\"text imageText row img-right inside-grid-6-6\" data-component-anchor-id=\"anc_\">\n<div class=\"text-wrap\" data-gtm-vis-has-fired-2269922_821=\"1\">\n<h3>Dynamisches Laden mit Fronius Wattpilot Go 22J 2.0 Elektroautoladeger\u00e4t - 4.240.400<\/h3>\n<p>Die Fronius WattPilot GO 22J 2.0 Elektrofahrzeug-Ladestation ist die beste M\u00f6glichkeit, Elektrofahrzeuge zu laden.<strong> intelligente Ladel\u00f6sung, da sie<\/strong>\u00a0erm\u00f6glicht <strong>dynamische Aufladung von Photovoltaik-\u00dcbersch\u00fcssen<\/strong>.<\/p>\n<p>Dank der<strong> vollautomatische einphasige \/ dreiphasige Umschaltung<\/strong>Auf diese Weise ist es m\u00f6glich, eine optimale Nutzung der <strong>Photovoltaikenergie<\/strong> \u00dcberschuss\u00a0<strong>von 1,38 bis 22 kW Leistung<\/strong>.<\/p>\n<p>Der WattPilot ist auch <strong>kompatibel mit Stromtarifen mit st\u00fcndlicher Diskriminierung<\/strong>. Das bedeutet, dass Sie das Stromnetz nutzen k\u00f6nnen, um <strong>sehr wirtschaftliche Aufladung<\/strong>\u00a0nachts w\u00e4hrend\u00a0<strong>Schwachlastzeiten mit niedrigen Tarifen.<\/strong><\/p>\n<\/div>\n<\/div>\n<h3>RFID-Kartenleser<\/h3>\n<div class=\"text imageText row img-right inside-grid-6-6\" data-component-anchor-id=\"anc_\">\n<p>Integrierter RFID-Sensor: Der Ladevorgang beginnt nur, wenn die Ladestation durch eine g\u00fcltige Chipkarte (RFID) aktiviert wird.<\/p>\n<h3>Ladungsmanagement mit der App \"Solar.WattPilot\".<\/h3>\n<p>Zur Steuerung und Kontrolle des Ladevorgangs mit der Fronius WattPilot Ladestation steht die Solar.WattPilot App (iOS und Android) zur Verf\u00fcgung. Mit Ihrem Smartphone k\u00f6nnen Sie den gesamten Ladevorgang einfach und unkompliziert steuern und verwalten.<\/p>\n<div class=\"ast-oembed-container\" style=\"height: 100%;\"><iframe title=\"Fronius Wattpilot. Entwickelt, um sich zu bewegen (DE)\" width=\"500\" height=\"281\" src=\"https:\/\/www.youtube.com\/embed\/G-x1wQN4Cg0?list=PLxnRyy-bGLh-LkvuoMfPWXQmZFN78edO5\" frameborder=\"0\" allow=\"accelerometer; autoplay; clipboard-write; encrypted-media; gyroscope; picture-in-picture; web-share\" referrerpolicy=\"strict-origin-when-cross-origin\" allowfullscreen><\/iframe><\/div>\n<div id=\"hbacc_61df56e0-df84-4e3c-a4b0-f07776ec9597_372160b4-7b89-436b-80c5-d56ae52046d5_\" class=\"panel-heading\" role=\"tab\">\n<h2 class=\"panel-title\">Technische Daten des Elektroauto-Ladeger\u00e4ts Fronius Wattpilot Go 22J 2.0 - 4.240.400<\/h2>\n<\/div>\n<div id=\"bacc_61df56e0-df84-4e3c-a4b0-f07776ec9597_372160b4-7b89-436b-80c5-d56ae52046d5_\" class=\"panel-collapse collapse in\" role=\"tabpanel\" aria-labelledby=\"hbacc_61df56e0-df84-4e3c-a4b0-f07776ec9597_372160b4-7b89-436b-80c5-d56ae52046d5_\">\n<div class=\"panel-body\">\n<div class=\"text\" data-component-anchor-id=\"anc_\">\n<div class=\"text-wrap\" data-gtm-vis-has-fired-2269922_821=\"1\">\n<h2>Eingabedaten<\/h2>\n<div class=\"table-responsive\">\n<table>\n<tbody>\n<tr>\n<th>Frequenz (Eingang)<\/th>\n<td>50 Hz<\/td>\n<\/tr>\n<tr>\n<th>Arten von Netzwerkverbindungen<\/th>\n<td>TT \/ TN \/ IT<\/td>\n<\/tr>\n<tr>\n<th>Wichtigste Verbindungen<\/th>\n<td>Stecker CEE32 rot 5-polig inkl. Nullleiter<\/td>\n<\/tr>\n<tr>\n<th>Nennspannung<\/th>\n<td>230 V (einphasig) \/ 400 V (dreiphasig)<\/td>\n<\/tr>\n<tr>\n<th>Nennstrom<\/th>\n<td>6-32A einphasig oder dreiphasig<\/td>\n<\/tr>\n<tr>\n<th>Verbrauch im Leerlauf<\/th>\n<td>1,9 W (LED dunkel), 4,2 W (LED hell)<\/td>\n<\/tr>\n<tr>\n<th>Ladebuchse<\/th>\n<td>Stecker Typ 2 mit mechanischer Verriegelung<\/td>\n<\/tr>\n<tr>\n<th>Fehlerstrom-Schutzeinrichtung<\/th>\n<td>30 mA AC, 6 mA DC<\/td>\n<\/tr>\n<tr>\n<th>Querschnitt des Stromkabels<\/th>\n<td>6 mm 2<\/td>\n<\/tr>\n<tr>\n<th>Maximale Lastleistung<\/th>\n<td>22 kW<\/td>\n<\/tr>\n<\/tbody>\n<\/table>\n<\/div>\n<h2>Allgemeine Angaben<\/h2>\n<div class=\"table-responsive\">\n<table>\n<tbody>\n<tr>\n<th>\n<div>Abmessung \/ Breite<\/div>\n<\/th>\n<td>146 mm<\/td>\n<\/tr>\n<tr>\n<th>\n<div>Abmessung (H\u00f6he)<\/div>\n<\/th>\n<td>251 mm<\/td>\n<\/tr>\n<tr>\n<th>\n<div>Abmessung (Tiefe)<\/div>\n<\/th>\n<td>96 mm<\/td>\n<\/tr>\n<tr>\n<th>Gewicht<\/th>\n<td>1,89 kg<\/td>\n<\/tr>\n<tr>\n<th>Gewicht mit Verpackung<\/th>\n<td>3,25 kg<\/td>\n<\/tr>\n<tr>\n<th>Schutzklasse<\/th>\n<td>IP 54 (IP44 mit angeschlossenem Kabel Typ 2)<\/td>\n<\/tr>\n<tr>\n<th>Einrichtung<\/th>\n<td>Innen- und Au\u00dfenaufstellung<\/td>\n<\/tr>\n<tr>\n<th>Temperaturbereich der Umgebung<\/th>\n<td>Von -25 \u00b0C bis +40 \u00b0C (ohne direkte Sonneneinstrahlung)<\/td>\n<\/tr>\n<tr>\n<th>Luftfeuchtigkeit<\/th>\n<td>5% \u2013 95%<\/td>\n<\/tr>\n<tr>\n<th>Maximale H\u00f6he<\/th>\n<td>2000 m<\/td>\n<\/tr>\n<tr>\n<th>Sto\u00dffestigkeit<\/th>\n<td>IK08<\/td>\n<\/tr>\n<tr>\n<th>Optimierung der Photovoltaik<\/th>\n<td>1,38-22 kW dynamische PV-Last (automatische einphasige\/dreiphasige Umschaltung)<\/td>\n<\/tr>\n<tr>\n<th>Netzwerkverbindung<\/th>\n<td>WLAN* WLAN* WLAN* WLAN* WLAN* WLAN* WLAN* WLAN* WLAN<\/td>\n<\/tr>\n<tr>\n<th>Art der Installation<\/th>\n<td>Aufrecht h\u00e4ngend<\/td>\n<\/tr>\n<tr>\n<th>Durchschnittliche Umgebungstemperatur f\u00fcr 24 Stunden<\/th>\n<td>Max. 35\u00b0 C<\/td>\n<\/tr>\n<\/tbody>\n<\/table>\n<h2>Elektroauto-Ladeadapter Fronius Wattpilot Go 22J 2.0 - 4.240.400<\/h2>\n<p>Die\u00a0<a href=\"https:\/\/fvcomponentes.com\/de\/produkt\/elektroauto-ladegerat-adapter-fronius-wattpilot-go-22-4240410\/\" target=\"_blank\" rel=\"noopener\">Adaptersatz f\u00fcr Fronius Wattpilot Go 22<\/a>\u00a0(CEE32A, CEE blau, Schuko) separat erh\u00e4ltlich.<\/p>\n<h2>Fronius Wattpilot Go 22J 2.0 Elektroauto-Ladeger\u00e4t Technische Daten - 4.240.400<\/h2>\n<p><a href=\"https:\/\/fvcomponentes.com\/wp-content\/uploads\/2023\/06\/Fronius_TDS_Wattpilot_New_EN.pdf\" target=\"_blank\" rel=\"noopener\">Fronius Wattpilot Go 22J 2.0 Elektroauto-Ladeger\u00e4t Datenblatt - 4.240.400<\/a><\/p>\n<\/div>\n<\/div>\n<\/div>\n<\/div>\n<\/div>\n<\/div>\n<\/div>\n<\/div>","protected":false},"excerpt":{"rendered":"<ul>\n<li>Das Ladeger\u00e4t f\u00fcr Elektrofahrzeuge<strong> Fronius WattPilot<\/strong> GO 22J ist die beste intelligente Ladel\u00f6sung f\u00fcr Elektroautos. Er erm\u00f6glicht das dynamische Laden von Photovoltaik-\u00dcbersch\u00fcssen.<\/li>\n<li><span style=\"color: #ff0000;\"><strong>Ohne Ladekabel<\/strong><\/span><\/li>\n<\/ul>","protected":false},"featured_media":8414,"comment_status":"open","ping_status":"closed","template":"","meta":{"site-sidebar-layout":"default","site-content-layout":"default","ast-site-content-layout":"default","site-content-style":"default","site-sidebar-style":"default","ast-global-header-display":"","ast-banner-title-visibility":"","ast-main-header-display":"","ast-hfb-above-header-display":"","ast-hfb-below-header-display":"","ast-hfb-mobile-header-display":"","site-post-title":"","ast-breadcrumbs-content":"","ast-featured-img":"","footer-sml-layout":"","ast-disable-related-posts":"","theme-transparent-header-meta":"default","adv-header-id-meta":"","stick-header-meta":"","header-above-stick-meta":"","header-main-stick-meta":"","header-below-stick-meta":"","astra-migrate-meta-layouts":"set","ast-page-background-enabled":"default","ast-page-background-meta":{"desktop":{"background-color":"var(--ast-global-color-4)","background-image":"","background-repeat":"repeat","background-position":"center center","background-size":"auto","background-attachment":"scroll","background-type":"","background-media":"","overlay-type":"","overlay-color":"","overlay-opacity":"","overlay-gradient":""},"tablet":{"background-color":"","background-image":"","background-repeat":"repeat","background-position":"center center","background-size":"auto","background-attachment":"scroll","background-type":"","background-media":"","overlay-type":"","overlay-color":"","overlay-opacity":"","overlay-gradient":""},"mobile":{"background-color":"","background-image":"","background-repeat":"repeat","background-position":"center center","background-size":"auto","background-attachment":"scroll","background-type":"","background-media":"","overlay-type":"","overlay-color":"","overlay-opacity":"","overlay-gradient":""}},"ast-content-background-meta":{"desktop":{"background-color":"var(--ast-global-color-5)","background-image":"","background-repeat":"repeat","background-position":"center center","background-size":"auto","background-attachment":"scroll","background-type":"","background-media":"","overlay-type":"","overlay-color":"","overlay-opacity":"","overlay-gradient":""},"tablet":{"background-color":"var(--ast-global-color-5)","background-image":"","background-repeat":"repeat","background-position":"center center","background-size":"auto","background-attachment":"scroll","background-type":"","background-media":"","overlay-type":"","overlay-color":"","overlay-opacity":"","overlay-gradient":""},"mobile":{"background-color":"var(--ast-global-color-5)","background-image":"","background-repeat":"repeat","background-position":"center center","background-size":"auto","background-attachment":"scroll","background-type":"","background-media":"","overlay-type":"","overlay-color":"","overlay-opacity":"","overlay-gradient":""}}},"pwb-brand":[344],"product_brand":[],"product_cat":[385],"product_tag":[],"class_list":{"0":"post-8413","1":"product","2":"type-product","3":"status-publish","4":"has-post-thumbnail","6":"pwb-brand-fronius","7":"product_cat-cargadores-para-vehiculo-electrico","8":"desktop-align-left","9":"tablet-align-left","10":"mobile-align-left","11":"ast-product-gallery-layout-horizontal-slider","12":"ast-product-gallery-with-no-image","13":"ast-product-tabs-layout-horizontal","15":"first","16":"instock","17":"taxable","18":"shipping-taxable","19":"purchasable","20":"product-type-simple"},"wcpa_form_fields":null,"brands":[{"id":344,"name":"Fronius-Wechselrichter","slug":"fronius"}],"_links":{"self":[{"href":"https:\/\/fvcomponentes.com\/de\/wp-json\/wp\/v2\/product\/8413","targetHints":{"allow":["GET"]}}],"collection":[{"href":"https:\/\/fvcomponentes.com\/de\/wp-json\/wp\/v2\/product"}],"about":[{"href":"https:\/\/fvcomponentes.com\/de\/wp-json\/wp\/v2\/types\/product"}],"replies":[{"embeddable":true,"href":"https:\/\/fvcomponentes.com\/de\/wp-json\/wp\/v2\/comments?post=8413"}],"wp:featuredmedia":[{"embeddable":true,"href":"https:\/\/fvcomponentes.com\/de\/wp-json\/wp\/v2\/media\/8414"}],"wp:attachment":[{"href":"https:\/\/fvcomponentes.com\/de\/wp-json\/wp\/v2\/media?parent=8413"}],"wp:term":[{"taxonomy":"pwb-brand","embeddable":true,"href":"https:\/\/fvcomponentes.com\/de\/wp-json\/wp\/v2\/pwb-brand?post=8413"},{"taxonomy":"product_brand","embeddable":true,"href":"https:\/\/fvcomponentes.com\/de\/wp-json\/wp\/v2\/product_brand?post=8413"},{"taxonomy":"product_cat","embeddable":true,"href":"https:\/\/fvcomponentes.com\/de\/wp-json\/wp\/v2\/product_cat?post=8413"},{"taxonomy":"product_tag","embeddable":true,"href":"https:\/\/fvcomponentes.com\/de\/wp-json\/wp\/v2\/product_tag?post=8413"}],"curies":[{"name":"wp","href":"https:\/\/api.w.org\/{rel}","templated":true}]}}