{"id":8329,"date":"2023-05-25T13:01:06","date_gmt":"2023-05-25T11:01:06","guid":{"rendered":"https:\/\/fvcomponentes.com\/?post_type=product&#038;p=8329"},"modified":"2025-07-24T12:13:27","modified_gmt":"2025-07-24T10:13:27","slug":"solar-photovoltaik-kabel-sein-sol-h1z2z2-k-6mm%c2%b2-schwarz-1m","status":"publish","type":"product","link":"https:\/\/fvcomponentes.com\/de\/producto\/cable-solar-fotovoltaico-his-sol-h1z2z2-k-6mm%c2%b2-negro-1m\/","title":{"rendered":"Solarkabel 6mm\u00b2 Photovoltaik HIS SOL H1Z2Z2-K | schwarz - 1m"},"content":{"rendered":"<h2>Solar-Photovoltaik-Kabel HIS SOL | 6mm\u00b2 schwarz<\/h2>\n<p><span class=\"a-list-item\">Solar-Photovoltaik-Kabel HIS SOL H1Z2Z2-K | 6mm\u00b2 schwarz, flexibel und geeignet f\u00fcr alle Arten von Installationen, sowohl in Innenr\u00e4umen als auch im Freien. Geeignet f\u00fcr Verbindungen zwischen Solarmodulen und zwischen diesen und den verschiedenen Komponenten der Anlage, wie Schutzvorrichtungen, Regler, Wechselrichter usw. Die Kabel sind widerstandsf\u00e4hig gegen ultraviolette Strahlen und die Wirkung von Feuchtigkeit.<\/span><\/p>\n<h3>Eigenschaften<\/h3>\n<ul>\n<li>Verbesserte Wasserbest\u00e4ndigkeit; direkt unter der Erde<\/li>\n<li>Einhaltung der CPR EN50575<\/li>\n<li>Allgemeines Layout<\/li>\n<li>25 Jahre gesch\u00e4tzte Nutzungsdauer<\/li>\n<li>Das Kabel wird mit Markierungen pro Meter Kabel geliefert.<\/li>\n<li>Nennspannung: 1,5 kV DC und 1,0 kV AC<\/li>\n<li>Maximal zul\u00e4ssige Betriebsspannung: 1,8 kV DC (2,0 kV DC zus\u00e4tzliche interne Pr\u00fcfung)<\/li>\n<li>Drahtaufbau: verzinnte Kupferlitze (Elektrolytkupfer) nach IEC 60228 Klasse 5<\/li>\n<li>Isolierung: Poly-Olefin-isolierter elektrischer Leiter; Shore-H\u00e4rte D 32<\/li>\n<li>Au\u00dfenmantel: XLPO-isolierter elektrischer Leiter; Shore-H\u00e4rte D 36<\/li>\n<\/ul>\n<p>Auch in rot erh\u00e4ltlich: <a href=\"https:\/\/fvcomponentes.com\/de\/produkt\/solar-photovoltaik-kabel-sein-sol-h1z2z2-k-6mm%c2%b2-rot-1m\/\" target=\"_blank\" rel=\"noopener\">Solarkabel 6mm\u00b2 Photovoltaik HIS SOL H1Z2Z2-K - rot - 1m<\/a><\/p>\n<h3>Datenblatt Solar-Photovoltaik-Kabel HIS SOL H1Z2Z2-K | 6mm\u00b2 schwarz<\/h3>\n<p><a href=\"https:\/\/fvcomponentes.com\/wp-content\/uploads\/2023\/05\/HIKRA_TDS_SOL_BLACK_RED_ES.pdf\" target=\"_blank\" rel=\"noopener\">Datenblatt Solar-Photovoltaik-Kabel HIS SOL | 6mm\u00b2 schwarz<\/a><\/p>","protected":false},"excerpt":{"rendered":"<p><strong>Nennspannung:<\/strong> 1,5 kV DC und 1,0 kV AC<br \/>\n<strong>Kurzschlusstemperatur<\/strong> 250\u00b0 C\/5s<br \/>\n<strong>Lieferung als Meterware<\/strong><\/p>\n<p><span style=\"color: #ff0000\"><strong>Keine Erstattung m\u00f6glich<\/strong><\/span><\/p>","protected":false},"featured_media":8323,"comment_status":"open","ping_status":"closed","template":"","meta":{"site-sidebar-layout":"default","site-content-layout":"default","ast-site-content-layout":"default","site-content-style":"default","site-sidebar-style":"default","ast-global-header-display":"","ast-banner-title-visibility":"","ast-main-header-display":"","ast-hfb-above-header-display":"","ast-hfb-below-header-display":"","ast-hfb-mobile-header-display":"","site-post-title":"","ast-breadcrumbs-content":"","ast-featured-img":"","footer-sml-layout":"","ast-disable-related-posts":"","theme-transparent-header-meta":"default","adv-header-id-meta":"","stick-header-meta":"","header-above-stick-meta":"","header-main-stick-meta":"","header-below-stick-meta":"","astra-migrate-meta-layouts":"set","ast-page-background-enabled":"default","ast-page-background-meta":{"desktop":{"background-color":"var(--ast-global-color-4)","background-image":"","background-repeat":"repeat","background-position":"center center","background-size":"auto","background-attachment":"scroll","background-type":"","background-media":"","overlay-type":"","overlay-color":"","overlay-opacity":"","overlay-gradient":""},"tablet":{"background-color":"","background-image":"","background-repeat":"repeat","background-position":"center center","background-size":"auto","background-attachment":"scroll","background-type":"","background-media":"","overlay-type":"","overlay-color":"","overlay-opacity":"","overlay-gradient":""},"mobile":{"background-color":"","background-image":"","background-repeat":"repeat","background-position":"center center","background-size":"auto","background-attachment":"scroll","background-type":"","background-media":"","overlay-type":"","overlay-color":"","overlay-opacity":"","overlay-gradient":""}},"ast-content-background-meta":{"desktop":{"background-color":"var(--ast-global-color-5)","background-image":"","background-repeat":"repeat","background-position":"center center","background-size":"auto","background-attachment":"scroll","background-type":"","background-media":"","overlay-type":"","overlay-color":"","overlay-opacity":"","overlay-gradient":""},"tablet":{"background-color":"var(--ast-global-color-5)","background-image":"","background-repeat":"repeat","background-position":"center center","background-size":"auto","background-attachment":"scroll","background-type":"","background-media":"","overlay-type":"","overlay-color":"","overlay-opacity":"","overlay-gradient":""},"mobile":{"background-color":"var(--ast-global-color-5)","background-image":"","background-repeat":"repeat","background-position":"center center","background-size":"auto","background-attachment":"scroll","background-type":"","background-media":"","overlay-type":"","overlay-color":"","overlay-opacity":"","overlay-gradient":""}}},"pwb-brand":[],"product_brand":[],"product_cat":[410,877],"product_tag":[],"class_list":{"0":"post-8329","1":"product","2":"type-product","3":"status-publish","4":"has-post-thumbnail","6":"product_cat-material-electrico","7":"product_cat-cables-electricos","8":"desktop-align-left","9":"tablet-align-left","10":"mobile-align-left","11":"ast-product-gallery-layout-horizontal-slider","12":"ast-product-tabs-layout-horizontal","14":"first","15":"instock","16":"taxable","17":"shipping-taxable","18":"purchasable","19":"product-type-simple"},"wcpa_form_fields":null,"brands":[],"_links":{"self":[{"href":"https:\/\/fvcomponentes.com\/de\/wp-json\/wp\/v2\/product\/8329","targetHints":{"allow":["GET"]}}],"collection":[{"href":"https:\/\/fvcomponentes.com\/de\/wp-json\/wp\/v2\/product"}],"about":[{"href":"https:\/\/fvcomponentes.com\/de\/wp-json\/wp\/v2\/types\/product"}],"replies":[{"embeddable":true,"href":"https:\/\/fvcomponentes.com\/de\/wp-json\/wp\/v2\/comments?post=8329"}],"wp:featuredmedia":[{"embeddable":true,"href":"https:\/\/fvcomponentes.com\/de\/wp-json\/wp\/v2\/media\/8323"}],"wp:attachment":[{"href":"https:\/\/fvcomponentes.com\/de\/wp-json\/wp\/v2\/media?parent=8329"}],"wp:term":[{"taxonomy":"pwb-brand","embeddable":true,"href":"https:\/\/fvcomponentes.com\/de\/wp-json\/wp\/v2\/pwb-brand?post=8329"},{"taxonomy":"product_brand","embeddable":true,"href":"https:\/\/fvcomponentes.com\/de\/wp-json\/wp\/v2\/product_brand?post=8329"},{"taxonomy":"product_cat","embeddable":true,"href":"https:\/\/fvcomponentes.com\/de\/wp-json\/wp\/v2\/product_cat?post=8329"},{"taxonomy":"product_tag","embeddable":true,"href":"https:\/\/fvcomponentes.com\/de\/wp-json\/wp\/v2\/product_tag?post=8329"}],"curies":[{"name":"wp","href":"https:\/\/api.w.org\/{rel}","templated":true}]}}