{"id":7066,"date":"2023-08-28T10:14:06","date_gmt":"2023-08-28T08:14:06","guid":{"rendered":"https:\/\/fvcomponentes.com\/?post_type=product&#038;p=7066"},"modified":"2026-04-08T21:36:21","modified_gmt":"2026-04-08T19:36:21","slug":"batterie-victron-peak-power-pack-128v-40ah-512wh-ppp012040000","status":"publish","type":"product","link":"https:\/\/fvcomponentes.com\/de\/producto\/bateria-victron-peak-power-pack-128v-40ah-512wh-ppp012040000\/","title":{"rendered":"Batterie Victron Peak Power Pack 12,8V\/40Ah 512Wh - PPP01204000000"},"content":{"rendered":"<h2>Victron Peak Power Pack 12,8V\/40Ah 512Wh Batterie - PPP012040000: Leicht und einfach zu installieren<\/h2>\n<p>Der Victron Peak Power Pack Akku 12.8V\/40Ah 512Wh - PPP012040000 ist ideal f\u00fcr mobile Anwendungen.<\/p>\n<h2>Wirksamer Schutz vor Missbrauch<\/h2>\n<p>Ideal f\u00fcr Solarenergie und andere Anwendungen, bei denen eine \u00fcberm\u00e4\u00dfige Entladung schnell zu Sch\u00e4den an Blei-S\u00e4ure-Batterien f\u00fchren kann.<\/p>\n<h2>Ausgang 1 \"Mover\": Leistungsstarker Ausgang f\u00fcr Caravan-Steuerungen und andere energieintensive Anwendungen.<\/h2>\n<p>Ideal zum Man\u00f6vrieren von Wohnwagen (Caravan Mover).<br \/>\nKurzschlusssicher.<br \/>\nGesch\u00fctzt gegen \u00fcberm\u00e4\u00dfige Entladung.<\/p>\n<h2>Ausgang 2 \"domestic\": f\u00fcr DC-Lasten mit geringer Leistung<\/h2>\n<p>Konzipiert f\u00fcr Beleuchtung, Audio und Video, Pumpen, K\u00fchlschr\u00e4nke.<br \/>\nKurzschlusssicher.<br \/>\nGesch\u00fctzt gegen \u00fcberm\u00e4\u00dfige Entladung.<\/p>\n<h2>Eingang 1 \"Auto\/Solar\": Aufladen w\u00e4hrend der Fahrt oder mit einem Solarpanel.<\/h2>\n<p>Ausgestattet mit Spannungs- und Stromregelung zum sicheren Laden der Lithium-Ionen-Batterie. Tats\u00e4chlich kann jede elektrische Stromquelle an diesen Eingang angeschlossen werden (z.B. eine Lichtmaschine oder ein Batterieladeger\u00e4t), solange 11 V &lt; Vin &lt; 25V.<br \/>\nDie Stromgrenze wird automatisch auf einen sicheren Wert eingestellt.<\/p>\n<h2>Eingang 2 \"Adapter\": Der mit dem Peak Power Pack gelieferte Adapter kann an diesen Eingang angeschlossen werden.<\/h2>\n<p>Batterieladestrom: 3A, und geeignet f\u00fcr 110\/230V-Stromversorgung.<\/p>\n<h2>Schnellladung ist \u00fcber Ausgang 1 m\u00f6glich (nur bei Modellen mit hoher Kapazit\u00e4t und 30Ah\/40Ah).<\/h2>\n<p>An den Ausgang mit hoher Kapazit\u00e4t kann ein Batterieladeger\u00e4t oder ein Wechselrichter\/Ladeger\u00e4t angeschlossen werden. Der maximale Ladestrom betr\u00e4gt 15A bzw. 20A und die maximale empfohlene Ladespannung betr\u00e4gt 14V (maximal 14,2V).<\/p>\n<h2>Batterie Victron Peak Power Pack 12,8V\/40Ah 512Wh - PPP012040000: Speichermodus<\/h2>\n<p>Reduziert den Stromverbrauch auf nahezu Null. Verhindert Sch\u00e4den durch \u00fcberm\u00e4\u00dfige Entladung w\u00e4hrend der Batterielagerung.<\/p>\n<h2>Batterie Victron Peak Power Pack 12,8V\/40Ah 512Wh - PPP012040000: Fernsteuerung mit Statusanzeige<\/h2>\n<p>Drucktaste (mitgeliefert) mit zweifarbiger LED-Statusanzeige:<br \/>\nKurzer Tastendruck: aktiviert die hohe Leistung f\u00fcr 30 Minuten (Anwendungen wie Umz\u00fcge), rote LED.<br \/>\n2 Sekunden dr\u00fccken: Hochleistungsausgang dauerhaft aktiviert, rote LED blinkt langsam.<br \/>\n5 Sekunden lang dr\u00fccken: Speichermodus, blaue LED, blinkt 10 Mal.<br \/>\nAkku wird \u00fcber Eingang 1 geladen, blaue LED blinkt langsam.<br \/>\nAkku voll geladen, blaue LED-Anzeige.<br \/>\n\u00dcberlast oder \u00dcberhitzung, rote LED blinkt.<\/p>\n<h2>VE.Direct-Anschluss: f\u00fcr den Anschluss an einen PC oder ein Smartphone<\/h2>\n<p>(Ein VE.Direct-zu-USB-Kabel oder ein VE.Direct-Bluetooth-Smart-Dongle ist erforderlich).<\/p>\n<p>Betrieb:<br \/>\nAusgang1: ein\/30 Minuten Timer\/aus<br \/>\nAusgang 2: ein\/aus<br \/>\nEingang 1: ein\/aus<\/p>\n<p>\u00dcberwachung:<br \/>\nSpannung der Batterie<br \/>\nTemperatur und Alarme<\/p>\n<h2>Datenblatt Batterie Victron Peak Power Pack 12,8V\/40Ah 512Wh - PPP012040000<\/h2>\n<p><a href=\"https:\/\/fvcomponentes.com\/wp-content\/uploads\/2023\/04\/PPP-BATERIA-1.pdf\" target=\"_blank\" rel=\"noopener\">Victron Peak Power Pack 12,8V\/40Ah 512Wh PPP012040000 Akku Datenblatt anzeigen<\/a><\/p>","protected":false},"excerpt":{"rendered":"<p><strong>Nennspannung: <\/strong>12,8V<strong><br \/>\nKapazit\u00e4t:\u00a0<\/strong>20 Ah<br \/>\n<strong>Gespeicherte Energie:\u00a0<\/strong>256 Wh<br \/>\n<strong>Gewicht: <\/strong>8,6 kg<br \/>\n<strong>Abmessungen:<\/strong>212 x 190 x 172 mm<\/p>","protected":false},"featured_media":7068,"comment_status":"open","ping_status":"closed","template":"","meta":{"site-sidebar-layout":"default","site-content-layout":"default","ast-site-content-layout":"default","site-content-style":"default","site-sidebar-style":"default","ast-global-header-display":"","ast-banner-title-visibility":"","ast-main-header-display":"","ast-hfb-above-header-display":"","ast-hfb-below-header-display":"","ast-hfb-mobile-header-display":"","site-post-title":"","ast-breadcrumbs-content":"","ast-featured-img":"","footer-sml-layout":"","ast-disable-related-posts":"","theme-transparent-header-meta":"default","adv-header-id-meta":"","stick-header-meta":"","header-above-stick-meta":"","header-main-stick-meta":"","header-below-stick-meta":"","astra-migrate-meta-layouts":"set","ast-page-background-enabled":"default","ast-page-background-meta":{"desktop":{"background-color":"var(--ast-global-color-4)","background-image":"","background-repeat":"repeat","background-position":"center center","background-size":"auto","background-attachment":"scroll","background-type":"","background-media":"","overlay-type":"","overlay-color":"","overlay-opacity":"","overlay-gradient":""},"tablet":{"background-color":"","background-image":"","background-repeat":"repeat","background-position":"center center","background-size":"auto","background-attachment":"scroll","background-type":"","background-media":"","overlay-type":"","overlay-color":"","overlay-opacity":"","overlay-gradient":""},"mobile":{"background-color":"","background-image":"","background-repeat":"repeat","background-position":"center center","background-size":"auto","background-attachment":"scroll","background-type":"","background-media":"","overlay-type":"","overlay-color":"","overlay-opacity":"","overlay-gradient":""}},"ast-content-background-meta":{"desktop":{"background-color":"var(--ast-global-color-5)","background-image":"","background-repeat":"repeat","background-position":"center center","background-size":"auto","background-attachment":"scroll","background-type":"","background-media":"","overlay-type":"","overlay-color":"","overlay-opacity":"","overlay-gradient":""},"tablet":{"background-color":"var(--ast-global-color-5)","background-image":"","background-repeat":"repeat","background-position":"center center","background-size":"auto","background-attachment":"scroll","background-type":"","background-media":"","overlay-type":"","overlay-color":"","overlay-opacity":"","overlay-gradient":""},"mobile":{"background-color":"var(--ast-global-color-5)","background-image":"","background-repeat":"repeat","background-position":"center center","background-size":"auto","background-attachment":"scroll","background-type":"","background-media":"","overlay-type":"","overlay-color":"","overlay-opacity":"","overlay-gradient":""}}},"pwb-brand":[332],"product_brand":[],"product_cat":[340,431],"product_tag":[],"class_list":{"0":"post-7066","1":"product","2":"type-product","3":"status-publish","4":"has-post-thumbnail","6":"pwb-brand-victron","7":"product_cat-baterias","8":"product_cat-baterias-litio-12v","9":"product_shipping_class-baterias","10":"desktop-align-left","11":"tablet-align-left","12":"mobile-align-left","13":"ast-product-gallery-layout-horizontal-slider","14":"ast-product-tabs-layout-horizontal","16":"first","17":"instock","18":"taxable","19":"shipping-taxable","20":"purchasable","21":"product-type-simple"},"wcpa_form_fields":null,"brands":[{"id":332,"name":"Victron Energie","slug":"victron"}],"_links":{"self":[{"href":"https:\/\/fvcomponentes.com\/de\/wp-json\/wp\/v2\/product\/7066","targetHints":{"allow":["GET"]}}],"collection":[{"href":"https:\/\/fvcomponentes.com\/de\/wp-json\/wp\/v2\/product"}],"about":[{"href":"https:\/\/fvcomponentes.com\/de\/wp-json\/wp\/v2\/types\/product"}],"replies":[{"embeddable":true,"href":"https:\/\/fvcomponentes.com\/de\/wp-json\/wp\/v2\/comments?post=7066"}],"wp:featuredmedia":[{"embeddable":true,"href":"https:\/\/fvcomponentes.com\/de\/wp-json\/wp\/v2\/media\/7068"}],"wp:attachment":[{"href":"https:\/\/fvcomponentes.com\/de\/wp-json\/wp\/v2\/media?parent=7066"}],"wp:term":[{"taxonomy":"pwb-brand","embeddable":true,"href":"https:\/\/fvcomponentes.com\/de\/wp-json\/wp\/v2\/pwb-brand?post=7066"},{"taxonomy":"product_brand","embeddable":true,"href":"https:\/\/fvcomponentes.com\/de\/wp-json\/wp\/v2\/product_brand?post=7066"},{"taxonomy":"product_cat","embeddable":true,"href":"https:\/\/fvcomponentes.com\/de\/wp-json\/wp\/v2\/product_cat?post=7066"},{"taxonomy":"product_tag","embeddable":true,"href":"https:\/\/fvcomponentes.com\/de\/wp-json\/wp\/v2\/product_tag?post=7066"}],"curies":[{"name":"wp","href":"https:\/\/api.w.org\/{rel}","templated":true}]}}