{"id":7054,"date":"2024-01-19T19:31:14","date_gmt":"2024-01-19T18:31:14","guid":{"rendered":"https:\/\/fvcomponentes.com\/?post_type=product&#038;p=7054"},"modified":"2026-04-08T21:27:05","modified_gmt":"2026-04-08T19:27:05","slug":"victron-kabel-fur-smart-bms-cl-12-100-a-multiplus-ass070200100","status":"publish","type":"product","link":"https:\/\/fvcomponentes.com\/de\/producto\/cable-victron-para-smart-bms-cl-12-100-a-multiplus-ass070200100\/","title":{"rendered":"Victron Kabel f\u00fcr Smart BMS CL 12\/100 zu MultiPlus - ASS070200100"},"content":{"rendered":"<p>Wenn Sie nach einer effizienten L\u00f6sung suchen, um die Sicherheit und optimale Leistung Ihrer Lithium-Eisen-Phosphat-Batterien (LiFePO4) in Ihrem Stromsystem zu gew\u00e4hrleisten, ist das LiFePO4-Kabel die perfekte L\u00f6sung. <a href=\"https:\/\/www.victronenergy.com.es\/\" target=\"_blank\" rel=\"noopener\">Victron<\/a> f\u00fcr Smart BMS CL 12\/100 a <a href=\"https:\/\/fvcomponentes.com\/de\/produkt\/wechselrichter-victron-multiplus-24v-2000va-50-32a-pmp242200000\/\" target=\"_blank\" rel=\"noopener\">MultiPlus<\/a> ist der Schl\u00fcssel.<\/p>\n<p>Dieses Victron Smart BMS CL 12\/100 zu MultiPlus Kabel bietet eine intelligente M\u00f6glichkeit, Ihre wertvollen Batterien zu sch\u00fctzen und sogar einen ununterbrochenen Betrieb Ihres MultiPlus zu gew\u00e4hrleisten. Sein Hauptmerkmal ist die F\u00e4higkeit, das MultiPlus automatisch abzuschalten, wenn das Victron BMS (Smart Battery Management System) Alarmzust\u00e4nde erkennt. Diese Alarmbedingungen k\u00f6nnen durch eine ungew\u00f6hnlich niedrige oder hohe Spannung der LiFePO4-Batteriebank oder sogar durch unerwartete \u00c4nderungen der Batterietemperatur verursacht werden.<\/p>\n<p>Der Vorteil dieser Funktion ist, dass sie Ihre Batterien vor Sch\u00e4den sch\u00fctzt, wie z. B. \u00dcberladung oder \u00fcberm\u00e4\u00dfige Entladung, die ihre Lebensdauer verk\u00fcrzen k\u00f6nnten. Wenn das BMS eine dieser Alarmbedingungen feststellt, sendet es ein Signal \u00fcber das Kabel, um das MultiPlus abzuschalten. Diese schnelle, automatische Reaktion gew\u00e4hrleistet die Sicherheit und Unversehrtheit Ihrer Batterien.<\/p>\n<p>Sobald der Alarmzustand verschwindet, stellt das BMS auch automatisch den Betrieb des MultiPlus wieder her. Das bedeutet, dass Ihr Stromsystem wieder voll funktionsf\u00e4hig ist, sobald der Alarmzustand behoben ist, ohne dass ein manuelles Eingreifen erforderlich ist.<\/p>","protected":false},"excerpt":{"rendered":"<p>Dieses Kabel wird zwischen einem BMS ohne VE.Bus (Smart BMS CL 12-100 oder smallBMS) und einem MultiPlus (MultiPlus, MultiPlus Compact oder MultiPlus-II) angeschlossen.<\/p>","protected":false},"featured_media":7055,"comment_status":"open","ping_status":"closed","template":"","meta":{"site-sidebar-layout":"default","site-content-layout":"default","ast-site-content-layout":"default","site-content-style":"default","site-sidebar-style":"default","ast-global-header-display":"","ast-banner-title-visibility":"","ast-main-header-display":"","ast-hfb-above-header-display":"","ast-hfb-below-header-display":"","ast-hfb-mobile-header-display":"","site-post-title":"","ast-breadcrumbs-content":"","ast-featured-img":"","footer-sml-layout":"","ast-disable-related-posts":"","theme-transparent-header-meta":"default","adv-header-id-meta":"","stick-header-meta":"","header-above-stick-meta":"","header-main-stick-meta":"","header-below-stick-meta":"","astra-migrate-meta-layouts":"set","ast-page-background-enabled":"default","ast-page-background-meta":{"desktop":{"background-color":"var(--ast-global-color-4)","background-image":"","background-repeat":"repeat","background-position":"center center","background-size":"auto","background-attachment":"scroll","background-type":"","background-media":"","overlay-type":"","overlay-color":"","overlay-opacity":"","overlay-gradient":""},"tablet":{"background-color":"","background-image":"","background-repeat":"repeat","background-position":"center center","background-size":"auto","background-attachment":"scroll","background-type":"","background-media":"","overlay-type":"","overlay-color":"","overlay-opacity":"","overlay-gradient":""},"mobile":{"background-color":"","background-image":"","background-repeat":"repeat","background-position":"center center","background-size":"auto","background-attachment":"scroll","background-type":"","background-media":"","overlay-type":"","overlay-color":"","overlay-opacity":"","overlay-gradient":""}},"ast-content-background-meta":{"desktop":{"background-color":"var(--ast-global-color-5)","background-image":"","background-repeat":"repeat","background-position":"center center","background-size":"auto","background-attachment":"scroll","background-type":"","background-media":"","overlay-type":"","overlay-color":"","overlay-opacity":"","overlay-gradient":""},"tablet":{"background-color":"var(--ast-global-color-5)","background-image":"","background-repeat":"repeat","background-position":"center center","background-size":"auto","background-attachment":"scroll","background-type":"","background-media":"","overlay-type":"","overlay-color":"","overlay-opacity":"","overlay-gradient":""},"mobile":{"background-color":"var(--ast-global-color-5)","background-image":"","background-repeat":"repeat","background-position":"center center","background-size":"auto","background-attachment":"scroll","background-type":"","background-media":"","overlay-type":"","overlay-color":"","overlay-opacity":"","overlay-gradient":""}}},"pwb-brand":[332],"product_brand":[],"product_cat":[410,878],"product_tag":[],"class_list":{"0":"post-7054","1":"product","2":"type-product","3":"status-publish","4":"has-post-thumbnail","6":"pwb-brand-victron","7":"product_cat-material-electrico","8":"product_cat-cables-victron","9":"desktop-align-left","10":"tablet-align-left","11":"mobile-align-left","12":"ast-product-gallery-layout-horizontal-slider","13":"ast-product-gallery-with-no-image","14":"ast-product-tabs-layout-horizontal","16":"first","17":"instock","18":"taxable","19":"shipping-taxable","20":"purchasable","21":"product-type-simple"},"wcpa_form_fields":null,"brands":[{"id":332,"name":"Victron Energie","slug":"victron"}],"_links":{"self":[{"href":"https:\/\/fvcomponentes.com\/de\/wp-json\/wp\/v2\/product\/7054","targetHints":{"allow":["GET"]}}],"collection":[{"href":"https:\/\/fvcomponentes.com\/de\/wp-json\/wp\/v2\/product"}],"about":[{"href":"https:\/\/fvcomponentes.com\/de\/wp-json\/wp\/v2\/types\/product"}],"replies":[{"embeddable":true,"href":"https:\/\/fvcomponentes.com\/de\/wp-json\/wp\/v2\/comments?post=7054"}],"wp:featuredmedia":[{"embeddable":true,"href":"https:\/\/fvcomponentes.com\/de\/wp-json\/wp\/v2\/media\/7055"}],"wp:attachment":[{"href":"https:\/\/fvcomponentes.com\/de\/wp-json\/wp\/v2\/media?parent=7054"}],"wp:term":[{"taxonomy":"pwb-brand","embeddable":true,"href":"https:\/\/fvcomponentes.com\/de\/wp-json\/wp\/v2\/pwb-brand?post=7054"},{"taxonomy":"product_brand","embeddable":true,"href":"https:\/\/fvcomponentes.com\/de\/wp-json\/wp\/v2\/product_brand?post=7054"},{"taxonomy":"product_cat","embeddable":true,"href":"https:\/\/fvcomponentes.com\/de\/wp-json\/wp\/v2\/product_cat?post=7054"},{"taxonomy":"product_tag","embeddable":true,"href":"https:\/\/fvcomponentes.com\/de\/wp-json\/wp\/v2\/product_tag?post=7054"}],"curies":[{"name":"wp","href":"https:\/\/api.w.org\/{rel}","templated":true}]}}