{"id":7037,"date":"2023-09-21T10:03:57","date_gmt":"2023-09-21T08:03:57","guid":{"rendered":"https:\/\/fvcomponentes.com\/?post_type=product&#038;p=7037"},"modified":"2026-04-08T21:32:14","modified_gmt":"2026-04-08T19:32:14","slug":"victron-smart-bms-cl-12-100-bms110022000","status":"publish","type":"product","link":"https:\/\/fvcomponentes.com\/de\/producto\/victron-smart-bms-cl-12-100-bms110022000\/","title":{"rendered":"Victron Smart BMS CL 12\/100 - BMS110022000"},"content":{"rendered":"<p>Das Victron Smart BMS CL 12\/100 - BMS110022000 ist ein Batteriemanagementsystem (BMS) f\u00fcr Batterien. <a href=\"https:\/\/fvcomponentes.com\/de\/produktkategorie\/batterien\/12-v-lithium-batterien\/\" target=\"_blank\" rel=\"noopener\">12,8 V Victron Lithium-Batterie Smart<\/a> mit einer Nennspannung von 12,8 V in verschiedenen Kapazit\u00e4ten erh\u00e4ltlich. Dies ist wohl der sicherste aller g\u00e4ngigen Lithium-Batterietypen.<\/p>\n<p>Die maximale Anzahl von Batterien, die das Victron Smart BMS CL 12\/100 - BMS110022000 in einem System zul\u00e4sst, betr\u00e4gt 20, was einer maximalen Energiespeicherung von 84 kWh in einem 12-V-System entspricht. Es wurde speziell f\u00fcr 12-V-Systeme mit einer 12-V-Lichtmaschine entwickelt, z. B. f\u00fcr Fahrzeuge und Boote.<\/p>\n<p>Schlie\u00dflich sorgt ein spezieller Lichtmaschineneingang f\u00fcr Strombegrenzung und Einbahnverkehr von der Lichtmaschine zur Batterie, so dass eine 12-V-Lichtmaschine jeder Gr\u00f6\u00dfe (und eine Starterbatterie) sicher an die Lithiumbatterie angeschlossen werden kann. Dar\u00fcber hinaus ist auch ein Laststrombegrenzer integriert, der die Lichtmaschine vor \u00dcberlastung sch\u00fctzt.<\/p>\n<p>Es \u00fcberwacht und sch\u00fctzt jede einzelne Batteriezelle innerhalb der Batterie (oder der Batteriebank) und schaltet die Lichtmaschine, die Ladequellen oder die Gleichstromverbraucher ab, wenn die Spannung der Batteriezellen zu niedrig oder zu hoch ist oder eine \u00dcbertemperatur auftritt.<\/p>\n<h2>Eigenschaften des Victron Smart BMS CL 12\/100 - BMS110022000<\/h2>\n<p>- Lichtmaschine mit Anschluss Alternator\/Starter Batt+ und Batterieschutz: Der Einschaltstrom des Anschlusses Alternator\/Starter Batt+ wird elektronisch auf etwa 90 % der Sicherungsleistung begrenzt. Eine 100-A-Sicherung beispielsweise begrenzt den Eingangsstrom auf etwa 90 A und sch\u00fctzt so die Lithiumbatterie vor zu hohem Ladestrom und die Lichtmaschine vor \u00dcberladung (die meisten 12-V-Lichtmaschinen \u00fcberhitzen und fallen aus, wenn sie l\u00e4nger als 5 Minuten mit voller Leistung betrieben werden).<br \/>\n- Fern-Ein\/Aus-Terminal: Kann verwendet werden, um den Ladevorgang \u00fcber den Generatoranschluss zu unterbrechen, w\u00e4hrend die BMS-Funktion aktiv bleibt, oder als Ein\/Aus-Schalter, um das System vollst\u00e4ndig abzuschalten.<br \/>\n- Ausgang zur Abschaltung von Lasten und Ladeger\u00e4ten1): Das Smart BMS CL 12-100 \u00fcberwacht und sch\u00fctzt jede Batteriezelle innerhalb der Batterie und schaltet die Lichtmaschine, Ladequellen oder Gleichstromlasten bei niedriger oder hoher Batteriespannung oder \u00dcbertemperatur ab.<br \/>\n- Voralarmausgang: Kann zur Ansteuerung eines Relais, einer LED oder eines akustischen Signals verwendet werden, um ein Warnsignal zu geben, bevor das BMS die Batterien vom System trennt.<br \/>\n- Bluetooth f\u00fcr die \u00dcberwachung und Konfiguration \u00fcber unsere VictronConnect App.<br \/>\n<img fetchpriority=\"high\" decoding=\"async\" class=\"alignnone size-full wp-image-7041\" src=\"https:\/\/fvcomponentes.com\/wp-content\/uploads\/2023\/04\/smart-bms-cl.png\" alt=\"Intelligentes BMS Victron CL 12\/100 BMS110022000\" width=\"1000\" height=\"594\" title=\"\"><\/p>\n<p>&nbsp;<\/p>\n<h2>Datenblatt Victron Smart BMS CL 12\/100 - BMS110022000<\/h2>\n<p><a href=\"https:\/\/fvcomponentes.com\/wp-content\/uploads\/2023\/04\/SMART-BMS-CL.pdf\" target=\"_blank\" rel=\"noopener\">Victron Smart BMS CL 12\/100 - BMS110022000 Datenblatt anzeigen<\/a><\/p>","protected":false},"excerpt":{"rendered":"<p><strong>Anschluss der Lichtmaschine - maximaler Ladestrom:<\/strong> 100 A (mit 125-A-Sicherung)<br \/>\n<strong>Eingangsspannung zum Starten des Ladevorgangs:<\/strong> &gt; 13 V<br \/>\n<strong>Gewicht:\u00a0<\/strong>1,6 kg<br \/>\n<strong>Abmessungen:<\/strong> 65 x 120 x 224 mm<\/p>","protected":false},"featured_media":7045,"comment_status":"open","ping_status":"closed","template":"","meta":{"site-sidebar-layout":"default","site-content-layout":"default","ast-site-content-layout":"default","site-content-style":"default","site-sidebar-style":"default","ast-global-header-display":"","ast-banner-title-visibility":"","ast-main-header-display":"","ast-hfb-above-header-display":"","ast-hfb-below-header-display":"","ast-hfb-mobile-header-display":"","site-post-title":"","ast-breadcrumbs-content":"","ast-featured-img":"","footer-sml-layout":"","ast-disable-related-posts":"","theme-transparent-header-meta":"default","adv-header-id-meta":"","stick-header-meta":"","header-above-stick-meta":"","header-main-stick-meta":"","header-below-stick-meta":"","astra-migrate-meta-layouts":"set","ast-page-background-enabled":"default","ast-page-background-meta":{"desktop":{"background-color":"var(--ast-global-color-4)","background-image":"","background-repeat":"repeat","background-position":"center center","background-size":"auto","background-attachment":"scroll","background-type":"","background-media":"","overlay-type":"","overlay-color":"","overlay-opacity":"","overlay-gradient":""},"tablet":{"background-color":"","background-image":"","background-repeat":"repeat","background-position":"center center","background-size":"auto","background-attachment":"scroll","background-type":"","background-media":"","overlay-type":"","overlay-color":"","overlay-opacity":"","overlay-gradient":""},"mobile":{"background-color":"","background-image":"","background-repeat":"repeat","background-position":"center center","background-size":"auto","background-attachment":"scroll","background-type":"","background-media":"","overlay-type":"","overlay-color":"","overlay-opacity":"","overlay-gradient":""}},"ast-content-background-meta":{"desktop":{"background-color":"var(--ast-global-color-5)","background-image":"","background-repeat":"repeat","background-position":"center center","background-size":"auto","background-attachment":"scroll","background-type":"","background-media":"","overlay-type":"","overlay-color":"","overlay-opacity":"","overlay-gradient":""},"tablet":{"background-color":"var(--ast-global-color-5)","background-image":"","background-repeat":"repeat","background-position":"center center","background-size":"auto","background-attachment":"scroll","background-type":"","background-media":"","overlay-type":"","overlay-color":"","overlay-opacity":"","overlay-gradient":""},"mobile":{"background-color":"var(--ast-global-color-5)","background-image":"","background-repeat":"repeat","background-position":"center center","background-size":"auto","background-attachment":"scroll","background-type":"","background-media":"","overlay-type":"","overlay-color":"","overlay-opacity":"","overlay-gradient":""}}},"pwb-brand":[332],"product_brand":[],"product_cat":[340,435],"product_tag":[],"class_list":{"0":"post-7037","1":"product","2":"type-product","3":"status-publish","4":"has-post-thumbnail","6":"pwb-brand-victron","7":"product_cat-baterias","8":"product_cat-bms-sistemas-de-supervision-de-baterias","9":"desktop-align-left","10":"tablet-align-left","11":"mobile-align-left","12":"ast-product-gallery-layout-horizontal-slider","13":"ast-product-tabs-layout-horizontal","15":"first","16":"instock","17":"taxable","18":"shipping-taxable","19":"purchasable","20":"product-type-simple"},"wcpa_form_fields":null,"brands":[{"id":332,"name":"Victron Energie","slug":"victron"}],"_links":{"self":[{"href":"https:\/\/fvcomponentes.com\/de\/wp-json\/wp\/v2\/product\/7037","targetHints":{"allow":["GET"]}}],"collection":[{"href":"https:\/\/fvcomponentes.com\/de\/wp-json\/wp\/v2\/product"}],"about":[{"href":"https:\/\/fvcomponentes.com\/de\/wp-json\/wp\/v2\/types\/product"}],"replies":[{"embeddable":true,"href":"https:\/\/fvcomponentes.com\/de\/wp-json\/wp\/v2\/comments?post=7037"}],"wp:featuredmedia":[{"embeddable":true,"href":"https:\/\/fvcomponentes.com\/de\/wp-json\/wp\/v2\/media\/7045"}],"wp:attachment":[{"href":"https:\/\/fvcomponentes.com\/de\/wp-json\/wp\/v2\/media?parent=7037"}],"wp:term":[{"taxonomy":"pwb-brand","embeddable":true,"href":"https:\/\/fvcomponentes.com\/de\/wp-json\/wp\/v2\/pwb-brand?post=7037"},{"taxonomy":"product_brand","embeddable":true,"href":"https:\/\/fvcomponentes.com\/de\/wp-json\/wp\/v2\/product_brand?post=7037"},{"taxonomy":"product_cat","embeddable":true,"href":"https:\/\/fvcomponentes.com\/de\/wp-json\/wp\/v2\/product_cat?post=7037"},{"taxonomy":"product_tag","embeddable":true,"href":"https:\/\/fvcomponentes.com\/de\/wp-json\/wp\/v2\/product_tag?post=7037"}],"curies":[{"name":"wp","href":"https:\/\/api.w.org\/{rel}","templated":true}]}}