{"id":7026,"date":"2023-07-18T17:54:41","date_gmt":"2023-07-18T15:54:41","guid":{"rendered":"https:\/\/fvcomponentes.com\/?post_type=product&#038;p=7026"},"modified":"2026-04-04T12:48:52","modified_gmt":"2026-04-04T10:48:52","slug":"smart-bms-victron-12-200-bms210055000","status":"publish","type":"product","link":"https:\/\/fvcomponentes.com\/de\/producto\/smart-bms-victron-12-200-bms210055000\/","title":{"rendered":"Intelligentes BMS Victron 12\/200 - BMS210055000"},"content":{"rendered":"<p>Victron Smart BMS 12\/200 - BMS210055000 ist ein Batteriemanagementsystem (BMS) f\u00fcr Victron Smart 12,8V Lithiumbatterien, erh\u00e4ltlich in verschiedenen Kapazit\u00e4ten. Victron Smart Batterien sind die sichersten Lithiumbatterien innerhalb der g\u00e4ngigsten Modelle. Die maximale Anzahl von Batterien in einem System betr\u00e4gt 20, was eine maximale Speicherkapazit\u00e4t von 84 kWh in einem 12V-System bedeutet. Die Victron Smart BMS 12\/200 - BMS210055000 ist speziell f\u00fcr 12-Volt-Systeme mit 12-Volt-Generator, wie z. B. Wohnwagen oder Boote, konzipiert.<\/p>\n<p>Das Smart BMS Victron 12\/200 - BMS210055000 kombiniert einen Strombegrenzer, einen Batteriekombinierer und einen Batterieschutz in einer robusten und kompakten L\u00f6sung, die es Ihnen erm\u00f6glicht, eine 12V-Lichtmaschine (und eine Starterbatterie) jeder Gr\u00f6\u00dfe sicher \u00fcber einen eigenen Anschluss anzuschlie\u00dfen. Es sch\u00fctzt die Lichtmaschine (und die Verkabelung), bietet eine Strombegrenzung f\u00fcr die Lichtmaschine und einen Einbahnverkehr von der Lichtmaschine zur Batterie, so dass die Lichtmaschine sicher an die Lithiumbatterie angeschlossen werden kann und die Starterbatterie vor \u00fcberm\u00e4\u00dfiger Entladung gesch\u00fctzt ist. Der Smart BMS 12-200 verwendet MOSFET-Schalter, z\u00fcndsicher.<\/p>\n<h2>Eigenschaften des Smart BMS Victron 12\/200 - BMS210055000<\/h2>\n<ul>\n<li><strong>Lichtmaschine mit Anschluss Alternator\/Starter Batt+ und Batterieschutz:<\/strong> Der Eingangsstrom des Anschlusses Alternator\/Starter Batt+ wird elektronisch auf etwa 90 % der Sicherungsleistung begrenzt. Eine 100-A-Sicherung beispielsweise begrenzt den Eingangsstrom auf ca. 90 A und sch\u00fctzt die Lithiumbatterie vor \u00fcberm\u00e4\u00dfigem Ladestrom und die Lichtmaschine vor \u00dcberladung (die meisten 1-V-Lichtmaschinen \u00fcberhitzen und fallen aus, wenn sie l\u00e4nger als 5 Minuten mit voller Leistung betrieben werden).<\/li>\n<li><strong>System+ Stromanschluss f\u00fcr den Anschluss zus\u00e4tzlicher Verbraucher und Ladeger\u00e4te:<\/strong> Er kann zum Laden oder Entladen der Lithiumbatterie verwendet werden (z. B. \u00fcber ein zus\u00e4tzliches Ladeger\u00e4t, einen Wechselrichter oder einen direkt an diesen Anschluss angeschlossenen Wechselrichter\/Ladeger\u00e4t) mit einem maximalen Dauerstrom von 200 A in beide Richtungen. Er kann auch als Ladeausgang verwendet werden, so dass DC-Lasten direkt an diesen Anschluss angeschlossen werden k\u00f6nnen.<\/li>\n<li><strong>Ferngesteuertes Ein\/Aus-Terminal:<\/strong> Er kann verwendet werden, um den Ladevorgang \u00fcber den Alternator-Anschluss zu unterbrechen und \u00fcber den System+-Anschluss zu laden und zu entladen, w\u00e4hrend die BMS-Funktion aktiv bleibt, oder als Ein\/Aus-Schalter, um das System vollst\u00e4ndig abzuschalten.<\/li>\n<li><strong>Ausgang zur Abschaltung von Last und Ladeger\u00e4t:<\/strong> Das Victron Smart BMS 12\/200 - BMS210055000 \u00fcberwacht und sch\u00fctzt jede einzelne Batteriezelle und schaltet bei niedriger oder hoher Batteriespannung oder \u00dcbertemperatur die Lichtmaschine, Ladequellen oder Gleichstromlasten ab.<\/li>\n<li><strong>Voralarm-Ausgang:<\/strong> Es kann dazu verwendet werden, ein Relais, eine LED oder ein akustisches Signal auszul\u00f6sen, um ein Warnsignal zu geben, bevor das BMS die Batterien vom System trennt.<\/li>\n<li><strong>Bluetooth<\/strong> zur \u00dcberwachung und Konfiguration \u00fcber unsere VictronConnect-Anwendung.<\/li>\n<\/ul>\n<p><img fetchpriority=\"high\" decoding=\"async\" class=\"alignnone size-full wp-image-7028\" src=\"https:\/\/fvcomponentes.com\/wp-content\/uploads\/2023\/04\/smart-bms.png\" alt=\"Intelligentes BMS Victron 12\/200 - BMS210055000\" width=\"898\" height=\"621\" title=\"\"><\/p>\n<h2>Datenblatt Smart BMS Victron 12\/200 - BMS210055000<\/h2>\n<p><a href=\"https:\/\/fvcomponentes.com\/wp-content\/uploads\/2023\/04\/SMART-BMS.pdf\" target=\"_blank\" rel=\"noopener\">Datenblatt Smart BMS Victron 12\/200 - BMS210055000 anzeigen<\/a><\/p>","protected":false},"excerpt":{"rendered":"<p><strong>Anschluss der Lichtmaschine - maximaler Ladestrom:<\/strong> 100 A (mit 125-A-Sicherung)<br \/>\n<strong>System+ Anschluss - maximaler Lade- und Entladestrom:<\/strong> 200 A<br \/>\n<strong>Entladespitzenstrom:<\/strong> 400 A<\/p>","protected":false},"featured_media":7032,"comment_status":"open","ping_status":"closed","template":"","meta":{"site-sidebar-layout":"default","site-content-layout":"default","ast-site-content-layout":"default","site-content-style":"default","site-sidebar-style":"default","ast-global-header-display":"","ast-banner-title-visibility":"","ast-main-header-display":"","ast-hfb-above-header-display":"","ast-hfb-below-header-display":"","ast-hfb-mobile-header-display":"","site-post-title":"","ast-breadcrumbs-content":"","ast-featured-img":"","footer-sml-layout":"","ast-disable-related-posts":"","theme-transparent-header-meta":"default","adv-header-id-meta":"","stick-header-meta":"","header-above-stick-meta":"","header-main-stick-meta":"","header-below-stick-meta":"","astra-migrate-meta-layouts":"set","ast-page-background-enabled":"default","ast-page-background-meta":{"desktop":{"background-color":"var(--ast-global-color-4)","background-image":"","background-repeat":"repeat","background-position":"center center","background-size":"auto","background-attachment":"scroll","background-type":"","background-media":"","overlay-type":"","overlay-color":"","overlay-opacity":"","overlay-gradient":""},"tablet":{"background-color":"","background-image":"","background-repeat":"repeat","background-position":"center center","background-size":"auto","background-attachment":"scroll","background-type":"","background-media":"","overlay-type":"","overlay-color":"","overlay-opacity":"","overlay-gradient":""},"mobile":{"background-color":"","background-image":"","background-repeat":"repeat","background-position":"center center","background-size":"auto","background-attachment":"scroll","background-type":"","background-media":"","overlay-type":"","overlay-color":"","overlay-opacity":"","overlay-gradient":""}},"ast-content-background-meta":{"desktop":{"background-color":"var(--ast-global-color-5)","background-image":"","background-repeat":"repeat","background-position":"center center","background-size":"auto","background-attachment":"scroll","background-type":"","background-media":"","overlay-type":"","overlay-color":"","overlay-opacity":"","overlay-gradient":""},"tablet":{"background-color":"var(--ast-global-color-5)","background-image":"","background-repeat":"repeat","background-position":"center center","background-size":"auto","background-attachment":"scroll","background-type":"","background-media":"","overlay-type":"","overlay-color":"","overlay-opacity":"","overlay-gradient":""},"mobile":{"background-color":"var(--ast-global-color-5)","background-image":"","background-repeat":"repeat","background-position":"center center","background-size":"auto","background-attachment":"scroll","background-type":"","background-media":"","overlay-type":"","overlay-color":"","overlay-opacity":"","overlay-gradient":""}}},"pwb-brand":[332],"product_brand":[],"product_cat":[340,435],"product_tag":[],"class_list":{"0":"post-7026","1":"product","2":"type-product","3":"status-publish","4":"has-post-thumbnail","6":"pwb-brand-victron","7":"product_cat-baterias","8":"product_cat-bms-sistemas-de-supervision-de-baterias","9":"desktop-align-left","10":"tablet-align-left","11":"mobile-align-left","12":"ast-product-gallery-layout-horizontal-slider","13":"ast-product-tabs-layout-horizontal","15":"first","16":"instock","17":"taxable","18":"shipping-taxable","19":"purchasable","20":"product-type-simple"},"wcpa_form_fields":null,"brands":[{"id":332,"name":"Victron Energie","slug":"victron"}],"_links":{"self":[{"href":"https:\/\/fvcomponentes.com\/de\/wp-json\/wp\/v2\/product\/7026","targetHints":{"allow":["GET"]}}],"collection":[{"href":"https:\/\/fvcomponentes.com\/de\/wp-json\/wp\/v2\/product"}],"about":[{"href":"https:\/\/fvcomponentes.com\/de\/wp-json\/wp\/v2\/types\/product"}],"replies":[{"embeddable":true,"href":"https:\/\/fvcomponentes.com\/de\/wp-json\/wp\/v2\/comments?post=7026"}],"wp:featuredmedia":[{"embeddable":true,"href":"https:\/\/fvcomponentes.com\/de\/wp-json\/wp\/v2\/media\/7032"}],"wp:attachment":[{"href":"https:\/\/fvcomponentes.com\/de\/wp-json\/wp\/v2\/media?parent=7026"}],"wp:term":[{"taxonomy":"pwb-brand","embeddable":true,"href":"https:\/\/fvcomponentes.com\/de\/wp-json\/wp\/v2\/pwb-brand?post=7026"},{"taxonomy":"product_brand","embeddable":true,"href":"https:\/\/fvcomponentes.com\/de\/wp-json\/wp\/v2\/product_brand?post=7026"},{"taxonomy":"product_cat","embeddable":true,"href":"https:\/\/fvcomponentes.com\/de\/wp-json\/wp\/v2\/product_cat?post=7026"},{"taxonomy":"product_tag","embeddable":true,"href":"https:\/\/fvcomponentes.com\/de\/wp-json\/wp\/v2\/product_tag?post=7026"}],"curies":[{"name":"wp","href":"https:\/\/api.w.org\/{rel}","templated":true}]}}