{"id":7020,"date":"2023-09-06T13:51:14","date_gmt":"2023-09-06T11:51:14","guid":{"rendered":"https:\/\/fvcomponentes.com\/?post_type=product&#038;p=7020"},"modified":"2026-01-15T10:07:39","modified_gmt":"2026-01-15T09:07:39","slug":"victron-cyrix-li-charge-24-48v-230a-cyr020230430-batteriekombinator-cyr020230430","status":"publish","type":"product","link":"https:\/\/fvcomponentes.com\/de\/producto\/combinador-de-baterias-victron-cyrix-li-charge-24-48v-230a-cyr020230430\/","title":{"rendered":"Victron Cyrix-Li-Charge 24\/48V-230A Batterie-Kombinator - CYR020230430"},"content":{"rendered":"<p><span style=\"font-size: 1.7em;font-weight: bold\">Victron Cyrix-Li-Charge 24\/48V-230A Batteriekombinierer - CYR020230430: verhindert Unterspannung, \u00dcberspannung und \u00dcbertemperatur der Zellen.<\/span><\/p>\n<div>\n<p>Im Bereich der LiFePO4-Batterien ist das Balancing der Zellen eine grundlegende Sicherheitsma\u00dfnahme, die f\u00fcr die Erhaltung der Batterieleistung unerl\u00e4sslich ist. Bei den LiFePO4-Batterien von Victron ist das Zellbalancing vollst\u00e4ndig integriert, wodurch die Grundlage f\u00fcr einen sicheren und langen Betrieb gelegt wird.<\/p>\n<p>Der Schutz h\u00f6rt jedoch nicht hier auf. Es wird eine zweite Verteidigungslinie errichtet, die aus zus\u00e4tzlichen Schutzma\u00dfnahmen besteht:<\/p>\n<ul>\n<li>Automatische Unterbrechung der Verbraucher bei drohender Unterspannung der Zelle.<\/li>\n<li>Laststromabschaltung oder -regelung als Reaktion auf kritische Bedingungen, wie drohende \u00dcberspannung, hohe Temperaturen (\u00fcber 50\u00b0C) oder ung\u00fcnstige Temperaturen (unter 0\u00b0C), die auf die Schaltanlage einwirken.<\/li>\n<\/ul>\n<p>In diesem Szenario bildet das VE.Bus BMS (Battery Management System) den Kern dieser zweiten Sicherungslinie. Es ist jedoch wichtig zu beachten, dass nicht alle Verbraucher oder Ladeger\u00e4te direkt durch das VE.Bus BMS gesteuert werden k\u00f6nnen.<\/p>\n<p>Hier kommen die Cyrix-Schalter ins Spiel, eine vielseitige L\u00f6sung, die vom VE.Bus BMS gesteuert werden kann, um Lasten oder Ladeger\u00e4te, die sonst nicht direkt verwaltet werden, effektiv abzuschalten.<\/p>\n<p>Zusammenfassend l\u00e4sst sich sagen, dass die Kombination aus Zellausgleich und der robusten Leistung des VE.Bus BMS ein umfassendes Schutzsystem f\u00fcr Victron LiFePO4-Batterien darstellt. Diese Strategie gew\u00e4hrleistet nicht nur einen effizienten Betrieb, sondern auch eine lange Batterielebensdauer und unterst\u00fctzt damit die Zuverl\u00e4ssigkeit und Langlebigkeit dieser Energiespeichersysteme.<\/p>\n<h2>Victron Cyrix-Li-Charge 24\/48V-230A Batterie-Kombinator - CYR020230430<\/h2>\n<p>Das Cyrix-Li-Charge wird nach 3 Sekunden ein Ladeger\u00e4t anschlie\u00dfen:<br \/>\n- Wenn der Abschaltausgang des VE.Bus BMS-Ladeger\u00e4ts hoch ist.<br \/>\n- Wenn 13,0 V (26,0 V bzw. 52,0 V) oder mehr an der Anschlussklemme des Ladeger\u00e4tes ankommen.<br \/>\n- Und wenn 2 V oder mehr an seiner Batterieklemme ankommen (der Cyrix bleibt offen, wenn er nicht an die Batterie angeschlossen ist).<br \/>\nDer Cyrix-Li-Charge schaltet sich sofort ab, wenn sein Steuereingang potentialfrei wird und eine \u00dcberspannung oder \u00dcbertemperatur der Zellen anzeigt.<\/p>\n<p>Im Allgemeinen wird der \u00dcberspannungsalarm an den Zellen kurz nach Beendigung des Ladevorgangs zur\u00fcckgesetzt. Der Cyrix schaltet dann das Ladeger\u00e4t nach einer Verz\u00f6gerung von 3 Sekunden wieder ein. Wenn der Cyrix-Li-Charge aktiviert ist (Ladeger\u00e4t an die Batterie angeschlossen), deaktiviert er sich nach 1 Stunde, um zu pr\u00fcfen, ob das Ladeger\u00e4t noch aktiviert ist. Wenn nach der Deaktivierung des Cyrix der Ausgang des Batterieladeger\u00e4ts sofort auf 13,0 V oder mehr erh\u00f6ht wird, wird der Cyrix mit einer Verz\u00f6gerung von 3 Sekunden wieder aktiviert.<\/p>\n<p><strong>Anmerkung:<\/strong> Im Falle eines Null-Entladestroms oder eines geringen Entladestroms wird der Cyrix kurz nach dem Ausschalten und\/oder Trennen des Ladeger\u00e4ts nicht deaktiviert, da die Batteriespannung \u00fcber 13,5 V bleibt.<\/p>\n<\/div>\n<p><img fetchpriority=\"high\" decoding=\"async\" class=\"alignnone size-full wp-image-7018\" src=\"https:\/\/fvcomponentes.com\/wp-content\/uploads\/2023\/04\/cyrix-charge-230.png\" alt=\"\" width=\"1037\" height=\"470\" title=\"\"><\/p>\n<h2>Datenblatt Victron Cyrix-Li-Charge 24\/48V-230A Batterie-Kombinator - CYR020230430<\/h2>\n<p><a href=\"https:\/\/fvcomponentes.com\/wp-content\/uploads\/2023\/04\/CYRIX-230.pdf\" target=\"_blank\" rel=\"noopener\">Victron Cyrix-Li-Charge 24\/48V-230A Batteriekombinierer Datenblatt anzeigen - CYR020230430 - CYR020230430<\/a><\/p>","protected":false},"excerpt":{"rendered":"<p><strong>Gleichstrom und 48 V Abschaltleistung:<\/strong> 80 A<br \/>\n<strong>Stromaufnahme im ge\u00f6ffneten Zustand:<\/strong> 4 mA<br \/>\n<strong>Schutzkategorie:<\/strong> IP54<\/p>","protected":false},"featured_media":7022,"comment_status":"open","ping_status":"closed","template":"","meta":{"site-sidebar-layout":"default","site-content-layout":"default","ast-site-content-layout":"default","site-content-style":"default","site-sidebar-style":"default","ast-global-header-display":"","ast-banner-title-visibility":"","ast-main-header-display":"","ast-hfb-above-header-display":"","ast-hfb-below-header-display":"","ast-hfb-mobile-header-display":"","site-post-title":"","ast-breadcrumbs-content":"","ast-featured-img":"","footer-sml-layout":"","ast-disable-related-posts":"","theme-transparent-header-meta":"default","adv-header-id-meta":"","stick-header-meta":"","header-above-stick-meta":"","header-main-stick-meta":"","header-below-stick-meta":"","astra-migrate-meta-layouts":"set","ast-page-background-enabled":"default","ast-page-background-meta":{"desktop":{"background-color":"var(--ast-global-color-4)","background-image":"","background-repeat":"repeat","background-position":"center center","background-size":"auto","background-attachment":"scroll","background-type":"","background-media":"","overlay-type":"","overlay-color":"","overlay-opacity":"","overlay-gradient":""},"tablet":{"background-color":"","background-image":"","background-repeat":"repeat","background-position":"center center","background-size":"auto","background-attachment":"scroll","background-type":"","background-media":"","overlay-type":"","overlay-color":"","overlay-opacity":"","overlay-gradient":""},"mobile":{"background-color":"","background-image":"","background-repeat":"repeat","background-position":"center center","background-size":"auto","background-attachment":"scroll","background-type":"","background-media":"","overlay-type":"","overlay-color":"","overlay-opacity":"","overlay-gradient":""}},"ast-content-background-meta":{"desktop":{"background-color":"var(--ast-global-color-5)","background-image":"","background-repeat":"repeat","background-position":"center center","background-size":"auto","background-attachment":"scroll","background-type":"","background-media":"","overlay-type":"","overlay-color":"","overlay-opacity":"","overlay-gradient":""},"tablet":{"background-color":"var(--ast-global-color-5)","background-image":"","background-repeat":"repeat","background-position":"center center","background-size":"auto","background-attachment":"scroll","background-type":"","background-media":"","overlay-type":"","overlay-color":"","overlay-opacity":"","overlay-gradient":""},"mobile":{"background-color":"var(--ast-global-color-5)","background-image":"","background-repeat":"repeat","background-position":"center center","background-size":"auto","background-attachment":"scroll","background-type":"","background-media":"","overlay-type":"","overlay-color":"","overlay-opacity":"","overlay-gradient":""}}},"pwb-brand":[332],"product_brand":[],"product_cat":[391,340,932],"product_tag":[],"class_list":{"0":"post-7020","1":"product","2":"type-product","3":"status-publish","4":"has-post-thumbnail","6":"pwb-brand-victron","7":"product_cat-accesorios-para-baterias","8":"product_cat-baterias","9":"product_cat-combinadores-de-baterias","10":"desktop-align-left","11":"tablet-align-left","12":"mobile-align-left","13":"ast-product-gallery-layout-horizontal-slider","14":"ast-product-gallery-with-no-image","15":"ast-product-tabs-layout-horizontal","17":"first","18":"instock","19":"taxable","20":"shipping-taxable","21":"purchasable","22":"product-type-simple"},"wcpa_form_fields":null,"brands":[{"id":332,"name":"Victron Energie","slug":"victron"}],"_links":{"self":[{"href":"https:\/\/fvcomponentes.com\/de\/wp-json\/wp\/v2\/product\/7020","targetHints":{"allow":["GET"]}}],"collection":[{"href":"https:\/\/fvcomponentes.com\/de\/wp-json\/wp\/v2\/product"}],"about":[{"href":"https:\/\/fvcomponentes.com\/de\/wp-json\/wp\/v2\/types\/product"}],"replies":[{"embeddable":true,"href":"https:\/\/fvcomponentes.com\/de\/wp-json\/wp\/v2\/comments?post=7020"}],"wp:featuredmedia":[{"embeddable":true,"href":"https:\/\/fvcomponentes.com\/de\/wp-json\/wp\/v2\/media\/7022"}],"wp:attachment":[{"href":"https:\/\/fvcomponentes.com\/de\/wp-json\/wp\/v2\/media?parent=7020"}],"wp:term":[{"taxonomy":"pwb-brand","embeddable":true,"href":"https:\/\/fvcomponentes.com\/de\/wp-json\/wp\/v2\/pwb-brand?post=7020"},{"taxonomy":"product_brand","embeddable":true,"href":"https:\/\/fvcomponentes.com\/de\/wp-json\/wp\/v2\/product_brand?post=7020"},{"taxonomy":"product_cat","embeddable":true,"href":"https:\/\/fvcomponentes.com\/de\/wp-json\/wp\/v2\/product_cat?post=7020"},{"taxonomy":"product_tag","embeddable":true,"href":"https:\/\/fvcomponentes.com\/de\/wp-json\/wp\/v2\/product_tag?post=7020"}],"curies":[{"name":"wp","href":"https:\/\/api.w.org\/{rel}","templated":true}]}}