{"id":6987,"date":"2023-09-19T18:06:51","date_gmt":"2023-09-19T16:06:51","guid":{"rendered":"https:\/\/fvcomponentes.com\/?post_type=product&#038;p=6987"},"modified":"2026-04-04T12:44:40","modified_gmt":"2026-04-04T10:44:40","slug":"victron-solidswitch-104-bms800200104","status":"publish","type":"product","link":"https:\/\/fvcomponentes.com\/de\/producto\/victron-solidswitch-104-bms800200104\/","title":{"rendered":"Victron SolidSwitch 104 - BMS800200104"},"content":{"rendered":"<p>Der Victron SolidSwitch 104 schaltet Gleichstromlasten bis zu 70 V\/4 A und kann durch ein digitales Signal mit geringer Leistung gesteuert werden. Er hat drei typische Anwendungsf\u00e4lle:<br \/>\n1. einen externen Lichtmaschinenregler, wie z. B. einen Balmar oder Mastervolt Alpha pro an einem Victron-Lithium-System zu steuern.<br \/>\n2. Schalten einer Gleichstromlast, z. B. einer Lampe. Ein Steuerkreis mit geringem Stromverbrauch, bei dem der maximale Strom nur 100 \u03bcA betr\u00e4gt, kann eine Last von bis zu 4 Ampere steuern.<br \/>\n3. Erh\u00f6hen Sie die Anzahl der Ladeger\u00e4te, die an den ATC-Ausgang (Ladeberechtigung) eines Victron BMS angeschlossen werden k\u00f6nnen.<\/p>\n<h2>Was macht den Victron SolidSwitch 104 einzigartig?<\/h2>\n<p>Die Eigenschaft, die ihn zu einem so n\u00fctzlichen Schalter macht, ist sein geringer Stromverbrauch. Der Victron SolidSwitch 104 verbraucht 0,04 Ah pro Monat, w\u00e4hrend ein kleines Relais leicht 10 Ah pro Monat oder sogar 22 Ah (*) verbrauchen kann.<\/p>\n<p>Diese Verringerung um den Faktor 250 ist von entscheidender Bedeutung, wenn sie in einem Lithium-System zum Anschluss und zur Steuerung des Lichtmaschinenreglers verwendet wird: Der Steuerkreis wird immer seinen Standby-Strom beziehen. Au\u00dferdem kann man damit die Anzahl der Ladeger\u00e4te erh\u00f6hen, die an einen BMS-ATC-Kontakt angeschlossen werden k\u00f6nnen. Durch die Verwendung eines Victron SolidSwitch 104 anstelle eines gew\u00f6hnlichen Relais wird die parasit\u00e4re Last auf die Gr\u00f6\u00dfenordnung der Selbstentladung der Batteriebank reduziert.<\/p>\n<p>Beachten Sie, dass der ATC-Ausgang des BMS auch bei voll geladenen Batterien noch aktiviert ist. Daher werden Steuerkreise wie ein Relais oder, in diesem Fall, der SolidSwitch aktiviert und verbrauchen Strom. Auch wenn das Ladeger\u00e4t oder die Lichtmaschine nicht l\u00e4dt.<\/p>\n<p>F\u00fcr dieses Beispiel bedeutet das, dass das kleine Relais bei Verwendung eines Relais 10 Ah pro Monat von der Batteriebank verbraucht, auch wenn der Motor nicht l\u00e4uft. SolidSwitch hingegen verbraucht nur 0,04 Ah, was h\u00f6chstwahrscheinlich weit unter der Selbstentladung der Batterien liegt und daher vernachl\u00e4ssigbar ist.<\/p>\n<h2>Kompatible Ladetypen<\/h2>\n<p>Die Gleichstromlast kann ohmsch, kapazitiv oder induktiv sein (z. B. die Spule eines Hochleistungssch\u00fctzes).<\/p>\n<p><img fetchpriority=\"high\" decoding=\"async\" class=\"alignnone size-full wp-image-6988\" src=\"https:\/\/fvcomponentes.com\/wp-content\/uploads\/2023\/04\/Captura-1.png\" alt=\"SolidSwitch Victron 104 - BMS800200104\" width=\"452\" height=\"654\" title=\"\"><\/p>\n<h2>Datenblatt Victron SolidSwitch 104 - BMS800200104<\/h2>\n<p><a href=\"https:\/\/fvcomponentes.com\/wp-content\/uploads\/2023\/04\/SolidSwitch-104-EN.pdf\" target=\"_blank\" rel=\"noopener\">Siehe Victron SolidSwitch 104 - BMS800200104 Datenblatt<\/a><\/p>","protected":false},"excerpt":{"rendered":"<p id=\"tw-target-text\" class=\"tw-data-text tw-text-large tw-ta\" dir=\"ltr\" data-placeholder=\"Traducci\u00f3n\"><span class=\"Y2IQFc\" lang=\"es\"><strong>Betriebseingangsspannungsbereich:<\/strong> (Vbat) 8 - 70 V DC<br \/>\n<strong>Maximaler Laststrom:<\/strong> 4A<br \/>\n<strong>Schutzgrad:<\/strong> IP20<br \/>\n<strong>Material und Farbe:<\/strong> ABS, mattschwarz<\/span><\/p>\n<p>&nbsp;<\/p>","protected":false},"featured_media":6994,"comment_status":"open","ping_status":"closed","template":"","meta":{"site-sidebar-layout":"default","site-content-layout":"default","ast-site-content-layout":"default","site-content-style":"default","site-sidebar-style":"default","ast-global-header-display":"","ast-banner-title-visibility":"","ast-main-header-display":"","ast-hfb-above-header-display":"","ast-hfb-below-header-display":"","ast-hfb-mobile-header-display":"","site-post-title":"","ast-breadcrumbs-content":"","ast-featured-img":"","footer-sml-layout":"","ast-disable-related-posts":"","theme-transparent-header-meta":"default","adv-header-id-meta":"","stick-header-meta":"","header-above-stick-meta":"","header-main-stick-meta":"","header-below-stick-meta":"","astra-migrate-meta-layouts":"set","ast-page-background-enabled":"default","ast-page-background-meta":{"desktop":{"background-color":"var(--ast-global-color-4)","background-image":"","background-repeat":"repeat","background-position":"center center","background-size":"auto","background-attachment":"scroll","background-type":"","background-media":"","overlay-type":"","overlay-color":"","overlay-opacity":"","overlay-gradient":""},"tablet":{"background-color":"","background-image":"","background-repeat":"repeat","background-position":"center center","background-size":"auto","background-attachment":"scroll","background-type":"","background-media":"","overlay-type":"","overlay-color":"","overlay-opacity":"","overlay-gradient":""},"mobile":{"background-color":"","background-image":"","background-repeat":"repeat","background-position":"center center","background-size":"auto","background-attachment":"scroll","background-type":"","background-media":"","overlay-type":"","overlay-color":"","overlay-opacity":"","overlay-gradient":""}},"ast-content-background-meta":{"desktop":{"background-color":"var(--ast-global-color-5)","background-image":"","background-repeat":"repeat","background-position":"center center","background-size":"auto","background-attachment":"scroll","background-type":"","background-media":"","overlay-type":"","overlay-color":"","overlay-opacity":"","overlay-gradient":""},"tablet":{"background-color":"var(--ast-global-color-5)","background-image":"","background-repeat":"repeat","background-position":"center center","background-size":"auto","background-attachment":"scroll","background-type":"","background-media":"","overlay-type":"","overlay-color":"","overlay-opacity":"","overlay-gradient":""},"mobile":{"background-color":"var(--ast-global-color-5)","background-image":"","background-repeat":"repeat","background-position":"center center","background-size":"auto","background-attachment":"scroll","background-type":"","background-media":"","overlay-type":"","overlay-color":"","overlay-opacity":"","overlay-gradient":""}}},"pwb-brand":[332],"product_brand":[],"product_cat":[340,391,933],"product_tag":[],"class_list":{"0":"post-6987","1":"product","2":"type-product","3":"status-publish","4":"has-post-thumbnail","6":"pwb-brand-victron","7":"product_cat-baterias","8":"product_cat-accesorios-para-baterias","9":"product_cat-monitores-de-baterias","10":"desktop-align-left","11":"tablet-align-left","12":"mobile-align-left","13":"ast-product-gallery-layout-horizontal-slider","14":"ast-product-tabs-layout-horizontal","16":"first","17":"instock","18":"taxable","19":"shipping-taxable","20":"purchasable","21":"product-type-simple"},"wcpa_form_fields":null,"brands":[{"id":332,"name":"Victron Energie","slug":"victron"}],"_links":{"self":[{"href":"https:\/\/fvcomponentes.com\/de\/wp-json\/wp\/v2\/product\/6987","targetHints":{"allow":["GET"]}}],"collection":[{"href":"https:\/\/fvcomponentes.com\/de\/wp-json\/wp\/v2\/product"}],"about":[{"href":"https:\/\/fvcomponentes.com\/de\/wp-json\/wp\/v2\/types\/product"}],"replies":[{"embeddable":true,"href":"https:\/\/fvcomponentes.com\/de\/wp-json\/wp\/v2\/comments?post=6987"}],"wp:featuredmedia":[{"embeddable":true,"href":"https:\/\/fvcomponentes.com\/de\/wp-json\/wp\/v2\/media\/6994"}],"wp:attachment":[{"href":"https:\/\/fvcomponentes.com\/de\/wp-json\/wp\/v2\/media?parent=6987"}],"wp:term":[{"taxonomy":"pwb-brand","embeddable":true,"href":"https:\/\/fvcomponentes.com\/de\/wp-json\/wp\/v2\/pwb-brand?post=6987"},{"taxonomy":"product_brand","embeddable":true,"href":"https:\/\/fvcomponentes.com\/de\/wp-json\/wp\/v2\/product_brand?post=6987"},{"taxonomy":"product_cat","embeddable":true,"href":"https:\/\/fvcomponentes.com\/de\/wp-json\/wp\/v2\/product_cat?post=6987"},{"taxonomy":"product_tag","embeddable":true,"href":"https:\/\/fvcomponentes.com\/de\/wp-json\/wp\/v2\/product_tag?post=6987"}],"curies":[{"name":"wp","href":"https:\/\/api.w.org\/{rel}","templated":true}]}}