{"id":6977,"date":"2023-09-06T09:51:13","date_gmt":"2023-09-06T07:51:13","guid":{"rendered":"https:\/\/fvcomponentes.com\/?post_type=product&#038;p=6977"},"modified":"2026-04-04T12:45:04","modified_gmt":"2026-04-04T10:45:04","slug":"smallbms-victron-mit-voralarm-bms400100000","status":"publish","type":"product","link":"https:\/\/fvcomponentes.com\/de\/producto\/smallbms-victron-con-prealarma-bms400100000\/","title":{"rendered":"Victron SmallBMS mit Voralarm - BMS400100000"},"content":{"rendered":"<p>Das Victron SmallBMS mit Voralarm - BMS400100000 ist ein All-in-One-Batteriemanagementsystem (BMS) f\u00fcr Batterien. <a href=\"https:\/\/fvcomponentes.com\/de\/produktkategorie\/batterien\/12-v-lithium-batterien\/\" target=\"_blank\" rel=\"noopener\">Lithium-Batterie Smart von Victron Energy<\/a>. Es handelt sich um Lithium-Eisen-Phosphat-Batterien (LiFePO4), die in 12,8 V oder 25,6 V und in verschiedenen Kapazit\u00e4ten erh\u00e4ltlich sind. Sie k\u00f6nnen in Reihe, parallel und in Reihe\/Parallel geschaltet werden, so dass eine Batteriebank f\u00fcr 12 V, 24 V oder 48 V Systemspannungen zusammengestellt werden kann. Die maximale Anzahl von Batterien in einem System betr\u00e4gt 20, was eine maximale Energiespeicherung von 84 kWh in einem 12-V-System und bis zu 102 kWh in einem 24-V-System1) und 48-V-System bedeutet.1).<\/p>\n<p>Das smallBMS ist eine einfache und kosteng\u00fcnstige Alternative zum VE.Bus BMS, verf\u00fcgt aber nicht \u00fcber eine VE.Bus Schnittstelle und ist daher nicht f\u00fcr den Einsatz mit VE.Bus MultiPlus und Quattro Wechselrichtern\/Ladeger\u00e4ten geeignet.<\/p>\n<h2>Eigenschaften des Victron SmallBMS mit Voralarm - BMS400100000:<\/h2>\n<h3>Lasttrennungsausgang<\/h3>\n<div>Der Lastausgang ist normalerweise hoch und wird bei Unterspannung der Zelle potentialfrei (Standardwert 2,8V\/Zelle, einstellbar an der Batterie zwischen 2,6V und 2,8V pro Zelle). Maximaler Strom: 1A. Der Lastausgang ist nicht gegen Kurzschl\u00fcsse gesch\u00fctzt.<\/div>\n<div>Der Lastausgang kann zur Steuerung verwendet werden:<\/div>\n<div>- Ein Hochstromrelais oder -sch\u00fctz.<\/div>\n<div>- Ferngesteuerter Ein-\/Aus-Eingang von einem Battery Protect, Wechselrichter oder DC-DC-Wandler oder anderen Lasten (ein Ein-\/Aus-Kabel ohne Wechselrichter oder Wechselrichter kann erforderlich sein, siehe ausf\u00fchrliche Anleitung auf unserer Website).<\/div>\n<div><\/div>\n<h3>Voralarm-Ausgang<\/h3>\n<div>Der Voralarmausgang ist normalerweise potentialfrei und geht bei drohender Zellenunterspannung auf High (Standard 3,1V\/Zelle, einstellbar an der Batterie zwischen 2,85V und 3,15V pro Zelle). Maximaler Strom: 1A (ohne Kurzschlussschutz).<\/div>\n<div>Die Mindestverz\u00f6gerung zwischen Voralarm und Abschaltung der Last betr\u00e4gt 30 Sekunden.<\/div>\n<div><\/div>\n<h3>Lasttrennungsausgang<\/h3>\n<div>Der Ausgang des Ladeger\u00e4ts ist normalerweise hoch und wird im Falle einer drohenden \u00dcberspannung oder \u00dcbertemperatur der Zelle freischwebend. Maximaler Strom: 10mA.<\/div>\n<div>Der Ausgang des Ladeger\u00e4ts ist nicht f\u00fcr die Versorgung einer induktiven Last wie z. B. einer Relaisspule geeignet.<\/div>\n<div>Der Ausgang des Ladeger\u00e4ts kann zur Steuerung verwendet werden:<\/div>\n<div>- Fernein- und -ausschalten eines Ladeger\u00e4ts<\/div>\n<div>- Ein Cyrix-Li-Charge-Relais<\/div>\n<div>- Ein Cyrix-Li-ct-Akku-Kombinator<\/div>\n<div><\/div>\n<h3>Eingang System ein\/aus<\/h3>\n<div>Der Ein\/Aus-Eingang des Systems steuert beide Ausg\u00e4nge. Wenn er ausgeschaltet ist, sind beide Ausg\u00e4nge frei, so dass Verbraucher und Ladeger\u00e4te ausgeschaltet sind.<\/div>\n<div>Der Ein\/Aus-Eingang des Systems besteht aus zwei Klemmen: Remote L und Remote H.<\/div>\n<div>Zwischen L und H kann ein ferngesteuerter Ein\/Aus-Schalter oder ein Relaiskontakt angeschlossen werden.<\/div>\n<div>Alternativ kann die Klemme H auf Batterie-Plus oder die Klemme L auf Batterie-Minus geschaltet werden.<\/div>\n<div><\/div>\n<h3>Sch\u00fctzt 12V, 24V und 48V Systeme<\/h3>\n<div>Betriebsspannungsbereich: 8 bis 70 V DC.<\/div>\n<div><\/div>\n<h3>LED-Anzeigen<\/h3>\n<div>Charge ON (blau): Hohe Ladeleistung (Zellenspannung &gt;2,8 V, einstellbar an der Batterie).<br \/>\nTemp oder SBT (rot): Freischwebende Ladeleistung (wegen zu hoher (&gt;50\u00b0C) oder zu niedriger Zelltemperatur (&lt;5\u00b0C) oder Zell\u00fcberspannung).<\/div>\n<p><img fetchpriority=\"high\" decoding=\"async\" class=\"alignnone size-full wp-image-6979\" src=\"https:\/\/fvcomponentes.com\/wp-content\/uploads\/2023\/04\/Captura.png\" alt=\"smallBMS Victron mit Voralarm - BMS400100000\" width=\"825\" height=\"494\" title=\"\"><\/p>\n<h2>Datenblatt SmallBMS Victron mit Voralarm - BMS400100000<\/h2>\n<p><a href=\"https:\/\/fvcomponentes.com\/wp-content\/uploads\/2023\/04\/Datasheet-smallBMS-with-pre-alarm-ES.pdf\" target=\"_blank\" rel=\"noopener\">Victron SmallBMS mit Voralarm - BMS400100000 Datenblatt anzeigen<\/a><\/p>","protected":false},"excerpt":{"rendered":"<p><strong>Betriebsspannung (Vbat):<\/strong> 8 - 70 VDC<br \/>\n<strong>Stromverbrauch, niedrige Zellenspannung:<\/strong> 1,2 mA<br \/>\n<strong>Stromverbrauch, Fernbedienung aus:<\/strong> 1,2 mA<\/p>","protected":false},"featured_media":6985,"comment_status":"open","ping_status":"closed","template":"","meta":{"site-sidebar-layout":"default","site-content-layout":"default","ast-site-content-layout":"default","site-content-style":"default","site-sidebar-style":"default","ast-global-header-display":"","ast-banner-title-visibility":"","ast-main-header-display":"","ast-hfb-above-header-display":"","ast-hfb-below-header-display":"","ast-hfb-mobile-header-display":"","site-post-title":"","ast-breadcrumbs-content":"","ast-featured-img":"","footer-sml-layout":"","ast-disable-related-posts":"","theme-transparent-header-meta":"default","adv-header-id-meta":"","stick-header-meta":"","header-above-stick-meta":"","header-main-stick-meta":"","header-below-stick-meta":"","astra-migrate-meta-layouts":"set","ast-page-background-enabled":"default","ast-page-background-meta":{"desktop":{"background-color":"var(--ast-global-color-4)","background-image":"","background-repeat":"repeat","background-position":"center center","background-size":"auto","background-attachment":"scroll","background-type":"","background-media":"","overlay-type":"","overlay-color":"","overlay-opacity":"","overlay-gradient":""},"tablet":{"background-color":"","background-image":"","background-repeat":"repeat","background-position":"center center","background-size":"auto","background-attachment":"scroll","background-type":"","background-media":"","overlay-type":"","overlay-color":"","overlay-opacity":"","overlay-gradient":""},"mobile":{"background-color":"","background-image":"","background-repeat":"repeat","background-position":"center center","background-size":"auto","background-attachment":"scroll","background-type":"","background-media":"","overlay-type":"","overlay-color":"","overlay-opacity":"","overlay-gradient":""}},"ast-content-background-meta":{"desktop":{"background-color":"var(--ast-global-color-5)","background-image":"","background-repeat":"repeat","background-position":"center center","background-size":"auto","background-attachment":"scroll","background-type":"","background-media":"","overlay-type":"","overlay-color":"","overlay-opacity":"","overlay-gradient":""},"tablet":{"background-color":"var(--ast-global-color-5)","background-image":"","background-repeat":"repeat","background-position":"center center","background-size":"auto","background-attachment":"scroll","background-type":"","background-media":"","overlay-type":"","overlay-color":"","overlay-opacity":"","overlay-gradient":""},"mobile":{"background-color":"var(--ast-global-color-5)","background-image":"","background-repeat":"repeat","background-position":"center center","background-size":"auto","background-attachment":"scroll","background-type":"","background-media":"","overlay-type":"","overlay-color":"","overlay-opacity":"","overlay-gradient":""}}},"pwb-brand":[332],"product_brand":[],"product_cat":[340,435],"product_tag":[],"class_list":{"0":"post-6977","1":"product","2":"type-product","3":"status-publish","4":"has-post-thumbnail","6":"pwb-brand-victron","7":"product_cat-baterias","8":"product_cat-bms-sistemas-de-supervision-de-baterias","9":"desktop-align-left","10":"tablet-align-left","11":"mobile-align-left","12":"ast-product-gallery-layout-horizontal-slider","13":"ast-product-tabs-layout-horizontal","15":"first","16":"instock","17":"taxable","18":"shipping-taxable","19":"purchasable","20":"product-type-simple"},"wcpa_form_fields":null,"brands":[{"id":332,"name":"Victron Energie","slug":"victron"}],"_links":{"self":[{"href":"https:\/\/fvcomponentes.com\/de\/wp-json\/wp\/v2\/product\/6977","targetHints":{"allow":["GET"]}}],"collection":[{"href":"https:\/\/fvcomponentes.com\/de\/wp-json\/wp\/v2\/product"}],"about":[{"href":"https:\/\/fvcomponentes.com\/de\/wp-json\/wp\/v2\/types\/product"}],"replies":[{"embeddable":true,"href":"https:\/\/fvcomponentes.com\/de\/wp-json\/wp\/v2\/comments?post=6977"}],"wp:featuredmedia":[{"embeddable":true,"href":"https:\/\/fvcomponentes.com\/de\/wp-json\/wp\/v2\/media\/6985"}],"wp:attachment":[{"href":"https:\/\/fvcomponentes.com\/de\/wp-json\/wp\/v2\/media?parent=6977"}],"wp:term":[{"taxonomy":"pwb-brand","embeddable":true,"href":"https:\/\/fvcomponentes.com\/de\/wp-json\/wp\/v2\/pwb-brand?post=6977"},{"taxonomy":"product_brand","embeddable":true,"href":"https:\/\/fvcomponentes.com\/de\/wp-json\/wp\/v2\/product_brand?post=6977"},{"taxonomy":"product_cat","embeddable":true,"href":"https:\/\/fvcomponentes.com\/de\/wp-json\/wp\/v2\/product_cat?post=6977"},{"taxonomy":"product_tag","embeddable":true,"href":"https:\/\/fvcomponentes.com\/de\/wp-json\/wp\/v2\/product_tag?post=6977"}],"curies":[{"name":"wp","href":"https:\/\/api.w.org\/{rel}","templated":true}]}}