{"id":6974,"date":"2024-01-19T19:30:26","date_gmt":"2024-01-19T18:30:26","guid":{"rendered":"https:\/\/fvcomponentes.com\/?post_type=product&#038;p=6974"},"modified":"2026-04-08T21:28:43","modified_gmt":"2026-04-08T19:28:43","slug":"mppt-victronwirebox-xl-mc4-fur-mc4-mc4-mc4-ve-kann-h216mm-scc950400310","status":"publish","type":"product","link":"https:\/\/fvcomponentes.com\/de\/producto\/mppt-victronwirebox-xl-mc4-for-mc4-mc4-ve-can-h216mm-scc950400310\/","title":{"rendered":"Schwarze Abdeckung f\u00fcr Victron WireBox-XL MC4 MPPT-Kabel (f\u00fcr MC4; MC4 VE.Can, h=216mm) - SCC950400310"},"content":{"rendered":"<h2>MPPT Victron WireBox-XL MC4 (f\u00fcr MC4; MC4 VE.Can, h=216mm) - SCC950400310<\/h2>\n<ul>\n<li>Die MPPT WireBox bietet eine zus\u00e4tzliche Schutzschicht, die besonders dann von Vorteil ist, wenn sich Ihr MPPT-Solarregler in einem \u00f6ffentlich zug\u00e4nglichen Bereich befindet.<\/li>\n<li>Sie ist vor allem bei Steuerungen, die mit h\u00f6heren Spannungen auf der Eingangsseite arbeiten, von gro\u00dfem Wert, da sie dazu beitr\u00e4gt, Gefahren im Hochspannungsbereich des Schalttafelanschlusses zu vermeiden und die Finger fernzuhalten.<\/li>\n<li>Diese Vorrichtung deckt alle Gleichstromanschlusspunkte ab und verringert so die Gefahr eines versehentlichen oder neugierigen Kontakts mit den Anschlussschrauben.<\/li>\n<\/ul>\n<h2>VictronWireBox-XL MC4 MPPT Ma\u00dfblatt und Installationsanleitung (f\u00fcr MC4; MC4 VE.Can, h=216mm) - SCC950400310<\/h2>\n<p><a href=\"https:\/\/fvcomponentes.com\/wp-content\/uploads\/2025\/09\/MPPT-Wire-Box-XL-MC4-Dimensions.pdf\" target=\"_blank\" rel=\"noopener\">WireBox-XL MC4 MPPT-Ma\u00dfblatt - SCC950400310<\/a><\/p>\n<p><a href=\"https:\/\/fvcomponentes.com\/wp-content\/uploads\/2025\/09\/Quick-Install-Guide-MPPT-Wire-Box-XL-MC4.pdf\" target=\"_blank\" rel=\"noopener\">WireBox-XL MC4 MPPT WireBox-XL MC4 Installationsanleitung - SCC950400310<\/a><\/p>","protected":false},"excerpt":{"rendered":"<p><strong><span style=\"color: #ff0000\">REGLER IST NICHT IM LIEFERUMFANG ENTHALTEN, ES IST NUR DIE SCHWARZE ABDECKUNG F\u00dcR DIE KABEL.<\/span><\/strong><\/p>\n<p>Deckt alle Gleichstromanschl\u00fcsse ab und verhindert so einen versehentlichen oder neugierigen Kontakt mit den Anschlussklemmen.<\/p>","protected":false},"featured_media":6969,"comment_status":"open","ping_status":"closed","template":"","meta":{"site-sidebar-layout":"default","site-content-layout":"default","ast-site-content-layout":"default","site-content-style":"default","site-sidebar-style":"default","ast-global-header-display":"","ast-banner-title-visibility":"","ast-main-header-display":"","ast-hfb-above-header-display":"","ast-hfb-below-header-display":"","ast-hfb-mobile-header-display":"","site-post-title":"","ast-breadcrumbs-content":"","ast-featured-img":"","footer-sml-layout":"","ast-disable-related-posts":"","theme-transparent-header-meta":"default","adv-header-id-meta":"","stick-header-meta":"","header-above-stick-meta":"","header-main-stick-meta":"","header-below-stick-meta":"","astra-migrate-meta-layouts":"set","ast-page-background-enabled":"default","ast-page-background-meta":{"desktop":{"background-color":"var(--ast-global-color-4)","background-image":"","background-repeat":"repeat","background-position":"center center","background-size":"auto","background-attachment":"scroll","background-type":"","background-media":"","overlay-type":"","overlay-color":"","overlay-opacity":"","overlay-gradient":""},"tablet":{"background-color":"","background-image":"","background-repeat":"repeat","background-position":"center center","background-size":"auto","background-attachment":"scroll","background-type":"","background-media":"","overlay-type":"","overlay-color":"","overlay-opacity":"","overlay-gradient":""},"mobile":{"background-color":"","background-image":"","background-repeat":"repeat","background-position":"center center","background-size":"auto","background-attachment":"scroll","background-type":"","background-media":"","overlay-type":"","overlay-color":"","overlay-opacity":"","overlay-gradient":""}},"ast-content-background-meta":{"desktop":{"background-color":"var(--ast-global-color-5)","background-image":"","background-repeat":"repeat","background-position":"center center","background-size":"auto","background-attachment":"scroll","background-type":"","background-media":"","overlay-type":"","overlay-color":"","overlay-opacity":"","overlay-gradient":""},"tablet":{"background-color":"var(--ast-global-color-5)","background-image":"","background-repeat":"repeat","background-position":"center center","background-size":"auto","background-attachment":"scroll","background-type":"","background-media":"","overlay-type":"","overlay-color":"","overlay-opacity":"","overlay-gradient":""},"mobile":{"background-color":"var(--ast-global-color-5)","background-image":"","background-repeat":"repeat","background-position":"center center","background-size":"auto","background-attachment":"scroll","background-type":"","background-media":"","overlay-type":"","overlay-color":"","overlay-opacity":"","overlay-gradient":""}}},"pwb-brand":[332],"product_brand":[],"product_cat":[410,986,353],"product_tag":[],"class_list":{"0":"post-6974","1":"product","2":"type-product","3":"status-publish","4":"has-post-thumbnail","6":"pwb-brand-victron","7":"product_cat-material-electrico","8":"product_cat-accesorios-reguladores-cargadores","9":"product_cat-reguladores-de-carga-solares","10":"desktop-align-left","11":"tablet-align-left","12":"mobile-align-left","13":"ast-product-gallery-layout-horizontal-slider","14":"ast-product-tabs-layout-horizontal","16":"first","17":"instock","18":"taxable","19":"shipping-taxable","20":"purchasable","21":"product-type-simple"},"wcpa_form_fields":null,"brands":[{"id":332,"name":"Victron Energie","slug":"victron"}],"_links":{"self":[{"href":"https:\/\/fvcomponentes.com\/de\/wp-json\/wp\/v2\/product\/6974","targetHints":{"allow":["GET"]}}],"collection":[{"href":"https:\/\/fvcomponentes.com\/de\/wp-json\/wp\/v2\/product"}],"about":[{"href":"https:\/\/fvcomponentes.com\/de\/wp-json\/wp\/v2\/types\/product"}],"replies":[{"embeddable":true,"href":"https:\/\/fvcomponentes.com\/de\/wp-json\/wp\/v2\/comments?post=6974"}],"wp:featuredmedia":[{"embeddable":true,"href":"https:\/\/fvcomponentes.com\/de\/wp-json\/wp\/v2\/media\/6969"}],"wp:attachment":[{"href":"https:\/\/fvcomponentes.com\/de\/wp-json\/wp\/v2\/media?parent=6974"}],"wp:term":[{"taxonomy":"pwb-brand","embeddable":true,"href":"https:\/\/fvcomponentes.com\/de\/wp-json\/wp\/v2\/pwb-brand?post=6974"},{"taxonomy":"product_brand","embeddable":true,"href":"https:\/\/fvcomponentes.com\/de\/wp-json\/wp\/v2\/product_brand?post=6974"},{"taxonomy":"product_cat","embeddable":true,"href":"https:\/\/fvcomponentes.com\/de\/wp-json\/wp\/v2\/product_cat?post=6974"},{"taxonomy":"product_tag","embeddable":true,"href":"https:\/\/fvcomponentes.com\/de\/wp-json\/wp\/v2\/product_tag?post=6974"}],"curies":[{"name":"wp","href":"https:\/\/api.w.org\/{rel}","templated":true}]}}