{"id":6959,"date":"2024-01-19T19:30:28","date_gmt":"2024-01-19T18:30:28","guid":{"rendered":"https:\/\/fvcomponentes.com\/?post_type=product&#038;p=6959"},"modified":"2026-04-08T21:28:41","modified_gmt":"2026-04-08T19:28:41","slug":"mppt-drahtkasten-l-tr-fur-tr-modelle-h200mm-scc950300210","status":"publish","type":"product","link":"https:\/\/fvcomponentes.com\/de\/producto\/mppt-wirebox-l-tr-for-tr-models-h200mm-scc950300210\/","title":{"rendered":"MPPT WireBox-L Tr (f\u00fcr Tr-Modelle, h=200mm) - SCC950300210"},"content":{"rendered":"<h2>MPPT WireBox-L Tr (f\u00fcr Tr-Modelle, h=200mm) - SCC950300210<\/h2>\n<ul>\n<li>Die MPPT WireBox bietet eine zus\u00e4tzliche Schutzschicht, die besonders dann von Vorteil ist, wenn sich Ihr MPPT-Solarregler in einem \u00f6ffentlich zug\u00e4nglichen Bereich befindet.<\/li>\n<li>Sie ist vor allem bei Steuerungen, die mit h\u00f6heren Spannungen auf der Eingangsseite arbeiten, von gro\u00dfem Wert, da sie dazu beitr\u00e4gt, Gefahren im Hochspannungsbereich des Schalttafelanschlusses zu vermeiden und die Finger fernzuhalten.<\/li>\n<li>Diese Vorrichtung deckt alle Gleichstromanschlusspunkte ab und verringert so die Gefahr eines versehentlichen oder neugierigen Kontakts mit den Anschlussschrauben.<\/li>\n<\/ul>\n<h2>Ma\u00dfblatt und Installationsanleitung f\u00fcr MPPT WireBox-L Tr (f\u00fcr Tr Modelle, h=200mm) - SCC950300210<\/h2>\n<p><a href=\"https:\/\/fvcomponentes.com\/wp-content\/uploads\/2025\/09\/MPPT-WireBox-L-Tr-PDF.pdf\" target=\"_blank\" rel=\"noopener\">Ma\u00dfblatt MPPT WireBox-L Tr - SCC950300210<\/a><\/p>\n<p><a href=\"https:\/\/fvcomponentes.com\/wp-content\/uploads\/2025\/09\/Quick-Install-Guide-MPPT-WireBox-L-Tr-EN.pdf\" target=\"_blank\" rel=\"noopener\">WireBox-L Tr MPPT Installationsanleitung - SCC950300210<\/a><\/p>","protected":false},"excerpt":{"rendered":"<p>Deckt alle Gleichstromanschl\u00fcsse ab und verhindert den versehentlichen Kontakt mit den Anschlussklemmen.<\/p>","protected":false},"featured_media":6963,"comment_status":"open","ping_status":"closed","template":"","meta":{"site-sidebar-layout":"default","site-content-layout":"default","ast-site-content-layout":"default","site-content-style":"default","site-sidebar-style":"default","ast-global-header-display":"","ast-banner-title-visibility":"","ast-main-header-display":"","ast-hfb-above-header-display":"","ast-hfb-below-header-display":"","ast-hfb-mobile-header-display":"","site-post-title":"","ast-breadcrumbs-content":"","ast-featured-img":"","footer-sml-layout":"","ast-disable-related-posts":"","theme-transparent-header-meta":"default","adv-header-id-meta":"","stick-header-meta":"","header-above-stick-meta":"","header-main-stick-meta":"","header-below-stick-meta":"","astra-migrate-meta-layouts":"set","ast-page-background-enabled":"default","ast-page-background-meta":{"desktop":{"background-color":"var(--ast-global-color-4)","background-image":"","background-repeat":"repeat","background-position":"center center","background-size":"auto","background-attachment":"scroll","background-type":"","background-media":"","overlay-type":"","overlay-color":"","overlay-opacity":"","overlay-gradient":""},"tablet":{"background-color":"","background-image":"","background-repeat":"repeat","background-position":"center center","background-size":"auto","background-attachment":"scroll","background-type":"","background-media":"","overlay-type":"","overlay-color":"","overlay-opacity":"","overlay-gradient":""},"mobile":{"background-color":"","background-image":"","background-repeat":"repeat","background-position":"center center","background-size":"auto","background-attachment":"scroll","background-type":"","background-media":"","overlay-type":"","overlay-color":"","overlay-opacity":"","overlay-gradient":""}},"ast-content-background-meta":{"desktop":{"background-color":"var(--ast-global-color-5)","background-image":"","background-repeat":"repeat","background-position":"center center","background-size":"auto","background-attachment":"scroll","background-type":"","background-media":"","overlay-type":"","overlay-color":"","overlay-opacity":"","overlay-gradient":""},"tablet":{"background-color":"var(--ast-global-color-5)","background-image":"","background-repeat":"repeat","background-position":"center center","background-size":"auto","background-attachment":"scroll","background-type":"","background-media":"","overlay-type":"","overlay-color":"","overlay-opacity":"","overlay-gradient":""},"mobile":{"background-color":"var(--ast-global-color-5)","background-image":"","background-repeat":"repeat","background-position":"center center","background-size":"auto","background-attachment":"scroll","background-type":"","background-media":"","overlay-type":"","overlay-color":"","overlay-opacity":"","overlay-gradient":""}}},"pwb-brand":[332],"product_brand":[],"product_cat":[986,353],"product_tag":[],"class_list":{"0":"post-6959","1":"product","2":"type-product","3":"status-publish","4":"has-post-thumbnail","6":"pwb-brand-victron","7":"product_cat-accesorios-reguladores-cargadores","8":"product_cat-reguladores-de-carga-solares","9":"desktop-align-left","10":"tablet-align-left","11":"mobile-align-left","12":"ast-product-gallery-layout-horizontal-slider","13":"ast-product-tabs-layout-horizontal","15":"first","16":"instock","17":"taxable","18":"shipping-taxable","19":"purchasable","20":"product-type-simple"},"wcpa_form_fields":null,"brands":[{"id":332,"name":"Victron Energie","slug":"victron"}],"_links":{"self":[{"href":"https:\/\/fvcomponentes.com\/de\/wp-json\/wp\/v2\/product\/6959","targetHints":{"allow":["GET"]}}],"collection":[{"href":"https:\/\/fvcomponentes.com\/de\/wp-json\/wp\/v2\/product"}],"about":[{"href":"https:\/\/fvcomponentes.com\/de\/wp-json\/wp\/v2\/types\/product"}],"replies":[{"embeddable":true,"href":"https:\/\/fvcomponentes.com\/de\/wp-json\/wp\/v2\/comments?post=6959"}],"wp:featuredmedia":[{"embeddable":true,"href":"https:\/\/fvcomponentes.com\/de\/wp-json\/wp\/v2\/media\/6963"}],"wp:attachment":[{"href":"https:\/\/fvcomponentes.com\/de\/wp-json\/wp\/v2\/media?parent=6959"}],"wp:term":[{"taxonomy":"pwb-brand","embeddable":true,"href":"https:\/\/fvcomponentes.com\/de\/wp-json\/wp\/v2\/pwb-brand?post=6959"},{"taxonomy":"product_brand","embeddable":true,"href":"https:\/\/fvcomponentes.com\/de\/wp-json\/wp\/v2\/product_brand?post=6959"},{"taxonomy":"product_cat","embeddable":true,"href":"https:\/\/fvcomponentes.com\/de\/wp-json\/wp\/v2\/product_cat?post=6959"},{"taxonomy":"product_tag","embeddable":true,"href":"https:\/\/fvcomponentes.com\/de\/wp-json\/wp\/v2\/product_tag?post=6959"}],"curies":[{"name":"wp","href":"https:\/\/api.w.org\/{rel}","templated":true}]}}