{"id":6925,"date":"2023-09-21T10:08:33","date_gmt":"2023-09-21T08:08:33","guid":{"rendered":"https:\/\/fvcomponentes.com\/?post_type=product&#038;p=6925"},"modified":"2026-04-04T12:44:44","modified_gmt":"2026-04-04T10:44:44","slug":"intelligente-batterie-victron-sense-sbs050150200","status":"publish","type":"product","link":"https:\/\/fvcomponentes.com\/de\/producto\/smart-battery-victron-sense-sbs050150200\/","title":{"rendered":"Smart Battery Sense Victron- SBS050150200"},"content":{"rendered":"<h2>Eigenschaften des Smart Battery Sense Victron- SBS050150200<\/h2>\n<p>Mit dem Victron Smart Battery Sense - SBS050150200 und seinem Spannungs- und Temperatursensor werden die Batterien besser aufgeladen, die Ladeeffizienz wird erh\u00f6ht und die Lebensdauer der Batterie wird verl\u00e4ngert.<\/p>\n<h2><strong>Verbesserte Batterieladung<\/strong><\/h2>\n<p>Durch die Messung der Spannung an den Klemmen der Batteriebank werden Fehler aufgrund von Spannungsverlusten durch den Kabelwiderstand vermieden und die richtige Ladespannung sichergestellt.<\/p>\n<p>Bei Blei-S\u00e4ure-Batterien werden die Informationen \u00fcber die Batterietemperatur zur Anpassung der Ladespannung verwendet: kalte Batterien erfordern eine h\u00f6here Ladespannung, w\u00e4hrend hei\u00dfe Batterien eine niedrigere Ladespannung erfordern. Bei Lithiumbatterien werden die Temperaturinformationen verwendet, um den Ladevorgang zu deaktivieren, wenn sie zu kalt sind, da das Laden von Lithiumbatterien in der N\u00e4he oder unterhalb des Gefrierpunkts zu dauerhaften Sch\u00e4den an den Zellen f\u00fchrt.<\/p>\n<h2>Keine sichtbaren Kabel<\/h2>\n<p>Die Verbindung zwischen Smart Battery Sense und einem oder mehreren Solarladeger\u00e4ten erfolgt drahtlos: Sie nutzt das VE.Smart Network, eine drahtlose Technologie auf der Grundlage von Bluetooth Smart. Die \u00fcbertragenen Informationen k\u00f6nnen gleichzeitig von einem, zwei oder mehreren Solar-Ladeger\u00e4ten genutzt werden, die an dieselbe 12V-, 24V- und 48V-Batteriebank angeschlossen sind. Die Konfiguration des Smart Grid erfolgt \u00fcber die Anwendung <a href=\"https:\/\/www.victronenergy.com.es\/panel-systems-remote-monitoring\/victronconnect\" target=\"_blank\" rel=\"noopener\">VictronConnect<\/a>.<\/p>\n<h2>\u00dcbersichtlich, einfach und intelligent<\/h2>\n<p>Die Installation ist einfach, schnell und sauber. Verbinden Sie einfach die beiden \u00d6sen des Ger\u00e4ts mit den Polen Ihrer Batterie und befestigen Sie die Smart Battery Sense-Einheit mit ihrem selbstklebenden Streifen direkt am Batteriek\u00f6rper.<\/p>\n<div class=\"ast-oembed-container\" style=\"height: 100%;\"><iframe title=\"Einf\u00fchrung der Smart Battery Sense\" width=\"500\" height=\"281\" src=\"https:\/\/www.youtube.com\/embed\/v62wCfXaWXY?feature=oembed&#038;enablejsapi=1&#038;origin=https:\/\/fvcomponentes.com\" frameborder=\"0\" allow=\"accelerometer; autoplay; clipboard-write; encrypted-media; gyroscope; picture-in-picture; web-share\" referrerpolicy=\"strict-origin-when-cross-origin\" allowfullscreen><\/iframe><\/div>\n<h2>Datenblatt Smart Battery Sense Victron- SBS050150200<\/h2>\n<p><a href=\"https:\/\/fvcomponentes.com\/wp-content\/uploads\/2023\/08\/17801-Smart_Battery_Sense_Manual-pdf-en.pdf\" target=\"_blank\" rel=\"noopener\">Datenblatt Smart Battery Sense Victron- SBS050150200 ansehen<\/a><\/p>","protected":false},"excerpt":{"rendered":"<p><strong>Abmessungen:<\/strong> 14 x 38 x 38 mm<\/p>\n<p><strong>L\u00e4nge des Kabels:<\/strong> 45cm<\/p>\n<p><strong>Absolute H\u00f6chstspannung:<\/strong> 65 V<\/p>","protected":false},"featured_media":6931,"comment_status":"open","ping_status":"closed","template":"","meta":{"site-sidebar-layout":"default","site-content-layout":"default","ast-site-content-layout":"default","site-content-style":"default","site-sidebar-style":"default","ast-global-header-display":"","ast-banner-title-visibility":"","ast-main-header-display":"","ast-hfb-above-header-display":"","ast-hfb-below-header-display":"","ast-hfb-mobile-header-display":"","site-post-title":"","ast-breadcrumbs-content":"","ast-featured-img":"","footer-sml-layout":"","ast-disable-related-posts":"","theme-transparent-header-meta":"default","adv-header-id-meta":"","stick-header-meta":"","header-above-stick-meta":"","header-main-stick-meta":"","header-below-stick-meta":"","astra-migrate-meta-layouts":"set","ast-page-background-enabled":"default","ast-page-background-meta":{"desktop":{"background-color":"var(--ast-global-color-4)","background-image":"","background-repeat":"repeat","background-position":"center center","background-size":"auto","background-attachment":"scroll","background-type":"","background-media":"","overlay-type":"","overlay-color":"","overlay-opacity":"","overlay-gradient":""},"tablet":{"background-color":"","background-image":"","background-repeat":"repeat","background-position":"center center","background-size":"auto","background-attachment":"scroll","background-type":"","background-media":"","overlay-type":"","overlay-color":"","overlay-opacity":"","overlay-gradient":""},"mobile":{"background-color":"","background-image":"","background-repeat":"repeat","background-position":"center center","background-size":"auto","background-attachment":"scroll","background-type":"","background-media":"","overlay-type":"","overlay-color":"","overlay-opacity":"","overlay-gradient":""}},"ast-content-background-meta":{"desktop":{"background-color":"var(--ast-global-color-5)","background-image":"","background-repeat":"repeat","background-position":"center center","background-size":"auto","background-attachment":"scroll","background-type":"","background-media":"","overlay-type":"","overlay-color":"","overlay-opacity":"","overlay-gradient":""},"tablet":{"background-color":"var(--ast-global-color-5)","background-image":"","background-repeat":"repeat","background-position":"center center","background-size":"auto","background-attachment":"scroll","background-type":"","background-media":"","overlay-type":"","overlay-color":"","overlay-opacity":"","overlay-gradient":""},"mobile":{"background-color":"var(--ast-global-color-5)","background-image":"","background-repeat":"repeat","background-position":"center center","background-size":"auto","background-attachment":"scroll","background-type":"","background-media":"","overlay-type":"","overlay-color":"","overlay-opacity":"","overlay-gradient":""}}},"pwb-brand":[332],"product_brand":[],"product_cat":[340,391,933],"product_tag":[],"class_list":{"0":"post-6925","1":"product","2":"type-product","3":"status-publish","4":"has-post-thumbnail","6":"pwb-brand-victron","7":"product_cat-baterias","8":"product_cat-accesorios-para-baterias","9":"product_cat-monitores-de-baterias","10":"desktop-align-left","11":"tablet-align-left","12":"mobile-align-left","13":"ast-product-gallery-layout-horizontal-slider","14":"ast-product-tabs-layout-horizontal","16":"first","17":"instock","18":"taxable","19":"shipping-taxable","20":"purchasable","21":"product-type-simple"},"wcpa_form_fields":null,"brands":[{"id":332,"name":"Victron Energie","slug":"victron"}],"_links":{"self":[{"href":"https:\/\/fvcomponentes.com\/de\/wp-json\/wp\/v2\/product\/6925","targetHints":{"allow":["GET"]}}],"collection":[{"href":"https:\/\/fvcomponentes.com\/de\/wp-json\/wp\/v2\/product"}],"about":[{"href":"https:\/\/fvcomponentes.com\/de\/wp-json\/wp\/v2\/types\/product"}],"replies":[{"embeddable":true,"href":"https:\/\/fvcomponentes.com\/de\/wp-json\/wp\/v2\/comments?post=6925"}],"wp:featuredmedia":[{"embeddable":true,"href":"https:\/\/fvcomponentes.com\/de\/wp-json\/wp\/v2\/media\/6931"}],"wp:attachment":[{"href":"https:\/\/fvcomponentes.com\/de\/wp-json\/wp\/v2\/media?parent=6925"}],"wp:term":[{"taxonomy":"pwb-brand","embeddable":true,"href":"https:\/\/fvcomponentes.com\/de\/wp-json\/wp\/v2\/pwb-brand?post=6925"},{"taxonomy":"product_brand","embeddable":true,"href":"https:\/\/fvcomponentes.com\/de\/wp-json\/wp\/v2\/product_brand?post=6925"},{"taxonomy":"product_cat","embeddable":true,"href":"https:\/\/fvcomponentes.com\/de\/wp-json\/wp\/v2\/product_cat?post=6925"},{"taxonomy":"product_tag","embeddable":true,"href":"https:\/\/fvcomponentes.com\/de\/wp-json\/wp\/v2\/product_tag?post=6925"}],"curies":[{"name":"wp","href":"https:\/\/api.w.org\/{rel}","templated":true}]}}