{"id":6920,"date":"2023-08-16T10:23:22","date_gmt":"2023-08-16T08:23:22","guid":{"rendered":"https:\/\/fvcomponentes.com\/?post_type=product&#038;p=6920"},"modified":"2026-04-04T11:14:22","modified_gmt":"2026-04-04T09:14:22","slug":"mppt-steuerung-victron-scc900500000","status":"publish","type":"product","link":"https:\/\/fvcomponentes.com\/de\/producto\/mppt-control-victron-scc900500000\/","title":{"rendered":"MPPT-Steuerung Victron - SCC900500000"},"content":{"rendered":"<p>Mit der Victron MPPT-Steuerung - SCC900500000 k\u00f6nnen Sie den Status aller BlueSolar MPPT-Laderegler mit VE.Direct-Kommunikationsanschluss konfigurieren und \u00fcberpr\u00fcfen. Die MPPT-Steuerung wird in das Geh\u00e4use der BMV-700-Serie eingebaut, so dass das einheitliche, professionelle Aussehen Ihrer Panels und Systemsteuerungsger\u00e4te erhalten bleibt.<\/p>\n<p>Es kann zum Auslesen von historischen und Echtzeitdaten aus dem Solarladeger\u00e4t und zur Konfiguration des Solarladeger\u00e4ts verwendet werden.<\/p>\n<p>Um die MPPT-Steuerung einfach an der Wand zu montieren, kann ein spezielles Victron-Geh\u00e4use f\u00fcr die Montage verwendet werden, anstatt sie b\u00fcndig in eine Platte einzubauen.<\/p>\n<h2>Eigenschaften der Victron MPPT-Steuerung - SCC900500000:<\/h2>\n<p>- Es liefert PV-Leistung, Wirkungsgrad, Spannung und Strom von den Modulen.<br \/>\n- Zeigt Spannung, Strom und Ladezustand der Batterie an.<br \/>\n- Status und Stromst\u00e4rke des Ladeausgangs (nur verf\u00fcgbar, wenn das Solarladeger\u00e4t \u00fcber einen Ladeausgang verf\u00fcgt).<br \/>\n- Historische 30-Tage-Werte<br \/>\n- Historische Werte, die w\u00e4hrend der Lebensdauer des Solarladeger\u00e4ts aufgelaufen sind<\/p>\n<h2>Victron MPPT-Steuerung Datenblatt - SCC900500000<\/h2>\n<p><a href=\"https:\/\/fvcomponentes.com\/wp-content\/uploads\/2025\/09\/Manual-MPPT-Control-A4-ES.pdf\" target=\"_blank\" rel=\"noopener\">Victron MPPT-Steuerung - SCC900500000 Datenblatt anzeigen<\/a><\/p>","protected":false},"excerpt":{"rendered":"<p><strong>Versorgungsspannung<\/strong>\u00a06,5 - 95VDC (batteriebetrieben) 5V (versorgt durch VE.Direct)<br \/>\n<strong>Elektrizit\u00e4tsverbrauch:<\/strong>\u00a0R\u00fccklicht aus &lt; 4mA<br \/>\n<strong>Arbeitstemperaturbereich<\/strong>\u00a0-20 - +50\u00b0C (0 - 120\u00b0F)<br \/>\n<strong>MPPT-kompatibel: <\/strong>Alle Modelle mit VE.Direct-Anschluss, au\u00dfer MPPT 70\/15<br \/>\n<strong>Software-Version: <\/strong>Alle Software-Versionen &gt;= 1.12<\/p>","protected":false},"featured_media":6923,"comment_status":"open","ping_status":"closed","template":"","meta":{"site-sidebar-layout":"default","site-content-layout":"default","ast-site-content-layout":"default","site-content-style":"default","site-sidebar-style":"default","ast-global-header-display":"","ast-banner-title-visibility":"","ast-main-header-display":"","ast-hfb-above-header-display":"","ast-hfb-below-header-display":"","ast-hfb-mobile-header-display":"","site-post-title":"","ast-breadcrumbs-content":"","ast-featured-img":"","footer-sml-layout":"","ast-disable-related-posts":"","theme-transparent-header-meta":"default","adv-header-id-meta":"","stick-header-meta":"","header-above-stick-meta":"","header-main-stick-meta":"","header-below-stick-meta":"","astra-migrate-meta-layouts":"set","ast-page-background-enabled":"default","ast-page-background-meta":{"desktop":{"background-color":"var(--ast-global-color-4)","background-image":"","background-repeat":"repeat","background-position":"center center","background-size":"auto","background-attachment":"scroll","background-type":"","background-media":"","overlay-type":"","overlay-color":"","overlay-opacity":"","overlay-gradient":""},"tablet":{"background-color":"","background-image":"","background-repeat":"repeat","background-position":"center center","background-size":"auto","background-attachment":"scroll","background-type":"","background-media":"","overlay-type":"","overlay-color":"","overlay-opacity":"","overlay-gradient":""},"mobile":{"background-color":"","background-image":"","background-repeat":"repeat","background-position":"center center","background-size":"auto","background-attachment":"scroll","background-type":"","background-media":"","overlay-type":"","overlay-color":"","overlay-opacity":"","overlay-gradient":""}},"ast-content-background-meta":{"desktop":{"background-color":"var(--ast-global-color-5)","background-image":"","background-repeat":"repeat","background-position":"center center","background-size":"auto","background-attachment":"scroll","background-type":"","background-media":"","overlay-type":"","overlay-color":"","overlay-opacity":"","overlay-gradient":""},"tablet":{"background-color":"var(--ast-global-color-5)","background-image":"","background-repeat":"repeat","background-position":"center center","background-size":"auto","background-attachment":"scroll","background-type":"","background-media":"","overlay-type":"","overlay-color":"","overlay-opacity":"","overlay-gradient":""},"mobile":{"background-color":"var(--ast-global-color-5)","background-image":"","background-repeat":"repeat","background-position":"center center","background-size":"auto","background-attachment":"scroll","background-type":"","background-media":"","overlay-type":"","overlay-color":"","overlay-opacity":"","overlay-gradient":""}}},"pwb-brand":[332],"product_brand":[],"product_cat":[391,340,933],"product_tag":[],"class_list":{"0":"post-6920","1":"product","2":"type-product","3":"status-publish","4":"has-post-thumbnail","6":"pwb-brand-victron","7":"product_cat-accesorios-para-baterias","8":"product_cat-baterias","9":"product_cat-monitores-de-baterias","10":"desktop-align-left","11":"tablet-align-left","12":"mobile-align-left","13":"ast-product-gallery-layout-horizontal-slider","14":"ast-product-tabs-layout-horizontal","16":"first","17":"instock","18":"taxable","19":"shipping-taxable","20":"purchasable","21":"product-type-simple"},"wcpa_form_fields":null,"brands":[{"id":332,"name":"Victron Energie","slug":"victron"}],"_links":{"self":[{"href":"https:\/\/fvcomponentes.com\/de\/wp-json\/wp\/v2\/product\/6920","targetHints":{"allow":["GET"]}}],"collection":[{"href":"https:\/\/fvcomponentes.com\/de\/wp-json\/wp\/v2\/product"}],"about":[{"href":"https:\/\/fvcomponentes.com\/de\/wp-json\/wp\/v2\/types\/product"}],"replies":[{"embeddable":true,"href":"https:\/\/fvcomponentes.com\/de\/wp-json\/wp\/v2\/comments?post=6920"}],"wp:featuredmedia":[{"embeddable":true,"href":"https:\/\/fvcomponentes.com\/de\/wp-json\/wp\/v2\/media\/6923"}],"wp:attachment":[{"href":"https:\/\/fvcomponentes.com\/de\/wp-json\/wp\/v2\/media?parent=6920"}],"wp:term":[{"taxonomy":"pwb-brand","embeddable":true,"href":"https:\/\/fvcomponentes.com\/de\/wp-json\/wp\/v2\/pwb-brand?post=6920"},{"taxonomy":"product_brand","embeddable":true,"href":"https:\/\/fvcomponentes.com\/de\/wp-json\/wp\/v2\/product_brand?post=6920"},{"taxonomy":"product_cat","embeddable":true,"href":"https:\/\/fvcomponentes.com\/de\/wp-json\/wp\/v2\/product_cat?post=6920"},{"taxonomy":"product_tag","embeddable":true,"href":"https:\/\/fvcomponentes.com\/de\/wp-json\/wp\/v2\/product_tag?post=6920"}],"curies":[{"name":"wp","href":"https:\/\/api.w.org\/{rel}","templated":true}]}}