{"id":6917,"date":"2024-01-19T19:31:07","date_gmt":"2024-01-19T18:31:07","guid":{"rendered":"https:\/\/fvcomponentes.com\/?post_type=product&#038;p=6917"},"modified":"2026-01-15T10:03:56","modified_gmt":"2026-01-15T09:03:56","slug":"victron-smartsolar-kontrollbildschirm-scc900650010","status":"publish","type":"product","link":"https:\/\/fvcomponentes.com\/de\/producto\/pantalla-de-control-victron-smartsolar-scc900650010\/","title":{"rendered":"Victron SmartSolar Steuerungsanzeige - SCC900650010"},"content":{"rendered":"<h2>Victron SmartSolar Steuerungsanzeige - SCC900650010<\/h2>\n<p>Die \u00dcberwachung und Kontrolle der Leistung Ihres Ladeger\u00e4ts und des Batteriespeicherstatus war noch nie so einfach wie mit dem SmartSolar Control LCD Display von Victron, das speziell f\u00fcr SmartSolar MPPT-Regler entwickelt wurde.<\/p>\n<p>Die Installation ist ebenso einfach. Entfernen Sie einfach den Gummischutz von der Buchse an der Vorderseite des Controllers und schlie\u00dfen Sie das Display an. In wenigen Sekunden haben Sie die vollst\u00e4ndige Kontrolle \u00fcber den Status Ihres Ladeger\u00e4ts und den Ladezustand der Batterie.<\/p>\n<p>Das SmartSolar Control Display wurde im Hinblick auf Benutzerfreundlichkeit und Effizienz entwickelt. Sobald es angeschlossen ist, k\u00f6nnen Sie automatisch die Leistung Ihres Ladeger\u00e4ts und den Status Ihrer Batterie in Echtzeit \u00fcberwachen - alles auf einen Blick.<\/p>\n<p>Dieses Display wurde speziell f\u00fcr die Verwendung mit einer Vielzahl von MPPT-Solarreglern entwickelt, darunter:<\/p>\n<ul>\n<li>SmartSolar MPPT 150\/45 bis 250\/100<\/li>\n<li>SmartSolar MPPT 150\/70 bis 250\/100 VE.Dose<\/li>\n<li>BlueSolar MPPT 150\/70 bis 250\/100 VE.Dose<\/li>\n<\/ul>\n<p>Ganz gleich, ob Sie einen dieser Regler in Ihrem Solarsystem verwenden, das SmartSolar Control Display passt perfekt und bietet Ihnen ein unverzichtbares Werkzeug zur \u00dcberwachung und Steuerung Ihres Systems.<\/p>\n<p>Kurz gesagt, das Victron SmartSolar Control LCD-Display vereinfacht die \u00dcberwachung und Steuerung Ihres Ladeger\u00e4ts und Ihrer Batterie. Die einfache Installation und die Kompatibilit\u00e4t mit einer Vielzahl von MPPT-Reglern machen es zu einer wertvollen Erg\u00e4nzung f\u00fcr jedes Solarsystem. Es liefert Ihnen Informationen in Echtzeit und erm\u00f6glicht Ihnen, fundierte Entscheidungen zur Optimierung Ihres Systems zu treffen. Mit diesem Display haben Sie die Kontrolle \u00fcber Ihr Solarsystem in den Fingerspitzen.<\/p>\n<h2>Victron SmartSolar Steuerungsanzeige Handbuch - SCC900650010<\/h2>\n<p><a href=\"https:\/\/fvcomponentes.com\/wp-content\/uploads\/2025\/10\/34488-SmartSolar_Control_display_manual-pdf-es.pdf\" target=\"_blank\" rel=\"noopener\">Victron SmartSolar Steuerungsanzeige Handbuch - SCC900650010<\/a><\/p>","protected":false},"excerpt":{"rendered":"<p>Das SmartSolar Control Display ist ein steckbares LCD-Display f\u00fcr SmartSolar-Laderegler.<br \/>\nEntfernen Sie einfach die Gummidichtung, die den Stecker an der Vorderseite des Controllers sch\u00fctzt, und schlie\u00dfen Sie das Display an.<\/p>","protected":false},"featured_media":6919,"comment_status":"open","ping_status":"closed","template":"","meta":{"site-sidebar-layout":"default","site-content-layout":"default","ast-site-content-layout":"default","site-content-style":"default","site-sidebar-style":"default","ast-global-header-display":"","ast-banner-title-visibility":"","ast-main-header-display":"","ast-hfb-above-header-display":"","ast-hfb-below-header-display":"","ast-hfb-mobile-header-display":"","site-post-title":"","ast-breadcrumbs-content":"","ast-featured-img":"","footer-sml-layout":"","ast-disable-related-posts":"","theme-transparent-header-meta":"default","adv-header-id-meta":"","stick-header-meta":"","header-above-stick-meta":"","header-main-stick-meta":"","header-below-stick-meta":"","astra-migrate-meta-layouts":"set","ast-page-background-enabled":"default","ast-page-background-meta":{"desktop":{"background-color":"var(--ast-global-color-4)","background-image":"","background-repeat":"repeat","background-position":"center center","background-size":"auto","background-attachment":"scroll","background-type":"","background-media":"","overlay-type":"","overlay-color":"","overlay-opacity":"","overlay-gradient":""},"tablet":{"background-color":"","background-image":"","background-repeat":"repeat","background-position":"center center","background-size":"auto","background-attachment":"scroll","background-type":"","background-media":"","overlay-type":"","overlay-color":"","overlay-opacity":"","overlay-gradient":""},"mobile":{"background-color":"","background-image":"","background-repeat":"repeat","background-position":"center center","background-size":"auto","background-attachment":"scroll","background-type":"","background-media":"","overlay-type":"","overlay-color":"","overlay-opacity":"","overlay-gradient":""}},"ast-content-background-meta":{"desktop":{"background-color":"var(--ast-global-color-5)","background-image":"","background-repeat":"repeat","background-position":"center center","background-size":"auto","background-attachment":"scroll","background-type":"","background-media":"","overlay-type":"","overlay-color":"","overlay-opacity":"","overlay-gradient":""},"tablet":{"background-color":"var(--ast-global-color-5)","background-image":"","background-repeat":"repeat","background-position":"center center","background-size":"auto","background-attachment":"scroll","background-type":"","background-media":"","overlay-type":"","overlay-color":"","overlay-opacity":"","overlay-gradient":""},"mobile":{"background-color":"var(--ast-global-color-5)","background-image":"","background-repeat":"repeat","background-position":"center center","background-size":"auto","background-attachment":"scroll","background-type":"","background-media":"","overlay-type":"","overlay-color":"","overlay-opacity":"","overlay-gradient":""}}},"pwb-brand":[332],"product_brand":[],"product_cat":[986,353],"product_tag":[],"class_list":{"0":"post-6917","1":"product","2":"type-product","3":"status-publish","4":"has-post-thumbnail","6":"pwb-brand-victron","7":"product_cat-accesorios-reguladores-cargadores","8":"product_cat-reguladores-de-carga-solares","9":"desktop-align-left","10":"tablet-align-left","11":"mobile-align-left","12":"ast-product-gallery-layout-horizontal-slider","13":"ast-product-tabs-layout-horizontal","15":"first","16":"instock","17":"taxable","18":"shipping-taxable","19":"purchasable","20":"product-type-simple"},"wcpa_form_fields":null,"brands":[{"id":332,"name":"Victron Energie","slug":"victron"}],"_links":{"self":[{"href":"https:\/\/fvcomponentes.com\/de\/wp-json\/wp\/v2\/product\/6917","targetHints":{"allow":["GET"]}}],"collection":[{"href":"https:\/\/fvcomponentes.com\/de\/wp-json\/wp\/v2\/product"}],"about":[{"href":"https:\/\/fvcomponentes.com\/de\/wp-json\/wp\/v2\/types\/product"}],"replies":[{"embeddable":true,"href":"https:\/\/fvcomponentes.com\/de\/wp-json\/wp\/v2\/comments?post=6917"}],"wp:featuredmedia":[{"embeddable":true,"href":"https:\/\/fvcomponentes.com\/de\/wp-json\/wp\/v2\/media\/6919"}],"wp:attachment":[{"href":"https:\/\/fvcomponentes.com\/de\/wp-json\/wp\/v2\/media?parent=6917"}],"wp:term":[{"taxonomy":"pwb-brand","embeddable":true,"href":"https:\/\/fvcomponentes.com\/de\/wp-json\/wp\/v2\/pwb-brand?post=6917"},{"taxonomy":"product_brand","embeddable":true,"href":"https:\/\/fvcomponentes.com\/de\/wp-json\/wp\/v2\/product_brand?post=6917"},{"taxonomy":"product_cat","embeddable":true,"href":"https:\/\/fvcomponentes.com\/de\/wp-json\/wp\/v2\/product_cat?post=6917"},{"taxonomy":"product_tag","embeddable":true,"href":"https:\/\/fvcomponentes.com\/de\/wp-json\/wp\/v2\/product_tag?post=6917"}],"curies":[{"name":"wp","href":"https:\/\/api.w.org\/{rel}","templated":true}]}}