{"id":6911,"date":"2024-01-19T19:31:20","date_gmt":"2024-01-19T18:31:20","guid":{"rendered":"https:\/\/fvcomponentes.com\/?post_type=product&#038;p=6911"},"modified":"2026-04-08T21:26:35","modified_gmt":"2026-04-08T19:26:35","slug":"victron-digitales-ausgangskabel-ve-direkt-tx-ass030550500","status":"publish","type":"product","link":"https:\/\/fvcomponentes.com\/de\/producto\/cable-victron-de-salida-digital-ve-direct-tx-ass030550500\/","title":{"rendered":"Victron Digitales Ausgangskabel VE.Direct TX - ASS030550500"},"content":{"rendered":"<h2 class=\"productDetails__block-title\"><span class=\"productDetails__block-title-content\">Beleuchtungsanwendungen<\/span><\/h2>\n<div class=\"productDetails__block-description\">\n<ul>\n<li>Das Kabel ist f\u00fcr Beleuchtungsanwendungen von Solarenergiesystemen konzipiert.<\/li>\n<li>Durch die M\u00f6glichkeit, die Lichtintensit\u00e4t bei Bedarf zu dimmen, kann der Energieverbrauch erheblich gesenkt werden.<\/li>\n<li>Durch den geringeren Energieverbrauch werden die Gesamtkosten des Systems gesenkt.<\/li>\n<li>Dar\u00fcber hinaus wird die Verf\u00fcgbarkeit der Beleuchtung erh\u00f6ht, auch wenn die Batterie bei geringer Sonneneinstrahlung nur teilweise geladen ist.<\/li>\n<li>Das Kabel verbindet den TX-Ausgang des VE.Direct-Anschlusses eines MPPT-Laders mit dem Eingang des PWM-Dimmers des LED-Treibers.<\/li>\n<\/ul>\n<h3 class=\"productDetails__block-title\"><span class=\"productDetails__block-title-content\">Virtueller Lastausgang<\/span><\/h3>\n<div class=\"productDetails__block-description\">\n<ul>\n<li>Das Kabel ist so konzipiert, dass es eine Ladeausgangsfunktion f\u00fcr die gr\u00f6\u00dferen MPPT-Ladeger\u00e4te enth\u00e4lt (<a href=\"https:\/\/fvcomponentes.com\/de\/produkt\/victron-smartsolar-mppt-100-30-regler\/\" target=\"_blank\" rel=\"noopener\">MPPT 100\/30<\/a> und h\u00f6her), denen es fehlt.<\/li>\n<li>Das Kabel verbindet den TX-Ausgang des VE.Direct-Anschlusses eines MPPT-Ladeger\u00e4ts mit einem Batterieschutzger\u00e4t oder einem Halbleiterrelais, um eine Last ein- oder auszuschalten.<\/li>\n<\/ul>\n<\/div>\n<\/div>","protected":false},"excerpt":{"rendered":"<p>Das VE.Direct TX Digitalausgangskabel kann mit BlueSolar und SmartSolar MPPT Ladeger\u00e4ten verwendet werden.<\/p>","protected":false},"featured_media":6916,"comment_status":"open","ping_status":"closed","template":"","meta":{"site-sidebar-layout":"default","site-content-layout":"default","ast-site-content-layout":"default","site-content-style":"default","site-sidebar-style":"default","ast-global-header-display":"","ast-banner-title-visibility":"","ast-main-header-display":"","ast-hfb-above-header-display":"","ast-hfb-below-header-display":"","ast-hfb-mobile-header-display":"","site-post-title":"","ast-breadcrumbs-content":"","ast-featured-img":"","footer-sml-layout":"","ast-disable-related-posts":"","theme-transparent-header-meta":"default","adv-header-id-meta":"","stick-header-meta":"","header-above-stick-meta":"","header-main-stick-meta":"","header-below-stick-meta":"","astra-migrate-meta-layouts":"set","ast-page-background-enabled":"default","ast-page-background-meta":{"desktop":{"background-color":"var(--ast-global-color-4)","background-image":"","background-repeat":"repeat","background-position":"center center","background-size":"auto","background-attachment":"scroll","background-type":"","background-media":"","overlay-type":"","overlay-color":"","overlay-opacity":"","overlay-gradient":""},"tablet":{"background-color":"","background-image":"","background-repeat":"repeat","background-position":"center center","background-size":"auto","background-attachment":"scroll","background-type":"","background-media":"","overlay-type":"","overlay-color":"","overlay-opacity":"","overlay-gradient":""},"mobile":{"background-color":"","background-image":"","background-repeat":"repeat","background-position":"center center","background-size":"auto","background-attachment":"scroll","background-type":"","background-media":"","overlay-type":"","overlay-color":"","overlay-opacity":"","overlay-gradient":""}},"ast-content-background-meta":{"desktop":{"background-color":"var(--ast-global-color-5)","background-image":"","background-repeat":"repeat","background-position":"center center","background-size":"auto","background-attachment":"scroll","background-type":"","background-media":"","overlay-type":"","overlay-color":"","overlay-opacity":"","overlay-gradient":""},"tablet":{"background-color":"var(--ast-global-color-5)","background-image":"","background-repeat":"repeat","background-position":"center center","background-size":"auto","background-attachment":"scroll","background-type":"","background-media":"","overlay-type":"","overlay-color":"","overlay-opacity":"","overlay-gradient":""},"mobile":{"background-color":"var(--ast-global-color-5)","background-image":"","background-repeat":"repeat","background-position":"center center","background-size":"auto","background-attachment":"scroll","background-type":"","background-media":"","overlay-type":"","overlay-color":"","overlay-opacity":"","overlay-gradient":""}}},"pwb-brand":[332],"product_brand":[],"product_cat":[410,878],"product_tag":[],"class_list":{"0":"post-6911","1":"product","2":"type-product","3":"status-publish","4":"has-post-thumbnail","6":"pwb-brand-victron","7":"product_cat-material-electrico","8":"product_cat-cables-victron","9":"desktop-align-left","10":"tablet-align-left","11":"mobile-align-left","12":"ast-product-gallery-layout-horizontal-slider","13":"ast-product-tabs-layout-horizontal","15":"first","16":"instock","17":"taxable","18":"shipping-taxable","19":"purchasable","20":"product-type-simple"},"wcpa_form_fields":null,"brands":[{"id":332,"name":"Victron Energie","slug":"victron"}],"_links":{"self":[{"href":"https:\/\/fvcomponentes.com\/de\/wp-json\/wp\/v2\/product\/6911","targetHints":{"allow":["GET"]}}],"collection":[{"href":"https:\/\/fvcomponentes.com\/de\/wp-json\/wp\/v2\/product"}],"about":[{"href":"https:\/\/fvcomponentes.com\/de\/wp-json\/wp\/v2\/types\/product"}],"replies":[{"embeddable":true,"href":"https:\/\/fvcomponentes.com\/de\/wp-json\/wp\/v2\/comments?post=6911"}],"wp:featuredmedia":[{"embeddable":true,"href":"https:\/\/fvcomponentes.com\/de\/wp-json\/wp\/v2\/media\/6916"}],"wp:attachment":[{"href":"https:\/\/fvcomponentes.com\/de\/wp-json\/wp\/v2\/media?parent=6911"}],"wp:term":[{"taxonomy":"pwb-brand","embeddable":true,"href":"https:\/\/fvcomponentes.com\/de\/wp-json\/wp\/v2\/pwb-brand?post=6911"},{"taxonomy":"product_brand","embeddable":true,"href":"https:\/\/fvcomponentes.com\/de\/wp-json\/wp\/v2\/product_brand?post=6911"},{"taxonomy":"product_cat","embeddable":true,"href":"https:\/\/fvcomponentes.com\/de\/wp-json\/wp\/v2\/product_cat?post=6911"},{"taxonomy":"product_tag","embeddable":true,"href":"https:\/\/fvcomponentes.com\/de\/wp-json\/wp\/v2\/product_tag?post=6911"}],"curies":[{"name":"wp","href":"https:\/\/api.w.org\/{rel}","templated":true}]}}