{"id":6908,"date":"2023-10-24T08:17:15","date_gmt":"2023-10-24T06:17:15","guid":{"rendered":"https:\/\/fvcomponentes.com\/?post_type=product&#038;p=6908"},"modified":"2026-01-15T10:10:41","modified_gmt":"2026-01-15T09:10:41","slug":"regler-victron-smartsolar-mppt-250-100-mc4-ve-can-scc125110512","status":"publish","type":"product","link":"https:\/\/fvcomponentes.com\/de\/producto\/regulador-victron-smartsolar-mppt-250-100-mc4-ve-can-scc125110512\/","title":{"rendered":"Steuerger\u00e4t Victron SmartSolar Mppt 250\/100 MC4 VE.CAN - SCC125110512"},"content":{"rendered":"<h2>Steuerger\u00e4t Victron SmartSolar Mppt 250\/100 MC4 VE.CAN - SCC125110512<\/h2>\n<div>Mit dem Victron SmartSolar Mppt 250\/100 MC4 VE.CAN-Regler k\u00f6nnen Sie einen Ladestrom von bis zu 100 Ampere und eine PV-Spannung von bis zu 250 Volt nutzen. Der Victron SmartSolar Mppt 250\/100 MC4 VE.CAN-Regler kann eine Batterie mit einer niedrigeren Nennspannung von PV-Paneelen mit einer h\u00f6heren Nennspannung von mindestens +5 V laden. Der SmartSolar-Regler stellt die Nennspannung der Batterie automatisch auf 12 oder 24 V ein, sobald sie an den Regler angeschlossen ist.<\/div>\n<p><strong><br \/>\nIntegriertes Bluetooth Smart<\/strong><br \/>\nDie drahtlose L\u00f6sung f\u00fcr die Konfiguration, \u00dcberwachung, Aktualisierung und Synchronisierung von SmartSolar-Ladereglern.<\/p>\n<p><strong>Ultraschnelles Maximum Power Point Tracking (MPPT)<\/strong><br \/>\nVor allem bei bew\u00f6lktem Himmel, wenn sich die Lichtintensit\u00e4t st\u00e4ndig \u00e4ndert, kann ein ultraschneller MPPT-Regler die Energieernte um bis zu 30% im Vergleich zu PWM-Ladereglern und um bis zu 10% im Vergleich zu langsameren MPPT-Reglern verbessern.<\/p>\n<p><strong>Erweiterte Maximum Power Point-Erkennung bei teilweiser Bew\u00f6lkung<\/strong><br \/>\nBei teilweiser Bew\u00f6lkung k\u00f6nnen auf der Lastspannungskurve zwei oder mehr maximale Leistungspunkte (MPP) auftreten. Herk\u00f6mmliche MPPTs w\u00e4hlen normalerweise einen lokalen MPP, der nicht unbedingt der optimale MPP ist. Der innovative Algorithmus von SmartSolar maximiert immer die Energieernte durch die Auswahl des optimalen MPP.<\/p>\n<p><strong>Au\u00dfergew\u00f6hnliche Umwandlungseffizienz<\/strong><br \/>\nL\u00fcfterlos. Der maximale Wirkungsgrad \u00fcbertrifft 98%.<\/p>\n<p><strong>Flexibler Ladealgorithmus<\/strong><br \/>\nEin vollst\u00e4ndig programmierbarer Ladealgorithmus (siehe die Softwareseite auf unserer Website) und acht vorprogrammierte Ladealgorithmen, die mit einem Drehschalter ausgew\u00e4hlt werden k\u00f6nnen (weitere Informationen im Handbuch).<\/p>\n<p><strong>Umfassender elektronischer Schutz<\/strong><br \/>\n\u00dcberhitzungsschutz und Leistungsreduzierung bei hohen Temperaturen. Kurzschluss- und Verpolungsschutz f\u00fcr PV-Paneele. PV-R\u00fcckstromschutz.<\/p>\n<p><strong>Interner Temperatursensor<\/strong><br \/>\nKompensiert die Absorptions- und Auftriebsspannung in Abh\u00e4ngigkeit von der Temperatur.<\/p>\n<p><strong>Optionaler externer Batteriespannungs- und Temperatursensor \u00fcber Bluetooth<\/strong><br \/>\nEin Smart Battery Sense Sensor oder BMV-712 Smart Battery Monitor kann verwendet werden, um Batteriespannung und -temperatur an einen oder mehrere SmartSolar Laderegler zu \u00fcbermitteln.<\/p>\n<p><strong>Funktion zur Wiederherstellung einer vollst\u00e4ndig entladenen Batterie<\/strong><br \/>\nBeginnt mit dem Laden, auch wenn die Batterie auf Null Volt entladen ist. Stellt die Verbindung zu einer vollst\u00e4ndig entladenen Lithium-Ionen-Batterie mit interner Trennungsfunktion wieder her.<\/p>\n<p><strong>VE.Direkt<\/strong><br \/>\nF\u00fcr eine kabelgebundene Datenverbindung zu einem Color Control GX, anderen GX-Produkten, PC oder anderen Ger\u00e4ten.<\/p>\n<h2>Datenblatt Victron SmartSolar-Regler Mppt 250\/100 MC4 VE.CAN - SCC125110512<\/h2>\n<p><a href=\"https:\/\/fvcomponentes.com\/wp-content\/uploads\/2023\/04\/SmartSolar-charge-controller-MPPT-250-70-up-to-250-100-VE.Can-ES.pdf\" target=\"_blank\" rel=\"noopener\">Victron SmartSolar Mppt 250\/100 MC4 VE.CAN - SCC125110512 Datenblatt anzeigen<\/a><\/p>\n<h2>Handbuch Victron SmartSolar-Regler Mppt 250\/100 MC4 VE.CAN - SCC125110512<\/h2>\n<p><a href=\"https:\/\/fvcomponentes.com\/wp-content\/uploads\/2025\/10\/29694-MPPT_solar_charger_manual-pdf-es-9.pdf\" target=\"_blank\" rel=\"noopener\">Victron SmartSolar Mppt 250\/100 MC4 VE.CAN - SCC125110512 Reglerhandbuch anzeigen<\/a><\/p>","protected":false},"excerpt":{"rendered":"<ul>\n<li><span style=\"color: #99cc00\"><strong>Bluetooth-Ausstattung.<\/strong><\/span><\/li>\n<li><strong>Verwaltung durch <a href=\"https:\/\/play.google.com\/store\/apps\/details?id=com.victronenergy.victronconnect&amp;pcampaignid=web_share\" target=\"_blank\" rel=\"noopener\">VictronConnect App<\/a><\/strong><\/li>\n<li><strong>Nennlaststrom: <\/strong>100 A<\/li>\n<li><strong>Maximale Effizienz:\u00a0<\/strong>99%<\/li>\n<li><strong>Selbstverzehr:\u00a0<\/strong>Weniger als 35 mA bei 12 V \/ 20 mA bei 48 V<\/li>\n<li><strong>PV-Nennleistung:<\/strong> 12 V - 1450 W<\/li>\n<li><strong>PV-Nennleistung<\/strong>: 24 V - 2900 W<\/li>\n<li><strong>PV-Nennleistung:<\/strong> 36 V - 4350 W<\/li>\n<li><strong>PV-Nennleistung:<\/strong> 48 V - 5800 W<\/li>\n<\/ul>","protected":false},"featured_media":6909,"comment_status":"open","ping_status":"closed","template":"","meta":{"site-sidebar-layout":"default","site-content-layout":"default","ast-site-content-layout":"default","site-content-style":"default","site-sidebar-style":"default","ast-global-header-display":"","ast-banner-title-visibility":"","ast-main-header-display":"","ast-hfb-above-header-display":"","ast-hfb-below-header-display":"","ast-hfb-mobile-header-display":"","site-post-title":"","ast-breadcrumbs-content":"","ast-featured-img":"","footer-sml-layout":"","ast-disable-related-posts":"","theme-transparent-header-meta":"default","adv-header-id-meta":"","stick-header-meta":"","header-above-stick-meta":"","header-main-stick-meta":"","header-below-stick-meta":"","astra-migrate-meta-layouts":"set","ast-page-background-enabled":"default","ast-page-background-meta":{"desktop":{"background-color":"var(--ast-global-color-4)","background-image":"","background-repeat":"repeat","background-position":"center center","background-size":"auto","background-attachment":"scroll","background-type":"","background-media":"","overlay-type":"","overlay-color":"","overlay-opacity":"","overlay-gradient":""},"tablet":{"background-color":"","background-image":"","background-repeat":"repeat","background-position":"center center","background-size":"auto","background-attachment":"scroll","background-type":"","background-media":"","overlay-type":"","overlay-color":"","overlay-opacity":"","overlay-gradient":""},"mobile":{"background-color":"","background-image":"","background-repeat":"repeat","background-position":"center center","background-size":"auto","background-attachment":"scroll","background-type":"","background-media":"","overlay-type":"","overlay-color":"","overlay-opacity":"","overlay-gradient":""}},"ast-content-background-meta":{"desktop":{"background-color":"var(--ast-global-color-5)","background-image":"","background-repeat":"repeat","background-position":"center center","background-size":"auto","background-attachment":"scroll","background-type":"","background-media":"","overlay-type":"","overlay-color":"","overlay-opacity":"","overlay-gradient":""},"tablet":{"background-color":"var(--ast-global-color-5)","background-image":"","background-repeat":"repeat","background-position":"center center","background-size":"auto","background-attachment":"scroll","background-type":"","background-media":"","overlay-type":"","overlay-color":"","overlay-opacity":"","overlay-gradient":""},"mobile":{"background-color":"var(--ast-global-color-5)","background-image":"","background-repeat":"repeat","background-position":"center center","background-size":"auto","background-attachment":"scroll","background-type":"","background-media":"","overlay-type":"","overlay-color":"","overlay-opacity":"","overlay-gradient":""}}},"pwb-brand":[332],"product_brand":[],"product_cat":[353,371],"product_tag":[],"class_list":{"0":"post-6908","1":"product","2":"type-product","3":"status-publish","4":"has-post-thumbnail","6":"pwb-brand-victron","7":"product_cat-reguladores-de-carga-solares","8":"product_cat-reguladores-mppt","9":"desktop-align-left","10":"tablet-align-left","11":"mobile-align-left","12":"ast-product-gallery-layout-horizontal-slider","13":"ast-product-tabs-layout-horizontal","15":"first","16":"instock","17":"taxable","18":"shipping-taxable","19":"purchasable","20":"product-type-simple"},"wcpa_form_fields":null,"brands":[{"id":332,"name":"Victron Energie","slug":"victron"}],"_links":{"self":[{"href":"https:\/\/fvcomponentes.com\/de\/wp-json\/wp\/v2\/product\/6908","targetHints":{"allow":["GET"]}}],"collection":[{"href":"https:\/\/fvcomponentes.com\/de\/wp-json\/wp\/v2\/product"}],"about":[{"href":"https:\/\/fvcomponentes.com\/de\/wp-json\/wp\/v2\/types\/product"}],"replies":[{"embeddable":true,"href":"https:\/\/fvcomponentes.com\/de\/wp-json\/wp\/v2\/comments?post=6908"}],"wp:featuredmedia":[{"embeddable":true,"href":"https:\/\/fvcomponentes.com\/de\/wp-json\/wp\/v2\/media\/6909"}],"wp:attachment":[{"href":"https:\/\/fvcomponentes.com\/de\/wp-json\/wp\/v2\/media?parent=6908"}],"wp:term":[{"taxonomy":"pwb-brand","embeddable":true,"href":"https:\/\/fvcomponentes.com\/de\/wp-json\/wp\/v2\/pwb-brand?post=6908"},{"taxonomy":"product_brand","embeddable":true,"href":"https:\/\/fvcomponentes.com\/de\/wp-json\/wp\/v2\/product_brand?post=6908"},{"taxonomy":"product_cat","embeddable":true,"href":"https:\/\/fvcomponentes.com\/de\/wp-json\/wp\/v2\/product_cat?post=6908"},{"taxonomy":"product_tag","embeddable":true,"href":"https:\/\/fvcomponentes.com\/de\/wp-json\/wp\/v2\/product_tag?post=6908"}],"curies":[{"name":"wp","href":"https:\/\/api.w.org\/{rel}","templated":true}]}}