{"id":6891,"date":"2023-09-13T09:45:07","date_gmt":"2023-09-13T07:45:07","guid":{"rendered":"https:\/\/fvcomponentes.com\/?post_type=product&#038;p=6891"},"modified":"2026-04-08T21:35:48","modified_gmt":"2026-04-08T19:35:48","slug":"regler-victron-smartsolar-mppt-150-100-mc4-ve-can-scc115110511","status":"publish","type":"product","link":"https:\/\/fvcomponentes.com\/de\/producto\/regulador-victron-smartsolar-mppt-150-100-mc4-ve-can-scc115110511\/","title":{"rendered":"Steuerger\u00e4t Victron SmartSolar MPPT 150\/100-MC4 VE.can - SCC115110511"},"content":{"rendered":"<h2>Steuerger\u00e4t Victron SmartSolar MPPT 150\/100-MC4 VE.can<\/h2>\n<p>Bei wechselnden Lichtverh\u00e4ltnissen erreicht der Victron SmartSolar MPPT 150\/100-MC4 VE.can-Regler 30 % mehr Energie als PWM und 10 % mehr als herk\u00f6mmliches MPPT. Dank seines SmartSolar-Algorithmus w\u00e4hlt er bei bew\u00f6lktem Himmel den optimalen MPP und erreicht ohne L\u00fcfter einen Wirkungsgrad von mehr als 98 %. Dar\u00fcber hinaus wird ein vollst\u00e4ndiger Schutz und eine anpassbare Aufladung erreicht.<\/p>\n<p>Schlie\u00dflich erm\u00f6glicht die Bluetooth-Konnektivit\u00e4t eine pr\u00e4zise \u00dcberwachung und intelligente Wiederherstellung. All dies dank seiner vereinfachten Multi-Control, vielseitige Verbindungen auf einem optionalen Display.<\/p>\n<h2>Eigenschaften des Victron SmartSolar MPPT 150\/100-MC4 VE.can Controllers<\/h2>\n<ul>\n<li><strong>\u00dcberwinden Sie die Herausforderungen der Solartechnik mit ultraschnellem MPPT-Tracking<\/strong><\/li>\n<\/ul>\n<p>Bei wechselnden Bedingungen erhalten die bis zu 30 % mehr Leistung als PWM-Regler und 10 % mehr als herk\u00f6mmliche MPPT.<\/p>\n<ul>\n<li><strong>Intelligente Optimierung mit MPPT bei Bew\u00f6lkung<\/strong><\/li>\n<\/ul>\n<p>Unser SmartSolar-Algorithmus w\u00e4hlt immer den optimalen Maximum Power Point (MPP), selbst bei teilweiser Bew\u00f6lkung, und gew\u00e4hrleistet so eine maximale Energiegewinnung.<\/p>\n<ul>\n<li><strong>Effizienz ohne Kompromisse<\/strong><\/li>\n<\/ul>\n<p>\u00dcbertrifft 98 % l\u00fcfterlose Umwandlungseffizienz und maximiert die Leistung.<\/p>\n<ul>\n<li><strong>Ma\u00dfgeschneiderte Kontrolle und umfassender Schutz<\/strong>\n<ul>\n<li>Programmieren Sie Ihren Ladealgorithmus aus acht Optionen, die durch Schutz vor extremen Temperaturen, Kurzschl\u00fcssen und mehr unterst\u00fctzt werden.<\/li>\n<li>\u00dcberhitzungsschutz und Leistungsreduzierung bei hohen Temperaturen.<\/li>\n<li>Kurzschluss- und Verpolungsschutz in PV-Paneelen. PV-R\u00fcckstromschutz.<\/li>\n<\/ul>\n<\/li>\n<\/ul>\n<ul>\n<li><strong>Vereinfachte Bluetooth-Konnektivit\u00e4t<\/strong><\/li>\n<\/ul>\n<p>Beherrschen Sie Ihre SmartSolar-Regler mit der drahtlosen Bluetooth Smart-Konnektivit\u00e4t, von der Konfiguration bis zur \u00dcberwachung.<\/p>\n<ul>\n<li><strong>Genaue \u00dcberwachung \u00fcber Bluetooth<\/strong><\/li>\n<\/ul>\n<p>Mit Hilfe von Sensoren werden Batteriespannung, -temperatur und -strom ermittelt, um die Leistung zu optimieren.<\/p>\n<p>Ein Smart Battery Sense-Sensor, BMV-712 Smart Battery Monitor oder SmartShunt kann verwendet werden, um Batteriespannung und -temperatur (und Strom, im Falle eines BMV-712 oder SmartShunt) an einen oder mehrere SmartSolar-Laderegler zu \u00fcbertragen.<\/p>\n<ul>\n<li><strong>Intelligente Batterier\u00fcckgewinnung<\/strong><\/li>\n<\/ul>\n<p>Selbst bei vollst\u00e4ndiger Entladung startet unser System den Ladevorgang erneut, was es ideal f\u00fcr Lithium-Ionen-Batterien macht.<\/p>\n<ul>\n<li><strong>Vereinfachte Mehrfachkontrolle<\/strong><\/li>\n<\/ul>\n<p>Synchronisieren Sie bis zu 25 Ger\u00e4te mit VE.Can und bis zu 10 Ger\u00e4te mit Bluetooth f\u00fcr eine integrierte Steuerung.<\/p>\n<ul>\n<li><strong>Vielseitige Verbindungen<\/strong><\/li>\n<\/ul>\n<p>W\u00e4hlen Sie zwischen VE.Direct und VE.Can, um sich mit verschiedenen Ger\u00e4ten und Systemen zu verbinden.<\/p>\n<ul>\n<li><strong>Fernsteuerung f\u00fcr mehr Flexibilit\u00e4t<\/strong><\/li>\n<\/ul>\n<p>Ein- und Ausschalten aus der Ferne f\u00fcr bessere Kontrolle, Anschluss an VE.BUS BMS und mehr.<\/p>\n<ul>\n<li><strong>Anpassen mit optionalem Display<\/strong><\/li>\n<\/ul>\n<p>Erweitern Sie Ihr System mit dem optionalen SmartSolar LCD-Display, das die Anzeige und Steuerung vereinfacht.<\/p>\n<h2>Datenblatt Victron SmartSolar MPPT 150\/100-MC4 VE.can Controller - SCC115110511<\/h2>\n<p><a href=\"https:\/\/fvcomponentes.com\/wp-content\/uploads\/2023\/04\/controlador-de-CARGA-smartsolaer.pdf\" target=\"_blank\" rel=\"noopener\">Datenblatt Victron SmartSolar MPPT 150\/100-MC4 VE.can Controller - SCC115110511<\/a><\/p>\n<h2>Handbuch Victron SmartSolar MPPT 150\/100-MC4 VE.can Regler - SCC115110511<\/h2>\n<p><a href=\"https:\/\/fvcomponentes.com\/wp-content\/uploads\/2025\/10\/29694-MPPT_solar_charger_manual-pdf-es-9.pdf\" target=\"_blank\" rel=\"noopener\">Victron SmartSolar MPPT 150\/100-MC4 VE.can Controller Handbuch - SCC115110511<\/a><\/p>","protected":false},"excerpt":{"rendered":"<ul>\n<li><span style=\"color: #99cc00\"><strong>Bluetooth-Ausstattung.<\/strong><\/span><\/li>\n<li><strong>Verwaltung durch <a href=\"https:\/\/play.google.com\/store\/apps\/details?id=com.victronenergy.victronconnect&amp;pcampaignid=web_share\" target=\"_blank\" rel=\"noopener\">VictronConnect App<\/a><\/strong><\/li>\n<li><strong>Nennlaststrom: <\/strong>100 A<\/li>\n<li><strong>Maximale Effizienz:\u00a0<\/strong>98%<\/li>\n<li><strong>Selbstverzehr:\u00a0<\/strong>Weniger als 35 mA bei 12 V \/ 20 mA bei 48 V<\/li>\n<\/ul>","protected":false},"featured_media":32040,"comment_status":"open","ping_status":"closed","template":"","meta":{"site-sidebar-layout":"default","site-content-layout":"default","ast-site-content-layout":"default","site-content-style":"default","site-sidebar-style":"default","ast-global-header-display":"","ast-banner-title-visibility":"","ast-main-header-display":"","ast-hfb-above-header-display":"","ast-hfb-below-header-display":"","ast-hfb-mobile-header-display":"","site-post-title":"","ast-breadcrumbs-content":"","ast-featured-img":"","footer-sml-layout":"","ast-disable-related-posts":"","theme-transparent-header-meta":"default","adv-header-id-meta":"","stick-header-meta":"","header-above-stick-meta":"","header-main-stick-meta":"","header-below-stick-meta":"","astra-migrate-meta-layouts":"set","ast-page-background-enabled":"default","ast-page-background-meta":{"desktop":{"background-color":"var(--ast-global-color-4)","background-image":"","background-repeat":"repeat","background-position":"center center","background-size":"auto","background-attachment":"scroll","background-type":"","background-media":"","overlay-type":"","overlay-color":"","overlay-opacity":"","overlay-gradient":""},"tablet":{"background-color":"","background-image":"","background-repeat":"repeat","background-position":"center center","background-size":"auto","background-attachment":"scroll","background-type":"","background-media":"","overlay-type":"","overlay-color":"","overlay-opacity":"","overlay-gradient":""},"mobile":{"background-color":"","background-image":"","background-repeat":"repeat","background-position":"center center","background-size":"auto","background-attachment":"scroll","background-type":"","background-media":"","overlay-type":"","overlay-color":"","overlay-opacity":"","overlay-gradient":""}},"ast-content-background-meta":{"desktop":{"background-color":"var(--ast-global-color-5)","background-image":"","background-repeat":"repeat","background-position":"center center","background-size":"auto","background-attachment":"scroll","background-type":"","background-media":"","overlay-type":"","overlay-color":"","overlay-opacity":"","overlay-gradient":""},"tablet":{"background-color":"var(--ast-global-color-5)","background-image":"","background-repeat":"repeat","background-position":"center center","background-size":"auto","background-attachment":"scroll","background-type":"","background-media":"","overlay-type":"","overlay-color":"","overlay-opacity":"","overlay-gradient":""},"mobile":{"background-color":"var(--ast-global-color-5)","background-image":"","background-repeat":"repeat","background-position":"center center","background-size":"auto","background-attachment":"scroll","background-type":"","background-media":"","overlay-type":"","overlay-color":"","overlay-opacity":"","overlay-gradient":""}}},"pwb-brand":[332],"product_brand":[],"product_cat":[353,371],"product_tag":[],"class_list":{"0":"post-6891","1":"product","2":"type-product","3":"status-publish","4":"has-post-thumbnail","6":"pwb-brand-victron","7":"product_cat-reguladores-de-carga-solares","8":"product_cat-reguladores-mppt","9":"desktop-align-left","10":"tablet-align-left","11":"mobile-align-left","12":"ast-product-gallery-layout-horizontal-slider","13":"ast-product-tabs-layout-horizontal","15":"first","16":"instock","17":"taxable","18":"shipping-taxable","19":"purchasable","20":"product-type-simple"},"wcpa_form_fields":null,"brands":[{"id":332,"name":"Victron Energie","slug":"victron"}],"_links":{"self":[{"href":"https:\/\/fvcomponentes.com\/de\/wp-json\/wp\/v2\/product\/6891","targetHints":{"allow":["GET"]}}],"collection":[{"href":"https:\/\/fvcomponentes.com\/de\/wp-json\/wp\/v2\/product"}],"about":[{"href":"https:\/\/fvcomponentes.com\/de\/wp-json\/wp\/v2\/types\/product"}],"replies":[{"embeddable":true,"href":"https:\/\/fvcomponentes.com\/de\/wp-json\/wp\/v2\/comments?post=6891"}],"wp:featuredmedia":[{"embeddable":true,"href":"https:\/\/fvcomponentes.com\/de\/wp-json\/wp\/v2\/media\/32040"}],"wp:attachment":[{"href":"https:\/\/fvcomponentes.com\/de\/wp-json\/wp\/v2\/media?parent=6891"}],"wp:term":[{"taxonomy":"pwb-brand","embeddable":true,"href":"https:\/\/fvcomponentes.com\/de\/wp-json\/wp\/v2\/pwb-brand?post=6891"},{"taxonomy":"product_brand","embeddable":true,"href":"https:\/\/fvcomponentes.com\/de\/wp-json\/wp\/v2\/product_brand?post=6891"},{"taxonomy":"product_cat","embeddable":true,"href":"https:\/\/fvcomponentes.com\/de\/wp-json\/wp\/v2\/product_cat?post=6891"},{"taxonomy":"product_tag","embeddable":true,"href":"https:\/\/fvcomponentes.com\/de\/wp-json\/wp\/v2\/product_tag?post=6891"}],"curies":[{"name":"wp","href":"https:\/\/api.w.org\/{rel}","templated":true}]}}